{"id":60,"date":"2024-10-19T00:45:14","date_gmt":"2024-10-18T22:45:14","guid":{"rendered":"https:\/\/o-seznam.cz\/napoveda\/klientska-zona\/?page_id=60"},"modified":"2024-12-12T23:47:19","modified_gmt":"2024-12-12T22:47:19","slug":"fakturacni-udaje-a-bankid","status":"publish","type":"page","link":"https:\/\/o-seznam.cz\/napoveda\/klientska-zona\/nastaveni\/fakturacni-udaje-a-bankid\/","title":{"rendered":"Faktura\u010dn\u00ed \u00fadaje a Bankovn\u00ed identita"},"content":{"rendered":"\n<div class=\"wp-block-group is-layout-constrained wp-block-group-is-layout-constrained\">\n<h2 class=\"wp-block-heading\">Seznam Pen\u011b\u017eenka a Bankovn\u00ed identita<\/h2>\n\n\n\n<p class=\"is-style-link-external\">Bankovn\u00ed identita je forma digit\u00e1ln\u00edho ov\u011b\u0159en\u00ed toto\u017enosti osoby pomoc\u00ed bezpe\u010dnostn\u00edch metod, kter\u00e9 nab\u00edz\u00ed jej\u00ed elektronick\u00e9 bankovnictv\u00ed. Bankovn\u00ed identitu m\u016f\u017ee pou\u017e\u00edvat ka\u017ed\u00fd, kdo m\u00e1 internetov\u00e9 bankovnictv\u00ed u n\u011bkter\u00e9 banky, kter\u00e1 tuto mo\u017enost nab\u00edz\u00ed a podporuje. V\u00edce o projektu Bankovn\u00ed identity naleznete na str\u00e1nce <a href=\"https:\/\/bankid.cz\/\" data-type=\"link\" data-id=\"https:\/\/bankid.cz\/\" target=\"_blank\" rel=\"noreferrer noopener\">BankID.cz<\/a>.<\/p>\n\n\n\n<p>Seznam.cz se k t\u00e9to iniciativ\u011b a projektu p\u0159ipojuje a umo\u017e\u0148uje vyu\u017e\u00edt v\u00fdhod Bankovn\u00ed identity tak\u00e9 sv\u00fdm u\u017eivatel\u016fm.<\/p>\n\n\n\n<p>Po ov\u011b\u0159en\u00ed \u00fa\u010dtu bankovn\u00ed identitou nebude s va\u0161\u00edm Seznam \u00fa\u010dtem \u017e\u00e1dn\u00fdm zp\u016fsobem spojen v\u00e1\u0161 bankovn\u00ed \u00fa\u010det, Seznam.cz nebude m\u00edt p\u0159\u00edstup k \u017e\u00e1dn\u00fdm \u00fadaj\u016fm o va\u0161em bankovn\u00edm \u00fa\u010dtu ani jin\u00fdm \u00fadaj\u016fm, pokud k tomu ned\u00e1te v\u00fdslovn\u00fd souhlas v procesu ov\u011b\u0159en\u00ed. Stejn\u011b tak va\u0161e banka ov\u011b\u0159en\u00edm nez\u00edsk\u00e1v\u00e1 \u017e\u00e1dn\u00e9 informace o va\u0161ich aktivit\u00e1ch na slu\u017eb\u00e1ch Seznamu.<\/p>\n<\/div>\n\n\n\n<div class=\"wp-block-group is-layout-constrained wp-block-group-is-layout-constrained\">\n<h2 class=\"wp-block-heading\">V\u00fdhody vyu\u017eit\u00ed Bankovn\u00ed identity v Klientsk\u00e9 z\u00f3n\u011b a Pen\u011b\u017eence?<\/h2>\n\n\n\n<p>Okam\u017eit\u00e9 automatick\u00e9 vypln\u011bn\u00ed faktura\u010dn\u00edch \u00fadaj\u016f pot\u0159ebn\u00fdch pro vystavov\u00e1n\u00ed da\u0148ov\u00fdch doklad\u016f.<\/p>\n\n\n\n<p>Okam\u017eit\u00e9 ov\u011b\u0159en\u00ed va\u0161\u00ed identity v programu Seznam Partner, tak abychom v\u00e1m mohli vypl\u00e1cet schv\u00e1lenou provizi. Pokud si vyberete manu\u00e1ln\u00ed ov\u011b\u0159en\u00ed bude v\u00e1m po\u0161tou odesl\u00e1n ov\u011b\u0159ovac\u00ed k\u00f3d a cel\u00fd proces bude trvat n\u011bkolik dn\u00ed.<\/p>\n\n\n\n<p>Mo\u017enost obnovit p\u0159\u00edstup k \u00fa\u010dtu p\u0159i ztr\u00e1t\u011b hesla pomoc\u00ed ov\u011b\u0159en\u00ed Bankovn\u00ed identitou.<\/p>\n\n\n\n<p>A dal\u0161\u00ed funkce a v\u00fdhody pro na\u0161e u\u017eivatele pr\u016fb\u011b\u017en\u011b p\u0159ipravujeme.<\/p>\n<\/div>\n\n\n\n<div class=\"wp-block-group is-layout-constrained wp-block-group-is-layout-constrained\">\n<h2 class=\"wp-block-heading\">Vypln\u011bn\u00ed faktura\u010dn\u00edch \u00fadaj\u016f a ov\u011b\u0159en\u00ed bankovn\u00ed identitou<\/h2>\n\n\n\n<p>Jako fyzick\u00e1 osoba nepodnikatel m\u016f\u017eete v Klientsk\u00e9 z\u00f3n\u011b zadat sv\u00e9 faktura\u010dn\u00ed \u00fadaje p\u0159es Ov\u011b\u0159en\u00ed pomoc\u00ed bankovn\u00ed identity na str\u00e1nce Nastaven\u00ed\/Kontaktn\u00ed a Faktura\u010dn\u00ed \u00fadaje. Ov\u011b\u0159en\u00ed prov\u00e1d\u00edme ve spolupr\u00e1ci s poskytovatelem slu\u017eby BankID a pou\u017e\u00edv\u00e1 se k n\u011bmu p\u0159ihl\u00e1\u0161en\u00ed elektronickou identitou, kterou v\u00e1m vystavila va\u0161e banka.<\/p>\n\n\n\n<p>\u00da\u010det ov\u011b\u0159en\u00e9ho u\u017eivatele je na vybran\u00fdch slu\u017eb\u00e1ch ozna\u010den modr\u00fdm symbolem ov\u011b\u0159en\u00ed a z\u00edsk\u00e1v\u00e1 n\u011bkter\u00e9 dal\u0161\u00ed v\u00fdhody \u2013 mo\u017enost obnovit p\u0159\u00edstup k \u00fa\u010dtu p\u0159i ztr\u00e1t\u011b hesla pomoc\u00ed bankovn\u00ed identity, v\u011bt\u0161\u00ed d\u016fv\u011bryhodnost napsan\u00fdch recenz\u00ed, v\u011bt\u0161\u00ed v\u00fdznam koment\u00e1\u0159\u016f pod \u010dl\u00e1nky a podobn\u011b.<\/p>\n\n\n\n<p>Po ov\u011b\u0159en\u00ed \u00fa\u010dtu bankovn\u00ed identitou Seznam.cz nebude m\u00edt p\u0159\u00edstup k \u017e\u00e1dn\u00fdm \u00fadaj\u016fm o va\u0161em bankovn\u00edm \u00fa\u010dtu ani jin\u00fdm \u00fadaj\u016fm, pokud k tomu ned\u00e1te v\u00fdslovn\u00fd souhlas v procesu ov\u011b\u0159en\u00ed.<\/p>\n\n\n\n<p>Stejn\u011b tak va\u0161e banka ov\u011b\u0159en\u00edm nez\u00edsk\u00e1v\u00e1 \u017e\u00e1dn\u00e9 informace o va\u0161ich aktivit\u00e1ch na slu\u017eb\u00e1ch Seznamu.<\/p>\n\n\n\n<p class=\"is-style-link-external\">Podrobn\u00e9 informace o pou\u017e\u00edv\u00e1n\u00ed bankovn\u00ed identity z\u00edsk\u00e1te na <a href=\"https:\/\/bankid.cz\/\" data-type=\"link\" data-id=\"https:\/\/bankid.cz\/\" target=\"_blank\" rel=\"noreferrer noopener\">str\u00e1nk\u00e1ch poskytovatele slu\u017eby BankID<\/a>.<\/p>\n<\/div>\n\n\n\n<div class=\"wp-block-group is-layout-constrained wp-block-group-is-layout-constrained\">\n<div class=\"wp-block-group is-layout-constrained wp-block-group-is-layout-constrained\">\n<h2 class=\"wp-block-heading\">Postup pro vypln\u011bn\u00ed faktura\u010dn\u00edch \u00fadaj\u016f a ov\u011b\u0159en\u00ed pomoc\u00ed bankovn\u00ed identity<\/h2>\n\n\n\n<p>P\u0159ihlaste do Klientsk\u00e9 z\u00f3ny.<\/p>\n\n\n\n<p>Jako fyzick\u00e1 osoba nepodnikatel m\u016f\u017eete kliknout na tla\u010d\u00edtko Ov\u011b\u0159it p\u0159es BankID.<\/p>\n\n\n\n<figure class=\"wp-block-image size-full\"><img loading=\"lazy\" decoding=\"async\" width=\"1237\" height=\"944\" src=\"https:\/\/o-seznam.cz\/napoveda\/klientska-zona\/wp-content\/uploads\/sites\/18\/2024\/10\/bankid1.png\" alt=\"\" class=\"wp-image-61\" srcset=\"https:\/\/o-seznam.cz\/napoveda\/klientska-zona\/wp-content\/uploads\/sites\/18\/2024\/10\/bankid1.png 1237w, https:\/\/o-seznam.cz\/napoveda\/klientska-zona\/wp-content\/uploads\/sites\/18\/2024\/10\/bankid1-992x757.png 992w, https:\/\/o-seznam.cz\/napoveda\/klientska-zona\/wp-content\/uploads\/sites\/18\/2024\/10\/bankid1-320x244.png 320w, https:\/\/o-seznam.cz\/napoveda\/klientska-zona\/wp-content\/uploads\/sites\/18\/2024\/10\/bankid1-768x586.png 768w\" sizes=\"auto, (max-width: 1237px) 100vw, 1237px\" \/><\/figure>\n\n\n\n<p>Budete p\u0159esm\u011brov\u00e1ni na str\u00e1nku s poskytovateli slu\u017eby BankID, kde si vyberete banku, u kter\u00e9 m\u00e1te z\u0159\u00edzenou bankovn\u00ed identitu.<\/p>\n\n\n\n<figure class=\"wp-block-image size-full\"><img loading=\"lazy\" decoding=\"async\" width=\"621\" height=\"388\" src=\"https:\/\/o-seznam.cz\/napoveda\/klientska-zona\/wp-content\/uploads\/sites\/18\/2024\/10\/bankid2.png\" alt=\"\" class=\"wp-image-62\" srcset=\"https:\/\/o-seznam.cz\/napoveda\/klientska-zona\/wp-content\/uploads\/sites\/18\/2024\/10\/bankid2.png 621w, https:\/\/o-seznam.cz\/napoveda\/klientska-zona\/wp-content\/uploads\/sites\/18\/2024\/10\/bankid2-320x200.png 320w\" sizes=\"auto, (max-width: 621px) 100vw, 621px\" \/><\/figure>\n\n\n\n<p>N\u00e1sledn\u011b pokra\u010dujte procesem p\u0159ihl\u00e1\u0161en\u00ed, jak jste u sv\u00e9 banky zvykl\u00ed.<\/p>\n\n\n\n<p>B\u011bhem ov\u011b\u0159ov\u00e1n\u00ed v\u00e1s bude va\u0161e banka informovat o \u00fadaj\u00edch, kter\u00e9 spole\u010dnosti Seznam.cz p\u0159ed\u00e1 v r\u00e1mci procesu ov\u011b\u0159en\u00ed. Kdykoliv m\u016f\u017eete proces ov\u011b\u0159en\u00ed ukon\u010dit a data tak nebudou p\u0159ed\u00e1na.<\/p>\n\n\n\n<p>Pokud ov\u011b\u0159en\u00ed potvrd\u00edte a dokon\u010d\u00edte, p\u0159esm\u011bruje v\u00e1s poskytovatel slu\u017eby BankID zp\u011bt do Klientsk\u00e9 z\u00f3ny a zobraz\u00ed se informace potvrzuj\u00edc\u00ed \u00fasp\u011b\u0161n\u00e9 dokon\u010den\u00ed ov\u011b\u0159en\u00ed.<\/p>\n\n\n\n<p>Ve va\u0161\u00ed Klientsk\u00e9 z\u00f3n\u011b jsou nyn\u00ed nastaven\u00e9 faktura\u010dn\u00ed \u00fadaje v souladu s \u00fadaji v bankovn\u00ed identit\u011b.<\/p>\n\n\n\n<p>Pokud jste Seznam Partner je ov\u011b\u0159en\u00ed bankovn\u00ed identitou vyu\u017e\u00edv\u00e1no i pro potvrzen\u00ed nebo zm\u011bnu \u010d\u00edsla \u00fa\u010dtu, na kter\u00fd v\u00e1m m\u00e1 b\u00fdt vypl\u00e1cena va\u0161e provize.<\/p>\n<\/div>\n\n\n\n<figure class=\"wp-block-image size-full\"><img loading=\"lazy\" decoding=\"async\" width=\"1530\" height=\"825\" src=\"https:\/\/o-seznam.cz\/napoveda\/klientska-zona\/wp-content\/uploads\/sites\/18\/2024\/10\/bankid3.png\" alt=\"\" class=\"wp-image-63\" srcset=\"https:\/\/o-seznam.cz\/napoveda\/klientska-zona\/wp-content\/uploads\/sites\/18\/2024\/10\/bankid3.png 1530w, https:\/\/o-seznam.cz\/napoveda\/klientska-zona\/wp-content\/uploads\/sites\/18\/2024\/10\/bankid3-992x535.png 992w, https:\/\/o-seznam.cz\/napoveda\/klientska-zona\/wp-content\/uploads\/sites\/18\/2024\/10\/bankid3-320x173.png 320w, https:\/\/o-seznam.cz\/napoveda\/klientska-zona\/wp-content\/uploads\/sites\/18\/2024\/10\/bankid3-768x414.png 768w\" sizes=\"auto, (max-width: 1530px) 100vw, 1530px\" \/><\/figure>\n<\/div>\n\n\n\n<div class=\"wp-block-group is-layout-constrained wp-block-group-is-layout-constrained\">\n<h2 class=\"wp-block-heading\">Nem\u00e1m bankovn\u00ed identitu, co te\u010f?<\/h2>\n\n\n\n<p class=\"is-style-link-external\">Seznam bank aktivn\u011b zapojen\u00fdch do mo\u017enosti ov\u011b\u0159en\u00ed pomoc\u00ed Bankovn\u00ed identity naleznete v\u017edy na <a href=\"https:\/\/bankid.cz\/\" data-type=\"link\" data-id=\"https:\/\/bankid.cz\/\" target=\"_blank\" rel=\"noreferrer noopener\">str\u00e1nk\u00e1ch poskytovatele slu\u017eby BankID<\/a>.<\/p>\n\n\n\n<p class=\"is-style-link-external\">Pokud v seznamu va\u0161e banka uveden\u00e1 nen\u00ed, Bankovn\u00ed identitu v\u016fbec nenab\u00edz\u00ed a nechcete \u010dekat, a\u017e ji zprovozn\u00ed, je zde jedno \u0159e\u0161en\u00ed: N\u011bkter\u00e9 dal\u0161\u00ed banky toti\u017e umo\u017e\u0148uj\u00ed vytvo\u0159it a pou\u017e\u00edvat Bankovn\u00ed identitu i bez nutnosti m\u00edt u nich \u00fa\u010det \u010di vyu\u017e\u00edvat dal\u0161\u00ed jejich slu\u017eby. Jedn\u00e1 se nap\u0159. o <a href=\"https:\/\/www.csas.cz\/cs\/caste-dotazy\/jak-bankovni-identitu-ziskam\" data-type=\"link\" data-id=\"https:\/\/www.csas.cz\/cs\/caste-dotazy\/jak-bankovni-identitu-ziskam\" target=\"_blank\" rel=\"noreferrer noopener\">\u010ceskou spo\u0159itelnu<\/a>, <a href=\"https:\/\/mojeidentita.csob.cz\/web\/napoveda\/sluzba-csob-identita\/zrizeni-csob-identity\" data-type=\"link\" data-id=\"https:\/\/mojeidentita.csob.cz\/web\/napoveda\/sluzba-csob-identita\/zrizeni-csob-identity\" target=\"_blank\" rel=\"noreferrer noopener\">\u010cSOB<\/a> nebo <a href=\"https:\/\/www.kb.cz\/cs\/podpora\/bank-id\/bankovni-identita-kb#tile-Zdarma-a-bez-registrace\" data-type=\"link\" data-id=\"https:\/\/www.kb.cz\/cs\/podpora\/bank-id\/bankovni-identita-kb#tile-Zdarma-a-bez-registrace\" target=\"_blank\" rel=\"noreferrer noopener\">Komer\u010dn\u00ed banku<\/a>. (Zdroj: <a href=\"https:\/\/www.seznamzpravy.cz\/clanek\/neumi-vase-banka-digitalni-identitu-jinde-vam-ji-daji-zdarma-bez-uctu-178747\" data-type=\"link\" data-id=\"https:\/\/www.seznamzpravy.cz\/clanek\/neumi-vase-banka-digitalni-identitu-jinde-vam-ji-daji-zdarma-bez-uctu-178747\" target=\"_blank\" rel=\"noreferrer noopener\">Seznamzpravy.cz<\/a>)<\/p>\n<\/div>\n","protected":false},"excerpt":{"rendered":"<p>Seznam Pen\u011b\u017eenka a Bankovn\u00ed identita Bankovn\u00ed identita je forma digit\u00e1ln\u00edho ov\u011b\u0159en\u00ed toto\u017enosti osoby pomoc\u00ed bezpe\u010dnostn\u00edch metod, kter\u00e9 nab\u00edz\u00ed jej\u00ed elektronick\u00e9 bankovnictv\u00ed. Bankovn\u00ed identitu m\u016f\u017ee pou\u017e\u00edvat ka\u017ed\u00fd, kdo m\u00e1 internetov\u00e9 bankovnictv\u00ed u n\u011bkter\u00e9 banky, kter\u00e1 tuto mo\u017enost nab\u00edz\u00ed a podporuje. V\u00edce o projektu Bankovn\u00ed identity naleznete na str\u00e1nce BankID.cz. Seznam.cz se k t\u00e9to iniciativ\u011b a projektu [&hellip;]<\/p>\n","protected":false},"author":6,"featured_media":0,"parent":86,"menu_order":20,"comment_status":"closed","ping_status":"closed","template":"page-sidemenu","meta":{"_acf_changed":false,"_relevanssi_hide_post":"","_relevanssi_hide_content":"","_relevanssi_pin_for_all":"","_relevanssi_pin_keywords":"","_relevanssi_unpin_keywords":"","_relevanssi_related_keywords":"","_relevanssi_related_include_ids":"","_relevanssi_related_exclude_ids":"","_relevanssi_related_no_append":"","_relevanssi_related_not_related":"","_relevanssi_related_posts":"","_relevanssi_noindex_reason":"","footnotes":""},"page_category":[3],"page_tag":[],"service_status_category":[],"class_list":["post-60","page","type-page","status-publish","hentry"],"acf":[],"_links":{"self":[{"href":"https:\/\/o-seznam.cz\/napoveda\/klientska-zona\/wp-json\/wp\/v2\/pages\/60","targetHints":{"allow":["GET"]}}],"collection":[{"href":"https:\/\/o-seznam.cz\/napoveda\/klientska-zona\/wp-json\/wp\/v2\/pages"}],"about":[{"href":"https:\/\/o-seznam.cz\/napoveda\/klientska-zona\/wp-json\/wp\/v2\/types\/page"}],"author":[{"embeddable":true,"href":"https:\/\/o-seznam.cz\/napoveda\/klientska-zona\/wp-json\/wp\/v2\/users\/6"}],"replies":[{"embeddable":true,"href":"https:\/\/o-seznam.cz\/napoveda\/klientska-zona\/wp-json\/wp\/v2\/comments?post=60"}],"version-history":[{"count":3,"href":"https:\/\/o-seznam.cz\/napoveda\/klientska-zona\/wp-json\/wp\/v2\/pages\/60\/revisions"}],"predecessor-version":[{"id":168,"href":"https:\/\/o-seznam.cz\/napoveda\/klientska-zona\/wp-json\/wp\/v2\/pages\/60\/revisions\/168"}],"up":[{"embeddable":true,"href":"https:\/\/o-seznam.cz\/napoveda\/klientska-zona\/wp-json\/wp\/v2\/pages\/86"}],"wp:attachment":[{"href":"https:\/\/o-seznam.cz\/napoveda\/klientska-zona\/wp-json\/wp\/v2\/media?parent=60"}],"wp:term":[{"taxonomy":"page_category","embeddable":true,"href":"https:\/\/o-seznam.cz\/napoveda\/klientska-zona\/wp-json\/wp\/v2\/page_category?post=60"},{"taxonomy":"page_tag","embeddable":true,"href":"https:\/\/o-seznam.cz\/napoveda\/klientska-zona\/wp-json\/wp\/v2\/page_tag?post=60"},{"taxonomy":"service_status_category","embeddable":true,"href":"https:\/\/o-seznam.cz\/napoveda\/klientska-zona\/wp-json\/wp\/v2\/service_status_category?post=60"}],"curies":[{"name":"wp","href":"https:\/\/api.w.org\/{rel}","templated":true}]}}