{"id":56,"date":"2024-10-19T00:50:00","date_gmt":"2024-10-18T22:50:00","guid":{"rendered":"https:\/\/o-seznam.cz\/napoveda\/klientska-zona\/?page_id=56"},"modified":"2024-12-09T13:57:26","modified_gmt":"2024-12-09T12:57:26","slug":"zakladni-informace","status":"publish","type":"page","link":"https:\/\/o-seznam.cz\/napoveda\/klientska-zona\/nastaveni\/zakladni-informace\/","title":{"rendered":"Z\u00e1kladn\u00ed informace"},"content":{"rendered":"\n<div class=\"wp-block-group is-layout-constrained wp-block-group-is-layout-constrained\">\n<p>Vypln\u011bn\u00edm z\u00e1kladn\u00edch kontaktn\u00edch a faktura\u010dn\u00edch \u00fadaj\u016f autorizujete sv\u016fj RUS \u00fa\u010det.<\/p>\n\n\n\n<p>Na autorizovan\u00e9m RUS \u00fa\u010dtu je mo\u017en\u00e9 dob\u00edjet kredit do maxim\u00e1ln\u00ed v\u00fd\u0161e 1&nbsp;000&nbsp;000,-&nbsp;K\u010d v\u010detn\u011b DPH a za uhrazen\u00e9 platby obdr\u017e\u00edte faktury.<\/p>\n\n\n\n<p>Autorizace je zpravidla vy\u0159\u00edzena b\u011bhem 2 pracovn\u00edch dn\u016f.<\/p>\n\n\n\n<h2 class=\"wp-block-heading\">V nastaven\u00ed m\u016f\u017eete zadat nebo editovat:<\/h2>\n<\/div>\n\n\n\n<div class=\"wp-block-group is-layout-constrained wp-block-group-is-layout-constrained\">\n<ul class=\"wp-block-list\">\n<li>Faktura\u010dn\u00ed \u00fadaje<\/li>\n\n\n\n<li>Kontaktn\u00ed \u00fadaje<\/li>\n\n\n\n<li>\u00dadaje k elektronick\u00e9 fakturaci.<\/li>\n<\/ul>\n<\/div>\n\n\n\n<div class=\"wp-block-group is-layout-constrained wp-block-group-is-layout-constrained\">\n<p>Pozor, zm\u011bna I\u010c je podm\u00edn\u011bna maxim\u00e1ln\u00edm aktu\u00e1ln\u00edm z\u016fstatkem kreditu ni\u017e\u0161\u00edm ne\u017e 1 000,- K\u010d bez DPH a z\u00e1rove\u0148 nesm\u00edte m\u00edt neuhrazenou objedn\u00e1vku.<\/p>\n\n\n\n<figure class=\"wp-block-image size-full\"><img loading=\"lazy\" decoding=\"async\" width=\"1262\" height=\"928\" src=\"https:\/\/o-seznam.cz\/napoveda\/klientska-zona\/wp-content\/uploads\/sites\/18\/2024\/10\/elfanewnovy-nh.png\" alt=\"\" class=\"wp-image-57\" srcset=\"https:\/\/o-seznam.cz\/napoveda\/klientska-zona\/wp-content\/uploads\/sites\/18\/2024\/10\/elfanewnovy-nh.png 1262w, https:\/\/o-seznam.cz\/napoveda\/klientska-zona\/wp-content\/uploads\/sites\/18\/2024\/10\/elfanewnovy-nh-992x729.png 992w, https:\/\/o-seznam.cz\/napoveda\/klientska-zona\/wp-content\/uploads\/sites\/18\/2024\/10\/elfanewnovy-nh-320x235.png 320w, https:\/\/o-seznam.cz\/napoveda\/klientska-zona\/wp-content\/uploads\/sites\/18\/2024\/10\/elfanewnovy-nh-768x565.png 768w\" sizes=\"auto, (max-width: 1262px) 100vw, 1262px\" \/><\/figure>\n<\/div>\n\n\n\n<div class=\"wp-block-group is-layout-constrained wp-block-group-is-layout-constrained\">\n<p>V p\u0159\u00edpad\u011b, \u017ee se registrujete na spole\u010dnost, kter\u00e1 m\u00e1 v P\u0159ehledu slu\u017eeb Display reklamu, mus\u00edte po\u017e\u00e1dat ostatn\u00ed RUS \u00fa\u010dty o p\u0159\u00edstup.<\/p>\n\n\n\n<figure class=\"wp-block-image size-full is-resized\"><img loading=\"lazy\" decoding=\"async\" width=\"1910\" height=\"960\" src=\"https:\/\/o-seznam.cz\/napoveda\/klientska-zona\/wp-content\/uploads\/sites\/18\/2024\/10\/nemate-povoleni.png\" alt=\"\" class=\"wp-image-58\" style=\"width:941px;height:auto\" srcset=\"https:\/\/o-seznam.cz\/napoveda\/klientska-zona\/wp-content\/uploads\/sites\/18\/2024\/10\/nemate-povoleni.png 1910w, https:\/\/o-seznam.cz\/napoveda\/klientska-zona\/wp-content\/uploads\/sites\/18\/2024\/10\/nemate-povoleni-992x499.png 992w, https:\/\/o-seznam.cz\/napoveda\/klientska-zona\/wp-content\/uploads\/sites\/18\/2024\/10\/nemate-povoleni-320x161.png 320w, https:\/\/o-seznam.cz\/napoveda\/klientska-zona\/wp-content\/uploads\/sites\/18\/2024\/10\/nemate-povoleni-768x386.png 768w, https:\/\/o-seznam.cz\/napoveda\/klientska-zona\/wp-content\/uploads\/sites\/18\/2024\/10\/nemate-povoleni-1536x772.png 1536w\" sizes=\"auto, (max-width: 1910px) 100vw, 1910px\" \/><\/figure>\n\n\n\n<p>V\u0161em RUS \u00fa\u010dt\u016fm, kter\u00e9 maj\u00ed tak\u00e9 p\u0159\u00edstup a vid\u00ed statistiky Display reklamy se pak po p\u0159ihl\u00e1\u0161en\u00ed do KZ zobraz\u00ed informace, jak\u00fd nov\u00fd RUS o p\u0159\u00edstup \u017e\u00e1d\u00e1.<\/p>\n\n\n\n<p>Prvn\u00ed RUS \u00fa\u010det m\u016f\u017ee povolit nebo odm\u00edtnout p\u0159\u00edstup.<\/p>\n<\/div>\n","protected":false},"excerpt":{"rendered":"<p>Vypln\u011bn\u00edm z\u00e1kladn\u00edch kontaktn\u00edch a faktura\u010dn\u00edch \u00fadaj\u016f autorizujete sv\u016fj RUS \u00fa\u010det. Na autorizovan\u00e9m RUS \u00fa\u010dtu je mo\u017en\u00e9 dob\u00edjet kredit do maxim\u00e1ln\u00ed v\u00fd\u0161e 1&nbsp;000&nbsp;000,-&nbsp;K\u010d v\u010detn\u011b DPH a za uhrazen\u00e9 platby obdr\u017e\u00edte faktury. Autorizace je zpravidla vy\u0159\u00edzena b\u011bhem 2 pracovn\u00edch dn\u016f. V nastaven\u00ed m\u016f\u017eete zadat nebo editovat: Pozor, zm\u011bna I\u010c je podm\u00edn\u011bna maxim\u00e1ln\u00edm aktu\u00e1ln\u00edm z\u016fstatkem kreditu ni\u017e\u0161\u00edm ne\u017e [&hellip;]<\/p>\n","protected":false},"author":6,"featured_media":0,"parent":86,"menu_order":10,"comment_status":"closed","ping_status":"closed","template":"page-sidemenu","meta":{"_acf_changed":false,"_relevanssi_hide_post":"","_relevanssi_hide_content":"","_relevanssi_pin_for_all":"","_relevanssi_pin_keywords":"","_relevanssi_unpin_keywords":"","_relevanssi_related_keywords":"","_relevanssi_related_include_ids":"","_relevanssi_related_exclude_ids":"","_relevanssi_related_no_append":"","_relevanssi_related_not_related":"","_relevanssi_related_posts":"","_relevanssi_noindex_reason":"","footnotes":""},"page_category":[3],"page_tag":[],"service_status_category":[],"class_list":["post-56","page","type-page","status-publish","hentry"],"acf":[],"_links":{"self":[{"href":"https:\/\/o-seznam.cz\/napoveda\/klientska-zona\/wp-json\/wp\/v2\/pages\/56","targetHints":{"allow":["GET"]}}],"collection":[{"href":"https:\/\/o-seznam.cz\/napoveda\/klientska-zona\/wp-json\/wp\/v2\/pages"}],"about":[{"href":"https:\/\/o-seznam.cz\/napoveda\/klientska-zona\/wp-json\/wp\/v2\/types\/page"}],"author":[{"embeddable":true,"href":"https:\/\/o-seznam.cz\/napoveda\/klientska-zona\/wp-json\/wp\/v2\/users\/6"}],"replies":[{"embeddable":true,"href":"https:\/\/o-seznam.cz\/napoveda\/klientska-zona\/wp-json\/wp\/v2\/comments?post=56"}],"version-history":[{"count":3,"href":"https:\/\/o-seznam.cz\/napoveda\/klientska-zona\/wp-json\/wp\/v2\/pages\/56\/revisions"}],"predecessor-version":[{"id":157,"href":"https:\/\/o-seznam.cz\/napoveda\/klientska-zona\/wp-json\/wp\/v2\/pages\/56\/revisions\/157"}],"up":[{"embeddable":true,"href":"https:\/\/o-seznam.cz\/napoveda\/klientska-zona\/wp-json\/wp\/v2\/pages\/86"}],"wp:attachment":[{"href":"https:\/\/o-seznam.cz\/napoveda\/klientska-zona\/wp-json\/wp\/v2\/media?parent=56"}],"wp:term":[{"taxonomy":"page_category","embeddable":true,"href":"https:\/\/o-seznam.cz\/napoveda\/klientska-zona\/wp-json\/wp\/v2\/page_category?post=56"},{"taxonomy":"page_tag","embeddable":true,"href":"https:\/\/o-seznam.cz\/napoveda\/klientska-zona\/wp-json\/wp\/v2\/page_tag?post=56"},{"taxonomy":"service_status_category","embeddable":true,"href":"https:\/\/o-seznam.cz\/napoveda\/klientska-zona\/wp-json\/wp\/v2\/service_status_category?post=56"}],"curies":[{"name":"wp","href":"https:\/\/api.w.org\/{rel}","templated":true}]}}