{"id":51,"date":"2024-10-19T00:45:38","date_gmt":"2024-10-18T22:45:38","guid":{"rendered":"https:\/\/o-seznam.cz\/napoveda\/klientska-zona\/?page_id=51"},"modified":"2024-12-12T23:56:13","modified_gmt":"2024-12-12T22:56:13","slug":"ziskani-noveho-hesla","status":"publish","type":"page","link":"https:\/\/o-seznam.cz\/napoveda\/klientska-zona\/ziskani-noveho-hesla\/","title":{"rendered":"Z\u00edsk\u00e1n\u00ed nov\u00e9ho hesla"},"content":{"rendered":"\n<div class=\"wp-block-group is-layout-constrained wp-block-group-is-layout-constrained\">\n<h2 class=\"wp-block-heading\">Zm\u011bna hesla<\/h2>\n\n\n\n<p>P\u0159ihla\u0161ovac\u00ed jm\u00e9no a heslo je stejn\u00e9 nap\u0159\u00ed\u010d v\u0161emi slu\u017ebami Seznamu.<\/p>\n\n\n\n<p>Heslo m\u00e1te mo\u017enost zm\u011bnit prost\u0159ednictv\u00edm spr\u00e1vy Seznam \u00fa\u010dtu. Po p\u0159ihl\u00e1\u0161en\u00ed naleznete v lev\u00e9m naviga\u010dn\u00edm menu pod z\u00e1lo\u017ekou \u201eZm\u011bnit sv\u00e9 heslo\u201c formul\u00e1\u0159 pro zm\u011bnu hesla a kontroln\u00ed ot\u00e1zky.<\/p>\n\n\n\n<p>Zm\u011bnit heslo je mo\u017en\u00e9 tak\u00e9 v rozhran\u00ed emailov\u00e9 schr\u00e1nky.<\/p>\n\n\n\n<p class=\"is-style-link-external\">Podrobn\u011bj\u0161\u00ed n\u00e1vod na zm\u011bnu hesla naleznete v n\u00e1pov\u011bd\u011b <a href=\"https:\/\/o-seznam.cz\/napoveda\/ucet\/zapomenute-heslo\/jak-na-to\/\" data-type=\"link\" data-id=\"https:\/\/o-seznam.cz\/napoveda\/ucet\/zapomenute-heslo\/jak-na-to\/\" target=\"_blank\" rel=\"noreferrer noopener\">Seznam \u00da\u010dtu<\/a> a <a href=\"https:\/\/o-seznam.cz\/napoveda\/ucet\/zabezpeceni-uctu\/zmena-hesla\/\" data-type=\"link\" data-id=\"https:\/\/o-seznam.cz\/napoveda\/ucet\/zabezpeceni-uctu\/zmena-hesla\/\" target=\"_blank\" rel=\"noreferrer noopener\">Seznam Emailu<\/a>.<\/p>\n<\/div>\n\n\n\n<div class=\"wp-block-group is-layout-constrained wp-block-group-is-layout-constrained\">\n<h2 class=\"wp-block-heading\">Ztr\u00e1ta hesla<\/h2>\n\n\n\n<p>Pokud si heslo pamatujete, ale syst\u00e9m v\u00e1m hl\u00e1s\u00ed, \u017ee je neplatn\u00e9, m\u016f\u017ee to m\u00edt n\u00e1sleduj\u00edc\u00ed p\u0159\u00ed\u010diny:<\/p>\n\n\n\n<ul class=\"wp-block-list\">\n<li>U\u017eivatelsk\u00e9 jm\u00e9no zad\u00e1v\u00e1te s n\u00e1zvem dom\u00e9ny (tj. v\u010detn\u011b \u010d\u00e1sti za zavin\u00e1\u010dem)<\/li>\n\n\n\n<li>M\u00e1te zvolenou \u0161patnou dom\u00e9nu (tj. \u010d\u00e1st jm\u00e9na za zavin\u00e1\u010dem)<\/li>\n\n\n\n<li>M\u00e1te zapnutou kl\u00e1vesu Caps Lock, nebo zapadlou kl\u00e1vesu Shift<\/li>\n<\/ul>\n\n\n\n<p>Pokud syst\u00e9m i nad\u00e1le odm\u00edt\u00e1 va\u0161e heslo, \u010di pokud jste jej zapomn\u011bli, zvolte si zp\u016fsob doru\u010den\u00ed nov\u00e9ho hesla:<\/p>\n\n\n\n<div class=\"wp-block-group is-layout-constrained wp-block-group-is-layout-constrained\">\n<p class=\"is-style-link-external\"><a href=\"https:\/\/login.szn.cz\/recover\/intro\" data-type=\"link\" data-id=\"https:\/\/login.szn.cz\/recover\/intro\" target=\"_blank\" rel=\"noreferrer noopener\">Zasl\u00e1n\u00edm na ov\u011b\u0159en\u00fd e-mail<\/a><\/p>\n\n\n\n<p>M\u00e1te-li ov\u011b\u0159en\u00fd email, po\u0161leme v\u00e1m na n\u011bj odkaz na nov\u00e9 heslo.<\/p>\n<\/div>\n\n\n\n<div class=\"wp-block-group is-layout-constrained wp-block-group-is-layout-constrained\">\n<p class=\"is-style-link-external\"><a href=\"https:\/\/login.szn.cz\/recover\/intro\" data-type=\"link\" data-id=\"https:\/\/login.szn.cz\/recover\/intro\" target=\"_blank\" rel=\"noreferrer noopener\">Zaslat jako SMS<\/a><\/p>\n\n\n\n<p>V p\u0159\u00edpad\u011b, \u017ee m\u00e1te ov\u011b\u0159en\u00e9 \u010d\u00edslo sv\u00e9ho mobiln\u00edho telefonu, po\u0161leme v\u00e1m n\u011bj nov\u00e9 heslo jako SMS.<\/p>\n<\/div>\n\n\n\n<div class=\"wp-block-group is-layout-constrained wp-block-group-is-layout-constrained\">\n<p>Zad\u00e1n\u00ed \u00fadaj\u016f o posledn\u00ed platb\u011b<\/p>\n\n\n\n<p>Pokud jste provedli platbu do Pen\u011b\u017eenky, m\u016f\u017eeme ov\u011b\u0159it va\u0161i toto\u017enost pomoc\u00ed \u00fadaj\u016f o t\u00e9to platb\u011b, kter\u00e9 je pot\u0159eba zaslat na podporu prost\u0159ednictv\u00edm <a class=\"is-style-link-external\" href=\"https:\/\/napoveda.sklik.cz\/casto-kladene-dotazy\/hesla\/\">formul\u00e1\u0159e<\/a>.<\/p>\n\n\n\n<p>Ke znovu z\u00edsk\u00e1n\u00ed hesla je nutn\u00e9 zaslat v\u0161echny zm\u00edn\u011bn\u00e9 \u00fadaje. Pokud nebudou \u00fadaje kompletn\u00ed, nejsme schopni vyhov\u011bt va\u0161emu po\u017eadavku.<\/p>\n<\/div>\n\n\n\n<p>Po zasl\u00e1n\u00ed po\u017eadavku ov\u011b\u0159\u00edme v\u00e1mi zaslan\u00e9 \u00fadaje. V p\u0159\u00edpad\u011b spr\u00e1vnosti \u00fadaj\u016f v\u00e1s budeme kontaktovat s dal\u0161\u00edmi pokyny.<\/p>\n<\/div>\n","protected":false},"excerpt":{"rendered":"<p>Zm\u011bna hesla P\u0159ihla\u0161ovac\u00ed jm\u00e9no a heslo je stejn\u00e9 nap\u0159\u00ed\u010d v\u0161emi slu\u017ebami Seznamu. Heslo m\u00e1te mo\u017enost zm\u011bnit prost\u0159ednictv\u00edm spr\u00e1vy Seznam \u00fa\u010dtu. Po p\u0159ihl\u00e1\u0161en\u00ed naleznete v lev\u00e9m naviga\u010dn\u00edm menu pod z\u00e1lo\u017ekou \u201eZm\u011bnit sv\u00e9 heslo\u201c formul\u00e1\u0159 pro zm\u011bnu hesla a kontroln\u00ed ot\u00e1zky. Zm\u011bnit heslo je mo\u017en\u00e9 tak\u00e9 v rozhran\u00ed emailov\u00e9 schr\u00e1nky. Podrobn\u011bj\u0161\u00ed n\u00e1vod na zm\u011bnu hesla naleznete v [&hellip;]<\/p>\n","protected":false},"author":6,"featured_media":0,"parent":0,"menu_order":100,"comment_status":"closed","ping_status":"closed","template":"page-sidemenu","meta":{"_acf_changed":false,"_relevanssi_hide_post":"","_relevanssi_hide_content":"","_relevanssi_pin_for_all":"","_relevanssi_pin_keywords":"","_relevanssi_unpin_keywords":"","_relevanssi_related_keywords":"","_relevanssi_related_include_ids":"","_relevanssi_related_exclude_ids":"","_relevanssi_related_no_append":"","_relevanssi_related_not_related":"","_relevanssi_related_posts":"","_relevanssi_noindex_reason":"","footnotes":""},"page_category":[3],"page_tag":[],"service_status_category":[],"class_list":["post-51","page","type-page","status-publish","hentry"],"acf":[],"_links":{"self":[{"href":"https:\/\/o-seznam.cz\/napoveda\/klientska-zona\/wp-json\/wp\/v2\/pages\/51","targetHints":{"allow":["GET"]}}],"collection":[{"href":"https:\/\/o-seznam.cz\/napoveda\/klientska-zona\/wp-json\/wp\/v2\/pages"}],"about":[{"href":"https:\/\/o-seznam.cz\/napoveda\/klientska-zona\/wp-json\/wp\/v2\/types\/page"}],"author":[{"embeddable":true,"href":"https:\/\/o-seznam.cz\/napoveda\/klientska-zona\/wp-json\/wp\/v2\/users\/6"}],"replies":[{"embeddable":true,"href":"https:\/\/o-seznam.cz\/napoveda\/klientska-zona\/wp-json\/wp\/v2\/comments?post=51"}],"version-history":[{"count":4,"href":"https:\/\/o-seznam.cz\/napoveda\/klientska-zona\/wp-json\/wp\/v2\/pages\/51\/revisions"}],"predecessor-version":[{"id":173,"href":"https:\/\/o-seznam.cz\/napoveda\/klientska-zona\/wp-json\/wp\/v2\/pages\/51\/revisions\/173"}],"wp:attachment":[{"href":"https:\/\/o-seznam.cz\/napoveda\/klientska-zona\/wp-json\/wp\/v2\/media?parent=51"}],"wp:term":[{"taxonomy":"page_category","embeddable":true,"href":"https:\/\/o-seznam.cz\/napoveda\/klientska-zona\/wp-json\/wp\/v2\/page_category?post=51"},{"taxonomy":"page_tag","embeddable":true,"href":"https:\/\/o-seznam.cz\/napoveda\/klientska-zona\/wp-json\/wp\/v2\/page_tag?post=51"},{"taxonomy":"service_status_category","embeddable":true,"href":"https:\/\/o-seznam.cz\/napoveda\/klientska-zona\/wp-json\/wp\/v2\/service_status_category?post=51"}],"curies":[{"name":"wp","href":"https:\/\/api.w.org\/{rel}","templated":true}]}}