{"id":43,"date":"2024-10-19T00:30:38","date_gmt":"2024-10-18T22:30:38","guid":{"rendered":"https:\/\/o-seznam.cz\/napoveda\/klientska-zona\/?page_id=43"},"modified":"2025-07-11T14:36:10","modified_gmt":"2025-07-11T12:36:10","slug":"kontakt","status":"publish","type":"page","link":"https:\/\/o-seznam.cz\/napoveda\/klientska-zona\/kontakt\/","title":{"rendered":"Kontakt"},"content":{"rendered":"\n<div class=\"wp-block-group is-layout-constrained wp-block-group-is-layout-constrained\">\n<p>V p\u0159\u00edpad\u011b dotaz\u016f nebo z\u00e1jmu o placen\u00e9 slu\u017eby Seznam.cz zde najdete kontaktn\u00ed \u00fadaje Seznam.cz nebo va\u0161eho obchodn\u00edka. Pokud m\u00e1te p\u0159i\u0159azen\u00e9ho spr\u00e1vce RUS (nap\u0159. optimaliz\u00e1tor nebo konzultant Sklik, Firmy, Zbo\u017e\u00ed), zobraz\u00ed se v\u00e1m kontakt tak\u00e9 na va\u0161eho spr\u00e1vce.<\/p>\n\n\n\n<figure class=\"wp-block-image size-full\"><img loading=\"lazy\" decoding=\"async\" width=\"1920\" height=\"1001\" src=\"https:\/\/o-seznam.cz\/napoveda\/klientska-zona\/wp-content\/uploads\/sites\/18\/2024\/10\/kontakt-novenew-nh.png\" alt=\"\" class=\"wp-image-44\" srcset=\"https:\/\/o-seznam.cz\/napoveda\/klientska-zona\/wp-content\/uploads\/sites\/18\/2024\/10\/kontakt-novenew-nh.png 1920w, https:\/\/o-seznam.cz\/napoveda\/klientska-zona\/wp-content\/uploads\/sites\/18\/2024\/10\/kontakt-novenew-nh-992x517.png 992w, https:\/\/o-seznam.cz\/napoveda\/klientska-zona\/wp-content\/uploads\/sites\/18\/2024\/10\/kontakt-novenew-nh-320x167.png 320w, https:\/\/o-seznam.cz\/napoveda\/klientska-zona\/wp-content\/uploads\/sites\/18\/2024\/10\/kontakt-novenew-nh-768x400.png 768w, https:\/\/o-seznam.cz\/napoveda\/klientska-zona\/wp-content\/uploads\/sites\/18\/2024\/10\/kontakt-novenew-nh-1536x801.png 1536w\" sizes=\"auto, (max-width: 1920px) 100vw, 1920px\" \/><\/figure>\n<\/div>\n\n\n\n<div class=\"wp-block-group is-layout-constrained wp-block-group-is-layout-constrained\">\n<p>V p\u0159\u00edpad\u011b, \u017ee si p\u0159ejete b\u00fdt kontaktov\u00e1ni telefonicky, sta\u010d\u00ed, kdy\u017e kliknete na \u201ePot\u0159ebujete poradit?\u201c a vypln\u00edte sv\u00e9 telefonn\u00ed \u010d\u00edslo. Tuto slu\u017ebu m\u016f\u017eete vyu\u017e\u00edt ve v\u0161edn\u00ed dny od 8.00 do 16.30 hod. Pokud zanech\u00e1te \u010d\u00edslo po pracovn\u00ed dob\u011b, budeme v\u00e1s kontaktovat co nejd\u0159\u00edve n\u00e1sleduj\u00edc\u00ed pracovn\u00ed den.<\/p>\n\n\n\n<figure class=\"wp-block-image size-full\"><img loading=\"lazy\" decoding=\"async\" width=\"1920\" height=\"1001\" src=\"https:\/\/o-seznam.cz\/napoveda\/klientska-zona\/wp-content\/uploads\/sites\/18\/2024\/10\/callback-novenew-nh.png\" alt=\"\" class=\"wp-image-45\" srcset=\"https:\/\/o-seznam.cz\/napoveda\/klientska-zona\/wp-content\/uploads\/sites\/18\/2024\/10\/callback-novenew-nh.png 1920w, https:\/\/o-seznam.cz\/napoveda\/klientska-zona\/wp-content\/uploads\/sites\/18\/2024\/10\/callback-novenew-nh-992x517.png 992w, https:\/\/o-seznam.cz\/napoveda\/klientska-zona\/wp-content\/uploads\/sites\/18\/2024\/10\/callback-novenew-nh-320x167.png 320w, https:\/\/o-seznam.cz\/napoveda\/klientska-zona\/wp-content\/uploads\/sites\/18\/2024\/10\/callback-novenew-nh-768x400.png 768w, https:\/\/o-seznam.cz\/napoveda\/klientska-zona\/wp-content\/uploads\/sites\/18\/2024\/10\/callback-novenew-nh-1536x801.png 1536w\" sizes=\"auto, (max-width: 1920px) 100vw, 1920px\" \/><\/figure>\n\n\n\n<p>Pokud m\u00e1te sv\u00e9ho obchodn\u00edka, tak v\u00e1s bude kontaktovat p\u0159\u00edmo obchodn\u00edk. Tuto funkcionalitu najdete ve v\u0161ech z\u00e1lo\u017ek\u00e1ch v Klientsk\u00e9 z\u00f3n\u011b.<\/p>\n\n\n\n<p>V p\u0159\u00edpad\u011b jak\u00fdchkoliv dotaz\u016f n\u00e1s m\u016f\u017eete kontaktovat na \u010d\u00edsle 234 694 430. Mo\u017enost\u00ed je vyu\u017e\u00edt i chat na jak\u00e9koliv str\u00e1nce na\u0161\u00ed n\u00e1pov\u011bdy <a href=\"https:\/\/o-seznam.cz\/napoveda\/\">https:\/\/o-seznam.cz\/napoveda\/<\/a>. V prav\u00e9 \u010d\u00e1sti obrazovky uvid\u00edte bublinu s chatem. Na tu je mo\u017en\u00e9 kliknout a rozbal\u00ed se v\u00e1m chat. Vyberte sekci: Klientsk\u00e1 z\u00f3na.<\/p>\n<\/div>\n","protected":false},"excerpt":{"rendered":"<p>V p\u0159\u00edpad\u011b dotaz\u016f nebo z\u00e1jmu o placen\u00e9 slu\u017eby Seznam.cz zde najdete kontaktn\u00ed \u00fadaje Seznam.cz nebo va\u0161eho obchodn\u00edka. Pokud m\u00e1te p\u0159i\u0159azen\u00e9ho spr\u00e1vce RUS (nap\u0159. optimaliz\u00e1tor nebo konzultant Sklik, Firmy, Zbo\u017e\u00ed), zobraz\u00ed se v\u00e1m kontakt tak\u00e9 na va\u0161eho spr\u00e1vce. V p\u0159\u00edpad\u011b, \u017ee si p\u0159ejete b\u00fdt kontaktov\u00e1ni telefonicky, sta\u010d\u00ed, kdy\u017e kliknete na \u201ePot\u0159ebujete poradit?\u201c a vypln\u00edte sv\u00e9 telefonn\u00ed [&hellip;]<\/p>\n","protected":false},"author":6,"featured_media":0,"parent":0,"menu_order":80,"comment_status":"closed","ping_status":"closed","template":"page-sidemenu","meta":{"_acf_changed":false,"_relevanssi_hide_post":"","_relevanssi_hide_content":"","_relevanssi_pin_for_all":"","_relevanssi_pin_keywords":"","_relevanssi_unpin_keywords":"","_relevanssi_related_keywords":"","_relevanssi_related_include_ids":"","_relevanssi_related_exclude_ids":"","_relevanssi_related_no_append":"","_relevanssi_related_not_related":"","_relevanssi_related_posts":"","_relevanssi_noindex_reason":"","footnotes":""},"page_category":[3],"page_tag":[],"service_status_category":[],"class_list":["post-43","page","type-page","status-publish","hentry"],"acf":[],"_links":{"self":[{"href":"https:\/\/o-seznam.cz\/napoveda\/klientska-zona\/wp-json\/wp\/v2\/pages\/43","targetHints":{"allow":["GET"]}}],"collection":[{"href":"https:\/\/o-seznam.cz\/napoveda\/klientska-zona\/wp-json\/wp\/v2\/pages"}],"about":[{"href":"https:\/\/o-seznam.cz\/napoveda\/klientska-zona\/wp-json\/wp\/v2\/types\/page"}],"author":[{"embeddable":true,"href":"https:\/\/o-seznam.cz\/napoveda\/klientska-zona\/wp-json\/wp\/v2\/users\/6"}],"replies":[{"embeddable":true,"href":"https:\/\/o-seznam.cz\/napoveda\/klientska-zona\/wp-json\/wp\/v2\/comments?post=43"}],"version-history":[{"count":4,"href":"https:\/\/o-seznam.cz\/napoveda\/klientska-zona\/wp-json\/wp\/v2\/pages\/43\/revisions"}],"predecessor-version":[{"id":267,"href":"https:\/\/o-seznam.cz\/napoveda\/klientska-zona\/wp-json\/wp\/v2\/pages\/43\/revisions\/267"}],"wp:attachment":[{"href":"https:\/\/o-seznam.cz\/napoveda\/klientska-zona\/wp-json\/wp\/v2\/media?parent=43"}],"wp:term":[{"taxonomy":"page_category","embeddable":true,"href":"https:\/\/o-seznam.cz\/napoveda\/klientska-zona\/wp-json\/wp\/v2\/page_category?post=43"},{"taxonomy":"page_tag","embeddable":true,"href":"https:\/\/o-seznam.cz\/napoveda\/klientska-zona\/wp-json\/wp\/v2\/page_tag?post=43"},{"taxonomy":"service_status_category","embeddable":true,"href":"https:\/\/o-seznam.cz\/napoveda\/klientska-zona\/wp-json\/wp\/v2\/service_status_category?post=43"}],"curies":[{"name":"wp","href":"https:\/\/api.w.org\/{rel}","templated":true}]}}