{"id":38,"date":"2024-10-19T02:10:15","date_gmt":"2024-10-19T00:10:15","guid":{"rendered":"https:\/\/o-seznam.cz\/napoveda\/klientska-zona\/?page_id=38"},"modified":"2024-12-10T12:38:41","modified_gmt":"2024-12-10T11:38:41","slug":"reklamace","status":"publish","type":"page","link":"https:\/\/o-seznam.cz\/napoveda\/klientska-zona\/penezenka\/reklamace\/","title":{"rendered":"Reklamace"},"content":{"rendered":"\n<div class=\"wp-block-group is-layout-constrained wp-block-group-is-layout-constrained\">\n<h2 class=\"wp-block-heading\">P\u0159ed kontaktov\u00e1n\u00edm oper\u00e1tora si pros\u00edm p\u0159ipravte n\u00e1sleduj\u00edc\u00ed \u00fadaje o proveden\u00e9 platb\u011b:<\/h2>\n\n\n\n<ul class=\"wp-block-list\">\n<li>Na jak\u00fd \u00fa\u010det (@seznam.cz, @email.cz\u2026) byl kredit dob\u00edjen<\/li>\n\n\n\n<li>\u010c\u00edslo va\u0161eho \u00fa\u010dtu (\u00fa\u010det \/ k\u00f3d banky)<\/li>\n\n\n\n<li>Zadan\u00fd variabiln\u00ed symbol<\/li>\n\n\n\n<li>Zadan\u00fd specifick\u00fd symbol<\/li>\n\n\n\n<li>Pouk\u00e1zan\u00e1 \u010d\u00e1stka (K\u010d)<\/li>\n\n\n\n<li>Nelze dob\u00edjet hal\u00ed\u0159e, ale jedin\u011b celou zaokrouhlenou \u010d\u00e1stku na koruny. Nap\u0159\u00edklad 29 K\u010d. <\/li>\n\n\n\n<li>Datum proveden\u00ed platby<\/li>\n<\/ul>\n<\/div>\n\n\n\n<div class=\"wp-block-group is-layout-constrained wp-block-group-is-layout-constrained\">\n<h2 class=\"wp-block-heading\">Mo\u017en\u00e9 p\u0159\u00ed\u010diny nep\u0159ips\u00e1n\u00ed kreditu na \u00fa\u010det:<\/h2>\n\n\n\n<ul class=\"wp-block-list\">\n<li>\u0160patn\u011b zapsan\u00fd variabiln\u00ed a specifick\u00fd symbol<\/li>\n\n\n\n<li>Od platby je\u0161t\u011b neuplynuly alespo\u0148 3 pracovn\u00ed dny<\/li>\n\n\n\n<li>Objedn\u00e1vka pro platbu byla vygenerov\u00e1na z jin\u00e9ho \u00fa\u010dtu ne\u017e tohoto, a tud\u00ed\u017e byla p\u0159ips\u00e1na na jin\u00fd \u00fa\u010det<\/li>\n\n\n\n<li>Platba ve \u0161patn\u00e9 v\u00fd\u0161i (rozd\u00edl v \u010d\u00e1stce vygenerovan\u00e9 objedn\u00e1vky a zaslan\u00e9 \u010d\u00e1stky)<\/li>\n<\/ul>\n<\/div>\n\n\n\n<div class=\"wp-block-group is-layout-constrained wp-block-group-is-layout-constrained\">\n<h2 class=\"wp-block-heading\">P\u0159ed odesl\u00e1n\u00edm reklamace pros\u00edm zkontrolujte:<\/h2>\n\n\n\n<ul class=\"wp-block-list\">\n<li>Zda uplynuly alespo\u0148 3 pracovn\u00ed dny od odesl\u00e1n\u00ed platby<\/li>\n\n\n\n<li>Zda na jin\u00e9m va\u0161em \u00fa\u010dtu pen\u011b\u017eenky nebyl reklamovan\u00fd kredit p\u0159ips\u00e1n<\/li>\n<\/ul>\n<\/div>\n\n\n\n<div class=\"wp-block-group is-layout-constrained wp-block-group-is-layout-constrained\">\n<p>D\u011bkujeme.<\/p>\n<\/div>\n","protected":false},"excerpt":{"rendered":"<p>P\u0159ed kontaktov\u00e1n\u00edm oper\u00e1tora si pros\u00edm p\u0159ipravte n\u00e1sleduj\u00edc\u00ed \u00fadaje o proveden\u00e9 platb\u011b: Mo\u017en\u00e9 p\u0159\u00ed\u010diny nep\u0159ips\u00e1n\u00ed kreditu na \u00fa\u010det: P\u0159ed odesl\u00e1n\u00edm reklamace pros\u00edm zkontrolujte: D\u011bkujeme.<\/p>\n","protected":false},"author":6,"featured_media":0,"parent":82,"menu_order":40,"comment_status":"closed","ping_status":"closed","template":"page-sidemenu","meta":{"_acf_changed":false,"_relevanssi_hide_post":"","_relevanssi_hide_content":"","_relevanssi_pin_for_all":"","_relevanssi_pin_keywords":"","_relevanssi_unpin_keywords":"","_relevanssi_related_keywords":"","_relevanssi_related_include_ids":"","_relevanssi_related_exclude_ids":"","_relevanssi_related_no_append":"","_relevanssi_related_not_related":"","_relevanssi_related_posts":"","_relevanssi_noindex_reason":"","footnotes":""},"page_category":[3],"page_tag":[],"service_status_category":[],"class_list":["post-38","page","type-page","status-publish","hentry"],"acf":[],"_links":{"self":[{"href":"https:\/\/o-seznam.cz\/napoveda\/klientska-zona\/wp-json\/wp\/v2\/pages\/38","targetHints":{"allow":["GET"]}}],"collection":[{"href":"https:\/\/o-seznam.cz\/napoveda\/klientska-zona\/wp-json\/wp\/v2\/pages"}],"about":[{"href":"https:\/\/o-seznam.cz\/napoveda\/klientska-zona\/wp-json\/wp\/v2\/types\/page"}],"author":[{"embeddable":true,"href":"https:\/\/o-seznam.cz\/napoveda\/klientska-zona\/wp-json\/wp\/v2\/users\/6"}],"replies":[{"embeddable":true,"href":"https:\/\/o-seznam.cz\/napoveda\/klientska-zona\/wp-json\/wp\/v2\/comments?post=38"}],"version-history":[{"count":2,"href":"https:\/\/o-seznam.cz\/napoveda\/klientska-zona\/wp-json\/wp\/v2\/pages\/38\/revisions"}],"predecessor-version":[{"id":115,"href":"https:\/\/o-seznam.cz\/napoveda\/klientska-zona\/wp-json\/wp\/v2\/pages\/38\/revisions\/115"}],"up":[{"embeddable":true,"href":"https:\/\/o-seznam.cz\/napoveda\/klientska-zona\/wp-json\/wp\/v2\/pages\/82"}],"wp:attachment":[{"href":"https:\/\/o-seznam.cz\/napoveda\/klientska-zona\/wp-json\/wp\/v2\/media?parent=38"}],"wp:term":[{"taxonomy":"page_category","embeddable":true,"href":"https:\/\/o-seznam.cz\/napoveda\/klientska-zona\/wp-json\/wp\/v2\/page_category?post=38"},{"taxonomy":"page_tag","embeddable":true,"href":"https:\/\/o-seznam.cz\/napoveda\/klientska-zona\/wp-json\/wp\/v2\/page_tag?post=38"},{"taxonomy":"service_status_category","embeddable":true,"href":"https:\/\/o-seznam.cz\/napoveda\/klientska-zona\/wp-json\/wp\/v2\/service_status_category?post=38"}],"curies":[{"name":"wp","href":"https:\/\/api.w.org\/{rel}","templated":true}]}}