{"id":35,"date":"2024-10-19T02:15:45","date_gmt":"2024-10-19T00:15:45","guid":{"rendered":"https:\/\/o-seznam.cz\/napoveda\/klientska-zona\/?page_id=35"},"modified":"2024-12-05T16:03:33","modified_gmt":"2024-12-05T15:03:33","slug":"prevod-kreditu","status":"publish","type":"page","link":"https:\/\/o-seznam.cz\/napoveda\/klientska-zona\/penezenka\/prevod-kreditu\/","title":{"rendered":"P\u0159evod kreditu"},"content":{"rendered":"\n<div class=\"wp-block-group is-layout-constrained wp-block-group-is-layout-constrained\">\n<p>Kredit m\u016f\u017eete p\u0159ev\u00e9st na dal\u0161\u00ed \u00fa\u010dty ve sv\u00e9 Pen\u011b\u017eence, kter\u00e9 jsou ov\u011b\u0159en\u00e9 na va\u0161e I\u010c.<\/p>\n\n\n\n<p>Sta\u010d\u00ed zvolit \u010d\u00e1stku p\u0159evodu a vybrat c\u00edlov\u00fd \u00fa\u010det. \u010c\u00e1stku pot\u00e9 na va\u0161em \u00fa\u010dtu zablokujeme, a to do doby, kdy ji spr\u00e1vce c\u00edlov\u00e9ho \u00fa\u010dtu p\u0159ijme \u010di odm\u00edtne. Pokud to nestihne do 4 dn\u016f, \u010d\u00e1stka se automaticky vr\u00e1t\u00ed.<\/p>\n\n\n\n<p>Na nab\u00eddnut\u00fd kredit vystav\u00edme dobropis.<\/p>\n\n\n\n<figure class=\"wp-block-image size-full\"><img loading=\"lazy\" decoding=\"async\" width=\"1920\" height=\"966\" src=\"https:\/\/o-seznam.cz\/napoveda\/klientska-zona\/wp-content\/uploads\/sites\/18\/2024\/10\/prevod-kreditu-nh.png\" alt=\"\" class=\"wp-image-36\" srcset=\"https:\/\/o-seznam.cz\/napoveda\/klientska-zona\/wp-content\/uploads\/sites\/18\/2024\/10\/prevod-kreditu-nh.png 1920w, https:\/\/o-seznam.cz\/napoveda\/klientska-zona\/wp-content\/uploads\/sites\/18\/2024\/10\/prevod-kreditu-nh-992x499.png 992w, https:\/\/o-seznam.cz\/napoveda\/klientska-zona\/wp-content\/uploads\/sites\/18\/2024\/10\/prevod-kreditu-nh-320x161.png 320w, https:\/\/o-seznam.cz\/napoveda\/klientska-zona\/wp-content\/uploads\/sites\/18\/2024\/10\/prevod-kreditu-nh-768x386.png 768w, https:\/\/o-seznam.cz\/napoveda\/klientska-zona\/wp-content\/uploads\/sites\/18\/2024\/10\/prevod-kreditu-nh-1536x773.png 1536w\" sizes=\"auto, (max-width: 1920px) 100vw, 1920px\" \/><\/figure>\n<\/div>\n\n\n\n<div class=\"wp-block-group is-layout-constrained wp-block-group-is-layout-constrained\">\n<h2 class=\"wp-block-heading\">Dopl\u0148uj\u00edc\u00ed podm\u00ednky<\/h2>\n\n\n\n<ul class=\"wp-block-list\">\n<li>V p\u0159\u00edpad\u011b, \u017ee nem\u00e1te na sv\u00e9m I\u010c autorizov\u00e1no v\u00edce e-mail\u016f, mo\u017enost p\u0159evodu kreditu se v\u00e1m nezobrazuje<\/li>\n\n\n\n<li>Nelze p\u0159ev\u00e1d\u011bt kredit star\u0161\u00ed ne\u017e 3 roky<\/li>\n<\/ul>\n\n\n\n<p>V p\u0159\u00edpad\u011b, \u017ee by se v\u00e1m nepoda\u0159ilo kredit p\u0159ev\u00e9st, obra\u0165te se na n\u00e1s pomoc\u00ed e-mailu fakturace@firma.seznam.cz.<\/p>\n\n\n\n<p>Do zpr\u00e1vy uve\u010fte:<\/p>\n\n\n\n<ul class=\"wp-block-list\">\n<li>Seznam \u00fa\u010det, ze kter\u00e9ho chcete kredit p\u0159ev\u00e9st<\/li>\n\n\n\n<li>Seznam \u00fa\u010det, na kter\u00fd chcete kredit p\u0159ev\u00e9st<\/li>\n\n\n\n<li>D\u016fvod p\u0159evodu a kontakt na v\u00e1s<\/li>\n<\/ul>\n<\/div>\n","protected":false},"excerpt":{"rendered":"<p>Kredit m\u016f\u017eete p\u0159ev\u00e9st na dal\u0161\u00ed \u00fa\u010dty ve sv\u00e9 Pen\u011b\u017eence, kter\u00e9 jsou ov\u011b\u0159en\u00e9 na va\u0161e I\u010c. Sta\u010d\u00ed zvolit \u010d\u00e1stku p\u0159evodu a vybrat c\u00edlov\u00fd \u00fa\u010det. \u010c\u00e1stku pot\u00e9 na va\u0161em \u00fa\u010dtu zablokujeme, a to do doby, kdy ji spr\u00e1vce c\u00edlov\u00e9ho \u00fa\u010dtu p\u0159ijme \u010di odm\u00edtne. Pokud to nestihne do 4 dn\u016f, \u010d\u00e1stka se automaticky vr\u00e1t\u00ed. Na nab\u00eddnut\u00fd kredit vystav\u00edme [&hellip;]<\/p>\n","protected":false},"author":6,"featured_media":0,"parent":82,"menu_order":30,"comment_status":"closed","ping_status":"closed","template":"page-sidemenu","meta":{"_acf_changed":false,"_relevanssi_hide_post":"","_relevanssi_hide_content":"","_relevanssi_pin_for_all":"","_relevanssi_pin_keywords":"","_relevanssi_unpin_keywords":"","_relevanssi_related_keywords":"","_relevanssi_related_include_ids":"","_relevanssi_related_exclude_ids":"","_relevanssi_related_no_append":"","_relevanssi_related_not_related":"","_relevanssi_related_posts":"","_relevanssi_noindex_reason":"","footnotes":""},"page_category":[3],"page_tag":[],"service_status_category":[],"class_list":["post-35","page","type-page","status-publish","hentry"],"acf":[],"_links":{"self":[{"href":"https:\/\/o-seznam.cz\/napoveda\/klientska-zona\/wp-json\/wp\/v2\/pages\/35","targetHints":{"allow":["GET"]}}],"collection":[{"href":"https:\/\/o-seznam.cz\/napoveda\/klientska-zona\/wp-json\/wp\/v2\/pages"}],"about":[{"href":"https:\/\/o-seznam.cz\/napoveda\/klientska-zona\/wp-json\/wp\/v2\/types\/page"}],"author":[{"embeddable":true,"href":"https:\/\/o-seznam.cz\/napoveda\/klientska-zona\/wp-json\/wp\/v2\/users\/6"}],"replies":[{"embeddable":true,"href":"https:\/\/o-seznam.cz\/napoveda\/klientska-zona\/wp-json\/wp\/v2\/comments?post=35"}],"version-history":[{"count":1,"href":"https:\/\/o-seznam.cz\/napoveda\/klientska-zona\/wp-json\/wp\/v2\/pages\/35\/revisions"}],"predecessor-version":[{"id":37,"href":"https:\/\/o-seznam.cz\/napoveda\/klientska-zona\/wp-json\/wp\/v2\/pages\/35\/revisions\/37"}],"up":[{"embeddable":true,"href":"https:\/\/o-seznam.cz\/napoveda\/klientska-zona\/wp-json\/wp\/v2\/pages\/82"}],"wp:attachment":[{"href":"https:\/\/o-seznam.cz\/napoveda\/klientska-zona\/wp-json\/wp\/v2\/media?parent=35"}],"wp:term":[{"taxonomy":"page_category","embeddable":true,"href":"https:\/\/o-seznam.cz\/napoveda\/klientska-zona\/wp-json\/wp\/v2\/page_category?post=35"},{"taxonomy":"page_tag","embeddable":true,"href":"https:\/\/o-seznam.cz\/napoveda\/klientska-zona\/wp-json\/wp\/v2\/page_tag?post=35"},{"taxonomy":"service_status_category","embeddable":true,"href":"https:\/\/o-seznam.cz\/napoveda\/klientska-zona\/wp-json\/wp\/v2\/service_status_category?post=35"}],"curies":[{"name":"wp","href":"https:\/\/api.w.org\/{rel}","templated":true}]}}