{"id":30,"date":"2024-10-19T02:20:17","date_gmt":"2024-10-19T00:20:17","guid":{"rendered":"https:\/\/o-seznam.cz\/napoveda\/klientska-zona\/?page_id=30"},"modified":"2024-12-19T15:06:19","modified_gmt":"2024-12-19T14:06:19","slug":"moznosti-plateb","status":"publish","type":"page","link":"https:\/\/o-seznam.cz\/napoveda\/klientska-zona\/penezenka\/moznosti-plateb\/","title":{"rendered":"Mo\u017enosti plateb"},"content":{"rendered":"\n<div class=\"wp-block-group is-layout-constrained wp-block-group-is-layout-constrained\">\n<p>Kredit do Pen\u011b\u017eenky m\u016f\u017ee p\u0159ihl\u00e1\u0161en\u00fd u\u017eivatel dob\u00edjet v rozmez\u00ed 29,- a\u017e 1 000 000,- K\u010d (v\u010detn\u011b DPH). Nelze dob\u00edjet hal\u00ed\u0159e. Jen zaokrouhlen\u00e9 \u010d\u00e1stky. Pokud by se stalo, \u017ee se \u010d\u00e1stka nedobije cel\u00e1 a chyb\u011bl by nap\u0159\u00edklad hal\u00ed\u0159 kontaktujte kolegy na adrese fakturace@firma.seznam.cz a kolegov\u00e9 rozd\u00edl dorovnaj\u00ed.<\/p>\n\n\n\n<p>\u010c\u00e1stka 1 000 000,- K\u010d (v\u010detn\u011b DPH) je z\u00e1rove\u0148 maxim\u00e1ln\u00ed mo\u017en\u00fd z\u016fstatek kreditu, kter\u00fd klient m\u016f\u017ee m\u00edt na sv\u00e9m \u00fa\u010dtu v Seznam Pen\u011b\u017eence.<\/p>\n\n\n\n<p>P\u0159i prvn\u00edm dobit\u00ed kreditu je dle smluvn\u00edch podm\u00ednek u\u017eivatel povinen zadat Faktura\u010dn\u00ed \u00fadaje.&nbsp;<\/p>\n\n\n\n<p>Za uhrazen\u00e9 platby obdr\u017e\u00edte fakturu.<\/p>\n<\/div>\n\n\n\n<div class=\"wp-block-group is-layout-constrained wp-block-group-is-layout-constrained\">\n<p>M\u016f\u017eete vybrat z va\u0161ich nej\u010dast\u011bji dob\u00edjen\u00fdch \u010d\u00e1stek, nebo zadat \u010d\u00e1stku k dobit\u00ed dle vlastn\u00ed pot\u0159eby:<\/p>\n\n\n\n<figure class=\"wp-block-image size-full\"><img loading=\"lazy\" decoding=\"async\" width=\"1432\" height=\"919\" src=\"https:\/\/o-seznam.cz\/napoveda\/klientska-zona\/wp-content\/uploads\/sites\/18\/2024\/10\/moznosti-plateb1.jpg\" alt=\"\" class=\"wp-image-31\" srcset=\"https:\/\/o-seznam.cz\/napoveda\/klientska-zona\/wp-content\/uploads\/sites\/18\/2024\/10\/moznosti-plateb1.jpg 1432w, https:\/\/o-seznam.cz\/napoveda\/klientska-zona\/wp-content\/uploads\/sites\/18\/2024\/10\/moznosti-plateb1-992x637.jpg 992w, https:\/\/o-seznam.cz\/napoveda\/klientska-zona\/wp-content\/uploads\/sites\/18\/2024\/10\/moznosti-plateb1-320x205.jpg 320w, https:\/\/o-seznam.cz\/napoveda\/klientska-zona\/wp-content\/uploads\/sites\/18\/2024\/10\/moznosti-plateb1-768x493.jpg 768w\" sizes=\"auto, (max-width: 1432px) 100vw, 1432px\" \/><\/figure>\n<\/div>\n\n\n\n<div class=\"wp-block-group is-layout-constrained wp-block-group-is-layout-constrained\">\n<h3 class=\"wp-block-heading\">Platebn\u00ed karta<\/h3>\n\n\n\n<p>Po v\u00fdb\u011bru platby platebn\u00ed kartou a zad\u00e1n\u00ed \u010d\u00e1stky v\u010detn\u011b DPH, kterou chcete dob\u00edt, budete p\u0159esm\u011brov\u00e1ni do rozhran\u00ed GP webpay, kde na zabezpe\u010den\u00e9 str\u00e1nce zad\u00e1te \u00fadaje sv\u00e9 platebn\u00ed karty a po ov\u011b\u0159en\u00ed budete zp\u011bt p\u0159esm\u011brov\u00e1n\u00ed do Seznam Pen\u011b\u017eenky s informac\u00ed, zda platba prob\u011bhla.<\/p>\n<\/div>\n\n\n\n<div class=\"wp-block-group is-layout-constrained wp-block-group-is-layout-constrained\">\n<h3 class=\"wp-block-heading\">Online platba<\/h3>\n\n\n\n<p>Online platba v\u00e1m umo\u017en\u00ed dobit\u00ed online p\u0159\u00edmo z \u00fa\u010dtu pomoc\u00ed internetov\u00e9ho bankovnictv\u00ed. Tato metoda je stejn\u011b rychl\u00e1, jako platba kartou, ale karta k n\u00ed nen\u00ed pot\u0159eba.<\/p>\n\n\n\n<p>K dispozici je tak\u00e9 platba p\u0159es ApplePay.<\/p>\n<\/div>\n\n\n\n<div class=\"wp-block-group is-layout-constrained wp-block-group-is-layout-constrained\">\n<h3 class=\"wp-block-heading\">Bankovn\u00ed p\u0159evod<\/h3>\n\n\n\n<p>Po v\u00fdb\u011bru platby bankovn\u00edm p\u0159evodem a zad\u00e1n\u00edm \u010d\u00e1stky v\u010detn\u011b DPH, kterou chcete dob\u00edt, v\u00e1m rozhran\u00ed Pen\u011b\u017eenky vygeneruje \u00fadaje pro platbu, kter\u00e9 pak pou\u017eijete pro platebn\u00ed p\u0159\u00edkaz ve sv\u00e9 bance.&nbsp;<\/p>\n\n\n\n<p>Ve vygenerovan\u00fdch \u00fadaj\u00edch naleznete i QR k\u00f3d. Po jeho na\u010dten\u00ed v bankovn\u00ed aplikaci se v\u00e1m automaticky vypln\u00ed \u00fadaje o platb\u011b.<\/p>\n\n\n\n<p>Okam\u017eitou platbu bankovn\u00edm p\u0159evodem zpracujeme a kredit dobijeme b\u011bhem n\u011bkolika minut.<\/p>\n\n\n\n<figure class=\"wp-block-image size-full\"><img loading=\"lazy\" decoding=\"async\" width=\"1902\" height=\"918\" src=\"https:\/\/o-seznam.cz\/napoveda\/klientska-zona\/wp-content\/uploads\/sites\/18\/2024\/10\/moznosti-plateb2.jpg\" alt=\"\" class=\"wp-image-32\" srcset=\"https:\/\/o-seznam.cz\/napoveda\/klientska-zona\/wp-content\/uploads\/sites\/18\/2024\/10\/moznosti-plateb2.jpg 1902w, https:\/\/o-seznam.cz\/napoveda\/klientska-zona\/wp-content\/uploads\/sites\/18\/2024\/10\/moznosti-plateb2-992x479.jpg 992w, https:\/\/o-seznam.cz\/napoveda\/klientska-zona\/wp-content\/uploads\/sites\/18\/2024\/10\/moznosti-plateb2-320x154.jpg 320w, https:\/\/o-seznam.cz\/napoveda\/klientska-zona\/wp-content\/uploads\/sites\/18\/2024\/10\/moznosti-plateb2-768x371.jpg 768w, https:\/\/o-seznam.cz\/napoveda\/klientska-zona\/wp-content\/uploads\/sites\/18\/2024\/10\/moznosti-plateb2-1536x741.jpg 1536w\" sizes=\"auto, (max-width: 1902px) 100vw, 1902px\" \/><\/figure>\n<\/div>\n","protected":false},"excerpt":{"rendered":"<p>Kredit do Pen\u011b\u017eenky m\u016f\u017ee p\u0159ihl\u00e1\u0161en\u00fd u\u017eivatel dob\u00edjet v rozmez\u00ed 29,- a\u017e 1 000 000,- K\u010d (v\u010detn\u011b DPH). Nelze dob\u00edjet hal\u00ed\u0159e. Jen zaokrouhlen\u00e9 \u010d\u00e1stky. Pokud by se stalo, \u017ee se \u010d\u00e1stka nedobije cel\u00e1 a chyb\u011bl by nap\u0159\u00edklad hal\u00ed\u0159 kontaktujte kolegy na adrese fakturace@firma.seznam.cz a kolegov\u00e9 rozd\u00edl dorovnaj\u00ed. \u010c\u00e1stka 1 000 000,- K\u010d (v\u010detn\u011b DPH) je z\u00e1rove\u0148 [&hellip;]<\/p>\n","protected":false},"author":6,"featured_media":0,"parent":82,"menu_order":10,"comment_status":"closed","ping_status":"closed","template":"page-sidemenu","meta":{"_acf_changed":false,"_relevanssi_hide_post":"","_relevanssi_hide_content":"","_relevanssi_pin_for_all":"","_relevanssi_pin_keywords":"","_relevanssi_unpin_keywords":"","_relevanssi_related_keywords":"","_relevanssi_related_include_ids":"","_relevanssi_related_exclude_ids":"","_relevanssi_related_no_append":"","_relevanssi_related_not_related":"","_relevanssi_related_posts":"","_relevanssi_noindex_reason":"","footnotes":""},"page_category":[3],"page_tag":[],"service_status_category":[],"class_list":["post-30","page","type-page","status-publish","hentry"],"acf":[],"_links":{"self":[{"href":"https:\/\/o-seznam.cz\/napoveda\/klientska-zona\/wp-json\/wp\/v2\/pages\/30","targetHints":{"allow":["GET"]}}],"collection":[{"href":"https:\/\/o-seznam.cz\/napoveda\/klientska-zona\/wp-json\/wp\/v2\/pages"}],"about":[{"href":"https:\/\/o-seznam.cz\/napoveda\/klientska-zona\/wp-json\/wp\/v2\/types\/page"}],"author":[{"embeddable":true,"href":"https:\/\/o-seznam.cz\/napoveda\/klientska-zona\/wp-json\/wp\/v2\/users\/6"}],"replies":[{"embeddable":true,"href":"https:\/\/o-seznam.cz\/napoveda\/klientska-zona\/wp-json\/wp\/v2\/comments?post=30"}],"version-history":[{"count":6,"href":"https:\/\/o-seznam.cz\/napoveda\/klientska-zona\/wp-json\/wp\/v2\/pages\/30\/revisions"}],"predecessor-version":[{"id":182,"href":"https:\/\/o-seznam.cz\/napoveda\/klientska-zona\/wp-json\/wp\/v2\/pages\/30\/revisions\/182"}],"up":[{"embeddable":true,"href":"https:\/\/o-seznam.cz\/napoveda\/klientska-zona\/wp-json\/wp\/v2\/pages\/82"}],"wp:attachment":[{"href":"https:\/\/o-seznam.cz\/napoveda\/klientska-zona\/wp-json\/wp\/v2\/media?parent=30"}],"wp:term":[{"taxonomy":"page_category","embeddable":true,"href":"https:\/\/o-seznam.cz\/napoveda\/klientska-zona\/wp-json\/wp\/v2\/page_category?post=30"},{"taxonomy":"page_tag","embeddable":true,"href":"https:\/\/o-seznam.cz\/napoveda\/klientska-zona\/wp-json\/wp\/v2\/page_tag?post=30"},{"taxonomy":"service_status_category","embeddable":true,"href":"https:\/\/o-seznam.cz\/napoveda\/klientska-zona\/wp-json\/wp\/v2\/service_status_category?post=30"}],"curies":[{"name":"wp","href":"https:\/\/api.w.org\/{rel}","templated":true}]}}