{"id":251,"date":"2025-05-08T10:44:48","date_gmt":"2025-05-08T08:44:48","guid":{"rendered":"https:\/\/o-seznam.cz\/napoveda\/klientska-zona\/?page_id=251"},"modified":"2025-10-31T13:24:00","modified_gmt":"2025-10-31T12:24:00","slug":"prijem-plateb","status":"publish","type":"page","link":"https:\/\/o-seznam.cz\/napoveda\/klientska-zona\/prijem-plateb\/","title":{"rendered":"Jak za\u010d\u00edt p\u0159ij\u00edmat platby od m\u00fdch p\u0159isp\u011bvatel\u016f"},"content":{"rendered":"\n<p>V\u0161e, co pot\u0159ebujete k tomu, abyste u Seznamu mohli za\u010d\u00edt p\u0159ij\u00edmat pen\u00edze od sv\u00fdch fanou\u0161k\u016f, je \u00fasp\u011b\u0161n\u011b propojit sv\u016fj autorsk\u00fd \u00fa\u010det s poskytovatelem platebn\u00edch slu\u017eeb Stripe.&nbsp;&nbsp;<\/p>\n\n\n\n<p>Ve formul\u00e1\u0159i vypl\u0148te sv\u00e9 faktura\u010dn\u00ed \u00fadaje, va\u0161e s\u00eddlo mus\u00ed b\u00fdt v \u010cesk\u00e9 republice. Nakonec p\u0159ipojte sv\u016fj bankovn\u00ed \u00fa\u010det, veden\u00fd v bance v \u010cesk\u00e9 republice, aby v\u00e1m va\u0161i fanou\u0161ci mohli za\u010d\u00edt pos\u00edlat finan\u010dn\u00ed odm\u011bny.\u00a0<\/p>\n\n\n\n<figure class=\"wp-block-image size-full\"><img loading=\"lazy\" decoding=\"async\" width=\"1070\" height=\"1456\" src=\"https:\/\/o-seznam.cz\/napoveda\/klientska-zona\/wp-content\/uploads\/sites\/18\/2025\/05\/screencapture-klient-seznam-cz-registration-author-2025-05-23-14-37-40.png\" alt=\"\" class=\"wp-image-262\" srcset=\"https:\/\/o-seznam.cz\/napoveda\/klientska-zona\/wp-content\/uploads\/sites\/18\/2025\/05\/screencapture-klient-seznam-cz-registration-author-2025-05-23-14-37-40.png 1070w, https:\/\/o-seznam.cz\/napoveda\/klientska-zona\/wp-content\/uploads\/sites\/18\/2025\/05\/screencapture-klient-seznam-cz-registration-author-2025-05-23-14-37-40-729x992.png 729w, https:\/\/o-seznam.cz\/napoveda\/klientska-zona\/wp-content\/uploads\/sites\/18\/2025\/05\/screencapture-klient-seznam-cz-registration-author-2025-05-23-14-37-40-235x320.png 235w, https:\/\/o-seznam.cz\/napoveda\/klientska-zona\/wp-content\/uploads\/sites\/18\/2025\/05\/screencapture-klient-seznam-cz-registration-author-2025-05-23-14-37-40-768x1045.png 768w\" sizes=\"auto, (max-width: 1070px) 100vw, 1070px\" \/><\/figure>\n\n\n\n<p>Po \u00fasp\u011b\u0161n\u00e9m dokon\u010den\u00ed onboardingu v\u00e1s p\u0159esm\u011brujeme zp\u011bt do admin rozhran\u00ed, kde si spust\u00edte zobrazov\u00e1n\u00ed tla\u010d\u00edtka \u201cPodpo\u0159te autora\u201d u sv\u00e9ho autorsk\u00e9ho obsahu.&nbsp;&nbsp;<\/p>\n\n\n\n<p>P\u0159ijat\u00e9 platby v\u00e1m budeme vypl\u00e1cet dle <a href=\"https:\/\/medium.seznam.cz\/clanek\/seznam-medium-nove-smluvni-podminky-sluzby-seznam-medium-15682\" data-type=\"link\" data-id=\"https:\/\/medium.seznam.cz\/clanek\/seznam-medium-nove-smluvni-podminky-sluzby-seznam-medium-15682\">podm\u00ednek slu\u017eby<\/a>.&nbsp;<\/p>\n","protected":false},"excerpt":{"rendered":"<p>V\u0161e, co pot\u0159ebujete k tomu, abyste u Seznamu mohli za\u010d\u00edt p\u0159ij\u00edmat pen\u00edze od sv\u00fdch fanou\u0161k\u016f, je \u00fasp\u011b\u0161n\u011b propojit sv\u016fj autorsk\u00fd \u00fa\u010det s poskytovatelem platebn\u00edch slu\u017eeb Stripe.&nbsp;&nbsp; Ve formul\u00e1\u0159i vypl\u0148te sv\u00e9 faktura\u010dn\u00ed \u00fadaje, va\u0161e s\u00eddlo mus\u00ed b\u00fdt v \u010cesk\u00e9 republice. Nakonec p\u0159ipojte sv\u016fj bankovn\u00ed \u00fa\u010det, veden\u00fd v bance v \u010cesk\u00e9 republice, aby v\u00e1m va\u0161i fanou\u0161ci mohli [&hellip;]<\/p>\n","protected":false},"author":2,"featured_media":0,"parent":0,"menu_order":0,"comment_status":"closed","ping_status":"closed","template":"page-sidemenu","meta":{"_acf_changed":false,"_relevanssi_hide_post":"","_relevanssi_hide_content":"","_relevanssi_pin_for_all":"","_relevanssi_pin_keywords":"","_relevanssi_unpin_keywords":"","_relevanssi_related_keywords":"","_relevanssi_related_include_ids":"","_relevanssi_related_exclude_ids":"","_relevanssi_related_no_append":"","_relevanssi_related_not_related":"","_relevanssi_related_posts":"","_relevanssi_noindex_reason":"","footnotes":""},"page_category":[],"page_tag":[],"service_status_category":[],"class_list":["post-251","page","type-page","status-publish","hentry"],"acf":[],"_links":{"self":[{"href":"https:\/\/o-seznam.cz\/napoveda\/klientska-zona\/wp-json\/wp\/v2\/pages\/251","targetHints":{"allow":["GET"]}}],"collection":[{"href":"https:\/\/o-seznam.cz\/napoveda\/klientska-zona\/wp-json\/wp\/v2\/pages"}],"about":[{"href":"https:\/\/o-seznam.cz\/napoveda\/klientska-zona\/wp-json\/wp\/v2\/types\/page"}],"author":[{"embeddable":true,"href":"https:\/\/o-seznam.cz\/napoveda\/klientska-zona\/wp-json\/wp\/v2\/users\/2"}],"replies":[{"embeddable":true,"href":"https:\/\/o-seznam.cz\/napoveda\/klientska-zona\/wp-json\/wp\/v2\/comments?post=251"}],"version-history":[{"count":8,"href":"https:\/\/o-seznam.cz\/napoveda\/klientska-zona\/wp-json\/wp\/v2\/pages\/251\/revisions"}],"predecessor-version":[{"id":338,"href":"https:\/\/o-seznam.cz\/napoveda\/klientska-zona\/wp-json\/wp\/v2\/pages\/251\/revisions\/338"}],"wp:attachment":[{"href":"https:\/\/o-seznam.cz\/napoveda\/klientska-zona\/wp-json\/wp\/v2\/media?parent=251"}],"wp:term":[{"taxonomy":"page_category","embeddable":true,"href":"https:\/\/o-seznam.cz\/napoveda\/klientska-zona\/wp-json\/wp\/v2\/page_category?post=251"},{"taxonomy":"page_tag","embeddable":true,"href":"https:\/\/o-seznam.cz\/napoveda\/klientska-zona\/wp-json\/wp\/v2\/page_tag?post=251"},{"taxonomy":"service_status_category","embeddable":true,"href":"https:\/\/o-seznam.cz\/napoveda\/klientska-zona\/wp-json\/wp\/v2\/service_status_category?post=251"}],"curies":[{"name":"wp","href":"https:\/\/api.w.org\/{rel}","templated":true}]}}