{"id":249,"date":"2025-05-08T10:43:30","date_gmt":"2025-05-08T08:43:30","guid":{"rendered":"https:\/\/o-seznam.cz\/napoveda\/klientska-zona\/?page_id=249"},"modified":"2025-06-02T13:21:39","modified_gmt":"2025-06-02T11:21:39","slug":"podminky-platby","status":"publish","type":"page","link":"https:\/\/o-seznam.cz\/napoveda\/klientska-zona\/podminky-platby\/","title":{"rendered":"Podm\u00ednky platby"},"content":{"rendered":"\n<p>D\u011bkujeme, \u017ee jste se rozhodl podpo\u0159it sv\u00e9ho obl\u00edben\u00e9ho Autora na slu\u017eb\u011b M\u00e9dium.cz<\/p>\n\n\n\n<p>V p\u0159\u00edpad\u011b, \u017ee zvol\u00edte opakovanou platbu, bude V\u00e1mi zvolen\u00e1 \u010d\u00e1stka ode\u010dtena ka\u017ed\u00fd m\u011bs\u00edc z v\u00e1mi zadan\u00e9 platebn\u00ed karty. <\/p>\n\n\n\n<p>Pokud budete m\u00edt z\u00e1jem o vystaven\u00ed \u201edokladu k platb\u011b\u201c, je k tomu povinen na z\u00e1klad\u011b \u00fa\u010detn\u00edch a da\u0148ov\u00fdch pr\u00e1vn\u00edch p\u0159edpis\u016f s\u00e1m Autor. Autora je mo\u017en\u00e9 po\u017e\u00e1dat prost\u0159ednictv\u00edm volby \u201ePo\u017e\u00e1dat o vystaven\u00ed dokladu\u201c v <a href=\"https:\/\/ucet.seznam.cz\/transactions\">Seznam \u00fa\u010dtu<\/a>.<\/p>\n\n\n\n<p>Od finan\u010dn\u00edho p\u0159\u00edsp\u011bvku si p\u0159ed jeho v\u00fdplatou U\u017eivateli ode\u010dteme na\u0161e n\u00e1klady za zprost\u0159edkov\u00e1n\u00ed platby, jejich\u017e v\u00fd\u0161e je stanovena ve smluvn\u00edch podm\u00ednk\u00e1ch.<\/p>\n\n\n\n<p>Vr\u00e1t\u00edme V\u00e1m finan\u010dn\u00ed p\u0159\u00edsp\u011bvek po ode\u010dten\u00ed sv\u00e9 provize za zprost\u0159edkov\u00e1n\u00ed platby, pokud se Autorovi bez na\u0161eho zavin\u011bn\u00ed nepoda\u0159ilo tuto \u010d\u00e1stku pouk\u00e1zat na jeho bankovn\u00ed \u00fa\u010det.<\/p>\n\n\n\n<p>V\u00edce informac\u00ed o slu\u017eb\u011b M\u00e9dium.cz naleznete <a href=\"https:\/\/medium.seznam.cz\/clanek\/seznam-medium-smluvni-podminky-sluzby-seznam-medium-1\">zde<\/a>.<\/p>\n","protected":false},"excerpt":{"rendered":"<p>D\u011bkujeme, \u017ee jste se rozhodl podpo\u0159it sv\u00e9ho obl\u00edben\u00e9ho Autora na slu\u017eb\u011b M\u00e9dium.cz V p\u0159\u00edpad\u011b, \u017ee zvol\u00edte opakovanou platbu, bude V\u00e1mi zvolen\u00e1 \u010d\u00e1stka ode\u010dtena ka\u017ed\u00fd m\u011bs\u00edc z v\u00e1mi zadan\u00e9 platebn\u00ed karty. Pokud budete m\u00edt z\u00e1jem o vystaven\u00ed \u201edokladu k platb\u011b\u201c, je k tomu povinen na z\u00e1klad\u011b \u00fa\u010detn\u00edch a da\u0148ov\u00fdch pr\u00e1vn\u00edch p\u0159edpis\u016f s\u00e1m Autor. Autora je mo\u017en\u00e9 [&hellip;]<\/p>\n","protected":false},"author":2,"featured_media":0,"parent":0,"menu_order":0,"comment_status":"closed","ping_status":"closed","template":"page-sidemenu","meta":{"_acf_changed":false,"_relevanssi_hide_post":"","_relevanssi_hide_content":"","_relevanssi_pin_for_all":"","_relevanssi_pin_keywords":"","_relevanssi_unpin_keywords":"","_relevanssi_related_keywords":"","_relevanssi_related_include_ids":"","_relevanssi_related_exclude_ids":"","_relevanssi_related_no_append":"","_relevanssi_related_not_related":"","_relevanssi_related_posts":"","_relevanssi_noindex_reason":"","footnotes":""},"page_category":[],"page_tag":[],"service_status_category":[],"class_list":["post-249","page","type-page","status-publish","hentry"],"acf":[],"_links":{"self":[{"href":"https:\/\/o-seznam.cz\/napoveda\/klientska-zona\/wp-json\/wp\/v2\/pages\/249","targetHints":{"allow":["GET"]}}],"collection":[{"href":"https:\/\/o-seznam.cz\/napoveda\/klientska-zona\/wp-json\/wp\/v2\/pages"}],"about":[{"href":"https:\/\/o-seznam.cz\/napoveda\/klientska-zona\/wp-json\/wp\/v2\/types\/page"}],"author":[{"embeddable":true,"href":"https:\/\/o-seznam.cz\/napoveda\/klientska-zona\/wp-json\/wp\/v2\/users\/2"}],"replies":[{"embeddable":true,"href":"https:\/\/o-seznam.cz\/napoveda\/klientska-zona\/wp-json\/wp\/v2\/comments?post=249"}],"version-history":[{"count":4,"href":"https:\/\/o-seznam.cz\/napoveda\/klientska-zona\/wp-json\/wp\/v2\/pages\/249\/revisions"}],"predecessor-version":[{"id":264,"href":"https:\/\/o-seznam.cz\/napoveda\/klientska-zona\/wp-json\/wp\/v2\/pages\/249\/revisions\/264"}],"wp:attachment":[{"href":"https:\/\/o-seznam.cz\/napoveda\/klientska-zona\/wp-json\/wp\/v2\/media?parent=249"}],"wp:term":[{"taxonomy":"page_category","embeddable":true,"href":"https:\/\/o-seznam.cz\/napoveda\/klientska-zona\/wp-json\/wp\/v2\/page_category?post=249"},{"taxonomy":"page_tag","embeddable":true,"href":"https:\/\/o-seznam.cz\/napoveda\/klientska-zona\/wp-json\/wp\/v2\/page_tag?post=249"},{"taxonomy":"service_status_category","embeddable":true,"href":"https:\/\/o-seznam.cz\/napoveda\/klientska-zona\/wp-json\/wp\/v2\/service_status_category?post=249"}],"curies":[{"name":"wp","href":"https:\/\/api.w.org\/{rel}","templated":true}]}}