{"id":24,"date":"2024-10-19T00:35:27","date_gmt":"2024-10-18T22:35:27","guid":{"rendered":"https:\/\/o-seznam.cz\/napoveda\/klientska-zona\/?page_id=24"},"modified":"2024-12-09T15:42:50","modified_gmt":"2024-12-09T14:42:50","slug":"prehled-sluzeb","status":"publish","type":"page","link":"https:\/\/o-seznam.cz\/napoveda\/klientska-zona\/prehled-sluzeb\/","title":{"rendered":"P\u0159ehled slu\u017eeb"},"content":{"rendered":"\n<div class=\"wp-block-group is-layout-constrained wp-block-group-is-layout-constrained\">\n<p>Zobrazuje p\u0159ehled z\u00e1kladn\u00edch statistik va\u0161ich kampan\u00ed v\u010detn\u011b grafick\u00e9ho p\u0159ehledu v zadan\u00e9m obdob\u00ed.<\/p>\n<\/div>\n\n\n\n<div class=\"wp-block-group is-layout-constrained wp-block-group-is-layout-constrained\">\n<h2 class=\"wp-block-heading\">Parametry statistiky:<\/h2>\n\n\n\n<ul class=\"wp-block-list\">\n<li>Zobrazen\u00ed reklamy<\/li>\n\n\n\n<li>Prokliky na www str\u00e1nky klienta<\/li>\n\n\n\n<li>Investice<\/li>\n\n\n\n<li>Dle slu\u017eby, nap\u0159.: CTR, CPC, konverze atd.<\/li>\n<\/ul>\n\n\n\n<p>P\u0159i pohybu kurzorem po grafu je mo\u017en\u00e9 sledovat \u010d\u00edseln\u00e9 \u00fadaje jednotliv\u00fdch parametr\u016f.<\/p>\n\n\n\n<figure class=\"wp-block-image size-full\"><img loading=\"lazy\" decoding=\"async\" width=\"1918\" height=\"966\" src=\"https:\/\/o-seznam.cz\/napoveda\/klientska-zona\/wp-content\/uploads\/sites\/18\/2024\/10\/prehled-sluzeb-nh.png\" alt=\"\" class=\"wp-image-25\" srcset=\"https:\/\/o-seznam.cz\/napoveda\/klientska-zona\/wp-content\/uploads\/sites\/18\/2024\/10\/prehled-sluzeb-nh.png 1918w, https:\/\/o-seznam.cz\/napoveda\/klientska-zona\/wp-content\/uploads\/sites\/18\/2024\/10\/prehled-sluzeb-nh-992x500.png 992w, https:\/\/o-seznam.cz\/napoveda\/klientska-zona\/wp-content\/uploads\/sites\/18\/2024\/10\/prehled-sluzeb-nh-320x161.png 320w, https:\/\/o-seznam.cz\/napoveda\/klientska-zona\/wp-content\/uploads\/sites\/18\/2024\/10\/prehled-sluzeb-nh-768x387.png 768w, https:\/\/o-seznam.cz\/napoveda\/klientska-zona\/wp-content\/uploads\/sites\/18\/2024\/10\/prehled-sluzeb-nh-1536x774.png 1536w\" sizes=\"auto, (max-width: 1918px) 100vw, 1918px\" \/><\/figure>\n<\/div>\n\n\n\n<div class=\"wp-block-group is-layout-constrained wp-block-group-is-layout-constrained\">\n<h2 class=\"wp-block-heading\">Kliknut\u00edm na vybranou slu\u017ebu se zobraz\u00ed:<\/h2>\n\n\n\n<ul class=\"wp-block-list\">\n<li>Statistika kampan\u00ed a jejich grafick\u00fd v\u00fdvoj v zadan\u00e9m obdob\u00ed<\/li>\n\n\n\n<li>V\u00fd\u0161e dostupn\u00e9ho kreditu a p\u0159edpokl\u00e1dan\u00e9 datum jeho vy\u010derp\u00e1n\u00ed<\/li>\n<\/ul>\n\n\n\n<p>Jedn\u00edm kliknut\u00edm je mo\u017en\u00e9 pomoc\u00ed tla\u010d\u00edtek \u201eP\u0159ej\u00edt do administrace slu\u017eby\u201c nebo \u201eDob\u00edt kredit\u201c.<\/p>\n\n\n\n<figure class=\"wp-block-image size-full\"><img loading=\"lazy\" decoding=\"async\" width=\"1917\" height=\"970\" src=\"https:\/\/o-seznam.cz\/napoveda\/klientska-zona\/wp-content\/uploads\/sites\/18\/2024\/10\/prehled-sluzeb-sklik-nh.png\" alt=\"\" class=\"wp-image-26\" srcset=\"https:\/\/o-seznam.cz\/napoveda\/klientska-zona\/wp-content\/uploads\/sites\/18\/2024\/10\/prehled-sluzeb-sklik-nh.png 1917w, https:\/\/o-seznam.cz\/napoveda\/klientska-zona\/wp-content\/uploads\/sites\/18\/2024\/10\/prehled-sluzeb-sklik-nh-992x502.png 992w, https:\/\/o-seznam.cz\/napoveda\/klientska-zona\/wp-content\/uploads\/sites\/18\/2024\/10\/prehled-sluzeb-sklik-nh-320x162.png 320w, https:\/\/o-seznam.cz\/napoveda\/klientska-zona\/wp-content\/uploads\/sites\/18\/2024\/10\/prehled-sluzeb-sklik-nh-768x389.png 768w, https:\/\/o-seznam.cz\/napoveda\/klientska-zona\/wp-content\/uploads\/sites\/18\/2024\/10\/prehled-sluzeb-sklik-nh-1536x777.png 1536w\" sizes=\"auto, (max-width: 1917px) 100vw, 1917px\" \/><\/figure>\n<\/div>\n","protected":false},"excerpt":{"rendered":"<p>Zobrazuje p\u0159ehled z\u00e1kladn\u00edch statistik va\u0161ich kampan\u00ed v\u010detn\u011b grafick\u00e9ho p\u0159ehledu v zadan\u00e9m obdob\u00ed. Parametry statistiky: P\u0159i pohybu kurzorem po grafu je mo\u017en\u00e9 sledovat \u010d\u00edseln\u00e9 \u00fadaje jednotliv\u00fdch parametr\u016f. Kliknut\u00edm na vybranou slu\u017ebu se zobraz\u00ed: Jedn\u00edm kliknut\u00edm je mo\u017en\u00e9 pomoc\u00ed tla\u010d\u00edtek \u201eP\u0159ej\u00edt do administrace slu\u017eby\u201c nebo \u201eDob\u00edt kredit\u201c.<\/p>\n","protected":false},"author":6,"featured_media":0,"parent":0,"menu_order":30,"comment_status":"closed","ping_status":"closed","template":"page-sidemenu","meta":{"_acf_changed":false,"_relevanssi_hide_post":"","_relevanssi_hide_content":"","_relevanssi_pin_for_all":"","_relevanssi_pin_keywords":"","_relevanssi_unpin_keywords":"","_relevanssi_related_keywords":"","_relevanssi_related_include_ids":"","_relevanssi_related_exclude_ids":"","_relevanssi_related_no_append":"","_relevanssi_related_not_related":"","_relevanssi_related_posts":"","_relevanssi_noindex_reason":"","footnotes":""},"page_category":[3],"page_tag":[],"service_status_category":[],"class_list":["post-24","page","type-page","status-publish","hentry"],"acf":[],"_links":{"self":[{"href":"https:\/\/o-seznam.cz\/napoveda\/klientska-zona\/wp-json\/wp\/v2\/pages\/24","targetHints":{"allow":["GET"]}}],"collection":[{"href":"https:\/\/o-seznam.cz\/napoveda\/klientska-zona\/wp-json\/wp\/v2\/pages"}],"about":[{"href":"https:\/\/o-seznam.cz\/napoveda\/klientska-zona\/wp-json\/wp\/v2\/types\/page"}],"author":[{"embeddable":true,"href":"https:\/\/o-seznam.cz\/napoveda\/klientska-zona\/wp-json\/wp\/v2\/users\/6"}],"replies":[{"embeddable":true,"href":"https:\/\/o-seznam.cz\/napoveda\/klientska-zona\/wp-json\/wp\/v2\/comments?post=24"}],"version-history":[{"count":3,"href":"https:\/\/o-seznam.cz\/napoveda\/klientska-zona\/wp-json\/wp\/v2\/pages\/24\/revisions"}],"predecessor-version":[{"id":164,"href":"https:\/\/o-seznam.cz\/napoveda\/klientska-zona\/wp-json\/wp\/v2\/pages\/24\/revisions\/164"}],"wp:attachment":[{"href":"https:\/\/o-seznam.cz\/napoveda\/klientska-zona\/wp-json\/wp\/v2\/media?parent=24"}],"wp:term":[{"taxonomy":"page_category","embeddable":true,"href":"https:\/\/o-seznam.cz\/napoveda\/klientska-zona\/wp-json\/wp\/v2\/page_category?post=24"},{"taxonomy":"page_tag","embeddable":true,"href":"https:\/\/o-seznam.cz\/napoveda\/klientska-zona\/wp-json\/wp\/v2\/page_tag?post=24"},{"taxonomy":"service_status_category","embeddable":true,"href":"https:\/\/o-seznam.cz\/napoveda\/klientska-zona\/wp-json\/wp\/v2\/service_status_category?post=24"}],"curies":[{"name":"wp","href":"https:\/\/api.w.org\/{rel}","templated":true}]}}