{"id":237,"date":"2025-04-22T10:35:13","date_gmt":"2025-04-22T08:35:13","guid":{"rendered":"https:\/\/o-seznam.cz\/napoveda\/klientska-zona\/?page_id=237"},"modified":"2025-04-23T10:50:53","modified_gmt":"2025-04-23T08:50:53","slug":"smluvni-podminky-stripe-connect","status":"publish","type":"page","link":"https:\/\/o-seznam.cz\/napoveda\/klientska-zona\/smluvni-podminky-stripe-connect\/","title":{"rendered":"Smluvn\u00ed podm\u00ednky Stripe Connect"},"content":{"rendered":"\n<p>Upozor\u0148ujeme, \u017ee \u010desk\u00fd p\u0159eklad nen\u00ed ofici\u00e1ln\u00edm p\u0159ekladem slu\u017eby Stripe. Slou\u017e\u00ed pouze k informativn\u00edm \u00fa\u010del\u016fm. Pr\u00e1vn\u011b z\u00e1vazn\u00e1 je v\u00fdhradn\u011b&nbsp;<a href=\"https:\/\/stripe.com\/en-cz\/legal\/connect-account\">anglick\u00e1 verze smluvn\u00edch podm\u00ednek<\/a>.<\/p>\n\n\n\n<p><strong>Smlouva o propojen\u00e9m \u00fa\u010dtu spole\u010dnosti Stripe<\/strong><strong><\/strong><\/p>\n\n\n\n<p><em>Smlouva o poskytov\u00e1n\u00ed slu\u017eeb spole\u010dnosti Stripe byla aktualizov\u00e1na 11. listopadu 2024. V\u00edce si o proveden\u00fdch zm\u011bn\u00e1ch m\u016f\u017eete p\u0159e\u010d\u00edst <\/em><a href=\"https:\/\/support.stripe.com\/questions\/stripe-user-terms-update-november-11-2024\"><em>zde<\/em><\/a><em>.<\/em><\/p>\n\n\n\n<p>Posledn\u00ed \u00faprava: 15. prosince 2023<\/p>\n\n\n\n<p>D\u011bkujeme v\u00e1m, \u017ee vyu\u017e\u00edv\u00e1te aplikaci\u00a0<a href=\"https:\/\/stripe.com\/en-cz\/connect\">Connect spole\u010dnosti Stripe<\/a>! Tato smlouva upravuje, jak\u00fdm zp\u016fsobem Propojen\u00e9 \u00fa\u010dty vyu\u017e\u00edvaj\u00ed Slu\u017eby Connect spole\u010dnosti Stripe, a popisuje se v\u00a0n\u00ed, jak mohou Propojen\u00e9 \u00fa\u010dty a jejich poskytovatel(\u00e9) extern\u00edch platforem pou\u017e\u00edvat Slu\u017eby Connect spole\u010dnosti Stripe. Tato smlouva o propojen\u00e9m \u00fa\u010dtu Stripe (d\u00e1le jen \u201e<strong>Smlouva o propojen\u00e9m \u00fa\u010dtu<\/strong>\u201c) zakl\u00e1d\u00e1 pr\u00e1vn\u011b platnou dohodu mezi spole\u010dnost\u00ed Stripe Payments Europe, Limited (d\u00e1le jen \u201e<strong>Stripe<\/strong>\u201c) a v\u00e1mi nebo subjektem, za n\u011bj\u017e jedn\u00e1te (d\u00e1le jen \u201e<strong>vy<\/strong>\u201c a \u201e<strong>v\u00e1\u0161<\/strong>\u201c p\u0159\u00edp. \u201e<strong>sv\u016fj<\/strong>\u201c). Tato Smlouva o propojen\u00e9m \u00fa\u010dtu upravuje va\u0161e pr\u00e1va a povinnosti, kdy\u017e si zaregistrujete sv\u016fj \u00da\u010det Stripe u poskytovatele extern\u00ed platformy vyu\u017e\u00edvaj\u00edc\u00ed Slu\u017eby aplikace Connect spole\u010dnosti Stripe (d\u00e1le jen \u201e<strong>Platforma Stripe Connect<\/strong>\u201c). <a href=\"https:\/\/o-seznam.cz\/napoveda\/klientska-zona\/smluvni-podminky-stripe\/\">Smlouva o poskytov\u00e1n\u00ed slu\u017eeb spole\u010dnosti Stripe<\/a>\u00a0je do t\u00e9to Smlouvy o propojen\u00e9m \u00fa\u010dtu za\u010dlen\u011bna t\u00edmto odkazem. V\u00fdrazy uvozen\u00e9\u00a0velk\u00fdm p\u00edsmenem, kter\u00e9 nejsou vymezeny v\u00a0t\u00e9to Smlouv\u011b o propojen\u00e9m \u00fa\u010dtu (bu\u010f p\u0159\u00edmo v\u00a0textu, nebo prost\u0159ednictv\u00edm hypertextov\u00e9ho odkazu), jsou vymezeny ve Smlouv\u011b o poskytov\u00e1n\u00ed slu\u017eeb spole\u010dnosti Stripe. Vyvstane-li v\u00a0souvislosti s\u00a0t\u00edm, jak pou\u017e\u00edv\u00e1te Slu\u017eby aplikace Connect spole\u010dnosti Stripe, rozpor mezi Smlouvou o poskytov\u00e1n\u00ed slu\u017eeb spole\u010dnosti Stripe a touto Smlouvou o propojen\u00e9m \u00fa\u010dtu, m\u00e1 p\u0159ednost tato Smlouva o propojen\u00e9m \u00fa\u010dtu.<\/p>\n\n\n\n<p>Vy a spole\u010dnost Stripe jste se dohodli n\u00e1sledovn\u011b:<\/p>\n\n\n\n<h3 class=\"wp-block-heading\"><strong>1. Hlavn\u00ed vymezen\u00e9 pojmy.<\/strong><\/h3>\n\n\n\n<p>N\u00ed\u017ee uveden\u00e9 v\u00fdrazy jsou vymezeny ve Smlouv\u011b o poskytov\u00e1n\u00ed slu\u017eeb spole\u010dnosti Stripe, ale n\u00ed\u017ee jsou pro p\u0159ehlednost uvedeny znovu (podle toho, jak jsou ve Smlouv\u011b o poskytov\u00e1n\u00ed slu\u017eeb spole\u010dnosti Stripe tyto pojmy vymezeny, vy jste U\u017eivatel platformy a Propojen\u00fd \u00fa\u010det):<\/p>\n\n\n\n<p>\u201e<strong>Aktivita<\/strong>\u201c znamen\u00e1 jak\u00e9koliv \u00fakony uskute\u010dn\u011bn\u00e9 na Propojen\u00e9m \u00fa\u010dtu nebo v&nbsp;souvislosti s&nbsp;n\u00edm, kter\u00e9 iniciuje, zad\u00e1 nebo provede Platforma Stripe Connect nebo Propojen\u00fd \u00fa\u010det bu\u010f prost\u0159ednictv\u00edm Technologie spole\u010dnosti Stripe, nebo prost\u0159ednictv\u00edm Slu\u017eeb aplikace Connect spole\u010dnosti Stripe, v\u010detn\u011b komunikace o Slu\u017eb\u00e1ch vztahuj\u00edc\u00edch se k&nbsp;dan\u00e9mu Propojen\u00e9mu \u00fa\u010dtu.<\/p>\n\n\n\n<p>\u201e<strong>Slu\u017eby poskytovan\u00e9 platformou<\/strong>\u201c znamenaj\u00ed v\u00fdrobky a slu\u017eby, kter\u00e9 U\u017eivatel\u016fm platformy poskytuje Platforma Stripe Connect bez ohledu na to, zda se za n\u011b \u00fa\u010dtuj\u00ed poplatky \u010di nikoliv (nap\u0159. tvorba internetov\u00fdch str\u00e1nek, z\u00e1kaznick\u00e1 podpora nebo hostingov\u00e9 slu\u017eby).<\/p>\n\n\n\n<p>\u201e<strong>Smlouva s&nbsp;poskytovatelem platformy<\/strong>\u201c znamen\u00e1 v&nbsp;souvislosti s&nbsp;ka\u017ed\u00fdm Propojen\u00fdm \u00fa\u010dtem spole\u010dn\u011b smlouvy, kter\u00e9 m\u00e1 Platforma Stripe Connect uzav\u0159en\u00e9 s&nbsp;uveden\u00fdm Propojen\u00fdm \u00fa\u010dtem.<\/p>\n\n\n\n<h3 class=\"wp-block-heading\"><strong>2. V\u00e1\u0161 \u00fa\u010det Stripe.<\/strong><\/h3>\n\n\n\n<p>Platformy Stripe Connect v\u00e1m mohou pomoci s pou\u017e\u00edv\u00e1n\u00edm Slu\u017eeb, p\u0159\u00edpadn\u011b v\u010detn\u011b Slu\u017eeb uskute\u010d\u0148ov\u00e1n\u00ed plateb spole\u010dnosti Stripe. Platforma Stripe Connect v\u00e1m m\u016f\u017ee pomoci se zalo\u017een\u00edm va\u0161eho \u00da\u010dtu Stripe nebo s&nbsp;registrac\u00ed ji\u017e existuj\u00edc\u00edho \u00da\u010dtu Stripe u Platformy Stripe Connect. Platforma Stripe Connect m\u016f\u017ee va\u0161\u00edm jm\u00e9nem uskute\u010d\u0148ovat Aktivitu a jednat jako spr\u00e1vce osobn\u00edch \u00fadaj\u016f a d\u00e1vat spole\u010dnosti Stripe pokyn ke zpracov\u00e1n\u00ed Va\u0161ich \u00fadaj\u016f (jak je tento pojem vymezen d\u00e1le), za p\u0159edpokladu, \u017ee tak \u010din\u00ed v&nbsp;souladu s&nbsp;va\u0161\u00ed Smlouvou s&nbsp;poskytovatelem platformy. Aktivitu lze iniciovat, zahajovat nebo prov\u00e1d\u011bt prost\u0159ednictv\u00edm rozhran\u00ed Dashboard spole\u010dnosti Stripe nebo API spole\u010dnosti Stripe, a pat\u0159\u00ed sem (p\u0159\u00edpadn\u00e9) sd\u011blov\u00e1n\u00ed informac\u00ed o Transakc\u00edch i dal\u0161\u00ed funkce, kter\u00e9 jsou pops\u00e1ny v&nbsp;<a href=\"https:\/\/stripe.com\/en-cz\/docs\/connect\">Dokumentaci<\/a>. Platforma Stripe Connect m\u016f\u017ee omezit va\u0161i mo\u017enost a) ukon\u010dit p\u0159\u00edstup Platformy Stripe Connect k&nbsp;va\u0161emu \u00da\u010dtu Stripe a b) zobrazovat nebo aktivovat ur\u010dit\u00e9 Slu\u017eby nebo k&nbsp;nim z\u00edsk\u00e1vat p\u0159\u00edstup. Pe\u010dliv\u011b si prostudujte Smlouvu s&nbsp;poskytovatelem platformy, abyste porozum\u011bli tomu, jakou povahu maj\u00ed Slu\u017eby poskytovan\u00e9 platformou a Aktivita, kterou m\u016f\u017ee Platforma Stripe Connect va\u0161\u00edm jm\u00e9nem prov\u00e1d\u011bt. Spole\u010dnost Stripe nen\u00ed Platformou Stripe Connect a pouze poskytuje Slu\u017eby popsan\u00e9 v&nbsp;t\u00e9to Smlouv\u011b o propojen\u00e9m \u00fa\u010dtu a ve Smlouv\u011b o poskytov\u00e1n\u00ed slu\u017eeb spole\u010dnosti Stripe.<\/p>\n\n\n\n<h3 class=\"wp-block-heading\"><strong>3. Prohl\u00e1\u0161en\u00ed a z\u00e1ruky, va\u0161e povinnosti.<\/strong><\/h3>\n\n\n\n<p>Ke Dni \u00fa\u010dinnosti prohla\u0161ujete a po celou Dobu trv\u00e1n\u00ed Smlouvy zaru\u010dujete, \u017ee informace, kter\u00e9 spole\u010dnosti Stripe p\u0159\u00edmo \u010di nep\u0159\u00edmo prost\u0159ednictv\u00edm Platformy Stripe Connect poskytnete, jsou pravdiv\u00e9 a \u00fapln\u00e9. Za poskytov\u00e1n\u00ed zbo\u017e\u00ed a slu\u017eeb prod\u00e1van\u00fdch va\u0161im Z\u00e1kazn\u00edk\u016fm v&nbsp;r\u00e1mci pou\u017e\u00edv\u00e1n\u00ed Slu\u017eeb a za ve\u0161ker\u00e9 povinnosti, kter\u00e9 p\u0159\u00edpadn\u011b v\u016f\u010di sv\u00fdm Z\u00e1kazn\u00edk\u016fm m\u00e1te, nesete v\u00fdhradn\u00ed odpov\u011bdnost vy a spole\u010dnost Stripe se z\u0159\u00edk\u00e1 jak\u00e9koliv odpov\u011bdnosti k&nbsp;n\u00e1hrad\u011b \u0161kody v&nbsp;t\u00e9to souvislosti. Pokud pou\u017e\u00edv\u00e1te Slu\u017eby uskute\u010d\u0148ov\u00e1n\u00ed plateb spole\u010dnosti Stripe, v\u017edy nesete finan\u010dn\u00ed odpov\u011bdnost v\u016f\u010di spole\u010dnosti Stripe za \u00faplnou v\u00fd\u0161i v\u0161ech Spor\u016f (v\u010detn\u011b \u017e\u00e1dosti u banky o vr\u00e1cen\u00ed pen\u011bz na kartu, tzv. chargeback), Refundac\u00ed a pokut, kter\u00e9 vyplynou z&nbsp;va\u0161eho pou\u017e\u00edv\u00e1n\u00ed Slu\u017eby uskute\u010d\u0148ov\u00e1n\u00ed plateb spole\u010dnosti Stripe bez ohledu na to, zda jste se s Platformou Stripe Connect dohodli na sd\u00edlen\u00ed t\u00e9to odpov\u011bdnosti k&nbsp;n\u00e1hrad\u011b \u0161kody. Tyto povinnosti jsou podrobn\u011bji rozeps\u00e1ny ve <a href=\"https:\/\/stripe.com\/en-cz\/legal\/ssa\">Smlouv\u011b o poskytov\u00e1n\u00ed slu\u017eeb spole\u010dnosti Stripe<\/a>.<\/p>\n\n\n\n<h3 class=\"wp-block-heading\"><strong>4. Rozhran\u00ed Dashboard spole\u010dnosti Stripe.<\/strong><\/h3>\n\n\n\n<p>V&nbsp;z\u00e1vislosti na zp\u016fsobu, jak\u00fdm Platforma Stripe Connect nastavila Slu\u017eby aplikace Connect spole\u010dnosti Stripe, m\u016f\u017eete m\u00edt mo\u017enost p\u0159\u00edm\u00e9 spr\u00e1vy sv\u016fj \u00da\u010det Stripe prost\u0159ednictv\u00edm rozhran\u00ed Dashboard spole\u010dnosti Stripe. Pokud m\u00e1te p\u0159\u00edstup k&nbsp;rozhran\u00ed Dashboard spole\u010dnosti Stripe, nesete odpov\u011bdnost za ve\u0161ker\u00e9 kroky prov\u00e1d\u011bn\u00e9 na va\u0161em \u00da\u010dtu Stripe prost\u0159ednictv\u00edm rozhran\u00ed Dashboard spole\u010dnosti Stripe vy. Nem\u00e1te-li p\u0159\u00edstup k&nbsp;rozhran\u00ed Dashboard spole\u010dnosti Stripe, mus\u00edte se v&nbsp;p\u0159\u00edpad\u011b, \u017ee pot\u0159ebujete podporu nebo m\u00e1te-li jak\u00e9koliv dotazy ohledn\u011b Slu\u017eeb, t\u00e9to Smlouvy o propojen\u00e9m \u00fa\u010dtu nebo Smlouvy o poskytov\u00e1n\u00ed slu\u017eeb spole\u010dnosti Stripe, obr\u00e1tit na Platformu Stripe Connect.<\/p>\n\n\n\n<h3 class=\"wp-block-heading\"><strong>5. Vztahy s Platformami Stripe Connect.<\/strong><\/h3>\n\n\n\n<h4 class=\"wp-block-heading\">5.1 Va\u0161e \u00fadaje.<\/h4>\n\n\n\n<p>a) D\u00e1v\u00e1te spole\u010dnosti Stripe pokyn k tomu, aby a) s&nbsp;va\u0161imi Platformami Stripe Connect dle pot\u0159eby sd\u00edlela jak\u00e9koliv \u00fadaje vztahuj\u00edc\u00ed se k&nbsp;v\u00e1m a k&nbsp;Aktivit\u011b na va\u0161em \u00da\u010dtu Stripe, kter\u00e9 shrom\u00e1\u017ed\u00ed (d\u00e1le jen \u201e<strong>Va\u0161e \u00fadaje<\/strong>\u201c), a to v&nbsp;m\u00ed\u0159e nezbytn\u00e9&nbsp;pro to, aby v\u00e1m mohla poskytovat Slu\u017eby aplikace Connect spole\u010dnosti Stripe a Slu\u017eby poskytovan\u00e9 platformou, a aby b) zpracov\u00e1vala Va\u0161e \u00fadaje, jak je uvedeno v&nbsp;t\u00e9to Smlouv\u011b o propojen\u00e9m \u00fa\u010dtu a v&nbsp;Z\u00e1sad\u00e1ch ochrany osobn\u00edch \u00fadaj\u016f spole\u010dnosti Stripe. Do Va\u0161ich \u00fadaj\u016f pat\u0159\u00ed:<\/p>\n\n\n\n<p>i) \u00fadaje o va\u0161ich Transakc\u00edch,<\/p>\n\n\n\n<p>ii) va\u0161e Osobn\u00ed \u00fadaje a Osobn\u00ed \u00fadaje va\u0161ich Z\u00e1stupc\u016f, zam\u011bstnanc\u016f, dodavatel\u016f a obchodn\u00edch z\u00e1stupc\u016f,<\/p>\n\n\n\n<p>iii) Osobn\u00ed \u00fadaje va\u0161ich Z\u00e1kazn\u00edk\u016f a<\/p>\n\n\n\n<p>iv) \u00fadaje vztahuj\u00edc\u00ed se k Aktivit\u011b na jak\u00e9mkoliv \u00da\u010dtu Stripe, kter\u00fd jste si zaregistrovali u Platformy Stripe Connect.<\/p>\n\n\n\n<p>b) Berete na v\u011bdom\u00ed, \u017ee Platformy Stripe Connect mohou p\u0159ed\u00e1vat Va\u0161e \u00fadaje spole\u010dnosti Stripe.<\/p>\n\n\n\n<p>c) Ke Dni \u00fa\u010dinnosti prohla\u0161ujete a po celou Dobu trv\u00e1n\u00ed Smlouvy spole\u010dnosti Stripe zaru\u010dujete, \u017ee pokud spole\u010dnosti Stripe poskytnete Osobn\u00ed \u00fadaje nebo d\u00e1te spole\u010dnosti Stripe pokyn, aby shroma\u017e\u010fovala Osobn\u00ed \u00fadaje, poskytli jste ve\u0161ker\u00e1 ozn\u00e1men\u00ed a z\u00edskali jste ve\u0161ker\u00e1 pr\u00e1va a souhlasy nezbytn\u00e9 k&nbsp;tomu, aby mohla spole\u010dnost Stripe z\u00e1konn\u00fdm zp\u016fsobem shroma\u017e\u010fovat, pou\u017e\u00edvat, uchov\u00e1vat a p\u0159ed\u00e1vat uveden\u00e9 Osobn\u00ed \u00fadaje, jak je uvedeno v&nbsp;t\u00e9to Smlouv\u011b o propojen\u00e9m \u00fa\u010dtu, Smlouv\u011b o poskytov\u00e1n\u00ed slu\u017eeb spole\u010dnosti Stripe a v&nbsp;<a href=\"https:\/\/stripe.com\/en-cz\/privacy\">Z\u00e1sad\u00e1ch ochrany osobn\u00edch \u00fadaj\u016f spole\u010dnosti Stripe<\/a>.<\/p>\n\n\n\n<h4 class=\"wp-block-heading\">5.2 Cen\u00edk a poplatky.<\/h4>\n\n\n\n<p>Standardn\u00ed poplatky spole\u010dnosti Stripe za vyu\u017e\u00edv\u00e1n\u00ed Slu\u017eeb jsou uvedeny na <a href=\"https:\/\/stripe.com\/en-cz\/pricing\">Str\u00e1nce spole\u010dnosti Stripe s cen\u00edky<\/a>; mohlo se nicm\u00e9n\u011b st\u00e1t, \u017ee spole\u010dnost Stripe s&nbsp;ur\u010ditou Platformou Stripe Connect sjednala Poplatky, kter\u00e9 se od t\u011bchto Poplatk\u016f li\u0161\u00ed. Poplatky spole\u010dnosti Stripe v\u00e1m budou sd\u011bleny samostatn\u011b nebo budou slou\u010deny s&nbsp;poplatky za Slu\u017eby poskytovan\u00e9 platformou. Spole\u010dnost Stripe nem\u00e1 vliv na poplatky \u00fa\u010dtovan\u00e9 Platformou Stripe Connect, ani za n\u011b nenese odpov\u011bdnost; tyto poplatky by v\u00e1m m\u011bly b\u00fdt sd\u011bleny prost\u0159ednictv\u00edm va\u0161\u00ed Smlouvy s&nbsp;poskytovatelem platformy. Na \u017e\u00e1dost Platformy Stripe Connect m\u016f\u017ee spole\u010dnost Stripe ze z\u016fstatku na va\u0161em \u00da\u010dtu Stripe ode\u010d\u00edst jak Poplatky spole\u010dnosti Stripe, tak i poplatky za&nbsp;Slu\u017eby poskytovan\u00e9 platformou, kter\u00e9 spole\u010dnosti Stripe stanov\u00ed Platforma Stripe Connect.<\/p>\n\n\n\n<h3 class=\"wp-block-heading\"><strong>6. Vylou\u010den\u00ed odpov\u011bdnosti; omezen\u00ed odpov\u011bdnosti spole\u010dnosti Stripe<\/strong><\/h3>\n\n\n\n<p><strong>Spole\u010dnost Stripe nenese odpov\u011bdnost za nic z&nbsp;d\u00e1le uveden\u00e9ho nebo se k&nbsp;d\u00e1le uveden\u00e9mu vztahuj\u00edc\u00ed a z\u0159\u00edk\u00e1 se ve\u0161ker\u00e9 odpov\u011bdnosti v&nbsp;t\u00e9to souvislosti:<\/strong><\/p>\n\n\n\n<p><strong>a) jak\u00e9koliv \u00fakony \u010di opomenut\u00ed ze strany Platformy Stripe Connect p\u0159i poskytov\u00e1n\u00ed slu\u017eeb v\u00e1m nebo va\u0161im z\u00e1kazn\u00edk\u016fm, nebo jak\u00e9koliv poru\u0161en\u00ed podm\u00ednek va\u0161\u00ed Smlouvy s&nbsp;poskytovatelem platformy ze strany Platformy Stripe Connect,<\/strong><\/p>\n\n\n\n<p><strong>b) va\u0161e z\u00e1vazky v\u016f\u010di va\u0161im Z\u00e1kazn\u00edk\u016fm (v\u010detn\u011b povinnosti \u0159\u00e1dn\u011b popsat a dodat zbo\u017e\u00ed nebo slu\u017eby prod\u00e1van\u00e9 va\u0161im Z\u00e1kazn\u00edk\u016fm), nebo<\/strong><\/p>\n\n\n\n<p><strong>c) dodr\u017eov\u00e1n\u00ed pr\u00e1vn\u00edch p\u0159edpis\u016f z&nbsp;va\u0161\u00ed strany a pln\u011bn\u00ed va\u0161ich z\u00e1vazk\u016f vztahuj\u00edc\u00edch se k&nbsp;poskytov\u00e1n\u00ed zbo\u017e\u00ed a slu\u017eeb va\u0161im Z\u00e1kazn\u00edk\u016fm nebo p\u0159ij\u00edm\u00e1n\u00ed dobro\u010dinn\u00fdch dar\u016f, v\u010detn\u011b povinnosti poskytovat z\u00e1kaznick\u00e9 slu\u017eby, hl\u00e1sit a \u0159e\u0161it refundace nebo reklamace spot\u0159ebitel\u016f, poskytovat doklady o zaplacen\u00ed, registrovat va\u0161i pr\u00e1vnickou osobu a dal\u0161\u00ed kroky, kter\u00e9 se nevztahuj\u00ed ke Slu\u017eb\u00e1m.<\/strong><\/p>\n\n\n\n<p><strong>Tato \u010d\u00e1st se sjedn\u00e1v\u00e1 nav\u00edc k&nbsp;ustanoven\u00edm Smlouvy o poskytov\u00e1n\u00ed slu\u017eeb spole\u010dnosti Stripe, kter\u00fdmi se vylu\u010duje \u010di omezuje odpov\u011bdnost spole\u010dnosti Stripe, a tato ustanoven\u00ed neomezuje.<\/strong><\/p>\n\n\n\n<h3 class=\"wp-block-heading\"><strong>7. Dal\u0161\u00ed obecn\u00e9 z\u00e1konn\u00e9 podm\u00ednky.<\/strong><\/h3>\n\n\n\n<h4 class=\"wp-block-heading\">7.1 Doba trv\u00e1n\u00ed smlouvy, ukon\u010den\u00ed a \u00fa\u010dinky ukon\u010den\u00ed smlouvy.<\/h4>\n\n\n\n<p>a) Platnost t\u00e9to Smlouvy o propojen\u00e9m \u00fa\u010dtu za\u010d\u00edn\u00e1 v&nbsp;okam\u017eiku, kdy sv\u016fj \u00da\u010det Stripe zaregistrujete u Platformy Stripe Connect, a trv\u00e1 a\u017e do okam\u017eiku, kdy vy nebo spole\u010dnost Stripe tuto Smlouvu o propojen\u00e9m \u00fa\u010dtu podle tohoto \u010dl\u00e1nku ukon\u010d\u00edte. Tuto Smlouvu o propojen\u00e9m \u00fa\u010dtu jste opr\u00e1vn\u011bni ukon\u010dit a) zru\u0161en\u00edm sv\u00e9ho \u00da\u010dtu Stripe nebo b) odhl\u00e1\u0161en\u00edm sv\u00e9ho \u00da\u010dtu Stripe ze v\u0161ech Platforem Stripe Connect. Pokud po ukon\u010den\u00ed zaregistrujete sv\u016fj \u00da\u010det Stripe znovu u n\u011bkter\u00e9 Platformy Stripe Connect, vstoup\u00ed tato Smlouva v&nbsp;platnost ke dni, kdy znovu zaregistrujete sv\u016fj \u00da\u010det Stripe u Platformy Stripe Connect. Spole\u010dnost Stripe je opr\u00e1vn\u011bna ukon\u010dit tuto Smlouvu o propojen\u00e9m \u00fa\u010dtu kdykoliv a z&nbsp;jak\u00e9hokoliv d\u016fvodu na z\u00e1klad\u011b v\u00e1m zaslan\u00e9ho ozn\u00e1men\u00ed.<\/p>\n\n\n\n<p>b) Ukon\u010den\u00edm t\u00e9to Smlouvy o propojen\u00e9m \u00fa\u010dtu nedojde bezprost\u0159edn\u011b k ukon\u010den\u00ed Smlouvy o poskytov\u00e1n\u00ed slu\u017eeb spole\u010dnosti Stripe. Spole\u010dnost Stripe a vy jste opr\u00e1vn\u011bni ukon\u010dit Smlouvu o poskytov\u00e1n\u00ed slu\u017eeb spole\u010dnosti Stripe pouze podle jej\u00edch podm\u00ednek. Dojde-li k&nbsp;ukon\u010den\u00ed Smlouvy o poskytov\u00e1n\u00ed slu\u017eeb spole\u010dnosti Stripe, tato Smlouva o propojen\u00e9m \u00fa\u010dtu automaticky zanik\u00e1.<\/p>\n\n\n\n<h4 class=\"wp-block-heading\">7.2 Smlouva o poskytov\u00e1n\u00ed slu\u017eeb spole\u010dnosti Stripe \u2013 verze.<\/h4>\n\n\n\n<p>Verze, kter\u00e1 plat\u00ed pro jurisdikci (zemi), kde se nach\u00e1z\u00ed v\u00e1\u0161 \u00da\u010det Stripe, je verze Smlouvy o poskytov\u00e1n\u00ed slu\u017eeb spole\u010dnosti Stripe, kter\u00e1 je za\u010dlen\u011bna do t\u00e9to Smlouvy o propojen\u00e9m \u00fa\u010dtu. Nen\u00ed-li n\u00e1zev va\u0161\u00ed jurisdikce (zem\u011b) uveden v&nbsp;n\u00e1zvu str\u00e1nky, kter\u00e1 je p\u0159\u00edstupn\u00e1 pomoc\u00ed tohoto odkazu na <a href=\"https:\/\/stripe.com\/en-cz\/legal\/ssa\">Smlouvu o poskytov\u00e1n\u00ed slu\u017eeb spole\u010dnosti Stripe<\/a>, <a href=\"https:\/\/stripe.com\/en-cz\/contact\">kontaktuje spole\u010dnost Stripe<\/a>&nbsp;se \u017e\u00e1dost\u00ed o spr\u00e1vn\u00fd odkaz.<\/p>\n\n\n\n<h3 class=\"wp-block-heading\">8. Vylou\u010den\u00ed platnosti.<\/h3>\n\n\n\n<p>Platformy Stripe Connect mohou vyu\u017e\u00edt aplikaci Stripe Connect rovn\u011b\u017e k&nbsp;tomu, aby spole\u010dnosti Stripe ulo\u017eily zaslat finan\u010dn\u00ed prost\u0159edky na Propojen\u00e9 \u00fa\u010dty mimo Slu\u017eby uskute\u010d\u0148ov\u00e1n\u00ed plateb spole\u010dnosti Stripe, jak je uvedeno v \u010dl\u00e1nku 4.5 Podm\u00ednek aplikace Connect spole\u010dnosti Stripe. Tyto p\u0159evody finan\u010dn\u00edch prost\u0159edk\u016f nejsou propojeny s&nbsp;platbami, kter\u00e9 va\u0161\u00edm jm\u00e9nem vyb\u00edr\u00e1 Platforma Stripe Connect prost\u0159ednictv\u00edm slu\u017eeb spole\u010dnosti Stripe.&nbsp;<strong>Obdr\u017e\u00edte-li tento druh finan\u010dn\u00edch prost\u0159edk\u016f, nepou\u017e\u00edv\u00e1te slu\u017eby spole\u010dnosti Stripe a tato Smlouva o propojen\u00e9m \u00fa\u010dtu se na v\u00e1s nevztahuje.&nbsp;Z\u00e1rove\u0148<\/strong> se s&nbsp;jak\u00fdmikoliv dotazy ohledn\u011b stavu t\u011bchto finan\u010dn\u00edch prost\u0159edk\u016f mus\u00edte obracet na Platformu Stripe Connect a nikoliv na spole\u010dnost Stripe.<\/p>\n","protected":false},"excerpt":{"rendered":"<p>Upozor\u0148ujeme, \u017ee \u010desk\u00fd p\u0159eklad nen\u00ed ofici\u00e1ln\u00edm p\u0159ekladem slu\u017eby Stripe. Slou\u017e\u00ed pouze k informativn\u00edm \u00fa\u010del\u016fm. Pr\u00e1vn\u011b z\u00e1vazn\u00e1 je v\u00fdhradn\u011b&nbsp;anglick\u00e1 verze smluvn\u00edch podm\u00ednek. Smlouva o propojen\u00e9m \u00fa\u010dtu spole\u010dnosti Stripe Smlouva o poskytov\u00e1n\u00ed slu\u017eeb spole\u010dnosti Stripe byla aktualizov\u00e1na 11. listopadu 2024. V\u00edce si o proveden\u00fdch zm\u011bn\u00e1ch m\u016f\u017eete p\u0159e\u010d\u00edst zde. Posledn\u00ed \u00faprava: 15. prosince 2023 D\u011bkujeme v\u00e1m, \u017ee vyu\u017e\u00edv\u00e1te [&hellip;]<\/p>\n","protected":false},"author":2,"featured_media":0,"parent":0,"menu_order":0,"comment_status":"closed","ping_status":"closed","template":"page-sidemenu","meta":{"_acf_changed":false,"_relevanssi_hide_post":"","_relevanssi_hide_content":"","_relevanssi_pin_for_all":"","_relevanssi_pin_keywords":"","_relevanssi_unpin_keywords":"","_relevanssi_related_keywords":"","_relevanssi_related_include_ids":"","_relevanssi_related_exclude_ids":"","_relevanssi_related_no_append":"","_relevanssi_related_not_related":"","_relevanssi_related_posts":"","_relevanssi_noindex_reason":"","footnotes":""},"page_category":[],"page_tag":[],"service_status_category":[],"class_list":["post-237","page","type-page","status-publish","hentry"],"acf":[],"_links":{"self":[{"href":"https:\/\/o-seznam.cz\/napoveda\/klientska-zona\/wp-json\/wp\/v2\/pages\/237","targetHints":{"allow":["GET"]}}],"collection":[{"href":"https:\/\/o-seznam.cz\/napoveda\/klientska-zona\/wp-json\/wp\/v2\/pages"}],"about":[{"href":"https:\/\/o-seznam.cz\/napoveda\/klientska-zona\/wp-json\/wp\/v2\/types\/page"}],"author":[{"embeddable":true,"href":"https:\/\/o-seznam.cz\/napoveda\/klientska-zona\/wp-json\/wp\/v2\/users\/2"}],"replies":[{"embeddable":true,"href":"https:\/\/o-seznam.cz\/napoveda\/klientska-zona\/wp-json\/wp\/v2\/comments?post=237"}],"version-history":[{"count":3,"href":"https:\/\/o-seznam.cz\/napoveda\/klientska-zona\/wp-json\/wp\/v2\/pages\/237\/revisions"}],"predecessor-version":[{"id":247,"href":"https:\/\/o-seznam.cz\/napoveda\/klientska-zona\/wp-json\/wp\/v2\/pages\/237\/revisions\/247"}],"wp:attachment":[{"href":"https:\/\/o-seznam.cz\/napoveda\/klientska-zona\/wp-json\/wp\/v2\/media?parent=237"}],"wp:term":[{"taxonomy":"page_category","embeddable":true,"href":"https:\/\/o-seznam.cz\/napoveda\/klientska-zona\/wp-json\/wp\/v2\/page_category?post=237"},{"taxonomy":"page_tag","embeddable":true,"href":"https:\/\/o-seznam.cz\/napoveda\/klientska-zona\/wp-json\/wp\/v2\/page_tag?post=237"},{"taxonomy":"service_status_category","embeddable":true,"href":"https:\/\/o-seznam.cz\/napoveda\/klientska-zona\/wp-json\/wp\/v2\/service_status_category?post=237"}],"curies":[{"name":"wp","href":"https:\/\/api.w.org\/{rel}","templated":true}]}}