{"id":18,"date":"2024-10-19T00:50:43","date_gmt":"2024-10-18T22:50:43","guid":{"rendered":"https:\/\/o-seznam.cz\/napoveda\/klientska-zona\/?page_id=18"},"modified":"2024-12-16T01:47:08","modified_gmt":"2024-12-16T00:47:08","slug":"co-je-klientska-zona","status":"publish","type":"page","link":"https:\/\/o-seznam.cz\/napoveda\/klientska-zona\/co-je-klientska-zona\/","title":{"rendered":"Co je Klientsk\u00e1 z\u00f3na"},"content":{"rendered":"\n<div class=\"wp-block-group is-layout-constrained wp-block-group-is-layout-constrained\">\n<h2 class=\"wp-block-heading\">Klientsk\u00e1 z\u00f3na je rozhran\u00ed, ve kter\u00e9m si m\u016f\u017eete:<\/h2>\n\n\n\n<ul class=\"wp-block-list\">\n<li>Zobrazit p\u0159ehledn\u00e9 <a href=\"https:\/\/o-seznam.cz\/napoveda\/klientska-zona\/prehled-sluzeb\/\" data-type=\"page\" data-id=\"24\">informace o va\u0161ich kampan\u00edch<\/a> s proklikem do jejich administrace<\/li>\n\n\n\n<li>Snadno a rychle <a href=\"https:\/\/o-seznam.cz\/napoveda\/klientska-zona\/registrace\/\" data-type=\"page\" data-id=\"21\">registrovat<\/a> slu\u017eby Seznam.cz<\/li>\n\n\n\n<li>Dob\u00edjet kredit a stahovat da\u0148ov\u00e9 doklady v <a href=\"https:\/\/o-seznam.cz\/napoveda\/klientska-zona\/moznosti-plateb\/\" data-type=\"page\" data-id=\"30\">Pen\u011b\u017eence<\/a><\/li>\n\n\n\n<li>Nastavit <a href=\"https:\/\/o-seznam.cz\/napoveda\/klientska-zona\/fakturacni-udaje-a-bankid\/\" data-type=\"page\" data-id=\"60\">faktura\u010dn\u00ed \u00fadaje<\/a> \u010di u\u017eite\u010dn\u00e9 funkce jako <a href=\"https:\/\/o-seznam.cz\/napoveda\/klientska-zona\/snadne-platby-kartou\/\" data-type=\"page\" data-id=\"65\">Snadn\u00e9 platby<\/a><\/li>\n\n\n\n<li>A naj\u00edt <a href=\"https:\/\/o-seznam.cz\/napoveda\/klientska-zona\/kontakt\/\" data-type=\"page\" data-id=\"43\">kontakt<\/a> na va\u0161eho obchodn\u00edka \u010di infolinku<\/li>\n<\/ul>\n<\/div>\n\n\n\n<div class=\"wp-block-group is-layout-constrained wp-block-group-is-layout-constrained\">\n<p class=\"is-style-link-external\">Do Klientsk\u00e9 z\u00f3ny se p\u0159ihl\u00e1s\u00edte prost\u0159ednictv\u00edm va\u0161eho registrovan\u00e9ho mailu a hesla na t\u00e9to <a href=\"https:\/\/klient.seznam.cz\/\" data-type=\"link\" data-id=\"https:\/\/klient.seznam.cz\/\" target=\"_blank\" rel=\"noreferrer noopener\">adrese<\/a>. <\/p>\n\n\n\n<p class=\"is-style-link-external\">Chcete se dozv\u011bd\u011bt v\u00edce o reklam\u011b na Seznam.cz? Nav\u0161tivte na\u0161e <a href=\"https:\/\/www.seznam.cz\/reklama\" data-type=\"link\" data-id=\"https:\/\/www.seznam.cz\/reklama\" target=\"_blank\" rel=\"noreferrer noopener\">str\u00e1nky<\/a>.<\/p>\n<\/div>\n\n\n\n<div class=\"wp-block-group is-layout-constrained wp-block-group-is-layout-constrained\">\n<h2 class=\"wp-block-heading\">Najdete zde v\u0161echny d\u016fle\u017eit\u00e9 informace o:<\/h2>\n\n\n\n<ul class=\"wp-block-list\">\n<li>Su\u017eb\u00e1ch a str\u00e1nk\u00e1ch Seznam.cz<\/li>\n\n\n\n<li>Registraci a administra\u010dn\u00edm rozhran\u00ed slu\u017eeb<\/li>\n\n\n\n<li>Mo\u017enostech reklamy v\u010detn\u011b praktick\u00fdch n\u00e1hled\u016f a specifikac\u00ed<\/li>\n\n\n\n<li>C\u00edlen\u00ed a sociodemografii n\u00e1v\u0161t\u011bvn\u00edk\u016f<\/li>\n\n\n\n<li>D\u00e1le tak\u00e9 kontakty v\u010detn\u011b odkaz\u016f na soci\u00e1ln\u00ed s\u00edt\u011b<\/li>\n\n\n\n<li>Obchodn\u00ed podm\u00ednky<\/li>\n\n\n\n<li>Cen\u00edky<\/li>\n\n\n\n<li>P\u0159\u00edb\u011bhy klient\u016f Seznam.cz a p\u0159\u00edpadov\u00e9 studie<\/li>\n\n\n\n<li>A mnoho dal\u0161\u00edho\u2026<\/li>\n<\/ul>\n\n\n\n<figure class=\"wp-block-image size-full\"><img loading=\"lazy\" decoding=\"async\" width=\"697\" height=\"1260\" src=\"https:\/\/o-seznam.cz\/napoveda\/klientska-zona\/wp-content\/uploads\/sites\/18\/2024\/10\/kz-v6.png\" alt=\"\" class=\"wp-image-19\" srcset=\"https:\/\/o-seznam.cz\/napoveda\/klientska-zona\/wp-content\/uploads\/sites\/18\/2024\/10\/kz-v6.png 697w, https:\/\/o-seznam.cz\/napoveda\/klientska-zona\/wp-content\/uploads\/sites\/18\/2024\/10\/kz-v6-549x992.png 549w, https:\/\/o-seznam.cz\/napoveda\/klientska-zona\/wp-content\/uploads\/sites\/18\/2024\/10\/kz-v6-177x320.png 177w\" sizes=\"auto, (max-width: 697px) 100vw, 697px\" \/><\/figure>\n<\/div>\n","protected":false},"excerpt":{"rendered":"<p>Klientsk\u00e1 z\u00f3na je rozhran\u00ed, ve kter\u00e9m si m\u016f\u017eete: Do Klientsk\u00e9 z\u00f3ny se p\u0159ihl\u00e1s\u00edte prost\u0159ednictv\u00edm va\u0161eho registrovan\u00e9ho mailu a hesla na t\u00e9to adrese. Chcete se dozv\u011bd\u011bt v\u00edce o reklam\u011b na Seznam.cz? Nav\u0161tivte na\u0161e str\u00e1nky. Najdete zde v\u0161echny d\u016fle\u017eit\u00e9 informace o:<\/p>\n","protected":false},"author":6,"featured_media":0,"parent":0,"menu_order":10,"comment_status":"closed","ping_status":"closed","template":"page-sidemenu","meta":{"_acf_changed":false,"_relevanssi_hide_post":"","_relevanssi_hide_content":"","_relevanssi_pin_for_all":"","_relevanssi_pin_keywords":"","_relevanssi_unpin_keywords":"","_relevanssi_related_keywords":"","_relevanssi_related_include_ids":"","_relevanssi_related_exclude_ids":"","_relevanssi_related_no_append":"","_relevanssi_related_not_related":"","_relevanssi_related_posts":"","_relevanssi_noindex_reason":"","footnotes":""},"page_category":[3],"page_tag":[],"service_status_category":[],"class_list":["post-18","page","type-page","status-publish","hentry"],"acf":[],"_links":{"self":[{"href":"https:\/\/o-seznam.cz\/napoveda\/klientska-zona\/wp-json\/wp\/v2\/pages\/18","targetHints":{"allow":["GET"]}}],"collection":[{"href":"https:\/\/o-seznam.cz\/napoveda\/klientska-zona\/wp-json\/wp\/v2\/pages"}],"about":[{"href":"https:\/\/o-seznam.cz\/napoveda\/klientska-zona\/wp-json\/wp\/v2\/types\/page"}],"author":[{"embeddable":true,"href":"https:\/\/o-seznam.cz\/napoveda\/klientska-zona\/wp-json\/wp\/v2\/users\/6"}],"replies":[{"embeddable":true,"href":"https:\/\/o-seznam.cz\/napoveda\/klientska-zona\/wp-json\/wp\/v2\/comments?post=18"}],"version-history":[{"count":7,"href":"https:\/\/o-seznam.cz\/napoveda\/klientska-zona\/wp-json\/wp\/v2\/pages\/18\/revisions"}],"predecessor-version":[{"id":175,"href":"https:\/\/o-seznam.cz\/napoveda\/klientska-zona\/wp-json\/wp\/v2\/pages\/18\/revisions\/175"}],"wp:attachment":[{"href":"https:\/\/o-seznam.cz\/napoveda\/klientska-zona\/wp-json\/wp\/v2\/media?parent=18"}],"wp:term":[{"taxonomy":"page_category","embeddable":true,"href":"https:\/\/o-seznam.cz\/napoveda\/klientska-zona\/wp-json\/wp\/v2\/page_category?post=18"},{"taxonomy":"page_tag","embeddable":true,"href":"https:\/\/o-seznam.cz\/napoveda\/klientska-zona\/wp-json\/wp\/v2\/page_tag?post=18"},{"taxonomy":"service_status_category","embeddable":true,"href":"https:\/\/o-seznam.cz\/napoveda\/klientska-zona\/wp-json\/wp\/v2\/service_status_category?post=18"}],"curies":[{"name":"wp","href":"https:\/\/api.w.org\/{rel}","templated":true}]}}