{"id":35,"date":"2024-06-20T20:24:35","date_gmt":"2024-06-20T18:24:35","guid":{"rendered":"https:\/\/o-seznam.cz\/napoveda\/garant\/?page_id=35"},"modified":"2024-08-20T01:07:46","modified_gmt":"2024-08-19T23:07:46","slug":"pravidla","status":"publish","type":"page","link":"https:\/\/o-seznam.cz\/napoveda\/garant\/pravidla\/","title":{"rendered":"Pravidla a technick\u00e1 specifikace"},"content":{"rendered":"\n<div class=\"wp-block-group is-layout-constrained wp-block-group-is-layout-constrained\">\n<h2 class=\"wp-block-heading\">Pravidla a technick\u00e9 specifikace Seznam Garant reklamy<\/h2>\n\n\n\n<p>Inzerce se mus\u00ed \u0159\u00eddit:<\/p>\n\n\n\n<p class=\"is-style-link-external\">\u00dastavou a <a href=\"https:\/\/www.zakonyprolidi.cz\/cs\/1995-40\">z\u00e1kony \u010cR<\/a>, Smluvn\u00edmi podm\u00ednkami Seznam Garant, <a href=\"https:\/\/napoveda.sklik.cz\/pravidla\/smluvni-podminky-pro-inzerenty\/\">Smluvn\u00edmi podm\u00ednkami Sklik<\/a>, Pravidly Seznam Garantu a Pravidly \u010desk\u00e9ho pravopisu.<\/p>\n\n\n\n<p>Inzerce ani c\u00edlov\u00e1 str\u00e1nka nesm\u00ed po\u0161kozovat dobr\u00e9 jm\u00e9no provozovatele reklamn\u00edho syst\u00e9mu Seznam Garant.<\/p>\n\n\n\n<p>Pe\u010dliv\u011b si p\u0159e\u010dt\u011bte n\u00ed\u017ee uveden\u00e1 pravidla vztahuj\u00edc\u00ed se na slu\u017ebu Seznam Garant.<\/p>\n<\/div>\n\n\n\n<div class=\"wp-block-group is-layout-constrained wp-block-group-is-layout-constrained\">\n<p>Jednotn\u00e1 pravidla reklamy v partnersk\u00e9 s\u00edti Seznam.cz si p\u0159e\u010dt\u011bte zde:<\/p>\n\n\n\n<p class=\"is-style-link-external\"><a href=\"https:\/\/www.seznam.cz\/reklama\/cz\/obsahovy-web\/pravidla-reklamy\/\" data-type=\"link\" data-id=\"https:\/\/www.seznam.cz\/reklama\/cz\/obsahovy-web\/pravidla-reklamy\/\">Pravidla reklamy<\/a><\/p>\n\n\n\n<p class=\"is-style-link-external\"><a href=\"https:\/\/seznam.prehledreklam.cz\/cs\/primy-prodej\/\" data-type=\"link\" data-id=\"https:\/\/seznam.prehledreklam.cz\/cs\/primy-prodej\/\">Obecn\u00e1 praidla pro tvorbu reklamn\u00edch form\u00e1t\u016f<\/a><\/p>\n<\/div>\n\n\n\n<div class=\"wp-block-group is-layout-constrained wp-block-group-is-layout-constrained\">\n<p>Pokud dojde k poru\u0161en\u00ed pravidel, vyhrazuje si spole\u010dnost Seznam pr\u00e1vo reklamy nebo i cel\u00fd \u00fa\u010det zablokovat, kdykoliv v pr\u016fb\u011bhu samotn\u00e9 inzerce.<\/p>\n\n\n\n<p class=\"is-style-link-external\">P\u0159ed samotn\u00fdm po\u010d\u00e1tkem inzerce se ujist\u011bte, \u017ee se na ni nevztahuj\u00ed pravidla <a href=\"https:\/\/www.seznam.cz\/reklama\/cz\/obsahovy-web\/pravidla-reklamy\/\">nepovolen\u00e9ho \u010di omezen\u00e9ho obsahu<\/a>, jako jsou nap\u0159\u00edklad tab\u00e1kov\u00e9 v\u00fdrobky, alkoholick\u00e9 n\u00e1poje, on-line hazardn\u00ed hry, erotika a pornografie.<\/p>\n<\/div>\n","protected":false},"excerpt":{"rendered":"<p>Pravidla a technick\u00e9 specifikace Seznam Garant reklamy Inzerce se mus\u00ed \u0159\u00eddit: \u00dastavou a z\u00e1kony \u010cR, Smluvn\u00edmi podm\u00ednkami Seznam Garant, Smluvn\u00edmi podm\u00ednkami Sklik, Pravidly Seznam Garantu a Pravidly \u010desk\u00e9ho pravopisu. Inzerce ani c\u00edlov\u00e1 str\u00e1nka nesm\u00ed po\u0161kozovat dobr\u00e9 jm\u00e9no provozovatele reklamn\u00edho syst\u00e9mu Seznam Garant. Pe\u010dliv\u011b si p\u0159e\u010dt\u011bte n\u00ed\u017ee uveden\u00e1 pravidla vztahuj\u00edc\u00ed se na slu\u017ebu Seznam Garant. Jednotn\u00e1 [&hellip;]<\/p>\n","protected":false},"author":2,"featured_media":0,"parent":0,"menu_order":9,"comment_status":"closed","ping_status":"closed","template":"page-sidemenu","meta":{"_acf_changed":false,"_relevanssi_hide_post":"","_relevanssi_hide_content":"","_relevanssi_pin_for_all":"","_relevanssi_pin_keywords":"","_relevanssi_unpin_keywords":"","_relevanssi_related_keywords":"","_relevanssi_related_include_ids":"","_relevanssi_related_exclude_ids":"","_relevanssi_related_no_append":"","_relevanssi_related_not_related":"","_relevanssi_related_posts":"","_relevanssi_noindex_reason":"","footnotes":""},"page_category":[3],"page_tag":[],"service_status_category":[],"class_list":["post-35","page","type-page","status-publish","hentry"],"acf":[],"_links":{"self":[{"href":"https:\/\/o-seznam.cz\/napoveda\/garant\/wp-json\/wp\/v2\/pages\/35","targetHints":{"allow":["GET"]}}],"collection":[{"href":"https:\/\/o-seznam.cz\/napoveda\/garant\/wp-json\/wp\/v2\/pages"}],"about":[{"href":"https:\/\/o-seznam.cz\/napoveda\/garant\/wp-json\/wp\/v2\/types\/page"}],"author":[{"embeddable":true,"href":"https:\/\/o-seznam.cz\/napoveda\/garant\/wp-json\/wp\/v2\/users\/2"}],"replies":[{"embeddable":true,"href":"https:\/\/o-seznam.cz\/napoveda\/garant\/wp-json\/wp\/v2\/comments?post=35"}],"version-history":[{"count":10,"href":"https:\/\/o-seznam.cz\/napoveda\/garant\/wp-json\/wp\/v2\/pages\/35\/revisions"}],"predecessor-version":[{"id":128,"href":"https:\/\/o-seznam.cz\/napoveda\/garant\/wp-json\/wp\/v2\/pages\/35\/revisions\/128"}],"wp:attachment":[{"href":"https:\/\/o-seznam.cz\/napoveda\/garant\/wp-json\/wp\/v2\/media?parent=35"}],"wp:term":[{"taxonomy":"page_category","embeddable":true,"href":"https:\/\/o-seznam.cz\/napoveda\/garant\/wp-json\/wp\/v2\/page_category?post=35"},{"taxonomy":"page_tag","embeddable":true,"href":"https:\/\/o-seznam.cz\/napoveda\/garant\/wp-json\/wp\/v2\/page_tag?post=35"},{"taxonomy":"service_status_category","embeddable":true,"href":"https:\/\/o-seznam.cz\/napoveda\/garant\/wp-json\/wp\/v2\/service_status_category?post=35"}],"curies":[{"name":"wp","href":"https:\/\/api.w.org\/{rel}","templated":true}]}}