{"id":33,"date":"2024-06-20T20:23:54","date_gmt":"2024-06-20T18:23:54","guid":{"rendered":"https:\/\/o-seznam.cz\/napoveda\/garant\/?page_id=33"},"modified":"2024-08-11T18:32:11","modified_gmt":"2024-08-11T16:32:11","slug":"nastaveni-uctu","status":"publish","type":"page","link":"https:\/\/o-seznam.cz\/napoveda\/garant\/nastaveni-uctu\/","title":{"rendered":"Nastaven\u00ed \u00fa\u010dtu"},"content":{"rendered":"<nav class=\"menu-anchors\">\n<ul>\n\t<li><a href=\"#e-mailova-oznameni\">E-mailov\u00e1 ozn\u00e1men\u00ed<\/a><\/li>\n<li><a href=\"#pristup-do-uctu\">P\u0159\u00edstup do \u00fa\u010dtu<\/a><\/li>\n<\/ul>\n\n<\/nav>\n\n\n\n<div class=\"wp-block-group is-layout-constrained wp-block-group-is-layout-constrained\">\n<h2 class=\"wp-block-heading\" id=\"e-mailova-oznameni\">E-mailov\u00e1 ozn\u00e1men\u00ed<\/h2>\n\n\n\n<p>Syst\u00e9m Seznam Garant rozes\u00edl\u00e1 n\u00e1sleduj\u00edc\u00ed typy informa\u010dn\u00edch zpr\u00e1v:<\/p>\n\n\n\n<ul class=\"wp-block-list\">\n<li>Zpr\u00e1va o zablokov\u00e1n\u00ed reklamy v\u00e1s informuje, o jakou reklamu se jedn\u00e1 a z jak\u00e9ho d\u016fvodu do\u0161lo k jej\u00edmu zam\u00edtnut\u00ed.<\/li>\n<\/ul>\n\n\n\n<h3 class=\"wp-block-heading\">Nastaven\u00ed zas\u00edl\u00e1n\u00ed e-mail\u016f<\/h3>\n\n\n\n<p>Syst\u00e9m zas\u00edl\u00e1 e-mailov\u00e1 ozn\u00e1men\u00ed dle v\u00fdchoz\u00edho nastaven\u00ed na e-mailovou adresu, kter\u00e1 se v\u00e1\u017ee k va\u0161emu \u00fa\u010dtu. Pokud ji chcete zm\u011bnit, u\u010din\u00edte tak v rozhran\u00ed \u2013 z\u00e1lo\u017ece \u201eNastaven\u00ed\u201c, kde naleznete polo\u017eku E-mailov\u00e1 ozn\u00e1men\u00ed. V nastaven\u00ed m\u016f\u017eete tak\u00e9 povolit zas\u00edl\u00e1n\u00ed zpr\u00e1v v r\u00e1mci p\u0159\u00edstupu do jin\u00fdch u\u017eivatelsk\u00fdch \u00fa\u010dt\u016f.<\/p>\n<\/div>\n\n\n\n<div class=\"wp-block-group is-layout-constrained wp-block-group-is-layout-constrained\">\n<h2 class=\"wp-block-heading\" id=\"pristup-do-uctu\">P\u0159\u00edstup do \u00fa\u010dtu<\/h2>\n\n\n\n<p>Seznam Garant umo\u017e\u0148uje poskytnout p\u0159\u00edstup do \u00fa\u010dtu bez nutnosti sd\u011blit p\u0159ihla\u0161ovac\u00ed \u00fadaje. O p\u0159\u00edstup m\u016f\u017eete po\u017e\u00e1dat nebo jej nab\u00eddnout v nastaven\u00ed va\u0161eho \u00fa\u010dtu.<\/p>\n\n\n\n<p>Podle nastaven\u00e9 \u00farovn\u011b p\u0159\u00edstupu p\u0159id\u011bl\u00edte nebo v\u00e1m budou p\u0159id\u011blena n\u00e1sleduj\u00edc\u00ed pr\u00e1va:<\/p>\n\n\n\n<ul class=\"wp-block-list\">\n<li>Report\u00e9r statistik \u2013 U\u017eivatel m\u016f\u017ee do \u00fa\u010dtu pouze nahl\u00ed\u017eet, syst\u00e9m mu tak nedovol\u00ed vytv\u00e1\u0159et objedn\u00e1vky a prov\u00e1d\u011bt jak\u00e9koliv \u00fapravy v jejich nastaven\u00ed. Vytv\u00e1\u0159et a upravovat m\u016f\u017ee pouze statistick\u00e9 reporty.<\/li>\n\n\n\n<li>Spr\u00e1vce kampan\u00ed \u2013 U\u017eivatel m\u00e1 mo\u017enost do \u00fa\u010dtu nahl\u00ed\u017eet a pln\u011b vyu\u017e\u00edvat inzerentsk\u00e9 rozhran\u00ed pro vytv\u00e1\u0159en\u00ed objedn\u00e1vek, nastavov\u00e1n\u00ed kampan\u00ed a sestav.<\/li>\n\n\n\n<li>Administr\u00e1tor \u00fa\u010dtu \u2013 U\u017eivatel m\u016f\u017ee do \u00fa\u010dtu nahl\u00ed\u017eet a vytv\u00e1\u0159et \/ upravovat objedn\u00e1vky, statistick\u00e9 reporty i nastaven\u00ed \u00fa\u010dtu. Oproti Spr\u00e1vci kampan\u00ed m\u016f\u017ee spravovat p\u0159\u00edstupy jin\u00fdch u\u017eivatel\u016f do dan\u00e9ho \u00fa\u010dtu.<\/li>\n<\/ul>\n\n\n\n<p>\u00da\u010det, kter\u00fdm \u017e\u00e1d\u00e1te o p\u0159\u00edstup nebo mu nab\u00edz\u00edte p\u0159\u00edstup, mus\u00ed m\u00edt odsouhlasen\u00e9 smluvn\u00ed podm\u00ednky reklamn\u00edho syst\u00e9mu Sklik a mus\u00ed b\u00fdt registrovan\u00fd v Pen\u011b\u017eence.<\/p>\n\n\n\n<p>\u017d\u00e1dost o p\u0159\u00edstup, nab\u00eddku p\u0159\u00edstupu, nebo zm\u011bnu \u00farovn\u011b p\u0159\u00edstupu mus\u00ed druh\u00fd \u00fa\u010det schv\u00e1lit. O ve\u0161ker\u00fdch \u00fakonech v r\u00e1mci schvalovac\u00edho procesu jsou informov\u00e1ny oba \u00fa\u010dty prost\u0159ednictv\u00edm syst\u00e9mov\u00fdch zpr\u00e1v. Budete-li m\u00edt p\u0159\u00edstup alespo\u0148 do jednoho \u00fa\u010dtu, objev\u00ed se ve va\u0161em rozhran\u00ed z\u00e1lo\u017eka \u00da\u010dty.<\/p>\n\n\n\n<h3 class=\"wp-block-heading\" id=\"pristup-do-jineho-uctu\">Nab\u00eddnut\u00ed\/po\u017e\u00e1d\u00e1n\u00ed o p\u0159\u00edstup do jin\u00e9ho \u00fa\u010dtu<\/h3>\n\n\n\n<p>Z\u00e1lo\u017eka \u00da\u010dty slou\u017e\u00ed pro lep\u0161\u00ed p\u0159ehled nad \u00fa\u010dty, do kter\u00fdch m\u00e1te p\u0159\u00edstup. Naleznete zde mo\u017enost po\u017e\u00e1dat o p\u0159\u00edstup, pojmenovat p\u0159ipojen\u00e9 \u00fa\u010dty, sledovat jejich souhrnn\u00e1 statistick\u00e1 data za zvolen\u00e9 obdob\u00ed, rychle p\u0159istupovat k nov\u00fdm zpr\u00e1v\u00e1m nebo upravovat vlastnosti propojen\u00ed.<\/p>\n\n\n\n<p>V rozhran\u00ed se nad horn\u00ed li\u0161tou nach\u00e1z\u00ed rozbalovac\u00ed nab\u00eddka slou\u017e\u00edc\u00ed pro rychl\u00e9 p\u0159ep\u00edn\u00e1n\u00ed mezi \u00fa\u010dty, do kter\u00fdch m\u00e1te p\u0159\u00edstup.<\/p>\n<\/div>\n","protected":false},"excerpt":{"rendered":"<p>E-mailov\u00e1 ozn\u00e1men\u00ed Syst\u00e9m Seznam Garant rozes\u00edl\u00e1 n\u00e1sleduj\u00edc\u00ed typy informa\u010dn\u00edch zpr\u00e1v: Nastaven\u00ed zas\u00edl\u00e1n\u00ed e-mail\u016f Syst\u00e9m zas\u00edl\u00e1 e-mailov\u00e1 ozn\u00e1men\u00ed dle v\u00fdchoz\u00edho nastaven\u00ed na e-mailovou adresu, kter\u00e1 se v\u00e1\u017ee k va\u0161emu \u00fa\u010dtu. Pokud ji chcete zm\u011bnit, u\u010din\u00edte tak v rozhran\u00ed \u2013 z\u00e1lo\u017ece \u201eNastaven\u00ed\u201c, kde naleznete polo\u017eku E-mailov\u00e1 ozn\u00e1men\u00ed. V nastaven\u00ed m\u016f\u017eete tak\u00e9 povolit zas\u00edl\u00e1n\u00ed zpr\u00e1v v r\u00e1mci p\u0159\u00edstupu [&hellip;]<\/p>\n","protected":false},"author":2,"featured_media":0,"parent":0,"menu_order":8,"comment_status":"closed","ping_status":"closed","template":"page-sidemenu","meta":{"_acf_changed":false,"_relevanssi_hide_post":"","_relevanssi_hide_content":"","_relevanssi_pin_for_all":"","_relevanssi_pin_keywords":"","_relevanssi_unpin_keywords":"","_relevanssi_related_keywords":"","_relevanssi_related_include_ids":"","_relevanssi_related_exclude_ids":"","_relevanssi_related_no_append":"","_relevanssi_related_not_related":"","_relevanssi_related_posts":"","_relevanssi_noindex_reason":"","footnotes":""},"page_category":[3],"page_tag":[],"service_status_category":[],"class_list":["post-33","page","type-page","status-publish","hentry"],"acf":[],"_links":{"self":[{"href":"https:\/\/o-seznam.cz\/napoveda\/garant\/wp-json\/wp\/v2\/pages\/33","targetHints":{"allow":["GET"]}}],"collection":[{"href":"https:\/\/o-seznam.cz\/napoveda\/garant\/wp-json\/wp\/v2\/pages"}],"about":[{"href":"https:\/\/o-seznam.cz\/napoveda\/garant\/wp-json\/wp\/v2\/types\/page"}],"author":[{"embeddable":true,"href":"https:\/\/o-seznam.cz\/napoveda\/garant\/wp-json\/wp\/v2\/users\/2"}],"replies":[{"embeddable":true,"href":"https:\/\/o-seznam.cz\/napoveda\/garant\/wp-json\/wp\/v2\/comments?post=33"}],"version-history":[{"count":5,"href":"https:\/\/o-seznam.cz\/napoveda\/garant\/wp-json\/wp\/v2\/pages\/33\/revisions"}],"predecessor-version":[{"id":93,"href":"https:\/\/o-seznam.cz\/napoveda\/garant\/wp-json\/wp\/v2\/pages\/33\/revisions\/93"}],"wp:attachment":[{"href":"https:\/\/o-seznam.cz\/napoveda\/garant\/wp-json\/wp\/v2\/media?parent=33"}],"wp:term":[{"taxonomy":"page_category","embeddable":true,"href":"https:\/\/o-seznam.cz\/napoveda\/garant\/wp-json\/wp\/v2\/page_category?post=33"},{"taxonomy":"page_tag","embeddable":true,"href":"https:\/\/o-seznam.cz\/napoveda\/garant\/wp-json\/wp\/v2\/page_tag?post=33"},{"taxonomy":"service_status_category","embeddable":true,"href":"https:\/\/o-seznam.cz\/napoveda\/garant\/wp-json\/wp\/v2\/service_status_category?post=33"}],"curies":[{"name":"wp","href":"https:\/\/api.w.org\/{rel}","templated":true}]}}