{"id":31,"date":"2024-06-20T20:23:18","date_gmt":"2024-06-20T18:23:18","guid":{"rendered":"https:\/\/o-seznam.cz\/napoveda\/garant\/?page_id=31"},"modified":"2026-02-18T16:34:39","modified_gmt":"2026-02-18T15:34:39","slug":"statistiky","status":"publish","type":"page","link":"https:\/\/o-seznam.cz\/napoveda\/garant\/statistiky\/","title":{"rendered":"Statistiky"},"content":{"rendered":"\n<div class=\"wp-block-group is-layout-constrained wp-block-group-is-layout-constrained\"><nav class=\"menu-anchors\">\n<ul>\n\t<li><a href=\"#zakladni-nastaveni\">Z\u00e1kladn\u00ed nastaven\u00ed<\/a><\/li>\n<li><a href=\"#sloupce-reportu\">Sloupce reportu<\/a><\/li>\n<li><a href=\"#dalsi-nastaveni\">Dal\u0161\u00ed nastaven\u00ed<\/a><\/li>\n<li><a href=\"#vytvoreni-sablony\">Vytvo\u0159en\u00ed \u0161ablony<\/a><\/li>\n<\/ul>\n\n<\/nav>\n<\/div>\n\n\n\n<div class=\"wp-block-group is-layout-constrained wp-block-group-is-layout-constrained\">\n<p>Statistick\u00fd report m\u016f\u017eete vytvo\u0159it <strong>jednor\u00e1zov\u011b<\/strong>, nebo ulo\u017eit jako <strong>\u0161ablonu pro automatick\u00e9 vytv\u00e1\u0159en\u00ed<\/strong> dle nastaven\u00ed:<\/p>\n<\/div>\n\n\n\n<figure class=\"wp-block-image size-full\"><a href=\"https:\/\/o-seznam.cz\/napoveda\/garant\/wp-content\/uploads\/sites\/8\/2026\/02\/1-reporty.png\"><img loading=\"lazy\" decoding=\"async\" width=\"1920\" height=\"965\" src=\"https:\/\/o-seznam.cz\/napoveda\/garant\/wp-content\/uploads\/sites\/8\/2026\/02\/1-reporty.png\" alt=\"\" class=\"wp-image-354\" srcset=\"https:\/\/o-seznam.cz\/napoveda\/garant\/wp-content\/uploads\/sites\/8\/2026\/02\/1-reporty.png 1920w, https:\/\/o-seznam.cz\/napoveda\/garant\/wp-content\/uploads\/sites\/8\/2026\/02\/1-reporty-992x499.png 992w, https:\/\/o-seznam.cz\/napoveda\/garant\/wp-content\/uploads\/sites\/8\/2026\/02\/1-reporty-320x161.png 320w, https:\/\/o-seznam.cz\/napoveda\/garant\/wp-content\/uploads\/sites\/8\/2026\/02\/1-reporty-768x386.png 768w, https:\/\/o-seznam.cz\/napoveda\/garant\/wp-content\/uploads\/sites\/8\/2026\/02\/1-reporty-1536x772.png 1536w\" sizes=\"auto, (max-width: 1920px) 100vw, 1920px\" \/><\/a><\/figure>\n\n\n\n<div class=\"wp-block-group is-layout-constrained wp-block-group-is-layout-constrained\">\n<p>V reportu si nadefinujete tyto parametry:<\/p>\n<\/div>\n\n\n\n<div class=\"wp-block-group is-layout-constrained wp-block-group-is-layout-constrained\">\n<h2 class=\"wp-block-heading\" id=\"zakladni-nastaveni\">Z\u00e1kladn\u00ed nastaven\u00ed<\/h2>\n\n\n\n<p>\u010casov\u00e9 obdob\u00ed \u2013 nab\u00eddka p\u0159ednastaven\u00fdch mo\u017enost\u00ed nebo v\u00fdb\u011br konkr\u00e9tn\u00edho term\u00ednu<\/p>\n\n\n\n<p>Zobrazit \u2013 volba zobrazen\u00ed dat po dnech, t\u00fddnech, m\u011bs\u00edc\u00edch (nab\u00eddka se \u0159\u00edd\u00ed nastaven\u00edm polo\u017eky \u010casov\u00e9 obdob\u00ed)<\/p>\n\n\n\n<p>Form\u00e1ty reportu \u2013 CSV, HTML, XLS (mo\u017en\u00fd v\u00fdb\u011br v\u00edce polo\u017eek)<\/p>\n\n\n\n<p>Jazyk reportu \u2013 \u010de\u0161tina, angli\u010dtina<\/p>\n<\/div>\n\n\n\n<figure class=\"wp-block-image size-full\"><a href=\"https:\/\/o-seznam.cz\/napoveda\/garant\/wp-content\/uploads\/sites\/8\/2026\/02\/2-zakladni-nastaveni.png\"><img loading=\"lazy\" decoding=\"async\" width=\"1920\" height=\"871\" src=\"https:\/\/o-seznam.cz\/napoveda\/garant\/wp-content\/uploads\/sites\/8\/2026\/02\/2-zakladni-nastaveni.png\" alt=\"\" class=\"wp-image-355\" srcset=\"https:\/\/o-seznam.cz\/napoveda\/garant\/wp-content\/uploads\/sites\/8\/2026\/02\/2-zakladni-nastaveni.png 1920w, https:\/\/o-seznam.cz\/napoveda\/garant\/wp-content\/uploads\/sites\/8\/2026\/02\/2-zakladni-nastaveni-992x450.png 992w, https:\/\/o-seznam.cz\/napoveda\/garant\/wp-content\/uploads\/sites\/8\/2026\/02\/2-zakladni-nastaveni-320x145.png 320w, https:\/\/o-seznam.cz\/napoveda\/garant\/wp-content\/uploads\/sites\/8\/2026\/02\/2-zakladni-nastaveni-768x348.png 768w, https:\/\/o-seznam.cz\/napoveda\/garant\/wp-content\/uploads\/sites\/8\/2026\/02\/2-zakladni-nastaveni-1536x697.png 1536w\" sizes=\"auto, (max-width: 1920px) 100vw, 1920px\" \/><\/a><\/figure>\n\n\n\n<div class=\"wp-block-group is-layout-constrained wp-block-group-is-layout-constrained\">\n<h2 class=\"wp-block-heading\" id=\"sloupce-reportu\">Sloupce reportu<\/h2>\n\n\n\n<p>Typ reportu \u2013 \u00da\u010det, Kampan\u011b, Sestavy, Reklamy, Um\u00edst\u011bn\u00ed<\/p>\n\n\n\n<p>R\u016fzn\u00e9 typy report\u016f m\u016f\u017eete rozd\u011blovat podle voliteln\u00fdch polo\u017eek, nap\u0159\u00edklad statistiky kampan\u011b lze rozd\u011blit podle typu konverz\u00ed nebo typu za\u0159\u00edzen\u00ed.<\/p>\n\n\n\n<figure class=\"wp-block-image size-full\"><a href=\"https:\/\/o-seznam.cz\/napoveda\/garant\/wp-content\/uploads\/sites\/8\/2026\/02\/3-sloupce-reportu.png\"><img loading=\"lazy\" decoding=\"async\" width=\"1920\" height=\"920\" src=\"https:\/\/o-seznam.cz\/napoveda\/garant\/wp-content\/uploads\/sites\/8\/2026\/02\/3-sloupce-reportu.png\" alt=\"\" class=\"wp-image-356\" srcset=\"https:\/\/o-seznam.cz\/napoveda\/garant\/wp-content\/uploads\/sites\/8\/2026\/02\/3-sloupce-reportu.png 1920w, https:\/\/o-seznam.cz\/napoveda\/garant\/wp-content\/uploads\/sites\/8\/2026\/02\/3-sloupce-reportu-992x475.png 992w, https:\/\/o-seznam.cz\/napoveda\/garant\/wp-content\/uploads\/sites\/8\/2026\/02\/3-sloupce-reportu-320x153.png 320w, https:\/\/o-seznam.cz\/napoveda\/garant\/wp-content\/uploads\/sites\/8\/2026\/02\/3-sloupce-reportu-768x368.png 768w, https:\/\/o-seznam.cz\/napoveda\/garant\/wp-content\/uploads\/sites\/8\/2026\/02\/3-sloupce-reportu-1536x736.png 1536w\" sizes=\"auto, (max-width: 1920px) 100vw, 1920px\" \/><\/a><\/figure>\n\n\n\n<p>Sloupce reportu \u2013 mo\u017enost v\u00fdb\u011bru z nab\u00edzen\u00fdch metrik<\/p>\n\n\n\n<p>Uchopen\u00edm 6bodov\u00e9ho ovl\u00e1dac\u00edho prvku vlevo od n\u00e1zvu metriky a jeho p\u0159eta\u017een\u00edm na po\u017eadovanou pozici uprav\u00edte po\u0159ad\u00ed sloupc\u016f ve statistick\u00e9m reportu tak, aby v\u00e1m vyhovovalo.<\/p>\n\n\n\n<figure class=\"wp-block-image size-full\"><a href=\"https:\/\/o-seznam.cz\/napoveda\/garant\/wp-content\/uploads\/sites\/8\/2026\/02\/4-metriky-v-reportu-2.png\"><img loading=\"lazy\" decoding=\"async\" width=\"1920\" height=\"919\" src=\"https:\/\/o-seznam.cz\/napoveda\/garant\/wp-content\/uploads\/sites\/8\/2026\/02\/4-metriky-v-reportu-2.png\" alt=\"\" class=\"wp-image-357\" srcset=\"https:\/\/o-seznam.cz\/napoveda\/garant\/wp-content\/uploads\/sites\/8\/2026\/02\/4-metriky-v-reportu-2.png 1920w, https:\/\/o-seznam.cz\/napoveda\/garant\/wp-content\/uploads\/sites\/8\/2026\/02\/4-metriky-v-reportu-2-992x475.png 992w, https:\/\/o-seznam.cz\/napoveda\/garant\/wp-content\/uploads\/sites\/8\/2026\/02\/4-metriky-v-reportu-2-320x153.png 320w, https:\/\/o-seznam.cz\/napoveda\/garant\/wp-content\/uploads\/sites\/8\/2026\/02\/4-metriky-v-reportu-2-768x368.png 768w, https:\/\/o-seznam.cz\/napoveda\/garant\/wp-content\/uploads\/sites\/8\/2026\/02\/4-metriky-v-reportu-2-1536x735.png 1536w\" sizes=\"auto, (max-width: 1920px) 100vw, 1920px\" \/><\/a><\/figure>\n\n\n\n<p>Nastavit filtr \u2013 mo\u017enost detailn\u011bj\u0161\u00edho nastaven\u00ed polo\u017eek (nap\u0159\u00edklad mo\u017enost v\u00fdb\u011bru filtru Stav kampan\u011b, Typ kampan\u011b (obsahov\u00e1, atd.)<em>. <\/em>Nastaven\u00fd filtr m\u016f\u017eete n\u00e1sledn\u011b zru\u0161it pomoc\u00ed <em>x<\/em> ve \u017elut\u00e9m pruhu.<\/p>\n\n\n\n<p>Kampan\u011b \u2013 mo\u017enost v\u00fdb\u011bru kampan\u011b \/ kampan\u00ed se odemkne po zvolen\u00ed Vybran\u00e9 kampan\u011b (defaultn\u011b Podle filtru) v boxu nad seznamem kampan\u00ed. Kampan\u011b je mo\u017en\u00e9 vyhled\u00e1vat podle n\u00e1zvu.<\/p>\n<\/div>\n\n\n\n<div class=\"wp-block-group is-layout-constrained wp-block-group-is-layout-constrained\">\n<h2 class=\"wp-block-heading\" id=\"dalsi-nastaveni\">Dal\u0161\u00ed nastaven\u00ed<\/h2>\n\n\n\n<p>N\u00e1zev reportu \u2013 automaticky p\u0159edvypl\u0148ov\u00e1n s mo\u017enost\u00ed \u00fapravy<\/p>\n\n\n\n<p>Ulo\u017eit report jako \u0161ablonu \u2013 v jak\u00e9 pravidelnosti se m\u00e1 \u0161ablona spou\u0161t\u011bt a vytv\u00e1\u0159et reporty: denn\u011b, t\u00fddn\u011b, m\u011bs\u00ed\u010dn\u011b, nebo nepou\u0161t\u011bt \u0161ablonu automaticky<\/p>\n\n\n\n<p>Odes\u00edlat report na e-mail \u2013 zde je mo\u017en\u00e9 si nastavit e-mail, kam se maj\u00ed reporty zas\u00edlat. Lze zas\u00edlat i na v\u00edce e-mail\u016f najednou.<\/p>\n<\/div>\n\n\n\n<figure class=\"wp-block-image size-full\"><a href=\"https:\/\/o-seznam.cz\/napoveda\/garant\/wp-content\/uploads\/sites\/8\/2026\/02\/5-dalsi-nastaveni.png\"><img loading=\"lazy\" decoding=\"async\" width=\"1920\" height=\"855\" src=\"https:\/\/o-seznam.cz\/napoveda\/garant\/wp-content\/uploads\/sites\/8\/2026\/02\/5-dalsi-nastaveni.png\" alt=\"\" class=\"wp-image-358\" srcset=\"https:\/\/o-seznam.cz\/napoveda\/garant\/wp-content\/uploads\/sites\/8\/2026\/02\/5-dalsi-nastaveni.png 1920w, https:\/\/o-seznam.cz\/napoveda\/garant\/wp-content\/uploads\/sites\/8\/2026\/02\/5-dalsi-nastaveni-992x442.png 992w, https:\/\/o-seznam.cz\/napoveda\/garant\/wp-content\/uploads\/sites\/8\/2026\/02\/5-dalsi-nastaveni-320x143.png 320w, https:\/\/o-seznam.cz\/napoveda\/garant\/wp-content\/uploads\/sites\/8\/2026\/02\/5-dalsi-nastaveni-768x342.png 768w, https:\/\/o-seznam.cz\/napoveda\/garant\/wp-content\/uploads\/sites\/8\/2026\/02\/5-dalsi-nastaveni-1536x684.png 1536w\" sizes=\"auto, (max-width: 1920px) 100vw, 1920px\" \/><\/a><\/figure>\n\n\n\n<div class=\"wp-block-group is-layout-constrained wp-block-group-is-layout-constrained\">\n<h2 class=\"wp-block-heading\" id=\"vytvoreni-sablony\">Vytvo\u0159en\u00ed \u0161ablony<\/h2>\n\n\n\n<p>\u0160ablonu vytvo\u0159\u00edte p\u0159i generov\u00e1n\u00ed jednor\u00e1zov\u00e9ho reportu za\u0161krtnut\u00edm checkboxu Ulo\u017eit report jako \u0161ablonu nebo p\u0159\u00edmo v z\u00e1lo\u017ece \u0160ablony report\u016f \u2013 Vytvo\u0159it \u0161ablonu.<\/p>\n\n\n\n<p>\u0160ablony budou automaticky generovat nadefinovan\u00e9 reporty dle nastaven\u00ed: denn\u011b, t\u00fddn\u011b, m\u011bs\u00ed\u010dn\u011b, nebo se d\u00e1 nastavit nepou\u0161t\u011bt \u0161ablonu automaticky. V tomto p\u0159\u00edpad\u011b je pot\u0159eba si ru\u010dn\u011b spustit vygenerov\u00e1n\u00ed reportu z ji\u017e vytvo\u0159en\u00e9 \u0161ablony p\u0159es t\u0159\u00edte\u010dkov\u00e9 menu.<\/p>\n\n\n\n<figure class=\"wp-block-image size-full\"><a href=\"https:\/\/o-seznam.cz\/napoveda\/garant\/wp-content\/uploads\/sites\/8\/2026\/02\/6-sablona-reportu.png\"><img loading=\"lazy\" decoding=\"async\" width=\"1920\" height=\"769\" src=\"https:\/\/o-seznam.cz\/napoveda\/garant\/wp-content\/uploads\/sites\/8\/2026\/02\/6-sablona-reportu.png\" alt=\"\" class=\"wp-image-359\" srcset=\"https:\/\/o-seznam.cz\/napoveda\/garant\/wp-content\/uploads\/sites\/8\/2026\/02\/6-sablona-reportu.png 1920w, https:\/\/o-seznam.cz\/napoveda\/garant\/wp-content\/uploads\/sites\/8\/2026\/02\/6-sablona-reportu-992x397.png 992w, https:\/\/o-seznam.cz\/napoveda\/garant\/wp-content\/uploads\/sites\/8\/2026\/02\/6-sablona-reportu-320x128.png 320w, https:\/\/o-seznam.cz\/napoveda\/garant\/wp-content\/uploads\/sites\/8\/2026\/02\/6-sablona-reportu-768x308.png 768w, https:\/\/o-seznam.cz\/napoveda\/garant\/wp-content\/uploads\/sites\/8\/2026\/02\/6-sablona-reportu-1536x615.png 1536w\" sizes=\"auto, (max-width: 1920px) 100vw, 1920px\" \/><\/a><\/figure>\n\n\n\n<p>Pokud si ji\u017e reporty automaticky generovat\/zas\u00edlat nep\u0159ejete, je pot\u0159eba danou \u0161ablonu zru\u0161it v t\u0159\u00edte\u010dkov\u00e9m menu.<\/p>\n<\/div>\n","protected":false},"excerpt":{"rendered":"<p>Statistick\u00fd report m\u016f\u017eete vytvo\u0159it jednor\u00e1zov\u011b, nebo ulo\u017eit jako \u0161ablonu pro automatick\u00e9 vytv\u00e1\u0159en\u00ed dle nastaven\u00ed: V reportu si nadefinujete tyto parametry: Z\u00e1kladn\u00ed nastaven\u00ed \u010casov\u00e9 obdob\u00ed \u2013 nab\u00eddka p\u0159ednastaven\u00fdch mo\u017enost\u00ed nebo v\u00fdb\u011br konkr\u00e9tn\u00edho term\u00ednu Zobrazit \u2013 volba zobrazen\u00ed dat po dnech, t\u00fddnech, m\u011bs\u00edc\u00edch (nab\u00eddka se \u0159\u00edd\u00ed nastaven\u00edm polo\u017eky \u010casov\u00e9 obdob\u00ed) Form\u00e1ty reportu \u2013 CSV, HTML, XLS (mo\u017en\u00fd [&hellip;]<\/p>\n","protected":false},"author":2,"featured_media":0,"parent":0,"menu_order":7,"comment_status":"closed","ping_status":"closed","template":"page-sidemenu","meta":{"_acf_changed":false,"_relevanssi_hide_post":"","_relevanssi_hide_content":"","_relevanssi_pin_for_all":"","_relevanssi_pin_keywords":"","_relevanssi_unpin_keywords":"","_relevanssi_related_keywords":"","_relevanssi_related_include_ids":"","_relevanssi_related_exclude_ids":"","_relevanssi_related_no_append":"","_relevanssi_related_not_related":"","_relevanssi_related_posts":"","_relevanssi_noindex_reason":"","footnotes":""},"page_category":[3],"page_tag":[],"service_status_category":[],"class_list":["post-31","page","type-page","status-publish","hentry"],"acf":[],"_links":{"self":[{"href":"https:\/\/o-seznam.cz\/napoveda\/garant\/wp-json\/wp\/v2\/pages\/31","targetHints":{"allow":["GET"]}}],"collection":[{"href":"https:\/\/o-seznam.cz\/napoveda\/garant\/wp-json\/wp\/v2\/pages"}],"about":[{"href":"https:\/\/o-seznam.cz\/napoveda\/garant\/wp-json\/wp\/v2\/types\/page"}],"author":[{"embeddable":true,"href":"https:\/\/o-seznam.cz\/napoveda\/garant\/wp-json\/wp\/v2\/users\/2"}],"replies":[{"embeddable":true,"href":"https:\/\/o-seznam.cz\/napoveda\/garant\/wp-json\/wp\/v2\/comments?post=31"}],"version-history":[{"count":7,"href":"https:\/\/o-seznam.cz\/napoveda\/garant\/wp-json\/wp\/v2\/pages\/31\/revisions"}],"predecessor-version":[{"id":361,"href":"https:\/\/o-seznam.cz\/napoveda\/garant\/wp-json\/wp\/v2\/pages\/31\/revisions\/361"}],"wp:attachment":[{"href":"https:\/\/o-seznam.cz\/napoveda\/garant\/wp-json\/wp\/v2\/media?parent=31"}],"wp:term":[{"taxonomy":"page_category","embeddable":true,"href":"https:\/\/o-seznam.cz\/napoveda\/garant\/wp-json\/wp\/v2\/page_category?post=31"},{"taxonomy":"page_tag","embeddable":true,"href":"https:\/\/o-seznam.cz\/napoveda\/garant\/wp-json\/wp\/v2\/page_tag?post=31"},{"taxonomy":"service_status_category","embeddable":true,"href":"https:\/\/o-seznam.cz\/napoveda\/garant\/wp-json\/wp\/v2\/service_status_category?post=31"}],"curies":[{"name":"wp","href":"https:\/\/api.w.org\/{rel}","templated":true}]}}