{"id":29,"date":"2024-06-20T20:22:54","date_gmt":"2024-06-20T18:22:54","guid":{"rendered":"https:\/\/o-seznam.cz\/napoveda\/garant\/?page_id=29"},"modified":"2026-02-18T16:28:34","modified_gmt":"2026-02-18T15:28:34","slug":"reklama","status":"publish","type":"page","link":"https:\/\/o-seznam.cz\/napoveda\/garant\/reklama\/","title":{"rendered":"Reklama"},"content":{"rendered":"\n<div class=\"wp-block-group is-layout-constrained wp-block-group-is-layout-constrained\"><nav class=\"menu-anchors\">\n<ul>\n\t<li><a href=\"#vytvoreni-reklamy\">Vytvo\u0159en\u00ed reklamy<\/a><\/li>\n<li><a href=\"#vyber-reklamy\">V\u00fdb\u011br reklamy<\/a><\/li>\n<li><a href=\"#zamitnuti-reklamy\">Zam\u00edtnut\u00ed reklamy<\/a><\/li>\n<li><a href=\"#casove-planovani\">\u010casov\u00e9 pl\u00e1nov\u00e1n\u00ed na reklam\u011b<\/a><\/li>\n<\/ul>\n\n<\/nav>\n<\/div>\n\n\n\n<div class=\"wp-block-group is-layout-constrained wp-block-group-is-layout-constrained\">\n<h2 class=\"wp-block-heading\" id=\"vytvoreni-reklamy\">Vytvo\u0159en\u00ed reklamy<\/h2>\n\n\n\n<p>Vytvo\u0159en\u00ed reklamy provedete proklikem n\u00e1zvu Sestavy v Objedn\u00e1vce a n\u00e1sledn\u00fdm vybr\u00e1n\u00edm tla\u010d\u00edtka Vytvo\u0159it reklamu:<\/p>\n\n\n\n<figure class=\"wp-block-image size-full\"><a href=\"https:\/\/o-seznam.cz\/napoveda\/garant\/wp-content\/uploads\/sites\/8\/2026\/02\/1-vytvoreni-reklamy.png\"><img loading=\"lazy\" decoding=\"async\" width=\"1920\" height=\"926\" src=\"https:\/\/o-seznam.cz\/napoveda\/garant\/wp-content\/uploads\/sites\/8\/2026\/02\/1-vytvoreni-reklamy.png\" alt=\"\" class=\"wp-image-341\" srcset=\"https:\/\/o-seznam.cz\/napoveda\/garant\/wp-content\/uploads\/sites\/8\/2026\/02\/1-vytvoreni-reklamy.png 1920w, https:\/\/o-seznam.cz\/napoveda\/garant\/wp-content\/uploads\/sites\/8\/2026\/02\/1-vytvoreni-reklamy-992x478.png 992w, https:\/\/o-seznam.cz\/napoveda\/garant\/wp-content\/uploads\/sites\/8\/2026\/02\/1-vytvoreni-reklamy-320x154.png 320w, https:\/\/o-seznam.cz\/napoveda\/garant\/wp-content\/uploads\/sites\/8\/2026\/02\/1-vytvoreni-reklamy-768x370.png 768w, https:\/\/o-seznam.cz\/napoveda\/garant\/wp-content\/uploads\/sites\/8\/2026\/02\/1-vytvoreni-reklamy-1536x741.png 1536w\" sizes=\"auto, (max-width: 1920px) 100vw, 1920px\" \/><\/a><\/figure>\n\n\n\n<p>Dal\u0161\u00ed zp\u016fsob je vybrat na z\u00e1lo\u017ece Objedn\u00e1vky podz\u00e1lo\u017eku <strong>Kampan\u011b<\/strong>, <strong>Sestav<\/strong>y nebo <strong>Reklamy<\/strong>:<\/p>\n\n\n\n<figure class=\"wp-block-image size-full\"><a href=\"https:\/\/o-seznam.cz\/napoveda\/garant\/wp-content\/uploads\/sites\/8\/2026\/02\/2-vytvoreni-reklamy.png\"><img loading=\"lazy\" decoding=\"async\" width=\"1920\" height=\"768\" src=\"https:\/\/o-seznam.cz\/napoveda\/garant\/wp-content\/uploads\/sites\/8\/2026\/02\/2-vytvoreni-reklamy.png\" alt=\"\" class=\"wp-image-343\" srcset=\"https:\/\/o-seznam.cz\/napoveda\/garant\/wp-content\/uploads\/sites\/8\/2026\/02\/2-vytvoreni-reklamy.png 1920w, https:\/\/o-seznam.cz\/napoveda\/garant\/wp-content\/uploads\/sites\/8\/2026\/02\/2-vytvoreni-reklamy-992x397.png 992w, https:\/\/o-seznam.cz\/napoveda\/garant\/wp-content\/uploads\/sites\/8\/2026\/02\/2-vytvoreni-reklamy-320x128.png 320w, https:\/\/o-seznam.cz\/napoveda\/garant\/wp-content\/uploads\/sites\/8\/2026\/02\/2-vytvoreni-reklamy-768x307.png 768w, https:\/\/o-seznam.cz\/napoveda\/garant\/wp-content\/uploads\/sites\/8\/2026\/02\/2-vytvoreni-reklamy-1536x614.png 1536w\" sizes=\"auto, (max-width: 1920px) 100vw, 1920px\" \/><\/a><\/figure>\n\n\n\n<p>U podz\u00e1lo\u017eky Kampan\u011b se prokliknete na jej\u00ed Sestavy, ke kter\u00fdm chcete reklamu (podklady) nahr\u00e1vat. M\u016f\u017eete se prokliknout i rovnou do Sestav klienta.<\/p>\n\n\n\n<p>Po prokliknut\u00ed vybran\u00e9 Sestavy se dostanete do p\u0159ehledu reklam, vyberete <strong>Vytvo\u0159it reklamu<\/strong> a banner se nahraje k dan\u00e9 sestav\u011b.<\/p>\n\n\n\n<p>M\u00e1te mo\u017enost vyu\u017e\u00edt i z\u00e1lo\u017eku <strong>Reklamy<\/strong> a op\u011bt kliknout na <strong>Vytvo\u0159it reklamu<\/strong>.<\/p>\n\n\n\n<p>Kampa\u0148 a Sestavu pak vyb\u00edr\u00e1te a\u017e v druh\u00e9m kroku. M\u016f\u017eete vybrat v\u00edce Sestav z dan\u00e9 Kampan\u011b a vlo\u017eit tak stejnou Reklamu do v\u00edce Sestav. Pro ozna\u010den\u00ed v\u00edce polo\u017eek je mo\u017en\u00e9 pou\u017e\u00edt SHIFT \/ CTRL.<\/p>\n<\/div>\n\n\n\n<div class=\"wp-block-group is-layout-constrained wp-block-group-is-layout-constrained\">\n<div class=\"wp-block-group is-layout-constrained wp-block-group-is-layout-constrained\">\n<h2 class=\"wp-block-heading\" id=\"vyber-reklamy\">V\u00fdb\u011br reklamy<\/h2>\n\n\n\n<p>Vyberte, jak\u00fd <strong>typ reklamy<\/strong> chcete vytvo\u0159it, a p\u0159ejd\u011bte do dal\u0161\u00edho kroku.<\/p>\n\n\n\n<figure class=\"wp-block-image size-full\"><a href=\"https:\/\/o-seznam.cz\/napoveda\/garant\/wp-content\/uploads\/sites\/8\/2026\/02\/3-vyber-reklamy.png\"><img loading=\"lazy\" decoding=\"async\" width=\"1920\" height=\"926\" src=\"https:\/\/o-seznam.cz\/napoveda\/garant\/wp-content\/uploads\/sites\/8\/2026\/02\/3-vyber-reklamy.png\" alt=\"\" class=\"wp-image-347\" srcset=\"https:\/\/o-seznam.cz\/napoveda\/garant\/wp-content\/uploads\/sites\/8\/2026\/02\/3-vyber-reklamy.png 1920w, https:\/\/o-seznam.cz\/napoveda\/garant\/wp-content\/uploads\/sites\/8\/2026\/02\/3-vyber-reklamy-992x478.png 992w, https:\/\/o-seznam.cz\/napoveda\/garant\/wp-content\/uploads\/sites\/8\/2026\/02\/3-vyber-reklamy-320x154.png 320w, https:\/\/o-seznam.cz\/napoveda\/garant\/wp-content\/uploads\/sites\/8\/2026\/02\/3-vyber-reklamy-768x370.png 768w, https:\/\/o-seznam.cz\/napoveda\/garant\/wp-content\/uploads\/sites\/8\/2026\/02\/3-vyber-reklamy-1536x741.png 1536w\" sizes=\"auto, (max-width: 1920px) 100vw, 1920px\" \/><\/a><\/figure>\n\n\n\n<h3 class=\"wp-block-heading\">Banner<\/h3>\n\n\n\n<p>V dla\u017edici banner m\u016f\u017eete nahr\u00e1t reklamu pomoc\u00ed <strong>obr\u00e1zku a URL<\/strong>, nebo p\u0159es <strong>extern\u00ed k\u00f3d<\/strong>.<\/p>\n\n\n\n<p>Nastavit zde m\u016f\u017eete n\u00e1sleduj\u00edc\u00ed polo\u017eky (je shodn\u00e9 i pro ostatn\u00ed typy reklam):<\/p>\n\n\n\n<ul class=\"wp-block-list\">\n<li><strong>N\u00e1zev<\/strong><\/li>\n\n\n\n<li><strong>C\u00edlov\u00e1 URL<\/strong> \u2013 tzn. URL pro proklik \/ URL v\u010d. UTM parametr\u016f<\/li>\n\n\n\n<li><strong>M\u011b\u0159\u00edc\u00ed \u0161ablona<\/strong> \u2013 nepovinn\u00e9 pole pro zad\u00e1n\u00ed URL s extern\u00edm m\u011b\u0159ic\u00edm syst\u00e9mem. Toto pole vypl\u0148uj\u00ed pouze u\u017eivatel\u00e9, kte\u0159\u00ed pou\u017e\u00edvaj\u00ed m\u011b\u0159ic\u00ed syst\u00e9m t\u0159et\u00edch stran.<\/li>\n\n\n\n<li><strong>URL pro m\u011b\u0159en\u00ed imprese a URL pro m\u011b\u0159en\u00ed imprese <\/strong>2 \u2013 lze pouze impress PIXEL, nen\u00ed mo\u017en\u00e9 nahr\u00e1t m\u011b\u0159\u00edc\u00ed SCRIPT \u010di RTG k\u00f3d<\/li>\n<\/ul>\n\n\n\n<p>Obr\u00e1zek nahrajete p\u0159es <strong>P\u0159idat soubor <\/strong>nebo pomoc\u00ed drag\u2019n\u2019drop (pouh\u00fdm p\u0159eta\u017een\u00edm nap\u0159. ze souboru do pole \u201ep\u0159idat soubor\u201c).<\/p>\n\n\n\n<figure class=\"wp-block-image size-full\"><a href=\"https:\/\/o-seznam.cz\/napoveda\/garant\/wp-content\/uploads\/sites\/8\/2026\/02\/4-banner-1.png\"><img loading=\"lazy\" decoding=\"async\" width=\"1920\" height=\"1080\" src=\"https:\/\/o-seznam.cz\/napoveda\/garant\/wp-content\/uploads\/sites\/8\/2026\/02\/4-banner-1.png\" alt=\"\" class=\"wp-image-348\" srcset=\"https:\/\/o-seznam.cz\/napoveda\/garant\/wp-content\/uploads\/sites\/8\/2026\/02\/4-banner-1.png 1920w, https:\/\/o-seznam.cz\/napoveda\/garant\/wp-content\/uploads\/sites\/8\/2026\/02\/4-banner-1-992x558.png 992w, https:\/\/o-seznam.cz\/napoveda\/garant\/wp-content\/uploads\/sites\/8\/2026\/02\/4-banner-1-320x180.png 320w, https:\/\/o-seznam.cz\/napoveda\/garant\/wp-content\/uploads\/sites\/8\/2026\/02\/4-banner-1-768x432.png 768w, https:\/\/o-seznam.cz\/napoveda\/garant\/wp-content\/uploads\/sites\/8\/2026\/02\/4-banner-1-1536x864.png 1536w\" sizes=\"auto, (max-width: 1920px) 100vw, 1920px\" \/><\/a><\/figure>\n\n\n\n<p>Zvol\u00edte-li mo\u017enost <em>Extern\u00ed k\u00f3d<\/em>, zobraz\u00ed se v\u00e1m nov\u00fd formul\u00e1\u0159, do kter\u00e9ho k\u00f3d vlo\u017e\u00edte a vypln\u00edte v\u0161echny povinn\u00e9 polo\u017eky:<\/p>\n\n\n\n<ul class=\"wp-block-list\">\n<li>Rozm\u011bry<\/li>\n\n\n\n<li>N\u00e1zev<\/li>\n\n\n\n<li>Extern\u00ed k\u00f3d<\/li>\n<\/ul>\n\n\n\n<figure class=\"wp-block-image size-full\"><a href=\"https:\/\/o-seznam.cz\/napoveda\/garant\/wp-content\/uploads\/sites\/8\/2026\/02\/5-externi-kod.png\"><img loading=\"lazy\" decoding=\"async\" width=\"1920\" height=\"1080\" src=\"https:\/\/o-seznam.cz\/napoveda\/garant\/wp-content\/uploads\/sites\/8\/2026\/02\/5-externi-kod.png\" alt=\"\" class=\"wp-image-345\" srcset=\"https:\/\/o-seznam.cz\/napoveda\/garant\/wp-content\/uploads\/sites\/8\/2026\/02\/5-externi-kod.png 1920w, https:\/\/o-seznam.cz\/napoveda\/garant\/wp-content\/uploads\/sites\/8\/2026\/02\/5-externi-kod-992x558.png 992w, https:\/\/o-seznam.cz\/napoveda\/garant\/wp-content\/uploads\/sites\/8\/2026\/02\/5-externi-kod-320x180.png 320w, https:\/\/o-seznam.cz\/napoveda\/garant\/wp-content\/uploads\/sites\/8\/2026\/02\/5-externi-kod-768x432.png 768w, https:\/\/o-seznam.cz\/napoveda\/garant\/wp-content\/uploads\/sites\/8\/2026\/02\/5-externi-kod-1536x864.png 1536w\" sizes=\"auto, (max-width: 1920px) 100vw, 1920px\" \/><\/a><\/figure>\n\n\n\n<p>Reklamu ulo\u017ete a v n\u00e1hledu zkontrolujte, \u017ee se zobrazuje spr\u00e1vn\u011b. Po jej\u00edm schv\u00e1len\u00ed administr\u00e1tory se reklama za\u010dne zobrazovat, jakmile nastane term\u00edn b\u011bhu sestavy.<\/p>\n<\/div>\n\n\n\n<h4 class=\"wp-block-heading\">Knihovna banner\u016f<\/h4>\n\n\n\n<p>Vytv\u00e1\u0159en\u00ed reklam usnad\u0148uje knihovna reklam. Ta <strong>obsahuje reklamy<\/strong> z cel\u00e9ho \u00fa\u010dtu se\u0159azen\u00e9 podle data vytvo\u0159en\u00ed od nejnov\u011bj\u0161\u00edch. Jednodu\u0161e d\u00edky n\u00ed m\u016f\u017eete <strong>znovu pou\u017e\u00edt<\/strong> ned\u00e1vno vytvo\u0159en\u00e9 <strong>reklamy<\/strong> jinde v \u00fa\u010dtu.<\/p>\n\n\n\n<p>V p\u0159\u00edpad\u011b Banneru vyb\u00edr\u00e1te z Knihovny banner\u016f, v p\u0159\u00edpad\u011b extern\u00edho k\u00f3du je pot\u0159eba p\u0159epnout na extern\u00ed k\u00f3d, kde se zobraz\u00ed Knihovna extern\u00edch k\u00f3d\u016f.<\/p>\n\n\n\n<h4 class=\"wp-block-heading\">Jak na to<\/h4>\n\n\n\n<ul class=\"wp-block-list\">\n<li>P\u0159i vytv\u00e1\u0159en\u00ed reklamy p\u0159ejd\u011bte do z\u00e1lo\u017eky <strong>Knihovna banner\u016f \/ Knihovna extern\u00edch k\u00f3d\u016f<\/strong><\/li>\n\n\n\n<li><strong>Ozna\u010dte<\/strong> po\u017eadovan\u00e9 reklamy. Pro <strong>snadn\u011bj\u0161\u00ed<\/strong> hled\u00e1n\u00ed m\u016f\u017eete pou\u017e\u00edt <strong>filtr<\/strong>.<\/li>\n\n\n\n<li>Potvr\u010fte v\u00fdb\u011br kliknut\u00edm na tla\u010d\u00edtko <strong>Pou\u017e\u00edt<\/strong>.<\/li>\n\n\n\n<li>Reklamy se na\u010dtou do formul\u00e1\u0159\u016f a nyn\u00ed je m\u016f\u017eete<strong> upravit a ulo\u017eit<\/strong>.<\/li>\n<\/ul>\n<\/div>\n\n\n\n<figure class=\"wp-block-image size-full\"><a href=\"https:\/\/o-seznam.cz\/napoveda\/garant\/wp-content\/uploads\/sites\/8\/2026\/02\/6-knihovna-banneru-1.png\"><img loading=\"lazy\" decoding=\"async\" width=\"1920\" height=\"926\" src=\"https:\/\/o-seznam.cz\/napoveda\/garant\/wp-content\/uploads\/sites\/8\/2026\/02\/6-knihovna-banneru-1.png\" alt=\"\" class=\"wp-image-349\" srcset=\"https:\/\/o-seznam.cz\/napoveda\/garant\/wp-content\/uploads\/sites\/8\/2026\/02\/6-knihovna-banneru-1.png 1920w, https:\/\/o-seznam.cz\/napoveda\/garant\/wp-content\/uploads\/sites\/8\/2026\/02\/6-knihovna-banneru-1-992x478.png 992w, https:\/\/o-seznam.cz\/napoveda\/garant\/wp-content\/uploads\/sites\/8\/2026\/02\/6-knihovna-banneru-1-320x154.png 320w, https:\/\/o-seznam.cz\/napoveda\/garant\/wp-content\/uploads\/sites\/8\/2026\/02\/6-knihovna-banneru-1-768x370.png 768w, https:\/\/o-seznam.cz\/napoveda\/garant\/wp-content\/uploads\/sites\/8\/2026\/02\/6-knihovna-banneru-1-1536x741.png 1536w\" sizes=\"auto, (max-width: 1920px) 100vw, 1920px\" \/><\/a><\/figure>\n\n\n\n<div class=\"wp-block-group is-layout-constrained wp-block-group-is-layout-constrained\">\n<h3 class=\"wp-block-heading\">Kombinovan\u00e1 reklama<\/h3>\n\n\n\n<p>Kombinovan\u00e1 reklama neboli Nativn\u00ed inzer\u00e1t je reklama, kter\u00e1 kombinuje obr\u00e1zky a texty.<\/p>\n\n\n\n<p>N\u00e1sledn\u011b v\u00fddej vyb\u00edr\u00e1 takovou kombinaci obr\u00e1zku a textu, kter\u00e1 odpov\u00edd\u00e1 zobrazen\u00ed Nativn\u00edho inzer\u00e1tu &#8211; Kombinovan\u00e9 reklamy na dan\u00e9 plo\u0161e.<\/p>\n\n\n\n<p>Na rozd\u00edl od ostatn\u00edch typ\u016f reklam <strong>nen\u00ed u kombinovan\u00e9 reklamy kolonka n\u00e1zev<\/strong>. Jako n\u00e1zev se bere titulek reklamy.<\/p>\n<\/div>\n\n\n\n<div class=\"wp-block-group is-layout-constrained wp-block-group-is-layout-constrained\">\n<h3 class=\"wp-block-heading\">HTML5 Banner<\/h3>\n\n\n\n<p>Slou\u017e\u00ed pro nahr\u00e1n\u00ed podklad\u016f ve form\u00e1tu HTML5.<\/p>\n\n\n\n<p>HTML5 banner je typicky slo\u017eka soubor\u016f, kter\u00e1 obsahuje jednu HTML str\u00e1nku a soubory pot\u0159ebn\u00e9 pro jej\u00ed sestaven\u00ed (obr\u00e1zky, kask\u00e1dov\u00e9 styly, JavaScript, p\u00edsma, atd.).<\/p>\n\n\n\n<p>Krom\u011b soubor\u016f ze ZIP archivu jsou ned\u00edlnou sou\u010d\u00e1sti je\u0161t\u011b tyto parametry:<\/p>\n\n\n\n<p><strong>Rozm\u011bry, N\u00e1zev a C\u00edlov\u00e1 URL<\/strong> \u2013 obsahuje adresu str\u00e1nky, na kterou se u\u017eivatel po kliknut\u00ed na reklamu dostane. V\u017edy je relevantn\u00ed pouze tato C\u00edlov\u00e1 URL bez ohledu na p\u0159\u00edpadn\u00e9 odkazy obsa\u017een\u00e9 p\u0159\u00edmo v HTML souboru.<\/p>\n<\/div>\n\n\n\n<div class=\"wp-block-group is-layout-constrained wp-block-group-is-layout-constrained\">\n<h2 class=\"wp-block-heading\" id=\"zamitnuti-reklamy\">Zam\u00edtnut\u00ed reklamy<\/h2>\n\n\n\n<p>Neprojde-li vytvo\u0159en\u00fd banner kontrolou reklamy a bude <strong>zam\u00edtnut<\/strong>, zobraz\u00ed se v\u00e1m tato informace ve zpr\u00e1v\u00e1ch i s d\u016fvodem zam\u00edtnut\u00ed a odkazem na uveden\u00e9 pravidlo v n\u00e1pov\u011bd\u011b.<\/p>\n<\/div>\n\n\n\n<div class=\"wp-block-group is-layout-constrained wp-block-group-is-layout-constrained\">\n<h2 class=\"wp-block-heading\" id=\"casove-planovani\">\u010casov\u00e9 pl\u00e1nov\u00e1n\u00ed na reklam\u011b<\/h2>\n\n\n\n<p>Stejn\u011b jako u Sestavy je mo\u017en\u00e9 nastavit <strong>dny nebo hodiny<\/strong>, kdy se maj\u00ed kter\u00e9 reklamy zobrazovat. Pokud je Sestava b\u011b\u017e\u00edc\u00ed (stav Aktivn\u00ed a P\u0159ipraven\u00e1 v dan\u00e9m term\u00ednu), ale nen\u00ed k dispozici reklama (banner) kv\u016fli nastaven\u00e9mu \u010dasov\u00e9mu pl\u00e1nov\u00e1n\u00ed banneru, imprese se nedoh\u00e1n\u00ed.<\/p>\n\n\n\n<p>Defaultn\u011b jsou v\u0161echny \u010dasy aktivn\u00ed, vybr\u00e1n\u00edm jednotliv\u00fdch \u010dasov\u00fdch blok\u016f doch\u00e1z\u00ed k jejich odzna\u010den\u00ed a v\u00fddej nebude v odzna\u010den\u00e9m \u010dasov\u00e9m obdob\u00ed prob\u00edhat.<\/p>\n\n\n\n<p>Reklamy s nastaven\u00fdm \u010dasov\u00fdm pl\u00e1nov\u00e1n\u00edm mus\u00ed pokr\u00fdvat cel\u00fd b\u011bh sestavy.<\/p>\n\n\n\n<p>P\u0159i vytv\u00e1\u0159en\u00ed reklamy (banneru) zvol\u00edte mo\u017enost <strong>Zobrazit \u010dasov\u00e9 pl\u00e1nov\u00e1n\u00ed<\/strong>. Pro pl\u00e1nov\u00e1n\u00ed banneru si m\u016f\u017eete vybrat ze dvou mo\u017enost\u00ed, p\u0159\u00edpadn\u011b je i kombinovat.<\/p>\n\n\n\n<ul class=\"wp-block-list\">\n<li>\u010ctvere\u010dkov\u00e9 pl\u00e1nov\u00e1n\u00ed nastavuje v\u00fddej banneru pro ur\u010dit\u00e9 dny \/ hodiny<\/li>\n\n\n\n<li>Term\u00edn od &#8211; do slou\u017e\u00ed k nastaven\u00ed term\u00ednu b\u011bhu banneru<\/li>\n<\/ul>\n\n\n\n<figure class=\"wp-block-image size-full\"><a href=\"https:\/\/o-seznam.cz\/napoveda\/garant\/wp-content\/uploads\/sites\/8\/2026\/02\/7-casove-planovani.png\"><img loading=\"lazy\" decoding=\"async\" width=\"1897\" height=\"899\" src=\"https:\/\/o-seznam.cz\/napoveda\/garant\/wp-content\/uploads\/sites\/8\/2026\/02\/7-casove-planovani.png\" alt=\"\" class=\"wp-image-350\" srcset=\"https:\/\/o-seznam.cz\/napoveda\/garant\/wp-content\/uploads\/sites\/8\/2026\/02\/7-casove-planovani.png 1897w, https:\/\/o-seznam.cz\/napoveda\/garant\/wp-content\/uploads\/sites\/8\/2026\/02\/7-casove-planovani-992x470.png 992w, https:\/\/o-seznam.cz\/napoveda\/garant\/wp-content\/uploads\/sites\/8\/2026\/02\/7-casove-planovani-320x152.png 320w, https:\/\/o-seznam.cz\/napoveda\/garant\/wp-content\/uploads\/sites\/8\/2026\/02\/7-casove-planovani-768x364.png 768w, https:\/\/o-seznam.cz\/napoveda\/garant\/wp-content\/uploads\/sites\/8\/2026\/02\/7-casove-planovani-1536x728.png 1536w\" sizes=\"auto, (max-width: 1897px) 100vw, 1897px\" \/><\/a><\/figure>\n\n\n\n<p>Bannery, kter\u00e9 maj\u00ed nastaven\u00e9 \u010dasov\u00e9 pl\u00e1nov\u00e1n\u00ed, se pak ve v\u00fdpisov\u00fdch tabulk\u00e1ch zobrazuj\u00ed s ikonou.<\/p>\n\n\n\n<figure class=\"wp-block-image size-full\"><a href=\"https:\/\/o-seznam.cz\/napoveda\/garant\/wp-content\/uploads\/sites\/8\/2026\/02\/8-casova-ikonka-u-banneru.png\"><img loading=\"lazy\" decoding=\"async\" width=\"1920\" height=\"1005\" src=\"https:\/\/o-seznam.cz\/napoveda\/garant\/wp-content\/uploads\/sites\/8\/2026\/02\/8-casova-ikonka-u-banneru.png\" alt=\"\" class=\"wp-image-351\" srcset=\"https:\/\/o-seznam.cz\/napoveda\/garant\/wp-content\/uploads\/sites\/8\/2026\/02\/8-casova-ikonka-u-banneru.png 1920w, https:\/\/o-seznam.cz\/napoveda\/garant\/wp-content\/uploads\/sites\/8\/2026\/02\/8-casova-ikonka-u-banneru-992x519.png 992w, https:\/\/o-seznam.cz\/napoveda\/garant\/wp-content\/uploads\/sites\/8\/2026\/02\/8-casova-ikonka-u-banneru-320x168.png 320w, https:\/\/o-seznam.cz\/napoveda\/garant\/wp-content\/uploads\/sites\/8\/2026\/02\/8-casova-ikonka-u-banneru-768x402.png 768w, https:\/\/o-seznam.cz\/napoveda\/garant\/wp-content\/uploads\/sites\/8\/2026\/02\/8-casova-ikonka-u-banneru-1536x804.png 1536w\" sizes=\"auto, (max-width: 1920px) 100vw, 1920px\" \/><\/a><\/figure>\n<\/div>\n","protected":false},"excerpt":{"rendered":"<p>Vytvo\u0159en\u00ed reklamy Vytvo\u0159en\u00ed reklamy provedete proklikem n\u00e1zvu Sestavy v Objedn\u00e1vce a n\u00e1sledn\u00fdm vybr\u00e1n\u00edm tla\u010d\u00edtka Vytvo\u0159it reklamu: Dal\u0161\u00ed zp\u016fsob je vybrat na z\u00e1lo\u017ece Objedn\u00e1vky podz\u00e1lo\u017eku Kampan\u011b, Sestavy nebo Reklamy: U podz\u00e1lo\u017eky Kampan\u011b se prokliknete na jej\u00ed Sestavy, ke kter\u00fdm chcete reklamu (podklady) nahr\u00e1vat. M\u016f\u017eete se prokliknout i rovnou do Sestav klienta. Po prokliknut\u00ed vybran\u00e9 Sestavy se [&hellip;]<\/p>\n","protected":false},"author":2,"featured_media":0,"parent":0,"menu_order":6,"comment_status":"closed","ping_status":"closed","template":"page-sidemenu","meta":{"_acf_changed":false,"_relevanssi_hide_post":"","_relevanssi_hide_content":"","_relevanssi_pin_for_all":"","_relevanssi_pin_keywords":"","_relevanssi_unpin_keywords":"","_relevanssi_related_keywords":"","_relevanssi_related_include_ids":"","_relevanssi_related_exclude_ids":"","_relevanssi_related_no_append":"","_relevanssi_related_not_related":"","_relevanssi_related_posts":"","_relevanssi_noindex_reason":"","footnotes":""},"page_category":[3],"page_tag":[],"service_status_category":[],"class_list":["post-29","page","type-page","status-publish","hentry"],"acf":[],"_links":{"self":[{"href":"https:\/\/o-seznam.cz\/napoveda\/garant\/wp-json\/wp\/v2\/pages\/29","targetHints":{"allow":["GET"]}}],"collection":[{"href":"https:\/\/o-seznam.cz\/napoveda\/garant\/wp-json\/wp\/v2\/pages"}],"about":[{"href":"https:\/\/o-seznam.cz\/napoveda\/garant\/wp-json\/wp\/v2\/types\/page"}],"author":[{"embeddable":true,"href":"https:\/\/o-seznam.cz\/napoveda\/garant\/wp-json\/wp\/v2\/users\/2"}],"replies":[{"embeddable":true,"href":"https:\/\/o-seznam.cz\/napoveda\/garant\/wp-json\/wp\/v2\/comments?post=29"}],"version-history":[{"count":7,"href":"https:\/\/o-seznam.cz\/napoveda\/garant\/wp-json\/wp\/v2\/pages\/29\/revisions"}],"predecessor-version":[{"id":352,"href":"https:\/\/o-seznam.cz\/napoveda\/garant\/wp-json\/wp\/v2\/pages\/29\/revisions\/352"}],"wp:attachment":[{"href":"https:\/\/o-seznam.cz\/napoveda\/garant\/wp-json\/wp\/v2\/media?parent=29"}],"wp:term":[{"taxonomy":"page_category","embeddable":true,"href":"https:\/\/o-seznam.cz\/napoveda\/garant\/wp-json\/wp\/v2\/page_category?post=29"},{"taxonomy":"page_tag","embeddable":true,"href":"https:\/\/o-seznam.cz\/napoveda\/garant\/wp-json\/wp\/v2\/page_tag?post=29"},{"taxonomy":"service_status_category","embeddable":true,"href":"https:\/\/o-seznam.cz\/napoveda\/garant\/wp-json\/wp\/v2\/service_status_category?post=29"}],"curies":[{"name":"wp","href":"https:\/\/api.w.org\/{rel}","templated":true}]}}