{"id":27,"date":"2024-06-20T20:22:22","date_gmt":"2024-06-20T18:22:22","guid":{"rendered":"https:\/\/o-seznam.cz\/napoveda\/garant\/?page_id=27"},"modified":"2026-02-18T16:14:04","modified_gmt":"2026-02-18T15:14:04","slug":"sestava","status":"publish","type":"page","link":"https:\/\/o-seznam.cz\/napoveda\/garant\/sestava\/","title":{"rendered":"Sestava"},"content":{"rendered":"\n<div class=\"wp-block-group is-layout-constrained wp-block-group-is-layout-constrained\"><nav class=\"menu-anchors\">\n<ul>\n\t<li><a href=\"#casove-planovani\">\u010casov\u00e9 pl\u00e1nov\u00e1n\u00ed<\/a><\/li>\n<li><a href=\"#ulozeni-sestavy\">Ulo\u017een\u00ed Sestavy<\/a><\/li>\n<li><a href=\"#kopirovani-kampane-a-sestavy\">Kop\u00edrov\u00e1n\u00ed Kampan\u011b a Sestavy<\/a><\/li>\n<li><a href=\"#kopirovani-sestav\">Kop\u00edrov\u00e1n\u00ed Sestav<\/a><\/li>\n<li><a href=\"#kopirovani-kampane\">Kop\u00edrov\u00e1n\u00ed Kampan\u011b<\/a><\/li>\n<\/ul>\n\n<\/nav>\n<\/div>\n\n\n\n<div class=\"wp-block-group is-layout-constrained wp-block-group-is-layout-constrained\">\n<p>Po vytvo\u0159en\u00ed Kampan\u011b se automaticky dostanete do Spr\u00e1vy prostoru, kde zakl\u00e1d\u00e1te prvn\u00ed Sestavu.<\/p>\n\n\n\n<p>U Sestavy vypl\u0148te <strong>Term\u00edn od \u2013 do<\/strong>, <strong>Web<\/strong>, <strong>Plochu a Po\u017eadovan\u00fd po\u010det impres\u00ed<\/strong>.<\/p>\n\n\n\n<p>B\u011bh Sestavy zad\u00e1v\u00e1te pouze v r\u00e1mci jednotliv\u00fdch sez\u00f3n a nastaven\u00e9ho term\u00ednu Kampan\u011b. Term\u00edn kampan\u011b je defaultn\u011b nastaven dle term\u00ednu objedn\u00e1vky.<\/p>\n\n\n\n<figure class=\"wp-block-image size-full\"><a href=\"https:\/\/o-seznam.cz\/napoveda\/garant\/wp-content\/uploads\/sites\/8\/2026\/02\/1-sprava-prostoru.png\"><img loading=\"lazy\" decoding=\"async\" width=\"1920\" height=\"1080\" src=\"https:\/\/o-seznam.cz\/napoveda\/garant\/wp-content\/uploads\/sites\/8\/2026\/02\/1-sprava-prostoru.png\" alt=\"\" class=\"wp-image-329\" srcset=\"https:\/\/o-seznam.cz\/napoveda\/garant\/wp-content\/uploads\/sites\/8\/2026\/02\/1-sprava-prostoru.png 1920w, https:\/\/o-seznam.cz\/napoveda\/garant\/wp-content\/uploads\/sites\/8\/2026\/02\/1-sprava-prostoru-992x558.png 992w, https:\/\/o-seznam.cz\/napoveda\/garant\/wp-content\/uploads\/sites\/8\/2026\/02\/1-sprava-prostoru-320x180.png 320w, https:\/\/o-seznam.cz\/napoveda\/garant\/wp-content\/uploads\/sites\/8\/2026\/02\/1-sprava-prostoru-768x432.png 768w, https:\/\/o-seznam.cz\/napoveda\/garant\/wp-content\/uploads\/sites\/8\/2026\/02\/1-sprava-prostoru-1536x864.png 1536w\" sizes=\"auto, (max-width: 1920px) 100vw, 1920px\" \/><\/a><\/figure>\n\n\n\n<p>Ve spodn\u00ed \u010d\u00e1sti Spr\u00e1vy prostoru m\u016f\u017eete d\u00e1le vybrat c\u00edlen\u00ed na Z\u00e1jmy, Region, Za\u0159\u00edzen\u00ed, Pohlav\u00ed, V\u011bk a nastavit \u010casov\u00e9 pl\u00e1nov\u00e1n\u00ed.<\/p>\n\n\n\n<figure class=\"wp-block-image size-full\"><a href=\"https:\/\/o-seznam.cz\/napoveda\/garant\/wp-content\/uploads\/sites\/8\/2026\/02\/2-cileni.png\"><img loading=\"lazy\" decoding=\"async\" width=\"1920\" height=\"1080\" src=\"https:\/\/o-seznam.cz\/napoveda\/garant\/wp-content\/uploads\/sites\/8\/2026\/02\/2-cileni.png\" alt=\"\" class=\"wp-image-331\" srcset=\"https:\/\/o-seznam.cz\/napoveda\/garant\/wp-content\/uploads\/sites\/8\/2026\/02\/2-cileni.png 1920w, https:\/\/o-seznam.cz\/napoveda\/garant\/wp-content\/uploads\/sites\/8\/2026\/02\/2-cileni-992x558.png 992w, https:\/\/o-seznam.cz\/napoveda\/garant\/wp-content\/uploads\/sites\/8\/2026\/02\/2-cileni-320x180.png 320w, https:\/\/o-seznam.cz\/napoveda\/garant\/wp-content\/uploads\/sites\/8\/2026\/02\/2-cileni-768x432.png 768w, https:\/\/o-seznam.cz\/napoveda\/garant\/wp-content\/uploads\/sites\/8\/2026\/02\/2-cileni-1536x864.png 1536w\" sizes=\"auto, (max-width: 1920px) 100vw, 1920px\" \/><\/a><\/figure>\n<\/div>\n\n\n\n<div class=\"wp-block-group is-layout-constrained wp-block-group-is-layout-constrained\">\n<h2 class=\"wp-block-heading\" id=\"casove-planovani\">\u010casov\u00e9 pl\u00e1nov\u00e1n\u00ed<\/h2>\n\n\n\n<p>Prost\u0159ednictv\u00edm \u010casov\u00e9ho pl\u00e1nov\u00e1n\u00ed m\u00e1te mo\u017enost ur\u010dit \u010dasov\u00fd interval, ve kter\u00e9m se (ne)m\u00e1 va\u0161e sestava vyd\u00e1vat.<\/p>\n\n\n\n<p>Defaultn\u011b jsou v\u0161echny \u010dasy aktivn\u00ed, vybr\u00e1n\u00edm jednotliv\u00fdch \u010dasov\u00fdch blok\u016f doch\u00e1z\u00ed k jejich odzna\u010den\u00ed a v\u00fddej nebude v odzna\u010den\u00e9m \u010dasov\u00e9m obdob\u00ed prob\u00edhat.<\/p>\n\n\n\n<p>P\u0159i u\u017eit\u00ed \u010casov\u00e9ho pl\u00e1nov\u00e1n\u00ed na Sestav\u011b se prostor predikuje p\u0159\u00edmo na v\u00e1mi zvolen\u00e9 \u010dasov\u00e9 obdob\u00ed. V\u00fdhodou je, \u017ee nedoch\u00e1z\u00ed ke ztr\u00e1t\u011b impres\u00ed jako v p\u0159\u00edpad\u011b, kdybyste stejn\u00e9 \u010casov\u00e9 pl\u00e1nov\u00e1n\u00ed pou\u017eili jen na Reklam\u011b a Sestavu \u010dasov\u011b neomezili. Prostor by se toti\u017e predikoval na cel\u00fdch 24 hodin.<\/p>\n<\/div>\n\n\n\n<figure class=\"wp-block-image size-full\"><a href=\"https:\/\/o-seznam.cz\/napoveda\/garant\/wp-content\/uploads\/sites\/8\/2026\/02\/3-casove-planovani.png\"><img loading=\"lazy\" decoding=\"async\" width=\"1198\" height=\"578\" src=\"https:\/\/o-seznam.cz\/napoveda\/garant\/wp-content\/uploads\/sites\/8\/2026\/02\/3-casove-planovani.png\" alt=\"\" class=\"wp-image-332\" srcset=\"https:\/\/o-seznam.cz\/napoveda\/garant\/wp-content\/uploads\/sites\/8\/2026\/02\/3-casove-planovani.png 1198w, https:\/\/o-seznam.cz\/napoveda\/garant\/wp-content\/uploads\/sites\/8\/2026\/02\/3-casove-planovani-992x479.png 992w, https:\/\/o-seznam.cz\/napoveda\/garant\/wp-content\/uploads\/sites\/8\/2026\/02\/3-casove-planovani-320x154.png 320w, https:\/\/o-seznam.cz\/napoveda\/garant\/wp-content\/uploads\/sites\/8\/2026\/02\/3-casove-planovani-768x371.png 768w\" sizes=\"auto, (max-width: 1198px) 100vw, 1198px\" \/><\/a><\/figure>\n\n\n\n<div class=\"wp-block-group is-layout-constrained wp-block-group-is-layout-constrained\">\n<p>Ozna\u010den\u00ed \u010dasov\u00e9ho obdob\u00ed:<\/p>\n\n\n\n<ul class=\"wp-block-list\">\n<li>M\u016f\u017eete pou\u017e\u00edvat CTRL nebo SHIFT a pomoc\u00ed my\u0161i vyb\u00edrat jednotliv\u00e9 sloupce, \u0159\u00e1dky, cel\u00e9 bloky nebo jen bu\u0148ky.<\/li>\n\n\n\n<li>M\u016f\u017eete vybrat cel\u00fd jeden blok kliknut\u00edm na \u010dasov\u00e9 rozmez\u00ed, nap\u0159. 12:00\u201316:00.<\/li>\n\n\n\n<li>M\u016f\u017eete vybrat cel\u00fd jeden den kliknut\u00edm na n\u00e1zev ur\u010dit\u00e9ho dne, nap\u0159. Pond\u011bl\u00ed.<\/li>\n<\/ul>\n<\/div>\n\n\n\n<div class=\"wp-block-group is-layout-constrained wp-block-group-is-layout-constrained\">\n<h2 class=\"wp-block-heading\" id=\"ulozeni-sestavy\"><strong>Ulo\u017een\u00ed Sestavy<\/strong><\/h2>\n\n\n\n<p>Jakmile m\u00e1te v Sestav\u011b v\u0161e nastaveno, kliknete na tla\u010d\u00edtko <strong>Spo\u010d\u00edtat<\/strong> a Sestava projde predikc\u00ed. Tla\u010d\u00edtko n\u00e1sledn\u011b za\u0161edne.<\/p>\n\n\n\n<p>Pokud dojde k \u00faprav\u011b Sestavy, tla\u010d\u00edtko se op\u011bt zaktivn\u00ed a je pot\u0159eba kliknout na <strong>P\u0159epo\u010d\u00edtat<\/strong>, aby se Sestava znovu napredikovala dle \u00faprav.<\/p>\n\n\n\n<p>Pokud bude dostatek prostoru, po spo\u010d\u00edt\u00e1n\u00ed predikce se zobraz\u00ed graf Obsazen\u00ed prostoru, kter\u00fd bude po najet\u00ed na dan\u00fd sloupec ukazovat p\u0159edpokl\u00e1dan\u00e9 rozlo\u017een\u00ed impres\u00ed.<\/p>\n\n\n\n<p>N\u00e1sledn\u011b Sestavu ulo\u017e\u00edte p\u0159es zelen\u00e9 tla\u010d\u00edtko Rezervovat prostor a zvol\u00edte n\u00e1zev Kampan\u011b, pokud se jedn\u00e1 o prvn\u00ed zalo\u017eenou Sestavu v Kampani.<\/p>\n<\/div>\n\n\n\n<figure class=\"wp-block-image size-full\"><a href=\"https:\/\/o-seznam.cz\/napoveda\/garant\/wp-content\/uploads\/sites\/8\/2026\/02\/4-plan-spotreby.png\"><img loading=\"lazy\" decoding=\"async\" width=\"1920\" height=\"1080\" src=\"https:\/\/o-seznam.cz\/napoveda\/garant\/wp-content\/uploads\/sites\/8\/2026\/02\/4-plan-spotreby.png\" alt=\"\" class=\"wp-image-333\" srcset=\"https:\/\/o-seznam.cz\/napoveda\/garant\/wp-content\/uploads\/sites\/8\/2026\/02\/4-plan-spotreby.png 1920w, https:\/\/o-seznam.cz\/napoveda\/garant\/wp-content\/uploads\/sites\/8\/2026\/02\/4-plan-spotreby-992x558.png 992w, https:\/\/o-seznam.cz\/napoveda\/garant\/wp-content\/uploads\/sites\/8\/2026\/02\/4-plan-spotreby-320x180.png 320w, https:\/\/o-seznam.cz\/napoveda\/garant\/wp-content\/uploads\/sites\/8\/2026\/02\/4-plan-spotreby-768x432.png 768w, https:\/\/o-seznam.cz\/napoveda\/garant\/wp-content\/uploads\/sites\/8\/2026\/02\/4-plan-spotreby-1536x864.png 1536w\" sizes=\"auto, (max-width: 1920px) 100vw, 1920px\" \/><\/a><\/figure>\n\n\n\n<div class=\"wp-block-group is-layout-constrained wp-block-group-is-layout-constrained\">\n<h2 class=\"wp-block-heading\" id=\"kopirovani-kampane-a-sestavy\">Kop\u00edrov\u00e1n\u00ed Kampan\u011b a Sestavy<\/h2>\n\n\n\n<p>V Objedn\u00e1vce lze kop\u00edrovat vybran\u00e9 Sestavy nebo cel\u00e9 Kampan\u011b.<\/p>\n\n\n\n<p>Mo\u017enost Kop\u00edrov\u00e1n\u00ed najdete uvnit\u0159 Objedn\u00e1vky pod rozklik\u00e1vac\u00edm menu u jednotliv\u00fdch Kampan\u00ed \/ Sestav.<\/p>\n\n\n\n<p>V p\u0159\u00edpad\u011b kop\u00edrov\u00e1n\u00ed Kampan\u00ed \/ Sestav do nov\u00e9 Objedn\u00e1vky mus\u00ed b\u00fdt tato Objedn\u00e1vka ji\u017e vytvo\u0159ena (i pr\u00e1zdn\u00e1).<br><\/p>\n\n\n\n<figure class=\"wp-block-image size-full\"><a href=\"https:\/\/o-seznam.cz\/napoveda\/garant\/wp-content\/uploads\/sites\/8\/2026\/02\/5-kopirovani.png\"><img loading=\"lazy\" decoding=\"async\" width=\"1920\" height=\"1080\" src=\"https:\/\/o-seznam.cz\/napoveda\/garant\/wp-content\/uploads\/sites\/8\/2026\/02\/5-kopirovani.png\" alt=\"\" class=\"wp-image-334\" srcset=\"https:\/\/o-seznam.cz\/napoveda\/garant\/wp-content\/uploads\/sites\/8\/2026\/02\/5-kopirovani.png 1920w, https:\/\/o-seznam.cz\/napoveda\/garant\/wp-content\/uploads\/sites\/8\/2026\/02\/5-kopirovani-992x558.png 992w, https:\/\/o-seznam.cz\/napoveda\/garant\/wp-content\/uploads\/sites\/8\/2026\/02\/5-kopirovani-320x180.png 320w, https:\/\/o-seznam.cz\/napoveda\/garant\/wp-content\/uploads\/sites\/8\/2026\/02\/5-kopirovani-768x432.png 768w, https:\/\/o-seznam.cz\/napoveda\/garant\/wp-content\/uploads\/sites\/8\/2026\/02\/5-kopirovani-1536x864.png 1536w\" sizes=\"auto, (max-width: 1920px) 100vw, 1920px\" \/><\/a><\/figure>\n<\/div>\n\n\n\n<div class=\"wp-block-group is-layout-constrained wp-block-group-is-layout-constrained\">\n<h2 class=\"wp-block-heading\" id=\"kopirovani-sestav\">Kop\u00edrov\u00e1n\u00ed Sestav<\/h2>\n\n\n\n<p>Po v\u00fdb\u011bru tla\u010d\u00edtka Kop\u00edrovat u vybran\u00e9 Sestavy se zobraz\u00ed tabulka pro kop\u00edrov\u00e1n\u00ed.<\/p>\n\n\n\n<p>V lev\u00e9 \u010d\u00e1sti si n\u00e1sledn\u011b pod danou Kampan\u00ed, kde byla vybr\u00e1na prvn\u00ed sestava, m\u016f\u017eete vybrat i dal\u0161\u00ed sestavy pro hromadn\u00e9 kop\u00edrov\u00e1n\u00ed.<\/p>\n\n\n\n<p>V prav\u00e9 \u010d\u00e1sti pak zvol\u00edte Objedn\u00e1vku a Kampa\u0148, p\u0159\u00edpadn\u011b vytvo\u0159\u00edte novou kampa\u0148 v Objedn\u00e1vce, kam chcete zvolen\u00e9 Sestavy kop\u00edrovat.<\/p>\n\n\n\n<p>Z\u00e1rove\u0148 si m\u016f\u017eete vybrat, zda chcete pozastavit nov\u00e9 sestavy \u010di kop\u00edrovat v\u010d. reklam a c\u00edlen\u00ed u sestav.<\/p>\n\n\n\n<p><strong>Kop\u00edrovat reklamy a c\u00edlen\u00ed <\/strong>sestav je <strong>defaultn\u011b za\u0161krtnuto<\/strong>.<\/p>\n\n\n\n<figure class=\"wp-block-image size-full\"><a href=\"https:\/\/o-seznam.cz\/napoveda\/garant\/wp-content\/uploads\/sites\/8\/2026\/02\/6-kopirovani-sestav.png\"><img loading=\"lazy\" decoding=\"async\" width=\"1920\" height=\"926\" src=\"https:\/\/o-seznam.cz\/napoveda\/garant\/wp-content\/uploads\/sites\/8\/2026\/02\/6-kopirovani-sestav.png\" alt=\"\" class=\"wp-image-335\" srcset=\"https:\/\/o-seznam.cz\/napoveda\/garant\/wp-content\/uploads\/sites\/8\/2026\/02\/6-kopirovani-sestav.png 1920w, https:\/\/o-seznam.cz\/napoveda\/garant\/wp-content\/uploads\/sites\/8\/2026\/02\/6-kopirovani-sestav-992x478.png 992w, https:\/\/o-seznam.cz\/napoveda\/garant\/wp-content\/uploads\/sites\/8\/2026\/02\/6-kopirovani-sestav-320x154.png 320w, https:\/\/o-seznam.cz\/napoveda\/garant\/wp-content\/uploads\/sites\/8\/2026\/02\/6-kopirovani-sestav-768x370.png 768w, https:\/\/o-seznam.cz\/napoveda\/garant\/wp-content\/uploads\/sites\/8\/2026\/02\/6-kopirovani-sestav-1536x741.png 1536w\" sizes=\"auto, (max-width: 1920px) 100vw, 1920px\" \/><\/a><\/figure>\n\n\n\n<figure class=\"wp-block-image size-full\"><a href=\"https:\/\/o-seznam.cz\/napoveda\/garant\/wp-content\/uploads\/sites\/8\/2026\/02\/7-kopirovani-sestav-2.png\"><img loading=\"lazy\" decoding=\"async\" width=\"1920\" height=\"926\" src=\"https:\/\/o-seznam.cz\/napoveda\/garant\/wp-content\/uploads\/sites\/8\/2026\/02\/7-kopirovani-sestav-2.png\" alt=\"\" class=\"wp-image-336\" srcset=\"https:\/\/o-seznam.cz\/napoveda\/garant\/wp-content\/uploads\/sites\/8\/2026\/02\/7-kopirovani-sestav-2.png 1920w, https:\/\/o-seznam.cz\/napoveda\/garant\/wp-content\/uploads\/sites\/8\/2026\/02\/7-kopirovani-sestav-2-992x478.png 992w, https:\/\/o-seznam.cz\/napoveda\/garant\/wp-content\/uploads\/sites\/8\/2026\/02\/7-kopirovani-sestav-2-320x154.png 320w, https:\/\/o-seznam.cz\/napoveda\/garant\/wp-content\/uploads\/sites\/8\/2026\/02\/7-kopirovani-sestav-2-768x370.png 768w, https:\/\/o-seznam.cz\/napoveda\/garant\/wp-content\/uploads\/sites\/8\/2026\/02\/7-kopirovani-sestav-2-1536x741.png 1536w\" sizes=\"auto, (max-width: 1920px) 100vw, 1920px\" \/><\/a><\/figure>\n\n\n\n<p>Pokud p\u0159i kop\u00edrov\u00e1n\u00ed vytv\u00e1\u0159\u00edte novou Kampa\u0148, mus\u00edte nastavit <strong>N\u00e1zev<\/strong> a <strong>Datum b\u011bhu kampan\u011b<\/strong>. Dle zvolen\u00e9ho term\u00ednu Kampan\u011b se nastav\u00ed Datum b\u011bhu u sestav, kter\u00e9 m\u016f\u017eete upravit (pouze v r\u00e1mci zvolen\u00e9ho term\u00ednu<br>kampan\u011b). Je mo\u017en\u00e9 m\u011bnit imprese u Sestavy.<\/p>\n\n\n\n<figure class=\"wp-block-image size-full\"><a href=\"https:\/\/o-seznam.cz\/napoveda\/garant\/wp-content\/uploads\/sites\/8\/2026\/02\/8-kopirovani-sestav-3.png\"><img loading=\"lazy\" decoding=\"async\" width=\"1920\" height=\"926\" src=\"https:\/\/o-seznam.cz\/napoveda\/garant\/wp-content\/uploads\/sites\/8\/2026\/02\/8-kopirovani-sestav-3.png\" alt=\"\" class=\"wp-image-337\" srcset=\"https:\/\/o-seznam.cz\/napoveda\/garant\/wp-content\/uploads\/sites\/8\/2026\/02\/8-kopirovani-sestav-3.png 1920w, https:\/\/o-seznam.cz\/napoveda\/garant\/wp-content\/uploads\/sites\/8\/2026\/02\/8-kopirovani-sestav-3-992x478.png 992w, https:\/\/o-seznam.cz\/napoveda\/garant\/wp-content\/uploads\/sites\/8\/2026\/02\/8-kopirovani-sestav-3-320x154.png 320w, https:\/\/o-seznam.cz\/napoveda\/garant\/wp-content\/uploads\/sites\/8\/2026\/02\/8-kopirovani-sestav-3-768x370.png 768w, https:\/\/o-seznam.cz\/napoveda\/garant\/wp-content\/uploads\/sites\/8\/2026\/02\/8-kopirovani-sestav-3-1536x741.png 1536w\" sizes=\"auto, (max-width: 1920px) 100vw, 1920px\" \/><\/a><\/figure>\n\n\n\n<p>Pot\u00e9 zah\u00e1j\u00edte kop\u00edrov\u00e1n\u00ed p\u0159es zelen\u00e9 tla\u010d\u00edtko.<\/p>\n\n\n\n<p>V p\u0159\u00edpad\u011b, \u017ee se kop\u00edrov\u00e1n\u00ed sestav nezda\u0159\u00ed, syst\u00e9m vyp\u00ed\u0161e hl\u00e1\u0161ku. Nej\u010dast\u011bj\u0161\u00ed p\u0159\u00ed\u010dinou je nedostatek prostoru. <br><\/p>\n<\/div>\n\n\n\n<div class=\"wp-block-group is-layout-constrained wp-block-group-is-layout-constrained\">\n<h2 class=\"wp-block-heading\" id=\"kopirovani-kampane\">Kop\u00edrov\u00e1n\u00ed Kampan\u011b<\/h2>\n\n\n\n<p>Funguje obdobn\u011b jako kop\u00edrov\u00e1n\u00ed sestav s t\u00edm rozd\u00edlem, \u017ee p\u0159i kop\u00edrov\u00e1n\u00ed kampan\u00ed se <strong>zkop\u00edruj\u00ed v\u0161echny Sestavy<\/strong> pod danou Kampan\u00ed a nen\u00ed mo\u017en\u00e9 z nich ji\u017e vyb\u00edrat.<\/p>\n\n\n\n<p>P\u0159i kop\u00edrov\u00e1n\u00ed Kampan\u011b si pouze vyb\u00edr\u00e1te, kter\u00e9 Kampan\u011b (lze v\u00edce nar\u00e1z) chcete zkop\u00edrovat, a kam chcete zkop\u00edrovan\u00e9 Kampan\u011b vlo\u017eit. Zda do st\u00e1vaj\u00edc\u00ed nebo jin\u00e9 Objedn\u00e1vky.<\/p>\n\n\n\n<p>V dal\u0161\u00edm kroku nastav\u00edte <em>N\u00e1zev kampan\u011b <\/em>a <em>Datum b\u011bhu <\/em>kampan\u011b<em>, <\/em>p\u0159\u00edpadn\u011b si pouprav\u00edte sestavy (term\u00edn, po\u010det impres\u00ed), a kliknete na <em>Zah\u00e1jit kop\u00edrov\u00e1n\u00ed<\/em>.<\/p>\n\n\n\n<p>V p\u0159\u00edpad\u011b, \u017ee se kop\u00edrov\u00e1n\u00ed sestav nezda\u0159\u00ed, syst\u00e9m op\u011bt vyp\u00ed\u0161e hl\u00e1\u0161ku.<\/p>\n<\/div>\n","protected":false},"excerpt":{"rendered":"<p>Po vytvo\u0159en\u00ed Kampan\u011b se automaticky dostanete do Spr\u00e1vy prostoru, kde zakl\u00e1d\u00e1te prvn\u00ed Sestavu. U Sestavy vypl\u0148te Term\u00edn od \u2013 do, Web, Plochu a Po\u017eadovan\u00fd po\u010det impres\u00ed. B\u011bh Sestavy zad\u00e1v\u00e1te pouze v r\u00e1mci jednotliv\u00fdch sez\u00f3n a nastaven\u00e9ho term\u00ednu Kampan\u011b. Term\u00edn kampan\u011b je defaultn\u011b nastaven dle term\u00ednu objedn\u00e1vky. Ve spodn\u00ed \u010d\u00e1sti Spr\u00e1vy prostoru m\u016f\u017eete d\u00e1le vybrat c\u00edlen\u00ed [&hellip;]<\/p>\n","protected":false},"author":2,"featured_media":0,"parent":0,"menu_order":5,"comment_status":"closed","ping_status":"closed","template":"page-sidemenu","meta":{"_acf_changed":false,"_relevanssi_hide_post":"","_relevanssi_hide_content":"","_relevanssi_pin_for_all":"","_relevanssi_pin_keywords":"","_relevanssi_unpin_keywords":"","_relevanssi_related_keywords":"","_relevanssi_related_include_ids":"","_relevanssi_related_exclude_ids":"","_relevanssi_related_no_append":"","_relevanssi_related_not_related":"","_relevanssi_related_posts":"","_relevanssi_noindex_reason":"","footnotes":""},"page_category":[3],"page_tag":[],"service_status_category":[],"class_list":["post-27","page","type-page","status-publish","hentry"],"acf":[],"_links":{"self":[{"href":"https:\/\/o-seznam.cz\/napoveda\/garant\/wp-json\/wp\/v2\/pages\/27","targetHints":{"allow":["GET"]}}],"collection":[{"href":"https:\/\/o-seznam.cz\/napoveda\/garant\/wp-json\/wp\/v2\/pages"}],"about":[{"href":"https:\/\/o-seznam.cz\/napoveda\/garant\/wp-json\/wp\/v2\/types\/page"}],"author":[{"embeddable":true,"href":"https:\/\/o-seznam.cz\/napoveda\/garant\/wp-json\/wp\/v2\/users\/2"}],"replies":[{"embeddable":true,"href":"https:\/\/o-seznam.cz\/napoveda\/garant\/wp-json\/wp\/v2\/comments?post=27"}],"version-history":[{"count":7,"href":"https:\/\/o-seznam.cz\/napoveda\/garant\/wp-json\/wp\/v2\/pages\/27\/revisions"}],"predecessor-version":[{"id":339,"href":"https:\/\/o-seznam.cz\/napoveda\/garant\/wp-json\/wp\/v2\/pages\/27\/revisions\/339"}],"wp:attachment":[{"href":"https:\/\/o-seznam.cz\/napoveda\/garant\/wp-json\/wp\/v2\/media?parent=27"}],"wp:term":[{"taxonomy":"page_category","embeddable":true,"href":"https:\/\/o-seznam.cz\/napoveda\/garant\/wp-json\/wp\/v2\/page_category?post=27"},{"taxonomy":"page_tag","embeddable":true,"href":"https:\/\/o-seznam.cz\/napoveda\/garant\/wp-json\/wp\/v2\/page_tag?post=27"},{"taxonomy":"service_status_category","embeddable":true,"href":"https:\/\/o-seznam.cz\/napoveda\/garant\/wp-json\/wp\/v2\/service_status_category?post=27"}],"curies":[{"name":"wp","href":"https:\/\/api.w.org\/{rel}","templated":true}]}}