{"id":25,"date":"2024-06-20T20:20:57","date_gmt":"2024-06-20T18:20:57","guid":{"rendered":"https:\/\/o-seznam.cz\/napoveda\/garant\/?page_id=25"},"modified":"2026-02-18T16:17:03","modified_gmt":"2026-02-18T15:17:03","slug":"kampan","status":"publish","type":"page","link":"https:\/\/o-seznam.cz\/napoveda\/garant\/kampan\/","title":{"rendered":"Kampa\u0148"},"content":{"rendered":"\n<div class=\"wp-block-group is-layout-constrained wp-block-group-is-layout-constrained\">\n<p>V tomto kroku m\u016f\u017eete typ kampan\u011b vybrat bu\u010f jedn\u00edm klikem a potvrdit p\u0159echod do dal\u0161\u00edho kroku tla\u010d\u00edtkem \u201cPokra\u010dovat\u201d, nebo dvojklikem na dla\u017edici typu kampan\u011b, kter\u00fd chcete vytvo\u0159it.<\/p>\n\n\n\n<h2 class=\"wp-block-heading\">Na v\u00fdb\u011br m\u00e1te 2 typy kampan\u00ed:<\/h2>\n\n\n\n<ul class=\"wp-block-list\">\n<li>Obsahov\u00e1 kampa\u0148<\/li>\n\n\n\n<li>Videokampa\u0148<\/li>\n<\/ul>\n\n\n\n<figure class=\"wp-block-image size-full is-style-default\"><a href=\"https:\/\/o-seznam.cz\/napoveda\/garant\/wp-content\/uploads\/sites\/8\/2026\/02\/1-typ-kampane.png\"><img loading=\"lazy\" decoding=\"async\" width=\"1936\" height=\"933\" src=\"https:\/\/o-seznam.cz\/napoveda\/garant\/wp-content\/uploads\/sites\/8\/2026\/02\/1-typ-kampane.png\" alt=\"\" class=\"wp-image-307\" srcset=\"https:\/\/o-seznam.cz\/napoveda\/garant\/wp-content\/uploads\/sites\/8\/2026\/02\/1-typ-kampane.png 1936w, https:\/\/o-seznam.cz\/napoveda\/garant\/wp-content\/uploads\/sites\/8\/2026\/02\/1-typ-kampane-992x478.png 992w, https:\/\/o-seznam.cz\/napoveda\/garant\/wp-content\/uploads\/sites\/8\/2026\/02\/1-typ-kampane-320x154.png 320w, https:\/\/o-seznam.cz\/napoveda\/garant\/wp-content\/uploads\/sites\/8\/2026\/02\/1-typ-kampane-768x370.png 768w, https:\/\/o-seznam.cz\/napoveda\/garant\/wp-content\/uploads\/sites\/8\/2026\/02\/1-typ-kampane-1536x740.png 1536w\" sizes=\"auto, (max-width: 1936px) 100vw, 1936px\" \/><\/a><\/figure>\n\n\n\n<p>Proklikem se dostanete do Spr\u00e1vy prostoru, kde vytvo\u0159\u00edte prvn\u00ed Sestavu v Kampani a p\u0159i jej\u00edm ukl\u00e1d\u00e1n\u00ed zvol\u00edte n\u00e1zev Kampan\u011b.<\/p>\n\n\n\n<figure class=\"wp-block-image size-full is-style-default\"><a href=\"https:\/\/o-seznam.cz\/napoveda\/garant\/wp-content\/uploads\/sites\/8\/2026\/02\/2-nazev-kampane.png\"><img loading=\"lazy\" decoding=\"async\" width=\"1920\" height=\"1080\" src=\"https:\/\/o-seznam.cz\/napoveda\/garant\/wp-content\/uploads\/sites\/8\/2026\/02\/2-nazev-kampane.png\" alt=\"\" class=\"wp-image-308\" srcset=\"https:\/\/o-seznam.cz\/napoveda\/garant\/wp-content\/uploads\/sites\/8\/2026\/02\/2-nazev-kampane.png 1920w, https:\/\/o-seznam.cz\/napoveda\/garant\/wp-content\/uploads\/sites\/8\/2026\/02\/2-nazev-kampane-992x558.png 992w, https:\/\/o-seznam.cz\/napoveda\/garant\/wp-content\/uploads\/sites\/8\/2026\/02\/2-nazev-kampane-320x180.png 320w, https:\/\/o-seznam.cz\/napoveda\/garant\/wp-content\/uploads\/sites\/8\/2026\/02\/2-nazev-kampane-768x432.png 768w, https:\/\/o-seznam.cz\/napoveda\/garant\/wp-content\/uploads\/sites\/8\/2026\/02\/2-nazev-kampane-1536x864.png 1536w\" sizes=\"auto, (max-width: 1920px) 100vw, 1920px\" \/><\/a><\/figure>\n<\/div>\n","protected":false},"excerpt":{"rendered":"<p>V tomto kroku m\u016f\u017eete typ kampan\u011b vybrat bu\u010f jedn\u00edm klikem a potvrdit p\u0159echod do dal\u0161\u00edho kroku tla\u010d\u00edtkem \u201cPokra\u010dovat\u201d, nebo dvojklikem na dla\u017edici typu kampan\u011b, kter\u00fd chcete vytvo\u0159it. Na v\u00fdb\u011br m\u00e1te 2 typy kampan\u00ed: Proklikem se dostanete do Spr\u00e1vy prostoru, kde vytvo\u0159\u00edte prvn\u00ed Sestavu v Kampani a p\u0159i jej\u00edm ukl\u00e1d\u00e1n\u00ed zvol\u00edte n\u00e1zev Kampan\u011b.<\/p>\n","protected":false},"author":2,"featured_media":0,"parent":0,"menu_order":4,"comment_status":"closed","ping_status":"closed","template":"page-sidemenu","meta":{"_acf_changed":false,"_relevanssi_hide_post":"","_relevanssi_hide_content":"","_relevanssi_pin_for_all":"","_relevanssi_pin_keywords":"","_relevanssi_unpin_keywords":"","_relevanssi_related_keywords":"","_relevanssi_related_include_ids":"","_relevanssi_related_exclude_ids":"","_relevanssi_related_no_append":"","_relevanssi_related_not_related":"","_relevanssi_related_posts":"","_relevanssi_noindex_reason":"","footnotes":""},"page_category":[3],"page_tag":[],"service_status_category":[],"class_list":["post-25","page","type-page","status-publish","hentry"],"acf":[],"_links":{"self":[{"href":"https:\/\/o-seznam.cz\/napoveda\/garant\/wp-json\/wp\/v2\/pages\/25","targetHints":{"allow":["GET"]}}],"collection":[{"href":"https:\/\/o-seznam.cz\/napoveda\/garant\/wp-json\/wp\/v2\/pages"}],"about":[{"href":"https:\/\/o-seznam.cz\/napoveda\/garant\/wp-json\/wp\/v2\/types\/page"}],"author":[{"embeddable":true,"href":"https:\/\/o-seznam.cz\/napoveda\/garant\/wp-json\/wp\/v2\/users\/2"}],"replies":[{"embeddable":true,"href":"https:\/\/o-seznam.cz\/napoveda\/garant\/wp-json\/wp\/v2\/comments?post=25"}],"version-history":[{"count":15,"href":"https:\/\/o-seznam.cz\/napoveda\/garant\/wp-json\/wp\/v2\/pages\/25\/revisions"}],"predecessor-version":[{"id":340,"href":"https:\/\/o-seznam.cz\/napoveda\/garant\/wp-json\/wp\/v2\/pages\/25\/revisions\/340"}],"wp:attachment":[{"href":"https:\/\/o-seznam.cz\/napoveda\/garant\/wp-json\/wp\/v2\/media?parent=25"}],"wp:term":[{"taxonomy":"page_category","embeddable":true,"href":"https:\/\/o-seznam.cz\/napoveda\/garant\/wp-json\/wp\/v2\/page_category?post=25"},{"taxonomy":"page_tag","embeddable":true,"href":"https:\/\/o-seznam.cz\/napoveda\/garant\/wp-json\/wp\/v2\/page_tag?post=25"},{"taxonomy":"service_status_category","embeddable":true,"href":"https:\/\/o-seznam.cz\/napoveda\/garant\/wp-json\/wp\/v2\/service_status_category?post=25"}],"curies":[{"name":"wp","href":"https:\/\/api.w.org\/{rel}","templated":true}]}}