{"id":23,"date":"2024-06-20T20:20:18","date_gmt":"2024-06-20T18:20:18","guid":{"rendered":"https:\/\/o-seznam.cz\/napoveda\/garant\/?page_id=23"},"modified":"2026-02-18T16:03:36","modified_gmt":"2026-02-18T15:03:36","slug":"objednavka","status":"publish","type":"page","link":"https:\/\/o-seznam.cz\/napoveda\/garant\/objednavka\/","title":{"rendered":"Objedn\u00e1vka"},"content":{"rendered":"\n<div class=\"wp-block-group is-layout-constrained wp-block-group-is-layout-constrained\"><nav class=\"menu-anchors\">\n<ul>\n\t<li><a href=\"#struktura\">Struktura objedn\u00e1vky<\/a><\/li>\n<li><a href=\"#zalozeni-a-uprava\">Zalo\u017een\u00ed a \u00faprava objedn\u00e1vky<\/a><\/li>\n<li><a href=\"#ulozeni-objednavky\">Ulo\u017een\u00ed objedn\u00e1vky<\/a><\/li>\n<li><a href=\"#draft\">Draft (rozpracovan\u00e1 objedn\u00e1vka)<\/a><\/li>\n<li><a href=\"#uprava-zalozene-objednavky\">\u00daprava zalo\u017een\u00e9 objedn\u00e1vky<\/a><\/li>\n<\/ul>\n\n<\/nav>\n<\/div>\n\n\n\n<div class=\"wp-block-group is-layout-constrained wp-block-group-is-layout-constrained\">\n<h2 class=\"wp-block-heading\" id=\"struktura\">Struktura objedn\u00e1vky<\/h2>\n\n\n\n<p>Seznam Garant v r\u00e1mci struktury pracuje se 3 polo\u017ekami:<\/p>\n\n\n\n<ol class=\"wp-block-list\">\n<li>Sestava \u2013 na Sestav\u011b nastavujete term\u00edn, web a plochu, po\u010det impres\u00ed, p\u0159\u00edpadn\u011b i c\u00edlen\u00ed a \u010dasov\u00e9 pl\u00e1nov\u00e1n\u00ed. N\u00e1zvy Sestav v jedn\u00e9 Kampani mus\u00ed b\u00fdt t\u00e9\u017e unik\u00e1tn\u00ed (pokud jsou Sestavy pod r\u016fzn\u00fdmi Kampan\u011bmi, n\u00e1zvy se mohou opakovat). Pod sestavu se d\u00e1le \u0159ad\u00ed Reklama.<\/li>\n\n\n\n<li>Objedn\u00e1vka \u2013 na Objedn\u00e1vku je v\u00e1zan\u00e1 fakturace a \u201ezast\u0159e\u0161uje\u201d Kampan\u011b a Sestavy. Je-li pod jedn\u00edm RUS \u00fa\u010dtem v\u00edce Objedn\u00e1vek, jejich n\u00e1zvy mus\u00ed b\u00fdt unik\u00e1tn\u00ed<\/li>\n\n\n\n<li>Kampa\u0148 \u2013 na Kampani nastavujete, zda se jedn\u00e1 o Obsahovou kampa\u0148 nebo Videokampa\u0148. Ka\u017ed\u00e1 Kampa\u0148 pod dan\u00fdm RUS \u00fa\u010dtem mus\u00ed m\u00edt unik\u00e1tn\u00ed n\u00e1zev. Kampa\u0148 m\u016f\u017ee sou\u010dasn\u011b slou\u017eit jako organiza\u010dn\u00ed prvek objedn\u00e1vky. Za\u0159azen\u00edm sestav pod jednotliv\u00e9 kampan\u011b m\u016f\u017eete d\u00e1le strukturovat objedn\u00e1vku a uspo\u0159\u00e1dat ji tak do logick\u00fdch celk\u016f.<\/li>\n<\/ol>\n<\/div>\n\n\n\n<div class=\"wp-block-group is-layout-constrained wp-block-group-is-layout-constrained\">\n<h2 class=\"wp-block-heading\" id=\"zalozeni-a-uprava\">Zalo\u017een\u00ed a \u00faprava objedn\u00e1vky<\/h2>\n\n\n\n<p>V z\u00e1lo\u017ece Objedn\u00e1vky vyberete zelen\u00e9 tla\u010d\u00edtko <strong>Vytvo\u0159it objedn\u00e1vku<\/strong>, kter\u00e9 uvid\u00edte po p\u0159epnut\u00ed do Seznam Garantu.<\/p>\n\n\n\n<figure class=\"wp-block-image size-full is-style-default\"><a href=\"https:\/\/o-seznam.cz\/napoveda\/garant\/wp-content\/uploads\/sites\/8\/2026\/02\/1-zalozeni-objednavky.png\"><img loading=\"lazy\" decoding=\"async\" width=\"1936\" height=\"933\" src=\"https:\/\/o-seznam.cz\/napoveda\/garant\/wp-content\/uploads\/sites\/8\/2026\/02\/1-zalozeni-objednavky.png\" alt=\"\" class=\"wp-image-286\" srcset=\"https:\/\/o-seznam.cz\/napoveda\/garant\/wp-content\/uploads\/sites\/8\/2026\/02\/1-zalozeni-objednavky.png 1936w, https:\/\/o-seznam.cz\/napoveda\/garant\/wp-content\/uploads\/sites\/8\/2026\/02\/1-zalozeni-objednavky-992x478.png 992w, https:\/\/o-seznam.cz\/napoveda\/garant\/wp-content\/uploads\/sites\/8\/2026\/02\/1-zalozeni-objednavky-320x154.png 320w, https:\/\/o-seznam.cz\/napoveda\/garant\/wp-content\/uploads\/sites\/8\/2026\/02\/1-zalozeni-objednavky-768x370.png 768w, https:\/\/o-seznam.cz\/napoveda\/garant\/wp-content\/uploads\/sites\/8\/2026\/02\/1-zalozeni-objednavky-1536x740.png 1536w\" sizes=\"auto, (max-width: 1936px) 100vw, 1936px\" \/><\/a><\/figure>\n\n\n\n<p>V n\u00e1sleduj\u00edc\u00edm kroku vypln\u00edte <strong>N\u00e1zev objedn\u00e1vky<\/strong> a <strong>Term\u00edn od \u2013 do<\/strong>.<\/p>\n\n\n\n<figure class=\"wp-block-image size-full is-style-default\"><a href=\"https:\/\/o-seznam.cz\/napoveda\/garant\/wp-content\/uploads\/sites\/8\/2026\/02\/2-vyplneni-objednavky.png\"><img loading=\"lazy\" decoding=\"async\" width=\"1893\" height=\"918\" src=\"https:\/\/o-seznam.cz\/napoveda\/garant\/wp-content\/uploads\/sites\/8\/2026\/02\/2-vyplneni-objednavky.png\" alt=\"\" class=\"wp-image-288\" srcset=\"https:\/\/o-seznam.cz\/napoveda\/garant\/wp-content\/uploads\/sites\/8\/2026\/02\/2-vyplneni-objednavky.png 1893w, https:\/\/o-seznam.cz\/napoveda\/garant\/wp-content\/uploads\/sites\/8\/2026\/02\/2-vyplneni-objednavky-992x481.png 992w, https:\/\/o-seznam.cz\/napoveda\/garant\/wp-content\/uploads\/sites\/8\/2026\/02\/2-vyplneni-objednavky-320x155.png 320w, https:\/\/o-seznam.cz\/napoveda\/garant\/wp-content\/uploads\/sites\/8\/2026\/02\/2-vyplneni-objednavky-768x372.png 768w, https:\/\/o-seznam.cz\/napoveda\/garant\/wp-content\/uploads\/sites\/8\/2026\/02\/2-vyplneni-objednavky-1536x745.png 1536w\" sizes=\"auto, (max-width: 1893px) 100vw, 1893px\" \/><\/a><\/figure>\n\n\n\n<p>V z\u00e1lo\u017ece Kontakt vyberte spr\u00e1vnou kontaktn\u00ed osobu a adresu.<\/p>\n\n\n\n<figure class=\"wp-block-gallery has-nested-images columns-default is-cropped wp-block-gallery-1 is-layout-flex wp-block-gallery-is-layout-flex\">\n<figure class=\"wp-block-image size-large is-style-default\"><a href=\"https:\/\/o-seznam.cz\/napoveda\/garant\/wp-content\/uploads\/sites\/8\/2026\/02\/3-kontakt.png\"><img loading=\"lazy\" decoding=\"async\" width=\"1861\" height=\"686\" data-id=\"291\" src=\"https:\/\/o-seznam.cz\/napoveda\/garant\/wp-content\/uploads\/sites\/8\/2026\/02\/3-kontakt.png\" alt=\"\" class=\"wp-image-291\" srcset=\"https:\/\/o-seznam.cz\/napoveda\/garant\/wp-content\/uploads\/sites\/8\/2026\/02\/3-kontakt.png 1861w, https:\/\/o-seznam.cz\/napoveda\/garant\/wp-content\/uploads\/sites\/8\/2026\/02\/3-kontakt-992x366.png 992w, https:\/\/o-seznam.cz\/napoveda\/garant\/wp-content\/uploads\/sites\/8\/2026\/02\/3-kontakt-320x118.png 320w, https:\/\/o-seznam.cz\/napoveda\/garant\/wp-content\/uploads\/sites\/8\/2026\/02\/3-kontakt-768x283.png 768w, https:\/\/o-seznam.cz\/napoveda\/garant\/wp-content\/uploads\/sites\/8\/2026\/02\/3-kontakt-1536x566.png 1536w\" sizes=\"auto, (max-width: 1861px) 100vw, 1861px\" \/><\/a><\/figure>\n<\/figure>\n\n\n\n<p>V z\u00e1lo\u017ece Pozn\u00e1mky m\u016f\u017eete doplnit pot\u0159ebn\u00e9 informace do Pozn\u00e1mky na objedn\u00e1vku nebo Pozn\u00e1mky na fakturu.<\/p>\n\n\n\n<figure class=\"wp-block-image size-full is-style-default\"><a href=\"https:\/\/o-seznam.cz\/napoveda\/garant\/wp-content\/uploads\/sites\/8\/2026\/02\/4-poznamky.png\"><img loading=\"lazy\" decoding=\"async\" width=\"1936\" height=\"1416\" src=\"https:\/\/o-seznam.cz\/napoveda\/garant\/wp-content\/uploads\/sites\/8\/2026\/02\/4-poznamky.png\" alt=\"\" class=\"wp-image-292\" srcset=\"https:\/\/o-seznam.cz\/napoveda\/garant\/wp-content\/uploads\/sites\/8\/2026\/02\/4-poznamky.png 1936w, https:\/\/o-seznam.cz\/napoveda\/garant\/wp-content\/uploads\/sites\/8\/2026\/02\/4-poznamky-992x726.png 992w, https:\/\/o-seznam.cz\/napoveda\/garant\/wp-content\/uploads\/sites\/8\/2026\/02\/4-poznamky-320x234.png 320w, https:\/\/o-seznam.cz\/napoveda\/garant\/wp-content\/uploads\/sites\/8\/2026\/02\/4-poznamky-768x562.png 768w, https:\/\/o-seznam.cz\/napoveda\/garant\/wp-content\/uploads\/sites\/8\/2026\/02\/4-poznamky-1536x1123.png 1536w\" sizes=\"auto, (max-width: 1936px) 100vw, 1936px\" \/><\/a><\/figure>\n\n\n\n<p>N\u00e1sledn\u011b na z\u00e1lo\u017ece Kampan\u011b klikn\u011bte na tla\u010d\u00edtko <strong>P\u0159idat kampa\u0148<\/strong>.<\/p>\n\n\n\n<figure class=\"wp-block-image size-full is-style-default\"><a href=\"https:\/\/o-seznam.cz\/napoveda\/garant\/wp-content\/uploads\/sites\/8\/2026\/02\/5-kampan.png\"><img loading=\"lazy\" decoding=\"async\" width=\"1936\" height=\"933\" src=\"https:\/\/o-seznam.cz\/napoveda\/garant\/wp-content\/uploads\/sites\/8\/2026\/02\/5-kampan.png\" alt=\"\" class=\"wp-image-293\" srcset=\"https:\/\/o-seznam.cz\/napoveda\/garant\/wp-content\/uploads\/sites\/8\/2026\/02\/5-kampan.png 1936w, https:\/\/o-seznam.cz\/napoveda\/garant\/wp-content\/uploads\/sites\/8\/2026\/02\/5-kampan-992x478.png 992w, https:\/\/o-seznam.cz\/napoveda\/garant\/wp-content\/uploads\/sites\/8\/2026\/02\/5-kampan-320x154.png 320w, https:\/\/o-seznam.cz\/napoveda\/garant\/wp-content\/uploads\/sites\/8\/2026\/02\/5-kampan-768x370.png 768w, https:\/\/o-seznam.cz\/napoveda\/garant\/wp-content\/uploads\/sites\/8\/2026\/02\/5-kampan-1536x740.png 1536w\" sizes=\"auto, (max-width: 1936px) 100vw, 1936px\" \/><\/a><\/figure>\n<\/div>\n\n\n\n<div class=\"wp-block-group is-layout-constrained wp-block-group-is-layout-constrained\">\n<h2 class=\"wp-block-heading\" id=\"ulozeni-objednavky\">Ulo\u017een\u00ed objedn\u00e1vky<\/h2>\n\n\n\n<p>Kdy\u017e je Objedn\u00e1vka \/ Kampa\u0148 \/ Sestava zad\u00e1na dle po\u017eadavku, nebo po p\u0159\u00edpadn\u00e9 editaci, je pot\u0159eba <strong>Ulo\u017eit objedn\u00e1vku<\/strong>.<\/p>\n\n\n\n<figure class=\"wp-block-image size-full is-style-default\"><a href=\"https:\/\/o-seznam.cz\/napoveda\/garant\/wp-content\/uploads\/sites\/8\/2026\/02\/6-ulozeni-objednavky.png\"><img loading=\"lazy\" decoding=\"async\" width=\"1920\" height=\"926\" src=\"https:\/\/o-seznam.cz\/napoveda\/garant\/wp-content\/uploads\/sites\/8\/2026\/02\/6-ulozeni-objednavky.png\" alt=\"\" class=\"wp-image-297\" srcset=\"https:\/\/o-seznam.cz\/napoveda\/garant\/wp-content\/uploads\/sites\/8\/2026\/02\/6-ulozeni-objednavky.png 1920w, https:\/\/o-seznam.cz\/napoveda\/garant\/wp-content\/uploads\/sites\/8\/2026\/02\/6-ulozeni-objednavky-992x478.png 992w, https:\/\/o-seznam.cz\/napoveda\/garant\/wp-content\/uploads\/sites\/8\/2026\/02\/6-ulozeni-objednavky-320x154.png 320w, https:\/\/o-seznam.cz\/napoveda\/garant\/wp-content\/uploads\/sites\/8\/2026\/02\/6-ulozeni-objednavky-768x370.png 768w, https:\/\/o-seznam.cz\/napoveda\/garant\/wp-content\/uploads\/sites\/8\/2026\/02\/6-ulozeni-objednavky-1536x741.png 1536w\" sizes=\"auto, (max-width: 1920px) 100vw, 1920px\" \/><\/a><\/figure>\n\n\n\n<p>Po ulo\u017een\u00ed se dostanete zp\u011bt do p\u0159ehledu Objedn\u00e1vek.<\/p>\n<\/div>\n\n\n\n<div class=\"wp-block-group is-layout-constrained wp-block-group-is-layout-constrained\">\n<h2 class=\"wp-block-heading\" id=\"draft\"><strong>Draft (rozpracovan\u00e1 objedn\u00e1vka)<\/strong><\/h2>\n\n\n\n<p>P\u0159i vytv\u00e1\u0159en\u00ed nebo editaci Objedn\u00e1vky a jej\u00edch Kampan\u00ed \/ Sestav vznik\u00e1 tzv. DRAFT (rozpracov\u00e1n\u00ed objedn\u00e1vky). Objedn\u00e1vku je pak pot\u0159eba ulo\u017eit p\u0159es tla\u010d\u00edtko Ulo\u017eit objedn\u00e1vku.<\/p>\n\n\n\n<p>Rozpracovan\u00e1 objedn\u00e1vka (draft) z\u016fstane v syst\u00e9mu dostupn\u00e1 k dal\u0161\u00edm \u00faprav\u00e1m maxim\u00e1ln\u011b 14 dn\u00ed, pot\u00e9 vyexpiruje, tzn. zru\u0161\u00ed se.<\/p>\n\n\n\n<p>Objedn\u00e1vka s draftem se nevyd\u00e1v\u00e1, pro v\u00fddej je pot\u0159eba \u201eodstranit\u201d draft ulo\u017een\u00edm objedn\u00e1vky.<\/p>\n<\/div>\n\n\n\n<figure class=\"wp-block-image size-full is-style-default\"><a href=\"https:\/\/o-seznam.cz\/napoveda\/garant\/wp-content\/uploads\/sites\/8\/2026\/02\/7-draft.png\"><img loading=\"lazy\" decoding=\"async\" width=\"1920\" height=\"926\" src=\"https:\/\/o-seznam.cz\/napoveda\/garant\/wp-content\/uploads\/sites\/8\/2026\/02\/7-draft.png\" alt=\"\" class=\"wp-image-299\" srcset=\"https:\/\/o-seznam.cz\/napoveda\/garant\/wp-content\/uploads\/sites\/8\/2026\/02\/7-draft.png 1920w, https:\/\/o-seznam.cz\/napoveda\/garant\/wp-content\/uploads\/sites\/8\/2026\/02\/7-draft-992x478.png 992w, https:\/\/o-seznam.cz\/napoveda\/garant\/wp-content\/uploads\/sites\/8\/2026\/02\/7-draft-320x154.png 320w, https:\/\/o-seznam.cz\/napoveda\/garant\/wp-content\/uploads\/sites\/8\/2026\/02\/7-draft-768x370.png 768w, https:\/\/o-seznam.cz\/napoveda\/garant\/wp-content\/uploads\/sites\/8\/2026\/02\/7-draft-1536x741.png 1536w\" sizes=\"auto, (max-width: 1920px) 100vw, 1920px\" \/><\/a><\/figure>\n\n\n\n<div class=\"wp-block-group is-layout-constrained wp-block-group-is-layout-constrained\">\n<h2 class=\"wp-block-heading\" id=\"uprava-zalozene-objednavky\">\u00daprava zalo\u017een\u00e9 objedn\u00e1vky<\/h2>\n\n\n\n<p>P\u0159i vytv\u00e1\u0159en\u00ed nebo editaci Objedn\u00e1vky a jej\u00edch Kampan\u00ed \/ Sestav vznik\u00e1 tzv. DRAFT (rozpracov\u00e1n\u00ed objedn\u00e1vky). Objedn\u00e1vku je pak pot\u0159eba ulo\u017eit p\u0159es tla\u010d\u00edtko Ulo\u017eit objedn\u00e1vku.<\/p>\n\n\n\n<p>Rozpracovan\u00e1 objedn\u00e1vka (draft) z\u016fstane v syst\u00e9mu dostupn\u00e1 k dal\u0161\u00edm \u00faprav\u00e1m maxim\u00e1ln\u011b 14 dn\u00ed, pot\u00e9 vyexpiruje, tzn. zru\u0161\u00ed se.<\/p>\n\n\n\n<p>Objedn\u00e1vka s draftem se nevyd\u00e1v\u00e1, pro v\u00fddej je pot\u0159eba \u201eodstranit\u201d draft ulo\u017een\u00edm objedn\u00e1vky.<\/p>\n<\/div>\n\n\n\n<div class=\"wp-block-group is-layout-constrained wp-block-group-is-layout-constrained\">\n<p>Editace je mo\u017en\u00e1 dv\u011bma zp\u016fsoby:<\/p>\n\n\n\n<p>1. P\u0159i prokliku p\u0159es edita\u010dn\u00ed tu\u017eku se p\u0159esunete do detailu \/ k \u00faprav\u011b Objedn\u00e1vky.<\/p>\n\n\n\n<figure class=\"wp-block-image size-full is-style-default\"><a href=\"https:\/\/o-seznam.cz\/napoveda\/garant\/wp-content\/uploads\/sites\/8\/2026\/02\/8-editace-objednavky.png\"><img loading=\"lazy\" decoding=\"async\" width=\"1931\" height=\"705\" src=\"https:\/\/o-seznam.cz\/napoveda\/garant\/wp-content\/uploads\/sites\/8\/2026\/02\/8-editace-objednavky.png\" alt=\"\" class=\"wp-image-300\" srcset=\"https:\/\/o-seznam.cz\/napoveda\/garant\/wp-content\/uploads\/sites\/8\/2026\/02\/8-editace-objednavky.png 1931w, https:\/\/o-seznam.cz\/napoveda\/garant\/wp-content\/uploads\/sites\/8\/2026\/02\/8-editace-objednavky-992x362.png 992w, https:\/\/o-seznam.cz\/napoveda\/garant\/wp-content\/uploads\/sites\/8\/2026\/02\/8-editace-objednavky-320x117.png 320w, https:\/\/o-seznam.cz\/napoveda\/garant\/wp-content\/uploads\/sites\/8\/2026\/02\/8-editace-objednavky-768x280.png 768w, https:\/\/o-seznam.cz\/napoveda\/garant\/wp-content\/uploads\/sites\/8\/2026\/02\/8-editace-objednavky-1536x561.png 1536w\" sizes=\"auto, (max-width: 1931px) 100vw, 1931px\" \/><\/a><\/figure>\n\n\n\n<p>2. P\u0159i prokliku p\u0159es n\u00e1zev se dostanete na p\u0159ehled Kampan\u00ed pod danou  Objedn\u00e1vkou.<\/p>\n\n\n\n<figure class=\"wp-block-image size-full is-style-default\"><a href=\"https:\/\/o-seznam.cz\/napoveda\/garant\/wp-content\/uploads\/sites\/8\/2026\/02\/9-editace-objednavky-2.png\"><img loading=\"lazy\" decoding=\"async\" width=\"1920\" height=\"762\" src=\"https:\/\/o-seznam.cz\/napoveda\/garant\/wp-content\/uploads\/sites\/8\/2026\/02\/9-editace-objednavky-2.png\" alt=\"\" class=\"wp-image-301\" srcset=\"https:\/\/o-seznam.cz\/napoveda\/garant\/wp-content\/uploads\/sites\/8\/2026\/02\/9-editace-objednavky-2.png 1920w, https:\/\/o-seznam.cz\/napoveda\/garant\/wp-content\/uploads\/sites\/8\/2026\/02\/9-editace-objednavky-2-992x394.png 992w, https:\/\/o-seznam.cz\/napoveda\/garant\/wp-content\/uploads\/sites\/8\/2026\/02\/9-editace-objednavky-2-320x127.png 320w, https:\/\/o-seznam.cz\/napoveda\/garant\/wp-content\/uploads\/sites\/8\/2026\/02\/9-editace-objednavky-2-768x305.png 768w, https:\/\/o-seznam.cz\/napoveda\/garant\/wp-content\/uploads\/sites\/8\/2026\/02\/9-editace-objednavky-2-1536x610.png 1536w\" sizes=\"auto, (max-width: 1920px) 100vw, 1920px\" \/><\/a><\/figure>\n\n\n\n<p>Zde se n\u00e1sledn\u011b p\u0159es tla\u010d\u00edtko editace pod n\u00e1zvem Objedn\u00e1vky dostanete do t\u00e9ho\u017e detailu \/ k \u00faprav\u011b Objedn\u00e1vky jako p\u0159i postupu u bodu 1.<\/p>\n\n\n\n<figure class=\"wp-block-image size-full is-style-default\"><a href=\"https:\/\/o-seznam.cz\/napoveda\/garant\/wp-content\/uploads\/sites\/8\/2026\/02\/10-editace-objednavky-3.png\"><img loading=\"lazy\" decoding=\"async\" width=\"1920\" height=\"926\" src=\"https:\/\/o-seznam.cz\/napoveda\/garant\/wp-content\/uploads\/sites\/8\/2026\/02\/10-editace-objednavky-3.png\" alt=\"\" class=\"wp-image-302\" srcset=\"https:\/\/o-seznam.cz\/napoveda\/garant\/wp-content\/uploads\/sites\/8\/2026\/02\/10-editace-objednavky-3.png 1920w, https:\/\/o-seznam.cz\/napoveda\/garant\/wp-content\/uploads\/sites\/8\/2026\/02\/10-editace-objednavky-3-992x478.png 992w, https:\/\/o-seznam.cz\/napoveda\/garant\/wp-content\/uploads\/sites\/8\/2026\/02\/10-editace-objednavky-3-320x154.png 320w, https:\/\/o-seznam.cz\/napoveda\/garant\/wp-content\/uploads\/sites\/8\/2026\/02\/10-editace-objednavky-3-768x370.png 768w, https:\/\/o-seznam.cz\/napoveda\/garant\/wp-content\/uploads\/sites\/8\/2026\/02\/10-editace-objednavky-3-1536x741.png 1536w\" sizes=\"auto, (max-width: 1920px) 100vw, 1920px\" \/><\/a><\/figure>\n<\/div>\n","protected":false},"excerpt":{"rendered":"<p>Struktura objedn\u00e1vky Seznam Garant v r\u00e1mci struktury pracuje se 3 polo\u017ekami: Zalo\u017een\u00ed a \u00faprava objedn\u00e1vky V z\u00e1lo\u017ece Objedn\u00e1vky vyberete zelen\u00e9 tla\u010d\u00edtko Vytvo\u0159it objedn\u00e1vku, kter\u00e9 uvid\u00edte po p\u0159epnut\u00ed do Seznam Garantu. V n\u00e1sleduj\u00edc\u00edm kroku vypln\u00edte N\u00e1zev objedn\u00e1vky a Term\u00edn od \u2013 do. V z\u00e1lo\u017ece Kontakt vyberte spr\u00e1vnou kontaktn\u00ed osobu a adresu. V z\u00e1lo\u017ece Pozn\u00e1mky m\u016f\u017eete doplnit [&hellip;]<\/p>\n","protected":false},"author":2,"featured_media":0,"parent":0,"menu_order":3,"comment_status":"closed","ping_status":"closed","template":"page-sidemenu","meta":{"_acf_changed":false,"_relevanssi_hide_post":"","_relevanssi_hide_content":"","_relevanssi_pin_for_all":"","_relevanssi_pin_keywords":"","_relevanssi_unpin_keywords":"","_relevanssi_related_keywords":"","_relevanssi_related_include_ids":"","_relevanssi_related_exclude_ids":"","_relevanssi_related_no_append":"","_relevanssi_related_not_related":"","_relevanssi_related_posts":"","_relevanssi_noindex_reason":"","footnotes":""},"page_category":[3],"page_tag":[],"service_status_category":[],"class_list":["post-23","page","type-page","status-publish","hentry"],"acf":[],"_links":{"self":[{"href":"https:\/\/o-seznam.cz\/napoveda\/garant\/wp-json\/wp\/v2\/pages\/23","targetHints":{"allow":["GET"]}}],"collection":[{"href":"https:\/\/o-seznam.cz\/napoveda\/garant\/wp-json\/wp\/v2\/pages"}],"about":[{"href":"https:\/\/o-seznam.cz\/napoveda\/garant\/wp-json\/wp\/v2\/types\/page"}],"author":[{"embeddable":true,"href":"https:\/\/o-seznam.cz\/napoveda\/garant\/wp-json\/wp\/v2\/users\/2"}],"replies":[{"embeddable":true,"href":"https:\/\/o-seznam.cz\/napoveda\/garant\/wp-json\/wp\/v2\/comments?post=23"}],"version-history":[{"count":19,"href":"https:\/\/o-seznam.cz\/napoveda\/garant\/wp-json\/wp\/v2\/pages\/23\/revisions"}],"predecessor-version":[{"id":328,"href":"https:\/\/o-seznam.cz\/napoveda\/garant\/wp-json\/wp\/v2\/pages\/23\/revisions\/328"}],"wp:attachment":[{"href":"https:\/\/o-seznam.cz\/napoveda\/garant\/wp-json\/wp\/v2\/media?parent=23"}],"wp:term":[{"taxonomy":"page_category","embeddable":true,"href":"https:\/\/o-seznam.cz\/napoveda\/garant\/wp-json\/wp\/v2\/page_category?post=23"},{"taxonomy":"page_tag","embeddable":true,"href":"https:\/\/o-seznam.cz\/napoveda\/garant\/wp-json\/wp\/v2\/page_tag?post=23"},{"taxonomy":"service_status_category","embeddable":true,"href":"https:\/\/o-seznam.cz\/napoveda\/garant\/wp-json\/wp\/v2\/service_status_category?post=23"}],"curies":[{"name":"wp","href":"https:\/\/api.w.org\/{rel}","templated":true}]}}