{"id":20,"date":"2024-06-20T20:18:30","date_gmt":"2024-06-20T18:18:30","guid":{"rendered":"https:\/\/o-seznam.cz\/napoveda\/garant\/?page_id=20"},"modified":"2025-04-08T13:26:22","modified_gmt":"2025-04-08T11:26:22","slug":"jak-zacit","status":"publish","type":"page","link":"https:\/\/o-seznam.cz\/napoveda\/garant\/jak-zacit\/","title":{"rendered":"Jak za\u010d\u00edt inzerovat"},"content":{"rendered":"\n<div class=\"wp-block-group is-layout-constrained wp-block-group-is-layout-constrained\"><nav class=\"menu-anchors\">\n<ul>\n\t<li><a href=\"#zalozeni-uctu\">Zalo\u017een\u00ed \u00fa\u010dtu<\/a><\/li>\n<li><a href=\"#registrace\">Registrace<\/a><\/li>\n<\/ul>\n\n<\/nav>\n<\/div>\n\n\n\n<div class=\"wp-block-group is-layout-constrained wp-block-group-is-layout-constrained\">\n<p>Seznam Garant funguje na platform\u011b Sklik.<\/p>\n\n\n\n<p>Do rozhran\u00ed reklamn\u00edho syst\u00e9mu Seznam Garant se prokliknete p\u0159es tla\u010d\u00edtko Seznam Garant ve va\u0161em Sklik \u00fa\u010dtu.<\/p>\n\n\n\n<p>Pro vyu\u017e\u00edv\u00e1n\u00ed slu\u017eby Seznam Garant m\u016f\u017eete pou\u017e\u00edt v\u00e1\u0161 st\u00e1vaj\u00edc\u00ed Sklik \u00fa\u010det nebo si vytvo\u0159it \u00fapln\u011b nov\u00fd \u00fa\u010det.<\/p>\n\n\n\n<p>Nevid\u00edte mo\u017enost Seznam Garantu ve sv\u00e9m \u00fa\u010dtu? Kontaktujte n\u00e1s prost\u0159ednictv\u00edm <a href=\"https:\/\/o-seznam.cz\/napoveda\/garant\/kontakt\/\" data-type=\"link\" data-id=\"https:\/\/o-seznam.cz\/napoveda\/garant\/kontakt\/\">formul\u00e1\u0159e<\/a>.<\/p>\n<\/div>\n\n\n\n<div class=\"wp-block-group is-layout-constrained wp-block-group-is-layout-constrained\">\n<h2 class=\"wp-block-heading\" id=\"zalozeni-uctu\">Zalo\u017een\u00ed \u00fa\u010dtu<\/h2>\n\n\n\n<p>Pro vstup do reklamn\u00edho syst\u00e9mu Seznam Garant m\u016f\u017eete pou\u017e\u00edt Seznam \u00fa\u010det nebo libovoln\u00fd e-mail.<\/p>\n<\/div>\n\n\n\n<div class=\"wp-block-group is-layout-constrained wp-block-group-is-layout-constrained\">\n<h3 class=\"wp-block-heading\">Seznam \u00fa\u010det<\/h3>\n\n\n\n<p>Jedn\u00e1 se o standardn\u00ed zp\u016fsob p\u0159ihl\u00e1\u0161en\u00ed do slu\u017eeb spole\u010dnosti Seznam. M\u016f\u017eete tedy pou\u017e\u00edt stejn\u00e9 p\u0159ihla\u0161ovac\u00ed \u00fadaje, jak\u00fdmi se p\u0159ihla\u0161ujete nap\u0159\u00edklad do slu\u017eby Email.cz. Pokud Seznam \u00fa\u010det nem\u00e1te, zvolte mo\u017enost \u201eZalo\u017eit nov\u00fd \u00fa\u010det\u201c a n\u00e1sledn\u011b prvn\u00ed nab\u00eddku \u201eE-mail od Seznamu\u201c.<\/p>\n<\/div>\n\n\n\n<div class=\"wp-block-group is-layout-constrained wp-block-group-is-layout-constrained\">\n<h3 class=\"wp-block-heading\">Libovoln\u00fd e-mail<\/h3>\n\n\n\n<p>P\u0159ihl\u00e1\u0161en\u00ed do Seznam Garantu je mo\u017en\u00e9 i prost\u0159ednictv\u00edm libovoln\u00e9ho e-mailu dle vzoru <a href=\"mailto:xxx@xxxx.xx\">xxx@xxxx.xx<\/a>. Pro vyu\u017eit\u00ed t\u00e9to mo\u017enosti pokra\u010dujte v\u00fdb\u011brem nab\u00eddky \u201eM\u00e1m vlastn\u00ed e-mail\u201c.<\/p>\n<\/div>\n\n\n\n<div class=\"wp-block-group is-layout-constrained wp-block-group-is-layout-constrained\">\n<h2 class=\"wp-block-heading\" id=\"registrace\">Registrace<\/h2>\n\n\n\n<p>Po zalo\u017een\u00ed nov\u00e9ho \u00fa\u010dtu pro Seznam Garant \/ po p\u0159ihl\u00e1\u0161en\u00ed st\u00e1vaj\u00edc\u00edm Sklik \u00fa\u010dtem n\u00e1sleduje registrace \u00fa\u010dtu do Seznam Garantu p\u0159\u00edmo v&nbsp;rozhran\u00ed.<\/p>\n\n\n\n<p>V&nbsp;\u010d\u00e1sti Registrace vypln\u00edte faktura\u010dn\u00ed a kontaktn\u00ed \u00fadaje va\u0161\u00ed firmy. Pokud jste ji\u017e v Seznamu registrov\u00e1ni, faktura\u010dn\u00ed \u00fadaje p\u0159edvypln\u00edme za v\u00e1s.<\/p>\n<\/div>\n","protected":false},"excerpt":{"rendered":"<p>Seznam Garant funguje na platform\u011b Sklik. Do rozhran\u00ed reklamn\u00edho syst\u00e9mu Seznam Garant se prokliknete p\u0159es tla\u010d\u00edtko Seznam Garant ve va\u0161em Sklik \u00fa\u010dtu. Pro vyu\u017e\u00edv\u00e1n\u00ed slu\u017eby Seznam Garant m\u016f\u017eete pou\u017e\u00edt v\u00e1\u0161 st\u00e1vaj\u00edc\u00ed Sklik \u00fa\u010det nebo si vytvo\u0159it \u00fapln\u011b nov\u00fd \u00fa\u010det. Nevid\u00edte mo\u017enost Seznam Garantu ve sv\u00e9m \u00fa\u010dtu? Kontaktujte n\u00e1s prost\u0159ednictv\u00edm formul\u00e1\u0159e. Zalo\u017een\u00ed \u00fa\u010dtu Pro vstup do [&hellip;]<\/p>\n","protected":false},"author":2,"featured_media":0,"parent":0,"menu_order":2,"comment_status":"closed","ping_status":"closed","template":"page-sidemenu","meta":{"_acf_changed":false,"_relevanssi_hide_post":"","_relevanssi_hide_content":"","_relevanssi_pin_for_all":"","_relevanssi_pin_keywords":"","_relevanssi_unpin_keywords":"","_relevanssi_related_keywords":"","_relevanssi_related_include_ids":"","_relevanssi_related_exclude_ids":"","_relevanssi_related_no_append":"","_relevanssi_related_not_related":"","_relevanssi_related_posts":"","_relevanssi_noindex_reason":"","footnotes":""},"page_category":[3],"page_tag":[],"service_status_category":[],"class_list":["post-20","page","type-page","status-publish","hentry"],"acf":[],"_links":{"self":[{"href":"https:\/\/o-seznam.cz\/napoveda\/garant\/wp-json\/wp\/v2\/pages\/20","targetHints":{"allow":["GET"]}}],"collection":[{"href":"https:\/\/o-seznam.cz\/napoveda\/garant\/wp-json\/wp\/v2\/pages"}],"about":[{"href":"https:\/\/o-seznam.cz\/napoveda\/garant\/wp-json\/wp\/v2\/types\/page"}],"author":[{"embeddable":true,"href":"https:\/\/o-seznam.cz\/napoveda\/garant\/wp-json\/wp\/v2\/users\/2"}],"replies":[{"embeddable":true,"href":"https:\/\/o-seznam.cz\/napoveda\/garant\/wp-json\/wp\/v2\/comments?post=20"}],"version-history":[{"count":9,"href":"https:\/\/o-seznam.cz\/napoveda\/garant\/wp-json\/wp\/v2\/pages\/20\/revisions"}],"predecessor-version":[{"id":245,"href":"https:\/\/o-seznam.cz\/napoveda\/garant\/wp-json\/wp\/v2\/pages\/20\/revisions\/245"}],"wp:attachment":[{"href":"https:\/\/o-seznam.cz\/napoveda\/garant\/wp-json\/wp\/v2\/media?parent=20"}],"wp:term":[{"taxonomy":"page_category","embeddable":true,"href":"https:\/\/o-seznam.cz\/napoveda\/garant\/wp-json\/wp\/v2\/page_category?post=20"},{"taxonomy":"page_tag","embeddable":true,"href":"https:\/\/o-seznam.cz\/napoveda\/garant\/wp-json\/wp\/v2\/page_tag?post=20"},{"taxonomy":"service_status_category","embeddable":true,"href":"https:\/\/o-seznam.cz\/napoveda\/garant\/wp-json\/wp\/v2\/service_status_category?post=20"}],"curies":[{"name":"wp","href":"https:\/\/api.w.org\/{rel}","templated":true}]}}