{"id":999,"date":"2024-12-07T18:41:42","date_gmt":"2024-12-07T17:41:42","guid":{"rendered":"https:\/\/o-seznam.cz\/napoveda\/email\/?page_id=999"},"modified":"2026-02-27T14:32:56","modified_gmt":"2026-02-27T13:32:56","slug":"upozorneni-na-zpravy","status":"publish","type":"page","link":"https:\/\/o-seznam.cz\/napoveda\/email\/aplikace\/nastaveni-aplikace\/upozorneni-na-zpravy\/","title":{"rendered":"\u0158e\u0161en\u00ed probl\u00e9m\u016f"},"content":{"rendered":"\n<div class=\"wp-block-group is-layout-constrained wp-block-group-is-layout-constrained\">\n<div class=\"accordion\">\n\t<div class=\"accordion__items\">\n\n<details class=\"expander is-style-default\">\n\t<summary data-datalayer-name=\"\" data-datalayer-text=\"Nechod\u00ed mi  upozorn\u011bn\u00ed na nov\u00e9 zpr\u00e1vy\">\n\t\t\t\t<strong>Nechod\u00ed mi  upozorn\u011bn\u00ed na nov\u00e9 zpr\u00e1vy<\/strong>\n\t\t\t<\/summary>\n\t<div class=\"inner-blocks\">\n\n<p>Zkuste pros\u00edm aplikaci smazat, pot\u00e9 restartujte telefon a n\u00e1sledn\u011b ji znovu nainstalujte ze Store. T\u00edmto zp\u016fsobem znovu vyvol\u00e1me dan\u00e9 upozorn\u011bn\u00ed.&nbsp;<\/p>\n\n\n\n<p>Tak\u00e9 je dobr\u00e9 zkontrolovat, zda nen\u00ed upozorn\u011bn\u00ed zak\u00e1z\u00e1no v syst\u00e9mu telefonu. Postup naleznete n\u00ed\u017ee<\/p>\n\n\n\n<p><strong>Pro Android:<\/strong><\/p>\n\n\n\n<p>Otev\u0159ete nastaven\u00ed telefonu.<br>P\u0159ejd\u011bte na <strong>Aplikace<\/strong> nebo <strong>Aplikace a ozn\u00e1men\u00ed<\/strong> (n\u00e1zev se m\u016f\u017ee li\u0161it podle verze Androidu).<br>Vyberte <strong>Ozn\u00e1men\u00ed<\/strong> nebo <strong>Spravovat ozn\u00e1men\u00ed<\/strong>.<br>Zkontrolujte, zda jsou ozn\u00e1men\u00ed povolena pro konkr\u00e9tn\u00ed aplikace.<br>Pokud je n\u011bjak\u00e1 aplikace zti\u0161ena, povolte j\u00ed ozn\u00e1men\u00ed.<\/p>\n\n\n\n<p><strong>Pro iOS:<\/strong><\/p>\n\n\n\n<p>Otev\u0159ete nastaven\u00ed (ikona ozuben\u00e9ho kola).<br>P\u0159ejd\u011bte na <strong>Ozn\u00e1men\u00ed<\/strong>.<br>Projd\u011bte seznam aplikac\u00ed a ujist\u011bte se, \u017ee pro n\u011b m\u00e1te povolena ozn\u00e1men\u00ed.<br>Zkontrolujte, zda nen\u00ed zapnuta funkce <strong>Neru\u0161it<\/strong> nebo <strong>Re\u017eim soust\u0159ed\u011bn\u00ed<\/strong>, kter\u00e1 m\u016f\u017ee blokovat ozn\u00e1men\u00ed.<br>Pokud nem\u016f\u017eete naj\u00edt konkr\u00e9tn\u00ed nastaven\u00ed na va\u0161em telefonu, doporu\u010duji nav\u0161t\u00edvit ofici\u00e1ln\u00ed podporu v\u00fdrobce va\u0161eho za\u0159\u00edzen\u00ed pro podrobnosti a specifick\u00e9 pokyny pro v\u00e1\u0161 model.<\/p>\n\n<\/div><\/details>\n\n\n\n<details class=\"expander is-style-default\">\n\t<summary data-datalayer-name=\"\" data-datalayer-text=\"V aplikaci nem\u00e1m nov\u00e9 zpr\u00e1vy\">\n\t\t\t\t<strong>V aplikaci nem\u00e1m nov\u00e9 zpr\u00e1vy<\/strong>\n\t\t\t<\/summary>\n\t<div class=\"inner-blocks\">\n\n<p>V\u0161echny dostupn\u00e9 e-maily najdete ve sv\u00e9 schr\u00e1nce na <a class=\"is-style-link-external\" href=\"http:\/\/www.email.cz\" target=\"_blank\" rel=\"noreferrer noopener\">www.email.cz<\/a>. Aplikace je pouze zobrazuje. Pokud se e-maily na webu nach\u00e1zej\u00ed, ale v aplikaci je nevid\u00edte, postupujte podle n\u00e1sleduj\u00edc\u00edch krok\u016f:<\/p>\n\n\n\n<p>Prove\u010fte restart aplikace nebo cel\u00e9ho za\u0159\u00edzen\u00ed.<\/p>\n\n\n\n<p>Pokud probl\u00e9m p\u0159etrv\u00e1v\u00e1 i po restartu za\u0159\u00edzen\u00ed, aplikaci odinstalujte a znovu nainstalujte z ofici\u00e1ln\u00edho obchodu s aplikacemi.<\/p>\n\n\n\n<p class=\"is-style-link-external\">Pokud se e-maily nenach\u00e1zej\u00ed ani ve schr\u00e1nce, doporu\u010dujeme zkontrolovat sekci&nbsp;<strong><em>Pravidla<\/em><\/strong><em>&nbsp;<\/em>(<a href=\"https:\/\/email.seznam.cz\/settings#\/rules\" target=\"_blank\" rel=\"noreferrer noopener\">https:\/\/email.seznam.cz\/settings#\/rules<\/a>), kde je mo\u017en\u00e9 nastavit, jak se m\u00e1 s p\u0159\u00edchoz\u00ed po\u0161tou d\u00e1le nakl\u00e1dat a ov\u011b\u0159it, zda zde nen\u00ed vytvo\u0159eno pravidlo, kter\u00e9 va\u0161i po\u0161tu p\u0159epos\u00edl\u00e1 nebo ma\u017ee.&nbsp;<br>Z\u00e1rove\u0148 doporu\u010dujeme preventivn\u011b zm\u011bnit heslo a zv\u00fd\u0161it zabezpe\u010den\u00ed \u00fa\u010dtu. <\/p>\n\n\n\n<p class=\"is-style-next\">P\u0159ehled mo\u017enost\u00ed zabezpe\u010den\u00ed naleznete zde:&nbsp;<br><a href=\"https:\/\/o-seznam.cz\/napoveda\/ucet\/zabezpeceni-uctu\/\" target=\"_blank\" rel=\"noreferrer noopener\">https:\/\/o-seznam.cz\/napoveda\/ucet\/zabezpeceni-uctu\/<\/a>&nbsp;<\/p>\n\n<\/div><\/details>\n\n\n\n<details class=\"expander is-style-default\">\n\t<summary data-datalayer-name=\"\" data-datalayer-text=\"Heslo v\u00edm, ale nefunguje mi.\">\n\t\t\t\t<strong>Heslo v\u00edm, ale nefunguje mi.<\/strong>\n\t\t\t<\/summary>\n\t<div class=\"inner-blocks\">\n\n<p>Doporu\u010dujeme p\u0159ekontrolovat, zda se nejedn\u00e1 pouze o p\u0159eklep, nebo n\u011bjak\u00e9 chybn\u00e9 nastaven\u00ed kl\u00e1vesnice, omylem zm\u011bn\u011bn\u00fd jazyk, zapnut\u00fd capslock (velk\u00e1 p\u00edsmena), vypnut\u00fd numlock (kl\u00e1vesy s \u010d\u00edsly) atd. Pro kontrolu doporu\u010dujeme zkusit se p\u0159ihl\u00e1sit v na jin\u00e9m za\u0159\u00edzen\u00ed. Pokud jste p\u0159esv\u011bd\u010deni, \u017ee zad\u00e1v\u00e1te spr\u00e1vn\u00e9 heslo, a p\u0159esto se s n\u00edm neda\u0159\u00ed do aplikace p\u0159ihl\u00e1sit, je nutn\u00e9 vy\u017e\u00e1dat si heslo nov\u00e9. N\u00e1vod naleznete <a href=\"https:\/\/o-seznam.cz\/napoveda\/ucet\/zapomenute-heslo\/jak-na-to\/\">zde<\/a>.<\/p>\n\n<\/div><\/details>\n\n\n\n<details class=\"expander is-style-default\">\n\t<summary data-datalayer-name=\"\" data-datalayer-text=\"Jak zalo\u017e\u00edm nov\u00fd \u00fa\u010det\">\n\t\t\t\t<strong>Jak zalo\u017e\u00edm nov\u00fd \u00fa\u010det<\/strong>\n\t\t\t<\/summary>\n\t<div class=\"inner-blocks\">\n\n<p>Pro zalo\u017een\u00ed e-mailov\u00e9 schr\u00e1nky je pot\u0159eba \u00fa\u010det nejprve <a href=\"https:\/\/o-seznam.cz\/napoveda\/ucet\/registrace\/\">registrovat<\/a> a n\u00e1sledn\u011b se do e-mailov\u00e9 schr\u00e1nky p\u0159ihl\u00e1sit. Po registraci doporu\u010dujeme nastavit r\u016fzn\u00e9 formy <a href=\"https:\/\/o-seznam.cz\/napoveda\/ucet\/zabezpeceni-uctu\/\">zabezpe\u010den\u00ed<\/a>. Tato opat\u0159en\u00ed v\u00e1m pomohou v budoucnu chr\u00e1nit \u00fa\u010det v p\u0159\u00edpad\u011b ztr\u00e1ty hesla nebo kr\u00e1de\u017ee.<\/p>\n\n<\/div><\/details>\n\n\n\n<details class=\"expander is-style-default\">\n\t<summary data-datalayer-name=\"\" data-datalayer-text=\"Jak se odhl\u00e1s\u00edm\">\n\t\t\t\t<strong>Jak se odhl\u00e1s\u00edm<\/strong>\n\t\t\t<\/summary>\n\t<div class=\"inner-blocks\">\n\n<p>Aplikace&nbsp;se chov\u00e1 toto\u017en\u011b jako jin\u00e9 aplikace, nap\u0159\u00edklad konkurence. Je zde po\u010d\u00edt\u00e1no s t\u00edm, \u017ee se lid\u00e9 z aplikac\u00ed v telefonu neodhla\u0161uj\u00ed. Nemaj\u00ed mobil&nbsp;sd\u00edlen\u00fd a je zabezpe\u010den pinem. Nam\u00edsto odhl\u00e1\u0161en\u00ed je v aplikaci Email.cz dostupn\u00e9 odebr\u00e1n\u00ed \u00fa\u010dtu ze za\u0159\u00edzen\u00ed. Pro odebr\u00e1n\u00ed \u00fa\u010dtu klikn\u011bte v hlavn\u00edm menu nad v\u00fdpisem slo\u017eek na ikonku v lev\u00e9m horn\u00edm rohu a zvolte <strong>Odebrat z toho za\u0159\u00edzen\u00ed<\/strong>.&nbsp;<\/p>\n\n<\/div><\/details>\n\n<\/div><\/div>\n\n<\/div>\n","protected":false},"excerpt":{"rendered":"","protected":false},"author":12,"featured_media":0,"parent":153,"menu_order":0,"comment_status":"closed","ping_status":"closed","template":"page-sidemenu","meta":{"_acf_changed":false,"_relevanssi_hide_post":"","_relevanssi_hide_content":"","_relevanssi_pin_for_all":"","_relevanssi_pin_keywords":"","_relevanssi_unpin_keywords":"","_relevanssi_related_keywords":"","_relevanssi_related_include_ids":"","_relevanssi_related_exclude_ids":"","_relevanssi_related_no_append":"","_relevanssi_related_not_related":"","_relevanssi_related_posts":"","_relevanssi_noindex_reason":"","footnotes":""},"page_category":[5],"page_tag":[],"service_status_category":[],"class_list":["post-999","page","type-page","status-publish","hentry"],"acf":[],"_links":{"self":[{"href":"https:\/\/o-seznam.cz\/napoveda\/email\/wp-json\/wp\/v2\/pages\/999","targetHints":{"allow":["GET"]}}],"collection":[{"href":"https:\/\/o-seznam.cz\/napoveda\/email\/wp-json\/wp\/v2\/pages"}],"about":[{"href":"https:\/\/o-seznam.cz\/napoveda\/email\/wp-json\/wp\/v2\/types\/page"}],"author":[{"embeddable":true,"href":"https:\/\/o-seznam.cz\/napoveda\/email\/wp-json\/wp\/v2\/users\/12"}],"replies":[{"embeddable":true,"href":"https:\/\/o-seznam.cz\/napoveda\/email\/wp-json\/wp\/v2\/comments?post=999"}],"version-history":[{"count":23,"href":"https:\/\/o-seznam.cz\/napoveda\/email\/wp-json\/wp\/v2\/pages\/999\/revisions"}],"predecessor-version":[{"id":1706,"href":"https:\/\/o-seznam.cz\/napoveda\/email\/wp-json\/wp\/v2\/pages\/999\/revisions\/1706"}],"up":[{"embeddable":true,"href":"https:\/\/o-seznam.cz\/napoveda\/email\/wp-json\/wp\/v2\/pages\/153"}],"wp:attachment":[{"href":"https:\/\/o-seznam.cz\/napoveda\/email\/wp-json\/wp\/v2\/media?parent=999"}],"wp:term":[{"taxonomy":"page_category","embeddable":true,"href":"https:\/\/o-seznam.cz\/napoveda\/email\/wp-json\/wp\/v2\/page_category?post=999"},{"taxonomy":"page_tag","embeddable":true,"href":"https:\/\/o-seznam.cz\/napoveda\/email\/wp-json\/wp\/v2\/page_tag?post=999"},{"taxonomy":"service_status_category","embeddable":true,"href":"https:\/\/o-seznam.cz\/napoveda\/email\/wp-json\/wp\/v2\/service_status_category?post=999"}],"curies":[{"name":"wp","href":"https:\/\/api.w.org\/{rel}","templated":true}]}}