{"id":854,"date":"2024-12-04T17:44:39","date_gmt":"2024-12-04T16:44:39","guid":{"rendered":"https:\/\/o-seznam.cz\/napoveda\/email\/?page_id=854"},"modified":"2024-12-16T09:23:02","modified_gmt":"2024-12-16T08:23:02","slug":"pravidla-pro-zpracovani-zprav","status":"publish","type":"page","link":"https:\/\/o-seznam.cz\/napoveda\/email\/moznosti-nastaveni\/pravidla-pro-zpracovani-zprav\/","title":{"rendered":"Pravidla pro zpracov\u00e1n\u00ed zpr\u00e1v"},"content":{"rendered":"\n<div class=\"wp-block-group is-layout-constrained wp-block-group-is-layout-constrained\">\n<p>V <strong>Nastaven\u00ed <\/strong>v sekci <strong>Pravidla<\/strong> najdete mo\u017enosti vytvo\u0159it si pravidla (filtry) pro automatick\u00e9 zpracov\u00e1n\u00ed p\u0159\u00edchoz\u00edch zpr\u00e1v a tak\u00e9 mo\u017enost vytvo\u0159en\u00ed automatick\u00fdch odpov\u011bd\u00ed nap\u0159\u00edklad b\u011bhem nep\u0159\u00edtomnosti.<\/p>\n\n\n<div class=\"wp-block-seznam-list-pages\"><div>\n<div style=\"--seznam-tiles--columns:3\" class=\"wp-block-seznam-tiles has-columns-3\"><div class=\"inner-blocks\">\n<div class=\"block-boxlink\"><a class=\"boxlink boxlink--icon-arrow boxlink--align-y-center px-f8 py-f4\" href=\"https:\/\/o-seznam.cz\/napoveda\/email\/moznosti-nastaveni\/pravidla-pro-zpracovani-zprav\/nastaveni-pravidel\/\"><div class=\"inner-blocks\">Nastaven\u00ed pravidel<\/div><\/a><\/div><div class=\"block-boxlink\"><a class=\"boxlink boxlink--icon-arrow boxlink--align-y-center px-f8 py-f4\" href=\"https:\/\/o-seznam.cz\/napoveda\/email\/moznosti-nastaveni\/pravidla-pro-zpracovani-zprav\/automaticka-odpoved-v-nepritomnosti\/\"><div class=\"inner-blocks\">Automatick\u00e1 odpov\u011b\u010f v nep\u0159itomnosti<\/div><\/a><\/div><div class=\"block-boxlink\"><a class=\"boxlink boxlink--icon-arrow boxlink--align-y-center px-f8 py-f4\" href=\"https:\/\/o-seznam.cz\/napoveda\/email\/moznosti-nastaveni\/pravidla-pro-zpracovani-zprav\/presmerovani-zprav\/\"><div class=\"inner-blocks\">P\u0159esm\u011brov\u00e1n\u00ed zpr\u00e1v<\/div><\/a><\/div><\/div><\/div>\n\n<\/div><\/div>\n<\/div>\n","protected":false},"excerpt":{"rendered":"<p>V Nastaven\u00ed v sekci Pravidla najdete mo\u017enosti vytvo\u0159it si pravidla (filtry) pro automatick\u00e9 zpracov\u00e1n\u00ed p\u0159\u00edchoz\u00edch zpr\u00e1v a tak\u00e9 mo\u017enost vytvo\u0159en\u00ed automatick\u00fdch odpov\u011bd\u00ed nap\u0159\u00edklad b\u011bhem nep\u0159\u00edtomnosti.<\/p>\n","protected":false},"author":13,"featured_media":0,"parent":107,"menu_order":10,"comment_status":"closed","ping_status":"closed","template":"page-sidemenu","meta":{"_acf_changed":false,"_relevanssi_hide_post":"","_relevanssi_hide_content":"","_relevanssi_pin_for_all":"","_relevanssi_pin_keywords":"","_relevanssi_unpin_keywords":"","_relevanssi_related_keywords":"","_relevanssi_related_include_ids":"","_relevanssi_related_exclude_ids":"","_relevanssi_related_no_append":"","_relevanssi_related_not_related":"","_relevanssi_related_posts":"","_relevanssi_noindex_reason":"","footnotes":""},"page_category":[4],"page_tag":[],"service_status_category":[],"class_list":["post-854","page","type-page","status-publish","hentry"],"acf":[],"_links":{"self":[{"href":"https:\/\/o-seznam.cz\/napoveda\/email\/wp-json\/wp\/v2\/pages\/854","targetHints":{"allow":["GET"]}}],"collection":[{"href":"https:\/\/o-seznam.cz\/napoveda\/email\/wp-json\/wp\/v2\/pages"}],"about":[{"href":"https:\/\/o-seznam.cz\/napoveda\/email\/wp-json\/wp\/v2\/types\/page"}],"author":[{"embeddable":true,"href":"https:\/\/o-seznam.cz\/napoveda\/email\/wp-json\/wp\/v2\/users\/13"}],"replies":[{"embeddable":true,"href":"https:\/\/o-seznam.cz\/napoveda\/email\/wp-json\/wp\/v2\/comments?post=854"}],"version-history":[{"count":4,"href":"https:\/\/o-seznam.cz\/napoveda\/email\/wp-json\/wp\/v2\/pages\/854\/revisions"}],"predecessor-version":[{"id":1214,"href":"https:\/\/o-seznam.cz\/napoveda\/email\/wp-json\/wp\/v2\/pages\/854\/revisions\/1214"}],"up":[{"embeddable":true,"href":"https:\/\/o-seznam.cz\/napoveda\/email\/wp-json\/wp\/v2\/pages\/107"}],"wp:attachment":[{"href":"https:\/\/o-seznam.cz\/napoveda\/email\/wp-json\/wp\/v2\/media?parent=854"}],"wp:term":[{"taxonomy":"page_category","embeddable":true,"href":"https:\/\/o-seznam.cz\/napoveda\/email\/wp-json\/wp\/v2\/page_category?post=854"},{"taxonomy":"page_tag","embeddable":true,"href":"https:\/\/o-seznam.cz\/napoveda\/email\/wp-json\/wp\/v2\/page_tag?post=854"},{"taxonomy":"service_status_category","embeddable":true,"href":"https:\/\/o-seznam.cz\/napoveda\/email\/wp-json\/wp\/v2\/service_status_category?post=854"}],"curies":[{"name":"wp","href":"https:\/\/api.w.org\/{rel}","templated":true}]}}