{"id":824,"date":"2024-12-04T16:17:08","date_gmt":"2024-12-04T15:17:08","guid":{"rendered":"https:\/\/o-seznam.cz\/napoveda\/email\/?page_id=824"},"modified":"2025-04-02T09:11:43","modified_gmt":"2025-04-02T07:11:43","slug":"naseptavani-kontaktu","status":"publish","type":"page","link":"https:\/\/o-seznam.cz\/napoveda\/email\/kontakty-a-skupiny\/naseptavani-kontaktu\/","title":{"rendered":"Na\u0161ept\u00e1v\u00e1n\u00ed kontakt\u016f"},"content":{"rendered":"\n<div class=\"wp-block-group is-layout-constrained wp-block-group-is-layout-constrained\">\n<p>P\u0159i vytv\u00e1\u0159en\u00ed nov\u00e9 zpr\u00e1vy si m\u016f\u017eete seznam ulo\u017een\u00fdch kontakt\u016f zobrazit rozbalen\u00edm \u0161ipky u polo\u017eky <strong>Komu<\/strong>, p\u0159\u00edpadn\u011b <strong>Kopie<\/strong> nebo <strong>Skryt\u00e1 kopie<\/strong>. Kliknut\u00edm na polo\u017eku v adres\u00e1\u0159i se vybran\u00fd kontakt vypln\u00ed do p\u0159\u00edslu\u0161n\u00e9ho pole pro p\u0159\u00edjemce.<\/p>\n\n\n\n<p>Ulo\u017een\u00e9 kontakty se v poli p\u0159\u00edjemc\u016f tak\u00e9 automaticky na\u0161ept\u00e1vaj\u00ed, kdy\u017e za\u010dnete ps\u00e1t za\u010d\u00e1tek adresy. Kontakty se na\u0161ept\u00e1vaj\u00ed podle za\u010d\u00e1tku jm\u00e9na, p\u0159\u00edjmen\u00ed, e-mailov\u00e9 adresy nebo dom\u00e9ny.<\/p>\n\n\n\n<p>Mezi na\u0161eptan\u00fdmi kontakty se rovn\u011b\u017e zobrazuj\u00ed <strong>automatick\u00e9 kontakty<\/strong>, kter\u00e9 nejsou ulo\u017een\u00e9 ve va\u0161em adres\u00e1\u0159i, ale na kter\u00e9 jste ji\u017e v minulosti psali nebo kter\u00e9 poslaly zpr\u00e1vu v\u00e1m. Pokud si nep\u0159ejete tyto automatick\u00e9 kontakty v na\u0161ept\u00e1va\u010di vid\u011bt, m\u016f\u017eete je odstranit k\u0159\u00ed\u017ekem, kter\u00fd se zobraz\u00ed po najet\u00ed kurzorem nad tento kontakt. Kapacita pro tyto automaticky pamatovan\u00e9 kontakty je ve schr\u00e1nce omezena a v\u017edy se up\u0159ednost\u0148uj\u00ed ned\u00e1vno pou\u017eit\u00e9 kontakty.<\/p>\n<\/div>\n\n\n\n<p><\/p>\n","protected":false},"excerpt":{"rendered":"<p>P\u0159i vytv\u00e1\u0159en\u00ed nov\u00e9 zpr\u00e1vy si m\u016f\u017eete seznam ulo\u017een\u00fdch kontakt\u016f zobrazit rozbalen\u00edm \u0161ipky u polo\u017eky Komu, p\u0159\u00edpadn\u011b Kopie nebo Skryt\u00e1 kopie. Kliknut\u00edm na polo\u017eku v adres\u00e1\u0159i se vybran\u00fd kontakt vypln\u00ed do p\u0159\u00edslu\u0161n\u00e9ho pole pro p\u0159\u00edjemce. Ulo\u017een\u00e9 kontakty se v poli p\u0159\u00edjemc\u016f tak\u00e9 automaticky na\u0161ept\u00e1vaj\u00ed, kdy\u017e za\u010dnete ps\u00e1t za\u010d\u00e1tek adresy. Kontakty se na\u0161ept\u00e1vaj\u00ed podle za\u010d\u00e1tku jm\u00e9na, p\u0159\u00edjmen\u00ed, [&hellip;]<\/p>\n","protected":false},"author":13,"featured_media":0,"parent":111,"menu_order":0,"comment_status":"closed","ping_status":"closed","template":"page-sidemenu","meta":{"_acf_changed":false,"_relevanssi_hide_post":"","_relevanssi_hide_content":"","_relevanssi_pin_for_all":"","_relevanssi_pin_keywords":"","_relevanssi_unpin_keywords":"","_relevanssi_related_keywords":"","_relevanssi_related_include_ids":"","_relevanssi_related_exclude_ids":"","_relevanssi_related_no_append":"","_relevanssi_related_not_related":"","_relevanssi_related_posts":"","_relevanssi_noindex_reason":"","footnotes":""},"page_category":[4],"page_tag":[],"service_status_category":[],"class_list":["post-824","page","type-page","status-publish","hentry"],"acf":[],"_links":{"self":[{"href":"https:\/\/o-seznam.cz\/napoveda\/email\/wp-json\/wp\/v2\/pages\/824","targetHints":{"allow":["GET"]}}],"collection":[{"href":"https:\/\/o-seznam.cz\/napoveda\/email\/wp-json\/wp\/v2\/pages"}],"about":[{"href":"https:\/\/o-seznam.cz\/napoveda\/email\/wp-json\/wp\/v2\/types\/page"}],"author":[{"embeddable":true,"href":"https:\/\/o-seznam.cz\/napoveda\/email\/wp-json\/wp\/v2\/users\/13"}],"replies":[{"embeddable":true,"href":"https:\/\/o-seznam.cz\/napoveda\/email\/wp-json\/wp\/v2\/comments?post=824"}],"version-history":[{"count":3,"href":"https:\/\/o-seznam.cz\/napoveda\/email\/wp-json\/wp\/v2\/pages\/824\/revisions"}],"predecessor-version":[{"id":1419,"href":"https:\/\/o-seznam.cz\/napoveda\/email\/wp-json\/wp\/v2\/pages\/824\/revisions\/1419"}],"up":[{"embeddable":true,"href":"https:\/\/o-seznam.cz\/napoveda\/email\/wp-json\/wp\/v2\/pages\/111"}],"wp:attachment":[{"href":"https:\/\/o-seznam.cz\/napoveda\/email\/wp-json\/wp\/v2\/media?parent=824"}],"wp:term":[{"taxonomy":"page_category","embeddable":true,"href":"https:\/\/o-seznam.cz\/napoveda\/email\/wp-json\/wp\/v2\/page_category?post=824"},{"taxonomy":"page_tag","embeddable":true,"href":"https:\/\/o-seznam.cz\/napoveda\/email\/wp-json\/wp\/v2\/page_tag?post=824"},{"taxonomy":"service_status_category","embeddable":true,"href":"https:\/\/o-seznam.cz\/napoveda\/email\/wp-json\/wp\/v2\/service_status_category?post=824"}],"curies":[{"name":"wp","href":"https:\/\/api.w.org\/{rel}","templated":true}]}}