{"id":822,"date":"2024-12-04T16:15:15","date_gmt":"2024-12-04T15:15:15","guid":{"rendered":"https:\/\/o-seznam.cz\/napoveda\/email\/?page_id=822"},"modified":"2024-12-04T16:28:37","modified_gmt":"2024-12-04T15:28:37","slug":"skupiny-kontaktu","status":"publish","type":"page","link":"https:\/\/o-seznam.cz\/napoveda\/email\/kontakty-a-skupiny\/skupiny-kontaktu\/","title":{"rendered":"Skupiny kontakt\u016f"},"content":{"rendered":"\n<div class=\"wp-block-group is-layout-constrained wp-block-group-is-layout-constrained\">\n<p>Pokud \u010dasto pos\u00edl\u00e1te zpr\u00e1vy hromadn\u011b na stejnou skupinu p\u0159\u00edjemc\u016f, m\u016f\u017eete si v adres\u00e1\u0159i vytvo\u0159it skupinu kontakt\u016f. P\u0159i psan\u00ed zpr\u00e1v t\u00e9to skupin\u011b pak sta\u010d\u00ed zadat do pole pro p\u0159\u00edjemce jej\u00ed n\u00e1zev a v\u0161ichni jej\u00ed \u010dlenov\u00e9 se vypln\u00ed automaticky. V konkr\u00e9tn\u00ed zpr\u00e1v\u011b pak m\u016f\u017eete n\u011bkter\u00e9 \u010dleny skupiny odebrat a p\u0159idat k nim dal\u0161\u00ed p\u0159\u00edjemce, kte\u0159\u00ed ve skupin\u011b nejsou. Na ulo\u017een\u00fd seznam \u010dlen\u016f skupiny tyto zm\u011bny nemaj\u00ed vliv.<\/p>\n\n\n\n<p>Pro vytvo\u0159en\u00ed nov\u00e9 skupiny pou\u017eijte tla\u010d\u00edtko <strong>Vytvo\u0159it skupinu<\/strong> ve v\u00fdpisu adres\u00e1\u0159e. Aby bylo mo\u017en\u00e9 novou skupinu ulo\u017eit, mus\u00ed m\u00edt vypln\u011bn\u00e9 jm\u00e9no. Do skupiny lze p\u0159idat jen existuj\u00edc\u00ed kontakty z adres\u00e1\u0159e. Vytvo\u0159en\u00e1 skupina se zobraz\u00ed v hlavn\u00edm naviga\u010dn\u00edm menu pod odkazem <strong>Kontakty<\/strong> a tak\u00e9 v seznamu kontakt\u016f. U jednotliv\u00fdch kontakt\u016f, kter\u00e9 jsou jej\u00edmi \u010dleny, se v adres\u00e1\u0159i zobrazuje jej\u00ed n\u00e1zev ve form\u011b \u0161t\u00edtku. Ka\u017ed\u00fd kontakt m\u016f\u017ee b\u00fdt p\u0159i\u0159azen do v\u00edce skupin.<\/p>\n\n\n\n<p>Prokliknut\u00edm skupiny v hlavn\u00edm naviga\u010dn\u00edm menu nebo v adres\u00e1\u0159i se otev\u0159e jej\u00ed detail s v\u00fdpisem \u010dlen\u016f a mo\u017enostmi skupinu upravit nebo smazat.<\/p>\n<\/div>\n","protected":false},"excerpt":{"rendered":"<p>Pokud \u010dasto pos\u00edl\u00e1te zpr\u00e1vy hromadn\u011b na stejnou skupinu p\u0159\u00edjemc\u016f, m\u016f\u017eete si v adres\u00e1\u0159i vytvo\u0159it skupinu kontakt\u016f. P\u0159i psan\u00ed zpr\u00e1v t\u00e9to skupin\u011b pak sta\u010d\u00ed zadat do pole pro p\u0159\u00edjemce jej\u00ed n\u00e1zev a v\u0161ichni jej\u00ed \u010dlenov\u00e9 se vypln\u00ed automaticky. V konkr\u00e9tn\u00ed zpr\u00e1v\u011b pak m\u016f\u017eete n\u011bkter\u00e9 \u010dleny skupiny odebrat a p\u0159idat k nim dal\u0161\u00ed p\u0159\u00edjemce, kte\u0159\u00ed ve skupin\u011b [&hellip;]<\/p>\n","protected":false},"author":13,"featured_media":0,"parent":111,"menu_order":0,"comment_status":"closed","ping_status":"closed","template":"page-sidemenu","meta":{"_acf_changed":false,"_relevanssi_hide_post":"","_relevanssi_hide_content":"","_relevanssi_pin_for_all":"","_relevanssi_pin_keywords":"","_relevanssi_unpin_keywords":"","_relevanssi_related_keywords":"","_relevanssi_related_include_ids":"","_relevanssi_related_exclude_ids":"","_relevanssi_related_no_append":"","_relevanssi_related_not_related":"","_relevanssi_related_posts":"","_relevanssi_noindex_reason":"","footnotes":""},"page_category":[4],"page_tag":[],"service_status_category":[],"class_list":["post-822","page","type-page","status-publish","hentry"],"acf":[],"_links":{"self":[{"href":"https:\/\/o-seznam.cz\/napoveda\/email\/wp-json\/wp\/v2\/pages\/822","targetHints":{"allow":["GET"]}}],"collection":[{"href":"https:\/\/o-seznam.cz\/napoveda\/email\/wp-json\/wp\/v2\/pages"}],"about":[{"href":"https:\/\/o-seznam.cz\/napoveda\/email\/wp-json\/wp\/v2\/types\/page"}],"author":[{"embeddable":true,"href":"https:\/\/o-seznam.cz\/napoveda\/email\/wp-json\/wp\/v2\/users\/13"}],"replies":[{"embeddable":true,"href":"https:\/\/o-seznam.cz\/napoveda\/email\/wp-json\/wp\/v2\/comments?post=822"}],"version-history":[{"count":2,"href":"https:\/\/o-seznam.cz\/napoveda\/email\/wp-json\/wp\/v2\/pages\/822\/revisions"}],"predecessor-version":[{"id":836,"href":"https:\/\/o-seznam.cz\/napoveda\/email\/wp-json\/wp\/v2\/pages\/822\/revisions\/836"}],"up":[{"embeddable":true,"href":"https:\/\/o-seznam.cz\/napoveda\/email\/wp-json\/wp\/v2\/pages\/111"}],"wp:attachment":[{"href":"https:\/\/o-seznam.cz\/napoveda\/email\/wp-json\/wp\/v2\/media?parent=822"}],"wp:term":[{"taxonomy":"page_category","embeddable":true,"href":"https:\/\/o-seznam.cz\/napoveda\/email\/wp-json\/wp\/v2\/page_category?post=822"},{"taxonomy":"page_tag","embeddable":true,"href":"https:\/\/o-seznam.cz\/napoveda\/email\/wp-json\/wp\/v2\/page_tag?post=822"},{"taxonomy":"service_status_category","embeddable":true,"href":"https:\/\/o-seznam.cz\/napoveda\/email\/wp-json\/wp\/v2\/service_status_category?post=822"}],"curies":[{"name":"wp","href":"https:\/\/api.w.org\/{rel}","templated":true}]}}