{"id":819,"date":"2024-12-04T16:13:37","date_gmt":"2024-12-04T15:13:37","guid":{"rendered":"https:\/\/o-seznam.cz\/napoveda\/email\/?page_id=819"},"modified":"2025-04-02T09:12:56","modified_gmt":"2025-04-02T07:12:56","slug":"detail-a-uprava-kontaktu","status":"publish","type":"page","link":"https:\/\/o-seznam.cz\/napoveda\/email\/kontakty-a-skupiny\/detail-a-uprava-kontaktu\/","title":{"rendered":"Detail a \u00faprava kontaktu"},"content":{"rendered":"\n<div class=\"wp-block-group is-layout-constrained wp-block-group-is-layout-constrained\">\n<p>Po otev\u0159en\u00ed adres\u00e1\u0159e se zobraz\u00ed v\u00fdpis va\u0161ich ulo\u017een\u00fdch kontakt\u016f, ve kter\u00e9m jsou zobrazeny z\u00e1kladn\u00ed \u00fadaje \u2013 profilov\u00fd obr\u00e1zek, jm\u00e9no, e-mailov\u00e1 adresa, telefonn\u00ed \u010d\u00edslo a spole\u010dnost, pokud jsou vypln\u011bny. Jestli\u017ee je kontakt sou\u010d\u00e1st\u00ed skupiny, je rovn\u011b\u017e ozna\u010den \u0161t\u00edtkem s jej\u00edm n\u00e1zvem.<\/p>\n\n\n\n<p>Kliknut\u00edm na kontakt se otev\u0159e jeho detail, kter\u00fd m\u016f\u017ee obsahovat dal\u0161\u00ed podrobnosti \u2013 pracovn\u00ed pozici, adresu webov\u00e9 str\u00e1nky, po\u0161tovn\u00ed adresu, Skype kontakt a textovou pozn\u00e1mku. Jeden kontakt m\u016f\u017ee m\u00edt ulo\u017eeno v\u00edce e-mailov\u00fdch adres, telefonn\u00edch \u010d\u00edsel, Skype kontakt\u016f i po\u0161tovn\u00edch adres.<\/p>\n\n\n\n<p>Ve v\u00fdpisu adres\u00e1\u0159e se kontakty \u0159ad\u00ed abecedn\u011b podle p\u0159\u00edjmen\u00ed, respektive posledn\u00edho slova v poli pro jm\u00e9no.<\/p>\n\n\n\n<p>Obr\u00e1zek kontaktu se zobraz\u00ed pouze v p\u0159\u00edpad\u011b, \u017ee jeho e-mailov\u00e1 adresa je registrov\u00e1na u Seznam.cz a v nastaven\u00ed \u00fa\u010dtu m\u00e1 nahran\u00fd vlastn\u00ed obr\u00e1zek.<\/p>\n\n\n\n<div class=\"wp-block-group is-layout-constrained wp-block-group-is-layout-constrained\">\n<p>V detailu kontaktu d\u00e1le najdete n\u00e1sleduj\u00edc\u00ed mo\u017enosti:<\/p>\n\n\n\n<ul class=\"wp-block-list\">\n<li><strong>Smaz\u00e1n\u00ed kontaktu<\/strong> \u2013 smaz\u00e1n\u00ed kontaktu nijak neovliv\u0148uje e-mailov\u00e9 zpr\u00e1vy, kter\u00e9 jste si s p\u0159\u00edslu\u0161n\u00fdm kontaktem vym\u011bnili<\/li>\n\n\n\n<li><strong>\u00dapravu kontaktu<\/strong><\/li>\n\n\n\n<li>Mo\u017enost <strong>napsat e-mail<\/strong> na adresu kontaktu v\u010detn\u011b mo\u017enosti rychl\u00e9ho psan\u00ed<\/li>\n\n\n\n<li>P\u0159ehled vz\u00e1jemn\u00e9 komunikace, neboli historii e-mail\u016f, kter\u00e9 jste si s kontaktem vym\u011bnili<\/li>\n<\/ul>\n<\/div>\n\n\n\n<div class=\"wp-block-group is-layout-constrained wp-block-group-is-layout-constrained\">\n<p>Ve v\u00fdpisu kontakt\u016f m\u016f\u017eete tak\u00e9 prov\u00e9st<\/p>\n\n\n\n<ul class=\"wp-block-list\">\n<li><strong>Hromadn\u00e9 smaz\u00e1n\u00ed kontakt\u016f<\/strong> \u2013 sma\u017ee vybran\u00e9 kontakty<\/li>\n\n\n\n<li><strong>Export kontakt\u016f<\/strong> \u2013 vytvo\u0159\u00ed soubor .vcf ze v\u0161ech nebo vybran\u00fdch kontakt\u016f a automaticky ho ulo\u017e\u00ed na disk po\u010d\u00edta\u010de, exportov\u00e1n\u00ed <a href=\"https:\/\/o-seznam.cz\/napoveda\/email\/kontakty-a-skupiny\/naseptavani-kontaktu\/\" data-type=\"link\" data-id=\"https:\/\/o-seznam.cz\/napoveda\/email\/kontakty-a-skupiny\/naseptavani-kontaktu\/\">automatick\u00fdch kontakt\u016f<\/a> aktu\u00e1ln\u011b nen\u00ed mo\u017en\u00e9<\/li>\n<\/ul>\n<\/div>\n<\/div>\n\n\n\n<p><\/p>\n","protected":false},"excerpt":{"rendered":"<p>Po otev\u0159en\u00ed adres\u00e1\u0159e se zobraz\u00ed v\u00fdpis va\u0161ich ulo\u017een\u00fdch kontakt\u016f, ve kter\u00e9m jsou zobrazeny z\u00e1kladn\u00ed \u00fadaje \u2013 profilov\u00fd obr\u00e1zek, jm\u00e9no, e-mailov\u00e1 adresa, telefonn\u00ed \u010d\u00edslo a spole\u010dnost, pokud jsou vypln\u011bny. Jestli\u017ee je kontakt sou\u010d\u00e1st\u00ed skupiny, je rovn\u011b\u017e ozna\u010den \u0161t\u00edtkem s jej\u00edm n\u00e1zvem. Kliknut\u00edm na kontakt se otev\u0159e jeho detail, kter\u00fd m\u016f\u017ee obsahovat dal\u0161\u00ed podrobnosti \u2013 pracovn\u00ed pozici, [&hellip;]<\/p>\n","protected":false},"author":13,"featured_media":0,"parent":111,"menu_order":0,"comment_status":"closed","ping_status":"closed","template":"page-sidemenu","meta":{"_acf_changed":false,"_relevanssi_hide_post":"","_relevanssi_hide_content":"","_relevanssi_pin_for_all":"","_relevanssi_pin_keywords":"","_relevanssi_unpin_keywords":"","_relevanssi_related_keywords":"","_relevanssi_related_include_ids":"","_relevanssi_related_exclude_ids":"","_relevanssi_related_no_append":"","_relevanssi_related_not_related":"","_relevanssi_related_posts":"","_relevanssi_noindex_reason":"","footnotes":""},"page_category":[4],"page_tag":[],"service_status_category":[],"class_list":["post-819","page","type-page","status-publish","hentry"],"acf":[],"_links":{"self":[{"href":"https:\/\/o-seznam.cz\/napoveda\/email\/wp-json\/wp\/v2\/pages\/819","targetHints":{"allow":["GET"]}}],"collection":[{"href":"https:\/\/o-seznam.cz\/napoveda\/email\/wp-json\/wp\/v2\/pages"}],"about":[{"href":"https:\/\/o-seznam.cz\/napoveda\/email\/wp-json\/wp\/v2\/types\/page"}],"author":[{"embeddable":true,"href":"https:\/\/o-seznam.cz\/napoveda\/email\/wp-json\/wp\/v2\/users\/13"}],"replies":[{"embeddable":true,"href":"https:\/\/o-seznam.cz\/napoveda\/email\/wp-json\/wp\/v2\/comments?post=819"}],"version-history":[{"count":3,"href":"https:\/\/o-seznam.cz\/napoveda\/email\/wp-json\/wp\/v2\/pages\/819\/revisions"}],"predecessor-version":[{"id":1420,"href":"https:\/\/o-seznam.cz\/napoveda\/email\/wp-json\/wp\/v2\/pages\/819\/revisions\/1420"}],"up":[{"embeddable":true,"href":"https:\/\/o-seznam.cz\/napoveda\/email\/wp-json\/wp\/v2\/pages\/111"}],"wp:attachment":[{"href":"https:\/\/o-seznam.cz\/napoveda\/email\/wp-json\/wp\/v2\/media?parent=819"}],"wp:term":[{"taxonomy":"page_category","embeddable":true,"href":"https:\/\/o-seznam.cz\/napoveda\/email\/wp-json\/wp\/v2\/page_category?post=819"},{"taxonomy":"page_tag","embeddable":true,"href":"https:\/\/o-seznam.cz\/napoveda\/email\/wp-json\/wp\/v2\/page_tag?post=819"},{"taxonomy":"service_status_category","embeddable":true,"href":"https:\/\/o-seznam.cz\/napoveda\/email\/wp-json\/wp\/v2\/service_status_category?post=819"}],"curies":[{"name":"wp","href":"https:\/\/api.w.org\/{rel}","templated":true}]}}