{"id":738,"date":"2024-12-04T09:07:09","date_gmt":"2024-12-04T08:07:09","guid":{"rendered":"https:\/\/o-seznam.cz\/napoveda\/email\/?page_id=738"},"modified":"2025-01-15T14:28:25","modified_gmt":"2025-01-15T13:28:25","slug":"udaje-pro-nastaveni-caldav","status":"publish","type":"page","link":"https:\/\/o-seznam.cz\/napoveda\/email\/kalendar\/udaje-pro-nastaveni-caldav\/","title":{"rendered":"\u00dadaje pro nastaven\u00ed CalDAV"},"content":{"rendered":"\n<div class=\"wp-block-group is-layout-constrained wp-block-group-is-layout-constrained\">\n<p><strong>CalDAV<\/strong>&nbsp;je internetov\u00fd standard pro v\u00fdm\u011bnu a sd\u00edlen\u00ed kalend\u00e1\u0159ov\u00fdch a pl\u00e1novac\u00edch ud\u00e1lost\u00ed na vzd\u00e1len\u00e9m serveru. Z\u00e1rove\u0148 umo\u017e\u0148uje p\u0159\u00edstup s mo\u017enostmi vytv\u00e1\u0159en\u00ed, \u00faprav, maz\u00e1n\u00ed a sd\u00edlen\u00ed ud\u00e1lost\u00ed v\u010d. dal\u0161\u00edch funkc\u00ed jako jsou nap\u0159. zas\u00edl\u00e1n\u00ed a \u00fapravy pozv\u00e1nek. Ve\u0161ker\u00e9 proveden\u00e9 akce se automaticky prom\u00edtnou i v dal\u0161\u00edch klientech a aplikac\u00edch, ve kter\u00fdch je kalend\u00e1\u0159 napojen\u00fd pomoc\u00ed CalDAV protokolu.<\/p>\n\n\n\n<p><strong>V nastaven\u00ed kalend\u00e1\u0159ov\u00e9 aplikace  zadejte tyto \u00fadaje:<\/strong><\/p>\n\n\n\n<ol class=\"wp-block-list\">\n<li><strong>Server<\/strong>: caldav.seznam.cz<\/li>\n\n\n\n<li><strong>U\u017eivatel<\/strong>: va\u0161e cel\u00e1 e-mailov\u00e1 adresa <\/li>\n\n\n\n<li><strong>Heslo<\/strong>: heslo k p\u0159ihl\u00e1\u0161en\u00ed do va\u0161eho Seznam \u00fa\u010dtu. Pokud m\u00e1te aktivn\u00ed\u00a0dvouf\u00e1zov\u00e9 ov\u011b\u0159en\u00ed, do pole pro heslo v takov\u00e9m p\u0159\u00edpad\u011b zadejte\u00a0heslo pro po\u0161tovn\u00ed protokoly a CalDAV, kter\u00e9 se nastavuje u \u00fa\u010dtu zvl\u00e1\u0161\u0165.<\/li>\n<\/ol>\n<\/div>\n\n\n\n<p><\/p>\n","protected":false},"excerpt":{"rendered":"<p>CalDAV&nbsp;je internetov\u00fd standard pro v\u00fdm\u011bnu a sd\u00edlen\u00ed kalend\u00e1\u0159ov\u00fdch a pl\u00e1novac\u00edch ud\u00e1lost\u00ed na vzd\u00e1len\u00e9m serveru. Z\u00e1rove\u0148 umo\u017e\u0148uje p\u0159\u00edstup s mo\u017enostmi vytv\u00e1\u0159en\u00ed, \u00faprav, maz\u00e1n\u00ed a sd\u00edlen\u00ed ud\u00e1lost\u00ed v\u010d. dal\u0161\u00edch funkc\u00ed jako jsou nap\u0159. zas\u00edl\u00e1n\u00ed a \u00fapravy pozv\u00e1nek. Ve\u0161ker\u00e9 proveden\u00e9 akce se automaticky prom\u00edtnou i v dal\u0161\u00edch klientech a aplikac\u00edch, ve kter\u00fdch je kalend\u00e1\u0159 napojen\u00fd pomoc\u00ed CalDAV protokolu. [&hellip;]<\/p>\n","protected":false},"author":12,"featured_media":0,"parent":332,"menu_order":80,"comment_status":"closed","ping_status":"closed","template":"page-sidemenu","meta":{"_acf_changed":false,"_relevanssi_hide_post":"","_relevanssi_hide_content":"","_relevanssi_pin_for_all":"","_relevanssi_pin_keywords":"","_relevanssi_unpin_keywords":"","_relevanssi_related_keywords":"","_relevanssi_related_include_ids":"","_relevanssi_related_exclude_ids":"","_relevanssi_related_no_append":"","_relevanssi_related_not_related":"","_relevanssi_related_posts":"","_relevanssi_noindex_reason":"","footnotes":""},"page_category":[13],"page_tag":[],"service_status_category":[],"class_list":["post-738","page","type-page","status-publish","hentry"],"acf":[],"_links":{"self":[{"href":"https:\/\/o-seznam.cz\/napoveda\/email\/wp-json\/wp\/v2\/pages\/738","targetHints":{"allow":["GET"]}}],"collection":[{"href":"https:\/\/o-seznam.cz\/napoveda\/email\/wp-json\/wp\/v2\/pages"}],"about":[{"href":"https:\/\/o-seznam.cz\/napoveda\/email\/wp-json\/wp\/v2\/types\/page"}],"author":[{"embeddable":true,"href":"https:\/\/o-seznam.cz\/napoveda\/email\/wp-json\/wp\/v2\/users\/12"}],"replies":[{"embeddable":true,"href":"https:\/\/o-seznam.cz\/napoveda\/email\/wp-json\/wp\/v2\/comments?post=738"}],"version-history":[{"count":4,"href":"https:\/\/o-seznam.cz\/napoveda\/email\/wp-json\/wp\/v2\/pages\/738\/revisions"}],"predecessor-version":[{"id":1295,"href":"https:\/\/o-seznam.cz\/napoveda\/email\/wp-json\/wp\/v2\/pages\/738\/revisions\/1295"}],"up":[{"embeddable":true,"href":"https:\/\/o-seznam.cz\/napoveda\/email\/wp-json\/wp\/v2\/pages\/332"}],"wp:attachment":[{"href":"https:\/\/o-seznam.cz\/napoveda\/email\/wp-json\/wp\/v2\/media?parent=738"}],"wp:term":[{"taxonomy":"page_category","embeddable":true,"href":"https:\/\/o-seznam.cz\/napoveda\/email\/wp-json\/wp\/v2\/page_category?post=738"},{"taxonomy":"page_tag","embeddable":true,"href":"https:\/\/o-seznam.cz\/napoveda\/email\/wp-json\/wp\/v2\/page_tag?post=738"},{"taxonomy":"service_status_category","embeddable":true,"href":"https:\/\/o-seznam.cz\/napoveda\/email\/wp-json\/wp\/v2\/service_status_category?post=738"}],"curies":[{"name":"wp","href":"https:\/\/api.w.org\/{rel}","templated":true}]}}