{"id":736,"date":"2024-12-04T09:05:54","date_gmt":"2024-12-04T08:05:54","guid":{"rendered":"https:\/\/o-seznam.cz\/napoveda\/email\/?page_id=736"},"modified":"2025-01-15T14:24:09","modified_gmt":"2025-01-15T13:24:09","slug":"kalendar-pro-mobilni-zarizeni","status":"publish","type":"page","link":"https:\/\/o-seznam.cz\/napoveda\/email\/kalendar\/kalendar-pro-mobilni-zarizeni\/","title":{"rendered":"Kalend\u00e1\u0159 pro mobiln\u00ed za\u0159\u00edzen\u00ed"},"content":{"rendered":"\n<p>Na adrese <a class=\"is-style-link-external\" href=\"https:\/\/kalendar.seznam.cz\/\" target=\"_blank\" rel=\"noreferrer noopener\">https:\/\/kalendar.seznam.cz\/<\/a> m\u00e1te mo\u017enost pohodln\u011b ovl\u00e1dat sv\u016fj kalend\u00e1\u0159 nejen na po\u010d\u00edta\u010di, ale tak\u00e9 na mobiln\u00edm za\u0159\u00edzen\u00ed. Tento kalend\u00e1\u0159 je navr\u017een jako <strong>responzivn\u00ed<\/strong>, co\u017e znamen\u00e1, \u017ee jeho zobrazen\u00ed a rozhran\u00ed se automaticky p\u0159izp\u016fsob\u00ed velikosti obrazovky za\u0159\u00edzen\u00ed, na kter\u00e9m je pou\u017e\u00edv\u00e1n. Bez ohledu na to, zda pou\u017e\u00edv\u00e1te telefon, tablet nebo po\u010d\u00edta\u010d, bude u\u017eivatelsk\u00e9 prost\u0159ed\u00ed v\u017edy optim\u00e1ln\u011b p\u0159izp\u016fsobeno pro dan\u00e9 za\u0159\u00edzen\u00ed, co\u017e zaji\u0161\u0165uje pohodln\u00e9 a efektivn\u00ed pou\u017e\u00edv\u00e1n\u00ed.<\/p>\n\n\n\n<p><\/p>\n","protected":false},"excerpt":{"rendered":"<p>Na adrese https:\/\/kalendar.seznam.cz\/ m\u00e1te mo\u017enost pohodln\u011b ovl\u00e1dat sv\u016fj kalend\u00e1\u0159 nejen na po\u010d\u00edta\u010di, ale tak\u00e9 na mobiln\u00edm za\u0159\u00edzen\u00ed. Tento kalend\u00e1\u0159 je navr\u017een jako responzivn\u00ed, co\u017e znamen\u00e1, \u017ee jeho zobrazen\u00ed a rozhran\u00ed se automaticky p\u0159izp\u016fsob\u00ed velikosti obrazovky za\u0159\u00edzen\u00ed, na kter\u00e9m je pou\u017e\u00edv\u00e1n. Bez ohledu na to, zda pou\u017e\u00edv\u00e1te telefon, tablet nebo po\u010d\u00edta\u010d, bude u\u017eivatelsk\u00e9 prost\u0159ed\u00ed v\u017edy optim\u00e1ln\u011b [&hellip;]<\/p>\n","protected":false},"author":12,"featured_media":0,"parent":332,"menu_order":70,"comment_status":"closed","ping_status":"closed","template":"page-sidemenu","meta":{"_acf_changed":false,"_relevanssi_hide_post":"","_relevanssi_hide_content":"","_relevanssi_pin_for_all":"","_relevanssi_pin_keywords":"","_relevanssi_unpin_keywords":"","_relevanssi_related_keywords":"","_relevanssi_related_include_ids":"","_relevanssi_related_exclude_ids":"","_relevanssi_related_no_append":"","_relevanssi_related_not_related":"","_relevanssi_related_posts":"","_relevanssi_noindex_reason":"","footnotes":""},"page_category":[13],"page_tag":[],"service_status_category":[],"class_list":["post-736","page","type-page","status-publish","hentry"],"acf":[],"_links":{"self":[{"href":"https:\/\/o-seznam.cz\/napoveda\/email\/wp-json\/wp\/v2\/pages\/736","targetHints":{"allow":["GET"]}}],"collection":[{"href":"https:\/\/o-seznam.cz\/napoveda\/email\/wp-json\/wp\/v2\/pages"}],"about":[{"href":"https:\/\/o-seznam.cz\/napoveda\/email\/wp-json\/wp\/v2\/types\/page"}],"author":[{"embeddable":true,"href":"https:\/\/o-seznam.cz\/napoveda\/email\/wp-json\/wp\/v2\/users\/12"}],"replies":[{"embeddable":true,"href":"https:\/\/o-seznam.cz\/napoveda\/email\/wp-json\/wp\/v2\/comments?post=736"}],"version-history":[{"count":4,"href":"https:\/\/o-seznam.cz\/napoveda\/email\/wp-json\/wp\/v2\/pages\/736\/revisions"}],"predecessor-version":[{"id":1292,"href":"https:\/\/o-seznam.cz\/napoveda\/email\/wp-json\/wp\/v2\/pages\/736\/revisions\/1292"}],"up":[{"embeddable":true,"href":"https:\/\/o-seznam.cz\/napoveda\/email\/wp-json\/wp\/v2\/pages\/332"}],"wp:attachment":[{"href":"https:\/\/o-seznam.cz\/napoveda\/email\/wp-json\/wp\/v2\/media?parent=736"}],"wp:term":[{"taxonomy":"page_category","embeddable":true,"href":"https:\/\/o-seznam.cz\/napoveda\/email\/wp-json\/wp\/v2\/page_category?post=736"},{"taxonomy":"page_tag","embeddable":true,"href":"https:\/\/o-seznam.cz\/napoveda\/email\/wp-json\/wp\/v2\/page_tag?post=736"},{"taxonomy":"service_status_category","embeddable":true,"href":"https:\/\/o-seznam.cz\/napoveda\/email\/wp-json\/wp\/v2\/service_status_category?post=736"}],"curies":[{"name":"wp","href":"https:\/\/api.w.org\/{rel}","templated":true}]}}