{"id":733,"date":"2024-12-04T09:04:24","date_gmt":"2024-12-04T08:04:24","guid":{"rendered":"https:\/\/o-seznam.cz\/napoveda\/email\/?page_id=733"},"modified":"2025-01-15T14:22:31","modified_gmt":"2025-01-15T13:22:31","slug":"sdileni-kalendaru","status":"publish","type":"page","link":"https:\/\/o-seznam.cz\/napoveda\/email\/kalendar\/sdileni-kalendaru\/","title":{"rendered":"Sd\u00edlen\u00ed kalend\u00e1\u0159\u016f"},"content":{"rendered":"\n<div class=\"wp-block-group is-layout-constrained wp-block-group-is-layout-constrained\">\n<p>V sekci <strong>Nastaven\u00ed kalend\u00e1\u0159\u016f<\/strong> najdete mo\u017enost nastaven\u00ed a spr\u00e1vy <strong><a class=\"is-style-link-external\" href=\"https:\/\/kalendar.seznam.cz\/settings\/share\" target=\"_blank\" rel=\"noreferrer noopener\">sd\u00edlen\u00ed kalend\u00e1\u0159\u016f<\/a><\/strong>. Tento n\u00e1stroj umo\u017e\u0148uje snadn\u00e9 sd\u00edlen\u00ed kalend\u00e1\u0159\u016f s ostatn\u00edmi u\u017eivateli a nastaven\u00ed r\u016fzn\u00fdch pr\u00e1v pro jednotliv\u00e9 u\u017eivatele. Jakmile je sd\u00edlen\u00ed nastaveno, p\u0159\u00edjemce dostane pozv\u00e1nku na sv\u016fj e-mail, co\u017e mu umo\u017en\u00ed p\u0159\u00edstup k va\u0161emu kalend\u00e1\u0159i.<\/p>\n\n\n\n<p>Zde najdete p\u0159ehled kalend\u00e1\u0159\u016f, kter\u00e9 jste sd\u00edleli s ostatn\u00edmi v\u010detn\u011b popisu pr\u00e1v, kter\u00e1 byla jednotliv\u00fdm osob\u00e1m p\u0159id\u011blena (nap\u0159\u00edklad zda mohou ud\u00e1losti pouze zobrazovat nebo tak\u00e9 upravovat).<\/p>\n\n\n\n<ol class=\"wp-block-list\">\n<li>Zvolte <strong>Vytvo\u0159it nov\u00e9 sd\u00edlen\u00ed<\/strong>: Tato mo\u017enost v\u00e1m umo\u017en\u00ed p\u0159idat nov\u00fd sd\u00edlen\u00fd kalend\u00e1\u0159.<\/li>\n\n\n\n<li>Vyberte kalend\u00e1\u0159 pro sd\u00edlen\u00ed:<strong> <\/strong>Zvolte konkr\u00e9tn\u00ed kalend\u00e1\u0159, kter\u00fd chcete sd\u00edlet. M\u016f\u017ee to b\u00fdt kalend\u00e1\u0159, kter\u00fd jste ji\u017e vytvo\u0159ili nebo upravili.<\/li>\n\n\n\n<li>Zadejte e-mailovou adresu<strong>:<\/strong> Do p\u0159\u00edslu\u0161n\u00e9ho pole vlo\u017ete e-mailovou adresu osoby, se kterou chcete kalend\u00e1\u0159 sd\u00edlet. Tento krok je nezbytn\u00fd pro zasl\u00e1n\u00ed pozv\u00e1nky.<\/li>\n\n\n\n<li>Ur\u010dete pr\u00e1va pro dan\u00e9ho u\u017eivatele: Rozhodn\u011bte, zda dan\u00e9 osob\u011b chcete ud\u011blit pr\u00e1vo pouze pro zobrazen\u00ed nebo pro \u00fapravy (zapisov\u00e1n\u00ed a zm\u011bny ud\u00e1lost\u00ed). Toto nastaven\u00ed ur\u010duje, co m\u016f\u017ee osoba s p\u0159\u00edstupem k va\u0161emu kalend\u00e1\u0159i d\u011blat.<\/li>\n<\/ol>\n\n\n\n<p>Tato funkce je velmi u\u017eite\u010dn\u00e1 pro spolupr\u00e1ci, kdy chcete, aby i jin\u00ed lid\u00e9 m\u011bli p\u0159ehled o va\u0161em pl\u00e1nu a ud\u00e1lostech, nebo pokud chcete umo\u017enit jin\u00fdm osob\u00e1m p\u0159id\u00e1vat a m\u011bnit ud\u00e1losti ve va\u0161em kalend\u00e1\u0159i.<\/p>\n<\/div>\n\n\n\n<p><\/p>\n","protected":false},"excerpt":{"rendered":"<p>V sekci Nastaven\u00ed kalend\u00e1\u0159\u016f najdete mo\u017enost nastaven\u00ed a spr\u00e1vy sd\u00edlen\u00ed kalend\u00e1\u0159\u016f. Tento n\u00e1stroj umo\u017e\u0148uje snadn\u00e9 sd\u00edlen\u00ed kalend\u00e1\u0159\u016f s ostatn\u00edmi u\u017eivateli a nastaven\u00ed r\u016fzn\u00fdch pr\u00e1v pro jednotliv\u00e9 u\u017eivatele. Jakmile je sd\u00edlen\u00ed nastaveno, p\u0159\u00edjemce dostane pozv\u00e1nku na sv\u016fj e-mail, co\u017e mu umo\u017en\u00ed p\u0159\u00edstup k va\u0161emu kalend\u00e1\u0159i. Zde najdete p\u0159ehled kalend\u00e1\u0159\u016f, kter\u00e9 jste sd\u00edleli s ostatn\u00edmi v\u010detn\u011b popisu [&hellip;]<\/p>\n","protected":false},"author":12,"featured_media":0,"parent":332,"menu_order":60,"comment_status":"closed","ping_status":"closed","template":"page-sidemenu","meta":{"_acf_changed":false,"_relevanssi_hide_post":"","_relevanssi_hide_content":"","_relevanssi_pin_for_all":"","_relevanssi_pin_keywords":"","_relevanssi_unpin_keywords":"","_relevanssi_related_keywords":"","_relevanssi_related_include_ids":"","_relevanssi_related_exclude_ids":"","_relevanssi_related_no_append":"","_relevanssi_related_not_related":"","_relevanssi_related_posts":"","_relevanssi_noindex_reason":"","footnotes":""},"page_category":[13],"page_tag":[],"service_status_category":[],"class_list":["post-733","page","type-page","status-publish","hentry"],"acf":[],"_links":{"self":[{"href":"https:\/\/o-seznam.cz\/napoveda\/email\/wp-json\/wp\/v2\/pages\/733","targetHints":{"allow":["GET"]}}],"collection":[{"href":"https:\/\/o-seznam.cz\/napoveda\/email\/wp-json\/wp\/v2\/pages"}],"about":[{"href":"https:\/\/o-seznam.cz\/napoveda\/email\/wp-json\/wp\/v2\/types\/page"}],"author":[{"embeddable":true,"href":"https:\/\/o-seznam.cz\/napoveda\/email\/wp-json\/wp\/v2\/users\/12"}],"replies":[{"embeddable":true,"href":"https:\/\/o-seznam.cz\/napoveda\/email\/wp-json\/wp\/v2\/comments?post=733"}],"version-history":[{"count":7,"href":"https:\/\/o-seznam.cz\/napoveda\/email\/wp-json\/wp\/v2\/pages\/733\/revisions"}],"predecessor-version":[{"id":1291,"href":"https:\/\/o-seznam.cz\/napoveda\/email\/wp-json\/wp\/v2\/pages\/733\/revisions\/1291"}],"up":[{"embeddable":true,"href":"https:\/\/o-seznam.cz\/napoveda\/email\/wp-json\/wp\/v2\/pages\/332"}],"wp:attachment":[{"href":"https:\/\/o-seznam.cz\/napoveda\/email\/wp-json\/wp\/v2\/media?parent=733"}],"wp:term":[{"taxonomy":"page_category","embeddable":true,"href":"https:\/\/o-seznam.cz\/napoveda\/email\/wp-json\/wp\/v2\/page_category?post=733"},{"taxonomy":"page_tag","embeddable":true,"href":"https:\/\/o-seznam.cz\/napoveda\/email\/wp-json\/wp\/v2\/page_tag?post=733"},{"taxonomy":"service_status_category","embeddable":true,"href":"https:\/\/o-seznam.cz\/napoveda\/email\/wp-json\/wp\/v2\/service_status_category?post=733"}],"curies":[{"name":"wp","href":"https:\/\/api.w.org\/{rel}","templated":true}]}}