{"id":731,"date":"2024-12-04T09:01:15","date_gmt":"2024-12-04T08:01:15","guid":{"rendered":"https:\/\/o-seznam.cz\/napoveda\/email\/?page_id=731"},"modified":"2025-01-10T13:55:17","modified_gmt":"2025-01-10T12:55:17","slug":"funkce-napojit-kalendar-na-url","status":"publish","type":"page","link":"https:\/\/o-seznam.cz\/napoveda\/email\/kalendar\/funkce-napojit-kalendar-na-url\/","title":{"rendered":"Funkce Napojit kalend\u00e1\u0159 na URL"},"content":{"rendered":"\n<p>D\u00edky funkci napojen\u00ed kalend\u00e1\u0159e na URL m\u016f\u017eete snadno p\u0159ipojit ji\u017e existuj\u00edc\u00ed internetov\u00fd kalend\u00e1\u0159 (tzv. iCalendar), pokud m\u00e1te k dispozici jeho URL adresu. Tento postup v\u00e1m umo\u017en\u00ed m\u00edt v\u0161echny relevantn\u00ed ud\u00e1losti z jin\u00fdch kalend\u00e1\u0159\u016f p\u0159\u00edmo v tom va\u0161em, co\u017e je u\u017eite\u010dn\u00e9 nap\u0159\u00edklad pro sd\u00edlen\u00e9 kalend\u00e1\u0159e nebo pro synchronizaci s extern\u00edmi slu\u017ebami.<\/p>\n\n\n\n<h3 class=\"wp-block-heading\">Jak napojit kalend\u00e1\u0159 na URL:<\/h3>\n\n\n\n<ol class=\"wp-block-list\">\n<li>P\u0159i vytv\u00e1\u0159en\u00ed nov\u00e9ho kalend\u00e1\u0159e vyberte mo\u017enost <strong>\u201eNapojit kalend\u00e1\u0159 na URL\u201c<\/strong> kter\u00e1 umo\u017e\u0148uje p\u0159ipojit extern\u00ed kalend\u00e1\u0159 pomoc\u00ed URL. To v\u00e1m otev\u0159e pole, kam m\u016f\u017eete vlo\u017eit adresu kalend\u00e1\u0159e.<\/li>\n\n\n\n<li>Do zobrazen\u00e9ho pole vlo\u017ete <strong>URL adresu kalend\u00e1\u0159e iCal<\/strong>. Tento odkaz obvykle kon\u010d\u00ed p\u0159\u00edponou <strong>.ics<\/strong> (nap\u0159. <code>https:\/\/example.com\/calendar.ics<\/code>).<\/li>\n\n\n\n<li><strong>Potvr\u010fte a synchronizujte:<\/strong> Po vlo\u017een\u00ed URL adresy potvr\u010fte a kalend\u00e1\u0159 se automaticky napoj\u00ed na extern\u00ed iCalendar. Ud\u00e1losti z tohoto kalend\u00e1\u0159e budou pravideln\u011b synchronizov\u00e1ny a zobrazeny ve va\u0161em kalend\u00e1\u0159i.<\/li>\n<\/ol>\n\n\n\n<p>Tato funkce je velmi u\u017eite\u010dn\u00e1 pro integraci s kalend\u00e1\u0159i, kter\u00e9 jsou spravov\u00e1ny jin\u00fdmi u\u017eivateli nebo slu\u017ebami, jako jsou ve\u0159ejn\u00e9 ud\u00e1losti, sv\u00e1tky nebo pracovn\u00ed kalend\u00e1\u0159e, kter\u00e9 v\u00e1m n\u011bkdo sd\u00edl\u00ed.<\/p>\n\n\n\n<p><\/p>\n","protected":false},"excerpt":{"rendered":"<p>D\u00edky funkci napojen\u00ed kalend\u00e1\u0159e na URL m\u016f\u017eete snadno p\u0159ipojit ji\u017e existuj\u00edc\u00ed internetov\u00fd kalend\u00e1\u0159 (tzv. iCalendar), pokud m\u00e1te k dispozici jeho URL adresu. Tento postup v\u00e1m umo\u017en\u00ed m\u00edt v\u0161echny relevantn\u00ed ud\u00e1losti z jin\u00fdch kalend\u00e1\u0159\u016f p\u0159\u00edmo v tom va\u0161em, co\u017e je u\u017eite\u010dn\u00e9 nap\u0159\u00edklad pro sd\u00edlen\u00e9 kalend\u00e1\u0159e nebo pro synchronizaci s extern\u00edmi slu\u017ebami. Jak napojit kalend\u00e1\u0159 na URL: [&hellip;]<\/p>\n","protected":false},"author":12,"featured_media":0,"parent":332,"menu_order":50,"comment_status":"closed","ping_status":"closed","template":"page-sidemenu","meta":{"_acf_changed":false,"_relevanssi_hide_post":"","_relevanssi_hide_content":"","_relevanssi_pin_for_all":"","_relevanssi_pin_keywords":"","_relevanssi_unpin_keywords":"","_relevanssi_related_keywords":"","_relevanssi_related_include_ids":"","_relevanssi_related_exclude_ids":"","_relevanssi_related_no_append":"","_relevanssi_related_not_related":"","_relevanssi_related_posts":"","_relevanssi_noindex_reason":"","footnotes":""},"page_category":[13],"page_tag":[],"service_status_category":[],"class_list":["post-731","page","type-page","status-publish","hentry"],"acf":[],"_links":{"self":[{"href":"https:\/\/o-seznam.cz\/napoveda\/email\/wp-json\/wp\/v2\/pages\/731","targetHints":{"allow":["GET"]}}],"collection":[{"href":"https:\/\/o-seznam.cz\/napoveda\/email\/wp-json\/wp\/v2\/pages"}],"about":[{"href":"https:\/\/o-seznam.cz\/napoveda\/email\/wp-json\/wp\/v2\/types\/page"}],"author":[{"embeddable":true,"href":"https:\/\/o-seznam.cz\/napoveda\/email\/wp-json\/wp\/v2\/users\/12"}],"replies":[{"embeddable":true,"href":"https:\/\/o-seznam.cz\/napoveda\/email\/wp-json\/wp\/v2\/comments?post=731"}],"version-history":[{"count":6,"href":"https:\/\/o-seznam.cz\/napoveda\/email\/wp-json\/wp\/v2\/pages\/731\/revisions"}],"predecessor-version":[{"id":1241,"href":"https:\/\/o-seznam.cz\/napoveda\/email\/wp-json\/wp\/v2\/pages\/731\/revisions\/1241"}],"up":[{"embeddable":true,"href":"https:\/\/o-seznam.cz\/napoveda\/email\/wp-json\/wp\/v2\/pages\/332"}],"wp:attachment":[{"href":"https:\/\/o-seznam.cz\/napoveda\/email\/wp-json\/wp\/v2\/media?parent=731"}],"wp:term":[{"taxonomy":"page_category","embeddable":true,"href":"https:\/\/o-seznam.cz\/napoveda\/email\/wp-json\/wp\/v2\/page_category?post=731"},{"taxonomy":"page_tag","embeddable":true,"href":"https:\/\/o-seznam.cz\/napoveda\/email\/wp-json\/wp\/v2\/page_tag?post=731"},{"taxonomy":"service_status_category","embeddable":true,"href":"https:\/\/o-seznam.cz\/napoveda\/email\/wp-json\/wp\/v2\/service_status_category?post=731"}],"curies":[{"name":"wp","href":"https:\/\/api.w.org\/{rel}","templated":true}]}}