{"id":725,"date":"2024-12-04T08:47:53","date_gmt":"2024-12-04T07:47:53","guid":{"rendered":"https:\/\/o-seznam.cz\/napoveda\/email\/?page_id=725"},"modified":"2026-04-08T12:49:16","modified_gmt":"2026-04-08T10:49:16","slug":"vytvoreni-kalendare","status":"publish","type":"page","link":"https:\/\/o-seznam.cz\/napoveda\/email\/kalendar\/vytvoreni-kalendare\/","title":{"rendered":"Vytvo\u0159en\u00ed kalend\u00e1\u0159e"},"content":{"rendered":"\n<p>Kalend\u00e1\u0159\u016f lze m\u00edt a pou\u017e\u00edvat v\u00edce, ne\u017e pouze ten jeden v\u00fdchoz\u00ed. Vytvo\u0159te si vlastn\u00ed kalend\u00e1\u0159 pro v\u00e1\u0161 rodinn\u00fd \u017eivot, dal\u0161\u00ed pro p\u0159ehled pracovn\u00edch ud\u00e1lost\u00ed, je\u0161t\u011b jeden pro va\u0161e z\u00e1liby a kon\u00ed\u010dky, jeden speci\u00e1ln\u00ed sd\u00edlen\u00fd s va\u0161imi p\u0159\u00e1teli atd.<\/p>\n\n\n\n<div class=\"wp-block-group is-layout-constrained wp-block-group-is-layout-constrained\">\n<p>Nov\u00fd kalend\u00e1\u0159 m\u016f\u017eete snadno vytvo\u0159it pomoc\u00ed n\u011bkolika krok\u016f:<\/p>\n\n\n\n<p><strong>Klikn\u011bte na tla\u010d\u00edtko pro vytvo\u0159en\u00ed nov\u00e9ho kalend\u00e1\u0159e:<\/strong> Toto tla\u010d\u00edtko se nach\u00e1z\u00ed v lev\u00e9m sloupci kalend\u00e1\u0159e pod seznamem st\u00e1vaj\u00edc\u00edch kalend\u00e1\u0159\u016f. <\/p>\n\n\n\n<ol class=\"wp-block-list\">\n<li><strong>Vypl\u0148te n\u00e1zev kalend\u00e1\u0159e:<\/strong> Zadejte n\u00e1zev pro sv\u016fj nov\u00fd kalend\u00e1\u0159. M\u016f\u017eete zvolit libovoln\u00fd n\u00e1zev, kter\u00fd bude vystihovat obsah kalend\u00e1\u0159e (nap\u0159. &#8222;Osobn\u00ed&#8220;, &#8222;Pr\u00e1ce&#8220;, &#8222;Cestov\u00e1n\u00ed&#8220; apod.).<\/li>\n\n\n\n<li><strong>Zvolte typ kalend\u00e1\u0159e:<\/strong>\n<ul class=\"wp-block-list\">\n<li><strong>Pr\u00e1zdn\u00fd kalend\u00e1\u0159:<\/strong> Pokud chcete za\u010d\u00edt od nuly a napl\u0148ovat kalend\u00e1\u0159 vlastn\u00edmi ud\u00e1lostmi, vyberte mo\u017enost pr\u00e1zdn\u00e9ho kalend\u00e1\u0159e. Tento kalend\u00e1\u0159 bude bez jak\u00fdchkoli p\u0159ednastaven\u00fdch ud\u00e1lost\u00ed, a vy si do n\u011bj m\u016f\u017eete p\u0159id\u00e1vat vlastn\u00ed.<\/li>\n\n\n\n<li><strong>Sd\u00edlen\u00fd kalend\u00e1\u0159 pomoc\u00ed URL:<\/strong> Pokud chcete pou\u017e\u00edt ji\u017e existuj\u00edc\u00ed kalend\u00e1\u0159, kter\u00fd sd\u00edl\u00ed n\u011bkdo jin\u00fd, m\u016f\u017eete tento kalend\u00e1\u0159 p\u0159ipojit pomoc\u00ed odkazu URL. Tento kalend\u00e1\u0159 bude automaticky synchronizov\u00e1n s ve\u0159ejn\u00fdmi nebo soukrom\u00fdmi ud\u00e1lostmi, kter\u00e9 v\u00e1m osoba, kter\u00e1 kalend\u00e1\u0159 sd\u00edl\u00ed, poskytne. K tomu bude pot\u0159eba URL odkazu, kter\u00fd v\u00e1m bude zasl\u00e1n.<\/li>\n<\/ul>\n<\/li>\n<\/ol>\n<\/div>\n\n\n\n<p>Po vytvo\u0159en\u00ed kalend\u00e1\u0159e si m\u016f\u017eete za\u010d\u00edt p\u0159id\u00e1vat ud\u00e1losti nebo p\u0159izp\u016fsobovat nastaven\u00ed kalend\u00e1\u0159e podle pot\u0159eby. Pokud jde o sd\u00edlen\u00ed, bude z\u00e1le\u017eet na <a href=\"https:\/\/o-seznam.cz\/napoveda\/email\/kalendar\/sdileni-kalendaru\/\" data-type=\"link\" data-id=\"https:\/\/o-seznam.cz\/napoveda\/email\/kalendar\/sdileni-kalendaru\/\">nastaven\u00ed sd\u00edlen\u00ed<\/a> dan\u00e9ho kalend\u00e1\u0159e a na tom, jak\u00e9 \u00fapravy (pokud v\u016fbec) v\u00e1m budou umo\u017en\u011bny.<\/p>\n\n\n\n<p>Pokud naopak pot\u0159ebujete kalend\u00e1\u0159 smazat. M\u016f\u017eete postupovat n\u00e1sledovn\u011b:<\/p>\n\n\n\n<ul class=\"wp-block-list\">\n<li>Rozklikn\u011bte t\u0159i te\u010dky vedle n\u00e1zvu kalend\u00e1\u0159e v lev\u00e9m sloupci v seznamu v\u0161ech kalend\u00e1\u0159\u016f a zvolte mo\u017enost <strong>Nastaven\u00ed kalend\u00e1\u0159e<\/strong>. N\u00e1sledn\u011b budete p\u0159esm\u011brov\u00e1ni do nastaven\u00ed, kde ji\u017e uvid\u00edte mo\u017enost <strong>Smazat kalend\u00e1\u0159<\/strong>.<\/li>\n<\/ul>\n\n\n\n<p><\/p>\n","protected":false},"excerpt":{"rendered":"<p>Kalend\u00e1\u0159\u016f lze m\u00edt a pou\u017e\u00edvat v\u00edce, ne\u017e pouze ten jeden v\u00fdchoz\u00ed. Vytvo\u0159te si vlastn\u00ed kalend\u00e1\u0159 pro v\u00e1\u0161 rodinn\u00fd \u017eivot, dal\u0161\u00ed pro p\u0159ehled pracovn\u00edch ud\u00e1lost\u00ed, je\u0161t\u011b jeden pro va\u0161e z\u00e1liby a kon\u00ed\u010dky, jeden speci\u00e1ln\u00ed sd\u00edlen\u00fd s va\u0161imi p\u0159\u00e1teli atd. Nov\u00fd kalend\u00e1\u0159 m\u016f\u017eete snadno vytvo\u0159it pomoc\u00ed n\u011bkolika krok\u016f: Klikn\u011bte na tla\u010d\u00edtko pro vytvo\u0159en\u00ed nov\u00e9ho kalend\u00e1\u0159e: Toto tla\u010d\u00edtko [&hellip;]<\/p>\n","protected":false},"author":12,"featured_media":0,"parent":332,"menu_order":30,"comment_status":"closed","ping_status":"closed","template":"page-sidemenu","meta":{"_acf_changed":false,"_relevanssi_hide_post":"","_relevanssi_hide_content":"","_relevanssi_pin_for_all":"","_relevanssi_pin_keywords":"","_relevanssi_unpin_keywords":"","_relevanssi_related_keywords":"","_relevanssi_related_include_ids":"","_relevanssi_related_exclude_ids":"","_relevanssi_related_no_append":"","_relevanssi_related_not_related":"","_relevanssi_related_posts":"","_relevanssi_noindex_reason":"","footnotes":""},"page_category":[13],"page_tag":[],"service_status_category":[],"class_list":["post-725","page","type-page","status-publish","hentry"],"acf":[],"_links":{"self":[{"href":"https:\/\/o-seznam.cz\/napoveda\/email\/wp-json\/wp\/v2\/pages\/725","targetHints":{"allow":["GET"]}}],"collection":[{"href":"https:\/\/o-seznam.cz\/napoveda\/email\/wp-json\/wp\/v2\/pages"}],"about":[{"href":"https:\/\/o-seznam.cz\/napoveda\/email\/wp-json\/wp\/v2\/types\/page"}],"author":[{"embeddable":true,"href":"https:\/\/o-seznam.cz\/napoveda\/email\/wp-json\/wp\/v2\/users\/12"}],"replies":[{"embeddable":true,"href":"https:\/\/o-seznam.cz\/napoveda\/email\/wp-json\/wp\/v2\/comments?post=725"}],"version-history":[{"count":6,"href":"https:\/\/o-seznam.cz\/napoveda\/email\/wp-json\/wp\/v2\/pages\/725\/revisions"}],"predecessor-version":[{"id":1763,"href":"https:\/\/o-seznam.cz\/napoveda\/email\/wp-json\/wp\/v2\/pages\/725\/revisions\/1763"}],"up":[{"embeddable":true,"href":"https:\/\/o-seznam.cz\/napoveda\/email\/wp-json\/wp\/v2\/pages\/332"}],"wp:attachment":[{"href":"https:\/\/o-seznam.cz\/napoveda\/email\/wp-json\/wp\/v2\/media?parent=725"}],"wp:term":[{"taxonomy":"page_category","embeddable":true,"href":"https:\/\/o-seznam.cz\/napoveda\/email\/wp-json\/wp\/v2\/page_category?post=725"},{"taxonomy":"page_tag","embeddable":true,"href":"https:\/\/o-seznam.cz\/napoveda\/email\/wp-json\/wp\/v2\/page_tag?post=725"},{"taxonomy":"service_status_category","embeddable":true,"href":"https:\/\/o-seznam.cz\/napoveda\/email\/wp-json\/wp\/v2\/service_status_category?post=725"}],"curies":[{"name":"wp","href":"https:\/\/api.w.org\/{rel}","templated":true}]}}