{"id":721,"date":"2024-12-04T08:41:30","date_gmt":"2024-12-04T07:41:30","guid":{"rendered":"https:\/\/o-seznam.cz\/napoveda\/email\/?page_id=721"},"modified":"2025-01-15T14:17:41","modified_gmt":"2025-01-15T13:17:41","slug":"zobrazeni-kalendaru","status":"publish","type":"page","link":"https:\/\/o-seznam.cz\/napoveda\/email\/kalendar\/zobrazeni-kalendaru\/","title":{"rendered":"Zobrazen\u00ed kalend\u00e1\u0159\u016f"},"content":{"rendered":"\n<p>Kalend\u00e1\u0159 nab\u00edz\u00ed n\u011bkolik z\u00e1kladn\u00edch pohled\u016f pro zobrazen\u00ed ud\u00e1lost\u00ed, co\u017e usnad\u0148uje p\u0159izp\u016fsoben\u00ed zobrazen\u00ed podle aktu\u00e1ln\u00edch pot\u0159eb. Tyto pohledy obvykle zahrnuj\u00ed denn\u00ed, t\u00fddenn\u00ed, m\u011bs\u00ed\u010dn\u00ed nebo agendu, tedy celkov\u00fd p\u0159ehled n\u00e1sleduj\u00edc\u00edch ud\u00e1lost\u00ed. V ka\u017ed\u00e9m pohledu je vlevo um\u00edst\u011bn sloupec, kter\u00fd obsahuje:<\/p>\n\n\n\n<ol class=\"wp-block-list\">\n<li><strong>Mo\u017enost vytvo\u0159en\u00ed nov\u00e9 ud\u00e1losti <\/strong><\/li>\n\n\n\n<li><strong>Seznam p\u0159ipojen\u00fdch schr\u00e1nek<\/strong><\/li>\n\n\n\n<li><strong>Seznam kalend\u00e1\u0159\u016f:<\/strong> Tento seznam obsahuje v\u0161echny kalend\u00e1\u0159e, kter\u00e9 m\u00e1te nastaven\u00e9 ve sv\u00e9m \u00fa\u010dtu. Ka\u017ed\u00fd kalend\u00e1\u0159 je obvykle reprezentov\u00e1n n\u00e1zvem a barvou, co\u017e pom\u00e1h\u00e1 rozli\u0161it r\u016fzn\u00e9 typy ud\u00e1lost\u00ed (nap\u0159. pracovn\u00ed, osobn\u00ed, sv\u00e1tky apod.).<\/li>\n\n\n\n<li><strong>Pl\u00e1nov\u00e1n\u00ed akc\u00ed<\/strong>: Tato funkce slou\u017e\u00ed k tomu, aby si ka\u017ed\u00fd \u00fa\u010dastn\u00edk n\u011bjak\u00e9 akce mohl zvolit \u010das i m\u00edsto.<\/li>\n<\/ol>\n\n\n\n<p>Vedle ka\u017ed\u00e9ho kalend\u00e1\u0159e je mal\u00e9 <strong>barevn\u00e9 o\u010d\u00ed\u010dko<\/strong>, kter\u00e9 umo\u017e\u0148uje rychl\u00e9 ovl\u00e1d\u00e1n\u00ed viditelnosti dan\u00e9ho kalend\u00e1\u0159e. Kdy\u017e kliknete na toto o\u010d\u00ed\u010dko, kalend\u00e1\u0159 se v aktu\u00e1ln\u00edm pohledu skryje. Ud\u00e1losti z tohoto kalend\u00e1\u0159e u\u017e nebudou zobrazeny, co\u017e m\u016f\u017ee pomoci udr\u017eet zobrazen\u00ed p\u0159ehledn\u00e9, pokud chcete vid\u011bt pouze n\u011bkter\u00e9 kalend\u00e1\u0159e.<\/p>\n\n\n\n<p><\/p>\n\n\n\n<p><\/p>\n","protected":false},"excerpt":{"rendered":"<p>Kalend\u00e1\u0159 nab\u00edz\u00ed n\u011bkolik z\u00e1kladn\u00edch pohled\u016f pro zobrazen\u00ed ud\u00e1lost\u00ed, co\u017e usnad\u0148uje p\u0159izp\u016fsoben\u00ed zobrazen\u00ed podle aktu\u00e1ln\u00edch pot\u0159eb. Tyto pohledy obvykle zahrnuj\u00ed denn\u00ed, t\u00fddenn\u00ed, m\u011bs\u00ed\u010dn\u00ed nebo agendu, tedy celkov\u00fd p\u0159ehled n\u00e1sleduj\u00edc\u00edch ud\u00e1lost\u00ed. V ka\u017ed\u00e9m pohledu je vlevo um\u00edst\u011bn sloupec, kter\u00fd obsahuje: Vedle ka\u017ed\u00e9ho kalend\u00e1\u0159e je mal\u00e9 barevn\u00e9 o\u010d\u00ed\u010dko, kter\u00e9 umo\u017e\u0148uje rychl\u00e9 ovl\u00e1d\u00e1n\u00ed viditelnosti dan\u00e9ho kalend\u00e1\u0159e. Kdy\u017e kliknete na [&hellip;]<\/p>\n","protected":false},"author":12,"featured_media":0,"parent":332,"menu_order":20,"comment_status":"closed","ping_status":"closed","template":"page-sidemenu","meta":{"_acf_changed":false,"_relevanssi_hide_post":"","_relevanssi_hide_content":"","_relevanssi_pin_for_all":"","_relevanssi_pin_keywords":"","_relevanssi_unpin_keywords":"","_relevanssi_related_keywords":"","_relevanssi_related_include_ids":"","_relevanssi_related_exclude_ids":"","_relevanssi_related_no_append":"","_relevanssi_related_not_related":"","_relevanssi_related_posts":"","_relevanssi_noindex_reason":"","footnotes":""},"page_category":[13],"page_tag":[],"service_status_category":[],"class_list":["post-721","page","type-page","status-publish","hentry"],"acf":[],"_links":{"self":[{"href":"https:\/\/o-seznam.cz\/napoveda\/email\/wp-json\/wp\/v2\/pages\/721","targetHints":{"allow":["GET"]}}],"collection":[{"href":"https:\/\/o-seznam.cz\/napoveda\/email\/wp-json\/wp\/v2\/pages"}],"about":[{"href":"https:\/\/o-seznam.cz\/napoveda\/email\/wp-json\/wp\/v2\/types\/page"}],"author":[{"embeddable":true,"href":"https:\/\/o-seznam.cz\/napoveda\/email\/wp-json\/wp\/v2\/users\/12"}],"replies":[{"embeddable":true,"href":"https:\/\/o-seznam.cz\/napoveda\/email\/wp-json\/wp\/v2\/comments?post=721"}],"version-history":[{"count":7,"href":"https:\/\/o-seznam.cz\/napoveda\/email\/wp-json\/wp\/v2\/pages\/721\/revisions"}],"predecessor-version":[{"id":1285,"href":"https:\/\/o-seznam.cz\/napoveda\/email\/wp-json\/wp\/v2\/pages\/721\/revisions\/1285"}],"up":[{"embeddable":true,"href":"https:\/\/o-seznam.cz\/napoveda\/email\/wp-json\/wp\/v2\/pages\/332"}],"wp:attachment":[{"href":"https:\/\/o-seznam.cz\/napoveda\/email\/wp-json\/wp\/v2\/media?parent=721"}],"wp:term":[{"taxonomy":"page_category","embeddable":true,"href":"https:\/\/o-seznam.cz\/napoveda\/email\/wp-json\/wp\/v2\/page_category?post=721"},{"taxonomy":"page_tag","embeddable":true,"href":"https:\/\/o-seznam.cz\/napoveda\/email\/wp-json\/wp\/v2\/page_tag?post=721"},{"taxonomy":"service_status_category","embeddable":true,"href":"https:\/\/o-seznam.cz\/napoveda\/email\/wp-json\/wp\/v2\/service_status_category?post=721"}],"curies":[{"name":"wp","href":"https:\/\/api.w.org\/{rel}","templated":true}]}}