{"id":715,"date":"2024-12-04T08:36:47","date_gmt":"2024-12-04T07:36:47","guid":{"rendered":"https:\/\/o-seznam.cz\/napoveda\/email\/?page_id=715"},"modified":"2026-04-08T12:46:03","modified_gmt":"2026-04-08T10:46:03","slug":"pohledy","status":"publish","type":"page","link":"https:\/\/o-seznam.cz\/napoveda\/email\/kalendar\/pohledy\/","title":{"rendered":"Pohledy"},"content":{"rendered":"\n<p>Kalend\u00e1\u0159 nab\u00edz\u00ed n\u011bkolik z\u00e1kladn\u00edch pohled\u016f, kter\u00e9 umo\u017e\u0148uj\u00ed r\u016fzn\u00e9 zp\u016fsoby zobrazen\u00ed ud\u00e1lost\u00ed, v z\u00e1vislosti na tom, jak podrobn\u011b chcete informace vid\u011bt. <\/p>\n\n\n\n<p>Tyto pohledy jsou:<\/p>\n\n\n\n<ol class=\"wp-block-list\">\n<li><strong>Agenda<\/strong> \u2013 Tento pohled zobrazuje seznam nadch\u00e1zej\u00edc\u00edch ud\u00e1lost\u00ed v chronologick\u00e9m po\u0159ad\u00ed. <\/li>\n\n\n\n<li><strong>Den<\/strong> \u2013 Zobrazuje ud\u00e1losti pouze pro konkr\u00e9tn\u00ed den. Je ide\u00e1ln\u00ed pro detailn\u00ed pohled na v\u0161echny ud\u00e1losti, kter\u00e9 m\u00e1te v dan\u00fd den.<\/li>\n\n\n\n<li><strong>T\u00fdden<\/strong> \u2013 Tento pohled zobrazuje celkov\u00fd p\u0159ehled o ud\u00e1lostech na cel\u00fd t\u00fdden. Umo\u017e\u0148uje vid\u011bt pl\u00e1n na ka\u017ed\u00fd den v r\u00e1mci t\u00fddne.<\/li>\n\n\n\n<li><strong>Pracovn\u00ed t\u00fdden<\/strong> \u2013 V tomto rozlo\u017een\u00ed jsou zobrazeny pouze pracovn\u00ed dny, tj. bez v\u00edkend\u016f.<\/li>\n\n\n\n<li><strong>M\u011bs\u00edc<\/strong> \u2013 Zobrazuje cel\u00fd m\u011bs\u00edc, obvykle v podob\u011b m\u0159\u00ed\u017eky, kde ka\u017ed\u00fd den zobrazuje ud\u00e1losti napl\u00e1novan\u00e9 na konkr\u00e9tn\u00ed datum.<\/li>\n\n\n\n<li><strong>Rok<\/strong> \u2013 Tento pohled ukazuje kalend\u00e1\u0159 pro cel\u00fd rok, co\u017e v\u00e1m umo\u017e\u0148uje vid\u011bt ud\u00e1losti napl\u00e1novan\u00e9 po cel\u00fd rok, obvykle s minim\u00e1ln\u00edmi detaily pro ka\u017ed\u00fd den.<\/li>\n<\/ol>\n\n\n\n<p>Ka\u017ed\u00fd z t\u011bchto pohled\u016f v\u00e1m umo\u017e\u0148uje l\u00e9pe organizovat a p\u0159izp\u016fsobit zobrazen\u00ed ud\u00e1lost\u00ed podle va\u0161ich pot\u0159eb.<\/p>\n\n\n\n<p><\/p>\n","protected":false},"excerpt":{"rendered":"<p>Kalend\u00e1\u0159 nab\u00edz\u00ed n\u011bkolik z\u00e1kladn\u00edch pohled\u016f, kter\u00e9 umo\u017e\u0148uj\u00ed r\u016fzn\u00e9 zp\u016fsoby zobrazen\u00ed ud\u00e1lost\u00ed, v z\u00e1vislosti na tom, jak podrobn\u011b chcete informace vid\u011bt. Tyto pohledy jsou: Ka\u017ed\u00fd z t\u011bchto pohled\u016f v\u00e1m umo\u017e\u0148uje l\u00e9pe organizovat a p\u0159izp\u016fsobit zobrazen\u00ed ud\u00e1lost\u00ed podle va\u0161ich pot\u0159eb.<\/p>\n","protected":false},"author":12,"featured_media":0,"parent":332,"menu_order":10,"comment_status":"closed","ping_status":"closed","template":"page-sidemenu","meta":{"_acf_changed":false,"_relevanssi_hide_post":"","_relevanssi_hide_content":"","_relevanssi_pin_for_all":"","_relevanssi_pin_keywords":"","_relevanssi_unpin_keywords":"","_relevanssi_related_keywords":"","_relevanssi_related_include_ids":"","_relevanssi_related_exclude_ids":"","_relevanssi_related_no_append":"","_relevanssi_related_not_related":"","_relevanssi_related_posts":"","_relevanssi_noindex_reason":"","footnotes":""},"page_category":[13],"page_tag":[],"service_status_category":[],"class_list":["post-715","page","type-page","status-publish","hentry"],"acf":[],"_links":{"self":[{"href":"https:\/\/o-seznam.cz\/napoveda\/email\/wp-json\/wp\/v2\/pages\/715","targetHints":{"allow":["GET"]}}],"collection":[{"href":"https:\/\/o-seznam.cz\/napoveda\/email\/wp-json\/wp\/v2\/pages"}],"about":[{"href":"https:\/\/o-seznam.cz\/napoveda\/email\/wp-json\/wp\/v2\/types\/page"}],"author":[{"embeddable":true,"href":"https:\/\/o-seznam.cz\/napoveda\/email\/wp-json\/wp\/v2\/users\/12"}],"replies":[{"embeddable":true,"href":"https:\/\/o-seznam.cz\/napoveda\/email\/wp-json\/wp\/v2\/comments?post=715"}],"version-history":[{"count":5,"href":"https:\/\/o-seznam.cz\/napoveda\/email\/wp-json\/wp\/v2\/pages\/715\/revisions"}],"predecessor-version":[{"id":1762,"href":"https:\/\/o-seznam.cz\/napoveda\/email\/wp-json\/wp\/v2\/pages\/715\/revisions\/1762"}],"up":[{"embeddable":true,"href":"https:\/\/o-seznam.cz\/napoveda\/email\/wp-json\/wp\/v2\/pages\/332"}],"wp:attachment":[{"href":"https:\/\/o-seznam.cz\/napoveda\/email\/wp-json\/wp\/v2\/media?parent=715"}],"wp:term":[{"taxonomy":"page_category","embeddable":true,"href":"https:\/\/o-seznam.cz\/napoveda\/email\/wp-json\/wp\/v2\/page_category?post=715"},{"taxonomy":"page_tag","embeddable":true,"href":"https:\/\/o-seznam.cz\/napoveda\/email\/wp-json\/wp\/v2\/page_tag?post=715"},{"taxonomy":"service_status_category","embeddable":true,"href":"https:\/\/o-seznam.cz\/napoveda\/email\/wp-json\/wp\/v2\/service_status_category?post=715"}],"curies":[{"name":"wp","href":"https:\/\/api.w.org\/{rel}","templated":true}]}}