{"id":592,"date":"2024-11-22T09:08:51","date_gmt":"2024-11-22T08:08:51","guid":{"rendered":"https:\/\/o-seznam.cz\/napoveda\/email\/?page_id=592"},"modified":"2025-01-15T14:33:27","modified_gmt":"2025-01-15T13:33:27","slug":"smluvni-podminky-sluzby-kalendar","status":"publish","type":"page","link":"https:\/\/o-seznam.cz\/napoveda\/email\/kalendar\/smluvni-podminky-sluzby-kalendar\/","title":{"rendered":"Smluvn\u00ed podm\u00ednky slu\u017eby Kalend\u00e1\u0159"},"content":{"rendered":"\n<h3 class=\"wp-block-heading\"><strong>I. \u00davod<\/strong><\/h3>\n\n\n\n<ol class=\"wp-block-list\">\n<li>Spole\u010dnost Seznam.cz, a.s., se s\u00eddlem na adrese Praha 5 \u2013 Sm\u00edchov, Radlick\u00e1 3294\/10, PS\u010c 15000,&nbsp;I\u010cO 26168685, zapsan\u00e1 v obchodn\u00edm rejst\u0159\u00edku veden\u00e9m M\u011bstsk\u00fdm soudem v Praze, odd\u00edl B, vlo\u017eka 6493 (d\u00e1le jen \u201e<strong>Provozovatel<\/strong>\u201c), je provozovatelem slu\u017eby Seznam.cz Kalend\u00e1\u0159 dostupn\u00e9 z internetov\u00e9 adresy (URL): https:\/\/kalendar.seznam.cz\/ (d\u00e1le jen \u201e<strong>Slu\u017eba<\/strong>\u201c), prost\u0159ednictv\u00edm kter\u00e9ho mohou u\u017eivatel\u00e9 Slu\u017eby (d\u00e1le jen \u201e<strong>U\u017eivatel<\/strong>\u201c nebo \u201e<strong>U\u017eivatel\u00e9<\/strong>\u201c) zobrazovat kalend\u00e1\u0159, vytv\u00e1\u0159et v kalend\u00e1\u0159i ud\u00e1losti a vyu\u017e\u00edvat dal\u0161\u00ed funkcionality Slu\u017eby, to v\u0161e za n\u00ed\u017ee uveden\u00fdch podm\u00ednek (d\u00e1le jen \u201e<strong>Podm\u00ednky<\/strong>\u201c).<\/li>\n<\/ol>\n\n\n\n<h3 class=\"wp-block-heading\"><strong>II. Popis Slu\u017eby<\/strong><\/h3>\n\n\n\n<ol class=\"wp-block-list\">\n<li>Slu\u017eba umo\u017e\u0148uje U\u017eivatel\u016fm zobrazit kalend\u00e1\u0159, vytv\u00e1\u0159et v kalend\u00e1\u0159i ud\u00e1losti, tyto ud\u00e1losti spravovat, sd\u00edlet s jin\u00fdmi subjekty a mazat je, vytv\u00e1\u0159et dal\u0161\u00ed kalend\u00e1\u0159e a tyto kalend\u00e1\u0159e sd\u00edlet, importovat extern\u00ed kalend\u00e1\u0159e a vyu\u017e\u00edvat protokolu pro napojen\u00ed Slu\u017eby do jin\u00fdch klient\u016f, kter\u00e9 tento protokol podporuj\u00ed.<\/li>\n\n\n\n<li>U\u017eit\u00edm Slu\u017eby se rozum\u00ed p\u0159ihl\u00e1\u0161en\u00ed U\u017eivatele do Slu\u017eby, zobrazen\u00ed kalend\u00e1\u0159e, vytvo\u0159en\u00ed ud\u00e1losti, jej\u00ed spr\u00e1va, sd\u00edlen\u00ed ud\u00e1losti, jako\u017e i vyu\u017eit\u00ed jin\u00fdch funkcionalit Slu\u017eby dle p\u0159edchoz\u00edho odstavce.<\/li>\n<\/ol>\n\n\n\n<h3 class=\"wp-block-heading\">III. Pr\u00e1va a povinnosti smluvn\u00edch stran<\/h3>\n\n\n\n<ol class=\"wp-block-list\">\n<li>U\u017eit\u00ed Slu\u017eby je v\u00e1z\u00e1no na \u00fa\u010det registrovan\u00e9ho u\u017eivatele Provozovatele \u2013 viz (URL): <a href=\"https:\/\/o-seznam.cz\/napoveda\/ucet\/registrace\/smluvni-podminky\">https:\/\/o-seznam.cz\/napoveda\/ucet\/registrace\/smluvni-podminky<\/a> (d\u00e1le jen \u201e<strong>U\u017eivatelsk\u00fd \u00fa\u010det<\/strong>\u201c). Pro u\u017eit\u00ed n\u011bkter\u00fdch funkcionalit Slu\u017eby nemus\u00ed b\u00fdt U\u017eivatelsk\u00fd \u00fa\u010det vy\u017eadov\u00e1n.<\/li>\n\n\n\n<li>Provozovatel nenese odpov\u011bdnost za zneu\u017eit\u00ed U\u017eivatelsk\u00e9ho \u00fa\u010dtu nebo osobn\u00edch \u00fadaj\u016f U\u017eivatele t\u0159et\u00ed osobou, pokud U\u017eivatel umo\u017enil (a\u0165 ji\u017e \u00famysln\u011b nebo z nedbalosti) u\u017e\u00edt sv\u016fj U\u017eivatelsk\u00fd \u00fa\u010det a heslo t\u0159et\u00ed osob\u011b nebo takov\u00e9 t\u0159et\u00ed osob\u011b umo\u017enil k t\u011bmto \u00fadaj\u016fm p\u0159\u00edstup.<\/li>\n\n\n\n<li>Slu\u017eba je Provozovatelem U\u017eivatel\u016fm poskytov\u00e1na bezplatn\u011b.<\/li>\n\n\n\n<li>Provozovatel nep\u0159eb\u00edr\u00e1 \u017e\u00e1dn\u00e9 z\u00e1ruky a nenese \u017e\u00e1dnou odpov\u011bdnost za nefunk\u010dnost, nedostupnost a\/nebo zabezpe\u010den\u00ed Slu\u017eby \u010di jej\u00ed jednotliv\u00e9 funkcionality, za \u00fanik informac\u00ed o U\u017eivateli Slu\u017eby, za ztr\u00e1tu a\/nebo po\u0161kozen\u00ed dat U\u017eivatelem ulo\u017een\u00fdch nebo vytvo\u0159en\u00fdch ve Slu\u017eb\u011b, ani za jin\u00e9 n\u00e1sledky vznikl\u00e9 v d\u016fsledku<br>u\u017e\u00edv\u00e1n\u00ed Slu\u017eby.<\/li>\n\n\n\n<li>Provozovatel se zavazuje, \u017ee obsah vlo\u017een\u00fd U\u017eivatelem do Slu\u017eby (d\u00e1le jen \u201e<strong>Obsah<\/strong>\u201c) neposkytne t\u0159et\u00edm osob\u00e1m, s v\u00fdjimkou p\u0159\u00edpad\u016f, kdy U\u017eivatel s\u00e1m nasd\u00edl\u00ed Obsah jin\u00e9mu u\u017eivateli Slu\u017eby. Toto neplat\u00ed v p\u0159\u00edpadech, kdy m\u00e1 Provozovatel z\u00e1konnou povinnost Obsah poskytnout org\u00e1n\u016fm ve\u0159ejn\u00e9 moci.<\/li>\n\n\n\n<li>Provozovatel si vyhrazuje pr\u00e1vo vymazat kalend\u00e1\u0159 U\u017eivatele vytvo\u0159en\u00fd na Slu\u017eb\u011b, pokud:\n<ol class=\"wp-block-list\">\n<li>nebyl vyu\u017eit po dobu 14 dn\u00ed od sv\u00e9ho vytvo\u0159en\u00ed nebo po dobu del\u0161\u00ed ne\u017e 6 m\u011bs\u00edc\u016f,<\/li>\n\n\n\n<li>je dle zji\u0161t\u011bn\u00ed Provozovatele vyu\u017e\u00edv\u00e1n k nez\u00e1konn\u00e9 \u010dinnosti nebo k \u010dinnosti, kter\u00e1 je v rozporu s dobr\u00fdmi mravy, ve\u0159ejn\u00fdm po\u0159\u00e1dkem, t\u011bmito Podm\u00ednkami nebo opr\u00e1vn\u011bn\u00fdmi z\u00e1jmy Provozovatele,<\/li>\n<\/ol>\n<\/li>\n\n\n\n<li>U\u017eivatel m\u00e1 pr\u00e1vo kdykoliv ukon\u010dit u\u017e\u00edv\u00e1n\u00ed Slu\u017eby a sv\u016fj \u00fa\u010det na Slu\u017eb\u011b kdykoliv smazat to i bez p\u0159edchoz\u00ed v\u00fdzvy k n\u00e1prav\u011b a bez n\u00e1hrady.<\/li>\n<\/ol>\n\n\n\n<h3 class=\"wp-block-heading\">IV. Zpracov\u00e1n\u00ed osobn\u00edch \u00fadaj\u016f<\/h3>\n\n\n\n<ol class=\"wp-block-list\">\n<li>Provozovatel postupuje p\u0159i zpracov\u00e1n\u00ed osobn\u00edch \u00fadaj\u016f v souladu s na\u0159\u00edzen\u00edm Evropsk\u00e9ho parlamentu a Rady (EU) \u010d. 2016\/679 o ochran\u011b fyzick\u00fdch osob v souvislosti se zpracov\u00e1n\u00edm osobn\u00edch \u00fadaj\u016f a o voln\u00e9m pohybu t\u011bchto \u00fadaj\u016f (obecn\u00e9 na\u0159\u00edzen\u00ed o ochran\u011b osobn\u00edch \u00fadaj\u016f, d\u00e1le jen \u201e<strong>na\u0159\u00edzen\u00ed<\/strong>\u201c), z\u00e1konem \u010d. 110\/2019 Sb., o zpracov\u00e1n\u00ed osobn\u00edch \u00fadaj\u016f, z\u00e1konem \u010d. 111\/2019 Sb., kter\u00fdm se m\u011bn\u00ed n\u011bkter\u00e9 z\u00e1kony s p\u0159ijet\u00edm z\u00e1kona o zpracov\u00e1n\u00ed osobn\u00edch \u00fadaj\u016f, z\u00e1konem \u010d. 480\/2004 Sb., o n\u011bkter\u00fdch slu\u017eb\u00e1ch informa\u010dn\u00ed spole\u010dnosti, z\u00e1konem \u010d. 127\/2005 Sb., o elektronick\u00fdch komunikac\u00edch a dal\u0161\u00edmi pr\u00e1vn\u00edmi p\u0159edpisy upravuj\u00edc\u00ed ochranu osobn\u00edch \u00fadaj\u016f.<\/li>\n\n\n\n<li>Pro \u00fa\u010dely u\u017e\u00edv\u00e1n\u00ed Slu\u017eby U\u017eivatelem je Provozovatel opr\u00e1vn\u011bn zpracov\u00e1vat osobn\u00ed \u00fadaje U\u017eivatele nebo osobn\u00ed \u00fadaje poskytnut\u00e9 \u010di zadan\u00e9 U\u017eivatelem p\u0159i u\u017e\u00edv\u00e1n\u00ed Slu\u017eby (zejm\u00e9na adresn\u00e9 a popisn\u00e9 \u00fadaje).<\/li>\n\n\n\n<li>Takov\u00e9 zpracov\u00e1n\u00ed osobn\u00edch \u00fadaj\u016f je z\u00e1konn\u00e9, jeliko\u017e je nezbytn\u00e9 pro spln\u011bn\u00ed smlouvy, na jej\u00edm\u017e z\u00e1klad\u011b U\u017eivatel u\u017e\u00edv\u00e1 Slu\u017ebu, a jej\u00edch\u017e smluvn\u00ed stranou je U\u017eivatel, jako subjekt osobn\u00edch \u00fadaj\u016f.<\/li>\n\n\n\n<li>V konkr\u00e9tn\u00edch p\u0159\u00edpadech m\u016f\u017ee Provozovatel zpracov\u00e1vat osobn\u00ed \u00fadaje nad r\u00e1mec odst. 2 a 3 Podm\u00ednek, pokud je takov\u00e9to zpracov\u00e1n\u00ed nezbytn\u00e9 pro \u00fa\u010dely opr\u00e1vn\u011bn\u00fdch z\u00e1jm\u016f Provozovatele nebo t\u0159et\u00edch osob, a to v\u017edy v souladu se z\u00e1konn\u00fdmi po\u017eadavky na zpracov\u00e1v\u00e1n\u00ed osobn\u00edch \u00fadaj\u016f.<\/li>\n\n\n\n<li>U\u017eivatel t\u00edmto ve smyslu z\u00e1kona \u010d. 480\/2004 Sb., o n\u011bkter\u00fdch slu\u017eb\u00e1ch informa\u010dn\u00ed spole\u010dnosti, ud\u011bluje&nbsp; Provozovateli souhlas se zas\u00edl\u00e1n\u00edm obchodn\u00edch sd\u011blen\u00ed s informacemi o slu\u017eb\u00e1ch a produktech Provozovatele, a to na U\u017eivatelem poskytnut\u00e9 e-mailov\u00e9 adresy.<\/li>\n\n\n\n<li>Pokud U\u017eivatel p\u0159edal \u010di p\u0159ed\u00e1 Provozovateli osobn\u00ed \u00fadaje jin\u00fdch fyzick\u00fdch osob, je U\u017eivatel povinen tyto fyzick\u00e9 osoby informovat o zpracov\u00e1n\u00ed osobn\u00edch \u00fadaj\u016f a zas\u00edl\u00e1n\u00ed obchodn\u00edch sd\u011blen\u00ed Provozovatele v rozsahu zde uveden\u00e9m a zajistit tak z\u00e1konnost zpracov\u00e1n\u00ed osobn\u00edch \u00fadaj\u016f. V opa\u010dn\u00e9m p\u0159\u00edpad\u011b U\u017eivatel odpov\u00edd\u00e1<br>Provozovateli za zp\u016fsobenou \u0161kodu.<\/li>\n\n\n\n<li>Podrobn\u011bj\u0161\u00ed informace o nakl\u00e1d\u00e1n\u00ed s osobn\u00edmi \u00fadaji jsou uvedeny na internetov\u00fdch str\u00e1nk\u00e1ch Provozovatele, a to v p\u0159\u00edslu\u0161n\u00e9 sekci.<\/li>\n<\/ol>\n\n\n\n<h3 class=\"wp-block-heading\">V. Z\u00e1v\u011bre\u010dn\u00e1 ustanoven\u00ed<\/h3>\n\n\n\n<ol class=\"wp-block-list\">\n<li>Na poskytov\u00e1n\u00ed Slu\u017eby se podp\u016frn\u011b pou\u017eij\u00ed Smluvn\u00ed podm\u00ednky pro registraci u\u017eivatel\u016f slu\u017eeb poskytovan\u00fdch spole\u010dnost\u00ed Seznam.cz. Ustanoven\u00ed t\u011bchto Podm\u00ednek maj\u00ed p\u0159ed ustanoven\u00edmi Smluvn\u00edch podm\u00ednek pro registraci u\u017eivatel\u016f slu\u017eeb poskytovan\u00fdch spole\u010dnost\u00ed Seznam.cz p\u0159ednost.<\/li>\n\n\n\n<li>V\u011bci t\u011bmito Podm\u00ednkami neupraven\u00e9 se podp\u016frn\u011b \u0159\u00edd\u00ed Obchodn\u00edmi podm\u00ednkami pro um\u00eds\u0165ov\u00e1n\u00ed reklamn\u00edch sd\u011blen\u00ed a jin\u00fdch reklamn\u00edch prvk\u016f do internetov\u00fdch server\u016f provozovan\u00fdch spole\u010dnost\u00ed Seznam.cz, a.s., a p\u0159\u00edslu\u0161nou pr\u00e1vn\u00ed \u00fapravou.<\/li>\n\n\n\n<li>Provozovatel si vyhrazuje pr\u00e1vo v p\u0159im\u011b\u0159en\u00e9m rozsahu jednostrann\u011b tyto Podm\u00ednky zm\u011bnit, zejm\u00e9na p\u0159i zm\u011bn\u011b legislativy, technick\u00e9 zm\u011bn\u011b Slu\u017eby \u010di slu\u017eeb souvisej\u00edc\u00edch se Slu\u017ebou \u010di v p\u0159\u00edpad\u011b zm\u011bny provozn\u00edch, organiza\u010dn\u00edch \u010di obchodn\u00edch proces\u016f u Provozovatele. Provozovatel ozn\u00e1m\u00ed zm\u011bnu t\u011bchto Podm\u00ednek U\u017eivateli<br>prost\u0159ednictv\u00edm rozhran\u00ed Slu\u017eby minim\u00e1ln\u011b 7 dn\u00ed p\u0159ed \u00fa\u010dinnost\u00ed t\u00e9to zm\u011bny. U\u017eivatel m\u00e1 pr\u00e1vo odm\u00edtnout zm\u011bnu Podm\u00ednek a u\u017e\u00edv\u00e1n\u00ed Slu\u017eby ukon\u010dit. Pokud U\u017eivatel u\u017e\u00edv\u00e1 po \u00fa\u010dinnosti zm\u011bny Podm\u00ednek i nad\u00e1le Slu\u017ebu, m\u00e1 se zato, \u017ee t\u00edm zm\u011bnu Podm\u00ednek p\u0159ij\u00edm\u00e1.<\/li>\n\n\n\n<li>Tyto Podm\u00ednky nab\u00fdvaj\u00ed platnosti a \u00fa\u010dinnosti dne 3. 3. 2020.<\/li>\n<\/ol>\n","protected":false},"excerpt":{"rendered":"<p>I. \u00davod II. Popis Slu\u017eby III. Pr\u00e1va a povinnosti smluvn\u00edch stran IV. Zpracov\u00e1n\u00ed osobn\u00edch \u00fadaj\u016f V. Z\u00e1v\u011bre\u010dn\u00e1 ustanoven\u00ed<\/p>\n","protected":false},"author":12,"featured_media":0,"parent":332,"menu_order":100,"comment_status":"closed","ping_status":"closed","template":"page-sidemenu","meta":{"_acf_changed":false,"_relevanssi_hide_post":"","_relevanssi_hide_content":"","_relevanssi_pin_for_all":"","_relevanssi_pin_keywords":"","_relevanssi_unpin_keywords":"","_relevanssi_related_keywords":"","_relevanssi_related_include_ids":"","_relevanssi_related_exclude_ids":"","_relevanssi_related_no_append":"","_relevanssi_related_not_related":"","_relevanssi_related_posts":"","_relevanssi_noindex_reason":"","footnotes":""},"page_category":[13],"page_tag":[],"service_status_category":[],"class_list":["post-592","page","type-page","status-publish","hentry"],"acf":[],"_links":{"self":[{"href":"https:\/\/o-seznam.cz\/napoveda\/email\/wp-json\/wp\/v2\/pages\/592","targetHints":{"allow":["GET"]}}],"collection":[{"href":"https:\/\/o-seznam.cz\/napoveda\/email\/wp-json\/wp\/v2\/pages"}],"about":[{"href":"https:\/\/o-seznam.cz\/napoveda\/email\/wp-json\/wp\/v2\/types\/page"}],"author":[{"embeddable":true,"href":"https:\/\/o-seznam.cz\/napoveda\/email\/wp-json\/wp\/v2\/users\/12"}],"replies":[{"embeddable":true,"href":"https:\/\/o-seznam.cz\/napoveda\/email\/wp-json\/wp\/v2\/comments?post=592"}],"version-history":[{"count":4,"href":"https:\/\/o-seznam.cz\/napoveda\/email\/wp-json\/wp\/v2\/pages\/592\/revisions"}],"predecessor-version":[{"id":1297,"href":"https:\/\/o-seznam.cz\/napoveda\/email\/wp-json\/wp\/v2\/pages\/592\/revisions\/1297"}],"up":[{"embeddable":true,"href":"https:\/\/o-seznam.cz\/napoveda\/email\/wp-json\/wp\/v2\/pages\/332"}],"wp:attachment":[{"href":"https:\/\/o-seznam.cz\/napoveda\/email\/wp-json\/wp\/v2\/media?parent=592"}],"wp:term":[{"taxonomy":"page_category","embeddable":true,"href":"https:\/\/o-seznam.cz\/napoveda\/email\/wp-json\/wp\/v2\/page_category?post=592"},{"taxonomy":"page_tag","embeddable":true,"href":"https:\/\/o-seznam.cz\/napoveda\/email\/wp-json\/wp\/v2\/page_tag?post=592"},{"taxonomy":"service_status_category","embeddable":true,"href":"https:\/\/o-seznam.cz\/napoveda\/email\/wp-json\/wp\/v2\/service_status_category?post=592"}],"curies":[{"name":"wp","href":"https:\/\/api.w.org\/{rel}","templated":true}]}}