{"id":590,"date":"2024-11-22T08:44:09","date_gmt":"2024-11-22T07:44:09","guid":{"rendered":"https:\/\/o-seznam.cz\/napoveda\/email\/?page_id=590"},"modified":"2024-12-05T11:04:40","modified_gmt":"2024-12-05T10:04:40","slug":"smluvni-podminky","status":"publish","type":"page","link":"https:\/\/o-seznam.cz\/napoveda\/email\/profi\/smluvni-podminky\/","title":{"rendered":"Smluvn\u00ed podm\u00ednky"},"content":{"rendered":"\n<h2 class=\"wp-block-heading\"><strong>Smluvn\u00ed podm\u00ednky slu\u017eby Emailprofi.seznam.cz<\/strong><\/h2>\n\n\n\n<p><strong>1.\u00a0\u00a0\u00a0 \u00davod<\/strong><br><br>1.\u00a0\u00a0\u00a0 Spole\u010dnost Seznam.cz, a. s., se s\u00eddlem na adrese Praha 5, Radlick\u00e1 3294\/10, PS\u010c: 150 00, I\u010cO: 26168685, zapsan\u00e1 v obchodn\u00edm rejst\u0159\u00edku veden\u00e9m M\u011bstsk\u00fdm soudem v Praze, odd\u00edl B, vlo\u017eka 6493 (d\u00e1le jen &#8222;Provozovatel&#8220;), je provozovatelem internetov\u00e9ho serveru Email.Profi.cz, dostupn\u00e9ho z internetov\u00e9 adresy (URL) https:\/\/ emailprofi.seznam.cz (d\u00e1le jen \u201eServer\u201c), prost\u0159ednictv\u00edm kter\u00e9ho mohou u\u017eivatel\u00e9 Serveru (d\u00e1le jen \u201eU\u017eivatel\u201c nebo \u201eU\u017eivatel\u00e9\u201c) p\u0159ij\u00edmat a odes\u00edlat elektronickou po\u0161tu i z \u00fa\u010dt\u016f z\u0159\u00edzen\u00fdch na vlastn\u00ed dom\u00e9n\u011b U\u017eivatele, za n\u00ed\u017ee uveden\u00fdch podm\u00ednek (d\u00e1le jen \u201ePodm\u00ednky\u201c).<br><br><br><strong>2.\u00a0\u00a0\u00a0 Popis slu\u017eby Email.seznam.cz na vlastn\u00ed dom\u00e9n\u011b<\/strong><br><br>1.\u00a0\u00a0\u00a0 Server umo\u017e\u0148uje U\u017eivatel\u016fm p\u0159ij\u00edmat a odes\u00edlat elektronickou po\u0161tu (d\u00e1le jen \u201eE-mail\u201c nebo \u201eE-maily\u201c) ze zaregistrovan\u00e9 emailov\u00e9 adresy.<br>2.\u00a0\u00a0\u00a0 Provozovatel umo\u017e\u0148uje U\u017eivatel\u016fm bezplatn\u00e9 zalo\u017een\u00ed e-mailov\u00e9 adresy na U\u017eivatelem zaregistrovan\u00e9 dom\u00e9n\u011b a bezplatn\u00e9 zalo\u017een\u00ed neomezen\u00e9ho po\u010dtu dal\u0161\u00edch e-mailov\u00fdch adres (d\u00e1le jen \u201eodvozen\u00e9 e-mailov\u00e9 adresy\u201c) na U\u017eivatelem zaregistrovan\u00e9 dom\u00e9n\u011b.<br>3.\u00a0\u00a0\u00a0 Provozovatel umo\u017en\u00ed U\u017eivatel\u016fm p\u0159ij\u00edmat a odes\u00edlat E-maily z U\u017eivatelem zaregistrovan\u00e9 emailov\u00e9 adresy registrovan\u00e9 na vlastn\u00ed dom\u00e9n\u011b U\u017eivatele, jako\u017e p\u0159ij\u00edmat a odes\u00edlat E-maily U\u017eivatel\u016fm odvozen\u00fdch e-mailov\u00fdch adres.<br>4.\u00a0\u00a0\u00a0 U\u017eit\u00edm slu\u017eby Email.Profi.cz (d\u00e1le jen \u201eSlu\u017eba\u201c) se rozum\u00ed p\u0159ihl\u00e1\u0161en\u00ed U\u017eivatele do syst\u00e9mu Serveru, vyb\u00edr\u00e1n\u00ed doru\u010den\u00fdch E-mail\u016f a\/nebo odes\u00edl\u00e1n\u00ed E-mail\u016f prost\u0159ednictv\u00edm p\u0159\u00edslu\u0161n\u00e9ho komunika\u010dn\u00edho protokolu Slu\u017eby.<br>5.\u00a0\u00a0\u00a0 U\u017eivatel e-mailov\u00e9 adresy na vlastn\u00ed dom\u00e9n\u011b, jako\u017e i U\u017eivatel odvozen\u00e9 e-mailov\u00e9 adresy m\u00e1 mo\u017enost stahovat E-maily prost\u0159ednictv\u00edm pop3 do sv\u00e9ho po\u010d\u00edta\u010de.<br>6.\u00a0\u00a0\u00a0 U\u017eivatel e-mailov\u00e9 adresy na vlastn\u00ed dom\u00e9n\u011b, jako\u017e i U\u017eivatel odvozen\u00e9 e-mailov\u00e9 adresy m\u00e1 mo\u017enost vyu\u017e\u00edvat Slu\u017ebu prost\u0159ednictv\u00edm mobiln\u00edho telefonu. Vyu\u017eit\u00ed Slu\u017eby prost\u0159ednictv\u00edm mobiln\u00edho telefonu je podm\u00edn\u011bno um\u00edst\u011bn\u00edm aplikace podporuj\u00edc\u00ed Slu\u017ebu do mobiln\u00edho telefonu U\u017eivatele a podpora t\u00e9to aplikace mobiln\u00edm telefonem nebo pou\u017eit\u00edm internetov\u00e9 str\u00e1nky https:\/\/m.email.seznam.cz.<br><br><br><strong>3.\u00a0\u00a0\u00a0 Pr\u00e1va a povinnosti smluvn\u00edch stran<\/strong><br><br>1.\u00a0\u00a0\u00a0 U\u017eivatel e-mailov\u00e9 adresy na vlastn\u00ed dom\u00e9n\u011b, jako\u017e i U\u017eivatel odvozen\u00e9 e-mailov\u00e9 adresy nen\u00ed opr\u00e1vn\u011bn vyu\u017e\u00edt e-mailovou adresu k rozes\u00edl\u00e1n\u00ed hromadn\u00fdch obchodn\u00edch sd\u011blen\u00ed.<br>2.\u00a0\u00a0\u00a0 U\u017eivatel e-mailov\u00e9 adresy na vlastn\u00ed dom\u00e9n\u011b, jako\u017e i U\u017eivatel odvozen\u00e9 e-mailov\u00e9 adresy odpov\u00eddaj\u00ed za dodr\u017eov\u00e1n\u00ed t\u011bchto Podm\u00ednek.<br>3.\u00a0\u00a0\u00a0 U\u017eivatel odvozen\u00e9 e-mailov\u00e9 adresy je opr\u00e1vn\u011bn se svoj\u00ed e-mailovou schr\u00e1nkou nakl\u00e1dat nez\u00e1visle na U\u017eivateli e-mailov\u00e9 adresy na vlastn\u00ed dom\u00e9n\u011b, kter\u00fd tuto odvozenou e-mailovou adresu z\u0159\u00eddil.<br>4.\u00a0\u00a0\u00a0 Na pr\u00e1va a povinnosti smluvn\u00edch stran se v pln\u00e9m rozsahu uplatn\u00ed smluvn\u00ed podm\u00ednky slu\u017eby Email.seznam.cz dostupn\u00e9 na internetov\u00fdch str\u00e1nk\u00e1ch Provozovatele, a to v p\u0159\u00edslu\u0161n\u00e9 sekci.<br><br><strong>4.\u00a0\u00a0\u00a0\u00a0 Zpracov\u00e1n\u00ed osobn\u00edch \u00fadaj\u016f<\/strong><br><br>1.\u00a0\u00a0\u00a0\u00a0 Provozovatel postupuje p\u0159i zpracov\u00e1n\u00ed osobn\u00edch \u00fadaj\u016f v souladu s na\u0159\u00edzen\u00edm Evropsk\u00e9ho parlamentu a Rady (EU) \u010d. 2016\/679 o ochran\u011b fyzick\u00fdch osob v souvislosti se zpracov\u00e1n\u00edm osobn\u00edch \u00fadaj\u016f a o voln\u00e9m pohybu t\u011bchto \u00fadaj\u016f (obecn\u00e9 na\u0159\u00edzen\u00ed o ochran\u011b osobn\u00edch \u00fadaj\u016f, d\u00e1le jen \u201ena\u0159\u00edzen\u00ed\u201c), z\u00e1konem \u010d. 110\/2019 Sb., o zpracov\u00e1n\u00ed osobn\u00edch \u00fadaj\u016f, z\u00e1konem \u010d. 111\/2019 Sb., kter\u00fdm se m\u011bn\u00ed n\u011bkter\u00e9 z\u00e1kony s p\u0159ijet\u00edm z\u00e1kona o zpracov\u00e1n\u00ed osobn\u00edch \u00fadaj\u016f, z\u00e1konem \u010d. 480\/2004 Sb., o n\u011bkter\u00fdch slu\u017eb\u00e1ch informa\u010dn\u00ed spole\u010dnosti, z\u00e1konem \u010d. 127\/2005 Sb., o elektronick\u00fdch komunikac\u00edch a dal\u0161\u00edmi pr\u00e1vn\u00edmi p\u0159edpisy upravuj\u00edc\u00ed ochranu osobn\u00edch \u00fadaj\u016f.<br>2.\u00a0\u00a0\u00a0\u00a0 Pro \u00fa\u010dely u\u017e\u00edv\u00e1n\u00ed Slu\u017eby U\u017eivatelem je Provozovatel opr\u00e1vn\u011bn zpracov\u00e1vat osobn\u00ed \u00fadaje U\u017eivatele nebo osobn\u00ed \u00fadaje poskytnut\u00e9 \u010di zadan\u00e9 U\u017eivatelem p\u0159i u\u017e\u00edv\u00e1n\u00ed Slu\u017eby (zejm\u00e9na adresn\u00e9 a popisn\u00e9 \u00fadaje).<br>3.\u00a0\u00a0\u00a0\u00a0 Takov\u00e9 zpracov\u00e1n\u00ed osobn\u00edch \u00fadaj\u016f je z\u00e1konn\u00e9, jeliko\u017e je nezbytn\u00e9 pro spln\u011bn\u00ed smlouvy, na jej\u00edm\u017e z\u00e1klad\u011b U\u017eivatel u\u017e\u00edv\u00e1 Slu\u017ebu, a jej\u00edch\u017e smluvn\u00ed stranou je U\u017eivatel, jako subjekt osobn\u00edch \u00fadaj\u016f.<br>4.\u00a0\u00a0\u00a0\u00a0 V konkr\u00e9tn\u00edch p\u0159\u00edpadech m\u016f\u017ee Provozovatel zpracov\u00e1vat osobn\u00ed \u00fadaje nad r\u00e1mec \u010dl. 4. odst. 2. a 3. Podm\u00ednek, pokud je takov\u00e9to zpracov\u00e1n\u00ed nezbytn\u00e9 pro \u00fa\u010dely opr\u00e1vn\u011bn\u00fdch z\u00e1jm\u016f Provozovatele nebo t\u0159et\u00edch osob, a to v\u017edy v souladu se z\u00e1konn\u00fdmi po\u017eadavky na zpracov\u00e1v\u00e1n\u00ed osobn\u00edch \u00fadaj\u016f.<br>5.\u00a0\u00a0\u00a0\u00a0 U\u017eivatel t\u00edmto ve smyslu z\u00e1kona \u010d. 480\/2004 Sb., o n\u011bkter\u00fdch slu\u017eb\u00e1ch informa\u010dn\u00ed spole\u010dnosti ud\u011bluje Provozovateli souhlas se zas\u00edl\u00e1n\u00edm obchodn\u00edch sd\u011blen\u00ed s informacemi o slu\u017eb\u00e1ch a produktech Provozovatele, a to na U\u017eivatelem poskytnut\u00e9 e-mailov\u00e9 adresy. Tento souhlas je poskytov\u00e1n U\u017eivatelem i v p\u0159\u00edpad\u011b zas\u00edl\u00e1n\u00ed obchodn\u00edch sd\u011blen\u00ed t\u0159et\u00edch stran, pokud si U\u017eivatel nastavil v nastaven\u00ed Slu\u017eby zas\u00edl\u00e1n\u00ed informa\u010dn\u00edch sd\u011blen\u00ed t\u0159et\u00edch stran. V takov\u00e9m p\u0159\u00edpad\u011b Provozovatel neposkytuje osobn\u00ed \u00fadaje U\u017eivatel\u016f t\u0159et\u00edm stran\u00e1m.<br>6.\u00a0\u00a0\u00a0\u00a0 V r\u00e1mci samotn\u00e9ho poskytov\u00e1n\u00ed slu\u017eeb on-line reklamy v\u0161ak nedoch\u00e1z\u00ed k \u017e\u00e1dn\u00e9mu zpracov\u00e1n\u00ed osobn\u00edch \u00fadaj\u016f ve smyslu v\u00fd\u0161e uveden\u00fdch pr\u00e1vn\u00edch p\u0159edpis\u016f.<br>7.\u00a0\u00a0\u00a0\u00a0 Pokud U\u017eivatel p\u0159edal \u010di p\u0159ed\u00e1 Provozovateli osobn\u00ed \u00fadaje jin\u00fdch fyzick\u00fdch osob, je U\u017eivatel povinen tyto fyzick\u00e9 osoby informovat o zpracov\u00e1n\u00ed osobn\u00edch \u00fadaj\u016f a zas\u00edl\u00e1n\u00ed obchodn\u00edch sd\u011blen\u00ed Provozovatele v rozsahu zde uveden\u00e9m a zajistit tak z\u00e1konnost zpracov\u00e1n\u00ed osobn\u00edch \u00fadaj\u016f. V opa\u010dn\u00e9m p\u0159\u00edpad\u011b U\u017eivatel odpov\u00edd\u00e1 Provozovateli za zp\u016fsobenou \u0161kodu.<br>8.\u00a0\u00a0\u00a0\u00a0 Podrobn\u011bj\u0161\u00ed informace o nakl\u00e1d\u00e1n\u00ed s osobn\u00edmi \u00fadaji jsou uvedeny na internetov\u00fdch str\u00e1nk\u00e1ch Provozovatele, a to v p\u0159\u00edslu\u0161n\u00e9 sekci.<br><br><strong>5.\u00a0\u00a0\u00a0 Z\u00e1v\u011bre\u010dn\u00e1 ustanoven\u00ed<\/strong><br><br>1.\u00a0\u00a0\u00a0 Na poskytov\u00e1n\u00ed Slu\u017eby se podp\u016frn\u011b pou\u017eij\u00ed Smluvn\u00ed podm\u00ednky pro registraci u\u017eivatel\u016f slu\u017eeb poskytovan\u00fdch spole\u010dnost\u00ed Seznam.cz a Smluvn\u00ed podm\u00ednky slu\u017eby Email.seznam.cz. Ustanoven\u00ed t\u011bchto Podm\u00ednek maj\u00ed p\u0159ed ustanoven\u00edmi Smluvn\u00edch podm\u00ednek pro registraci u\u017eivatel\u016f slu\u017eeb poskytovan\u00fdch spole\u010dnost\u00ed Seznam.cz a p\u0159ed ustanoven\u00edmi Smluvn\u00edch podm\u00ednek slu\u017eby Email.seznam.cz p\u0159ednost.<br>2.\u00a0\u00a0\u00a0 V\u011bci t\u011bmito Smluvn\u00edmi podm\u00ednkami neupraven\u00e9 se podp\u016frn\u011b \u0159\u00edd\u00ed Obchodn\u00edmi podm\u00ednkami pro um\u00eds\u0165ov\u00e1n\u00ed reklamn\u00edch sd\u011blen\u00ed a jin\u00fdch reklamn\u00edch prvk\u016f do internetov\u00fdch server\u016f provozovan\u00fdch spole\u010dnost\u00ed Seznam.cz, a.s., a p\u0159\u00edslu\u0161nou pr\u00e1vn\u00ed \u00fapravou.<br>3.\u00a0\u00a0\u00a0 Provozovatel si vyhrazuje pr\u00e1vo v p\u0159im\u011b\u0159en\u00e9m rozsahu jednostrann\u011b tyto Podm\u00ednky zm\u011bnit, zejm\u00e9na p\u0159i zm\u011bn\u011b legislativy, technick\u00e9 zm\u011bn\u011b Slu\u017eby \u010di slu\u017eeb souvisej\u00edc\u00edch se Slu\u017ebou \u010di v p\u0159\u00edpad\u011b zm\u011bny provozn\u00edch, organiza\u010dn\u00edch \u010di obchodn\u00edch proces\u016f u Provozovatele. Provozovatel ozn\u00e1m\u00ed zm\u011bnu U\u017eivateli prost\u0159ednictv\u00edm rozhran\u00ed slu\u017eby minim\u00e1ln\u011b 7 dn\u00ed p\u0159ed \u00fa\u010dinnost\u00ed t\u00e9to zm\u011bny. U\u017eivatel m\u00e1 pr\u00e1vo odm\u00edtnout zm\u011bnu Podm\u00ednek a vymazat svoj\u00ed emailovou schr\u00e1nku. Pokud U\u017eivatel u\u017e\u00edv\u00e1 po \u00fa\u010dinnosti zm\u011bny Podm\u00ednek i nad\u00e1le Slu\u017ebu, m\u00e1 se zato, \u017ee p\u0159ij\u00edm\u00e1 t\u00edm zm\u011bnu Podm\u00ednek.<br><br><br>Tyto smluvn\u00ed podm\u00ednky nab\u00fdvaj\u00ed platnosti a \u00fa\u010dinnosti dne 16.3.2022.<\/p>\n","protected":false},"excerpt":{"rendered":"<p>Smluvn\u00ed podm\u00ednky slu\u017eby Emailprofi.seznam.cz 1.\u00a0\u00a0\u00a0 \u00davod 1.\u00a0\u00a0\u00a0 Spole\u010dnost Seznam.cz, a. s., se s\u00eddlem na adrese Praha 5, Radlick\u00e1 3294\/10, PS\u010c: 150 00, I\u010cO: 26168685, zapsan\u00e1 v obchodn\u00edm rejst\u0159\u00edku veden\u00e9m M\u011bstsk\u00fdm soudem v Praze, odd\u00edl B, vlo\u017eka 6493 (d\u00e1le jen &#8222;Provozovatel&#8220;), je provozovatelem internetov\u00e9ho serveru Email.Profi.cz, dostupn\u00e9ho z internetov\u00e9 adresy (URL) https:\/\/ emailprofi.seznam.cz (d\u00e1le jen \u201eServer\u201c), [&hellip;]<\/p>\n","protected":false},"author":12,"featured_media":0,"parent":379,"menu_order":100,"comment_status":"closed","ping_status":"closed","template":"page-sidemenu","meta":{"_acf_changed":false,"_relevanssi_hide_post":"","_relevanssi_hide_content":"","_relevanssi_pin_for_all":"","_relevanssi_pin_keywords":"","_relevanssi_unpin_keywords":"","_relevanssi_related_keywords":"","_relevanssi_related_include_ids":"","_relevanssi_related_exclude_ids":"","_relevanssi_related_no_append":"","_relevanssi_related_not_related":"","_relevanssi_related_posts":"","_relevanssi_noindex_reason":"","footnotes":""},"page_category":[12],"page_tag":[],"service_status_category":[],"class_list":["post-590","page","type-page","status-publish","hentry"],"acf":[],"_links":{"self":[{"href":"https:\/\/o-seznam.cz\/napoveda\/email\/wp-json\/wp\/v2\/pages\/590","targetHints":{"allow":["GET"]}}],"collection":[{"href":"https:\/\/o-seznam.cz\/napoveda\/email\/wp-json\/wp\/v2\/pages"}],"about":[{"href":"https:\/\/o-seznam.cz\/napoveda\/email\/wp-json\/wp\/v2\/types\/page"}],"author":[{"embeddable":true,"href":"https:\/\/o-seznam.cz\/napoveda\/email\/wp-json\/wp\/v2\/users\/12"}],"replies":[{"embeddable":true,"href":"https:\/\/o-seznam.cz\/napoveda\/email\/wp-json\/wp\/v2\/comments?post=590"}],"version-history":[{"count":2,"href":"https:\/\/o-seznam.cz\/napoveda\/email\/wp-json\/wp\/v2\/pages\/590\/revisions"}],"predecessor-version":[{"id":938,"href":"https:\/\/o-seznam.cz\/napoveda\/email\/wp-json\/wp\/v2\/pages\/590\/revisions\/938"}],"up":[{"embeddable":true,"href":"https:\/\/o-seznam.cz\/napoveda\/email\/wp-json\/wp\/v2\/pages\/379"}],"wp:attachment":[{"href":"https:\/\/o-seznam.cz\/napoveda\/email\/wp-json\/wp\/v2\/media?parent=590"}],"wp:term":[{"taxonomy":"page_category","embeddable":true,"href":"https:\/\/o-seznam.cz\/napoveda\/email\/wp-json\/wp\/v2\/page_category?post=590"},{"taxonomy":"page_tag","embeddable":true,"href":"https:\/\/o-seznam.cz\/napoveda\/email\/wp-json\/wp\/v2\/page_tag?post=590"},{"taxonomy":"service_status_category","embeddable":true,"href":"https:\/\/o-seznam.cz\/napoveda\/email\/wp-json\/wp\/v2\/service_status_category?post=590"}],"curies":[{"name":"wp","href":"https:\/\/api.w.org\/{rel}","templated":true}]}}