{"id":586,"date":"2024-11-22T08:35:16","date_gmt":"2024-11-22T07:35:16","guid":{"rendered":"https:\/\/o-seznam.cz\/napoveda\/email\/?page_id=586"},"modified":"2025-05-21T15:28:39","modified_gmt":"2025-05-21T13:28:39","slug":"smluvni-podminky","status":"publish","type":"page","link":"https:\/\/o-seznam.cz\/napoveda\/email\/smluvni-podminky\/smluvni-podminky\/","title":{"rendered":"P\u0159edchoz\u00ed verze"},"content":{"rendered":"\n<h2 class=\"wp-block-heading\"><strong>Smluvn\u00ed podm\u00ednky slu\u017eby Email.cz<\/strong> platn\u00e9 od 2. 12. 2021 do 2. 6. 2025<\/h2>\n\n\n\n<p><strong>1.&nbsp;&nbsp;&nbsp; \u00davod<\/strong><br><br>1.1&nbsp;&nbsp;&nbsp; Spole\u010dnost Seznam.cz, a. s., se s\u00eddlem na adrese Praha 5, Radlick\u00e1 3294\/10, PS\u010c: 150 00, I\u010cO: 26168685, zapsan\u00e1 v obchodn\u00edm rejst\u0159\u00edku veden\u00e9m M\u011bstsk\u00fdm soudem v Praze, odd\u00edl B, vlo\u017eka 6493 (d\u00e1le jen \u201e<strong>Provozovatel<\/strong>\u201c), je provozovatelem internetov\u00e9ho serveru email.seznam.cz, dostupn\u00e9ho z internetov\u00e9 adresy (URL) https:\/\/email.seznam.cz (d\u00e1le jen \u201e<strong>Server<\/strong>\u201c) a mobiln\u00ed aplikace Email.cz (d\u00e1le jen \u201e<strong>Mobiln\u00ed aplikace<\/strong>\u201c), prost\u0159ednictv\u00edm kter\u00e9ho mohou u\u017eivatel\u00e9 Serveru a Mobiln\u00ed aplikace (d\u00e1le jen \u201e<strong>U\u017eivatel<\/strong>\u201c nebo \u201e<strong>U\u017eivatel\u00e9<\/strong>\u201c) p\u0159ij\u00edmat a odes\u00edlat elektronickou po\u0161tu, za n\u00ed\u017ee uveden\u00fdch podm\u00ednek (d\u00e1le jen \u201e<strong>Podm\u00ednky<\/strong>\u201c).<br><br><strong>2.&nbsp;&nbsp;&nbsp; Popis slu\u017eby Email.cz<\/strong><br><br>2.1.&nbsp;&nbsp;&nbsp; Server a Mobiln\u00ed aplikace umo\u017e\u0148uje U\u017eivatel\u016fm p\u0159ij\u00edmat a odes\u00edlat elektronickou po\u0161tu (d\u00e1le jen \u201e<strong>E-mail<\/strong>\u201c nebo \u201e<strong>E-maily<\/strong>\u201c) z u\u017eivatelem zaregistrovan\u00e9 emailov\u00e9 adresy.<br>2.2.&nbsp;&nbsp;&nbsp; U\u017eit\u00edm slu\u017eby email.cz (d\u00e1le jen \u201e<strong>Slu\u017eba<\/strong>\u201c) se rozum\u00ed p\u0159ihl\u00e1\u0161en\u00ed U\u017eivatele do syst\u00e9mu Serveru nebo Mobiln\u00ed aplikace, vyb\u00edr\u00e1n\u00ed doru\u010den\u00fdch E-mail\u016f a\/nebo odes\u00edl\u00e1n\u00ed E-mail\u016f prost\u0159ednictv\u00edm p\u0159\u00edslu\u0161n\u00e9ho komunika\u010dn\u00edho protokolu Slu\u017eby.<br>2.3.&nbsp;&nbsp;&nbsp; U\u017eivatel m\u00e1 mo\u017enost stahovat E-maily prost\u0159ednictv\u00edm pop3 do sv\u00e9ho po\u010d\u00edta\u010de \u010di vyu\u017e\u00edvat IMAP pro vzd\u00e1len\u00fd p\u0159\u00edstup k E-mail\u016fm.<br>2.4.&nbsp;&nbsp;&nbsp; U\u017eivatel m\u00e1 mo\u017enost vyu\u017e\u00edvat Slu\u017ebu prost\u0159ednictv\u00edm mobiln\u00edho telefonu. Vyu\u017eit\u00ed Slu\u017eby prost\u0159ednictv\u00edm mobiln\u00edho telefonu je podm\u00edn\u011bno um\u00edst\u011bn\u00edm aplikace podporuj\u00edc\u00ed Slu\u017ebu do mobiln\u00edho telefonu U\u017eivatele a podpora t\u00e9to aplikace mobiln\u00edm telefonem nebo pou\u017eit\u00edm internetov\u00e9 str\u00e1nky <a class=\"is-style-link-external\" href=\"https:\/\/email.seznam.cz\" target=\"_blank\" rel=\"noreferrer noopener\">https:\/\/email.seznam.cz<\/a>.<br><br><strong>3.&nbsp;&nbsp;&nbsp; Pr\u00e1va a povinnosti smluvn\u00edch stran<\/strong><br><br>3.1.&nbsp;&nbsp;&nbsp; Slu\u017ebu mohou vyu\u017e\u00edvat pouze registrovan\u00ed U\u017eivatel\u00e9.<br>3.2.&nbsp;&nbsp;&nbsp; Slu\u017eba je Provozovatelem U\u017eivatel\u016fm poskytov\u00e1na bezplatn\u011b.<br>3.3.&nbsp;&nbsp;&nbsp; Provozovatel nep\u0159eb\u00edr\u00e1 \u017e\u00e1dn\u00e9 z\u00e1ruky a nenese \u017e\u00e1dnou odpov\u011bdnost za nefunk\u010dnost, nedostupnost a\/nebo zabezpe\u010den\u00ed Slu\u017eby, za nedoru\u010den\u00ed E-mailu, za doru\u010den\u00ed po\u0161kozen\u00e9ho E-mailu, za neodesl\u00e1n\u00ed E-mailu, za odesl\u00e1n\u00ed po\u0161kozen\u00e9ho E-mailu, za \u00fanik informac\u00ed o U\u017eivateli Slu\u017eby, za ztr\u00e1tu a\/nebo po\u0161kozen\u00ed dat U\u017eivatelem ulo\u017een\u00fdch nebo vytvo\u0159en\u00fdch v emailov\u00e9 schr\u00e1nce ani za jin\u00e9 n\u00e1sledky vznikl\u00e9 v d\u016fsledku u\u017e\u00edv\u00e1n\u00ed Slu\u017eby.<br>3.4.&nbsp;&nbsp;&nbsp; Provozovatel se zavazuje, \u017ee obsah E-mail\u016f neposkytne t\u0159et\u00edm osob\u00e1m. Toto neplat\u00ed v p\u0159\u00edpadech, kdy m\u00e1 Provozovatel z\u00e1konnou povinnost obsah E-mail\u016f poskytnout org\u00e1n\u016fm st\u00e1tn\u00ed moci.<br>3.5.&nbsp;&nbsp;&nbsp; Provozovatel se zavazuje obsah E-mail\u016f needitovat, necenzurovat a nemonitorovat, nen\u00ed-li v t\u011bchto Podm\u00ednk\u00e1ch stanoveno jinak.<br>3.6.&nbsp;&nbsp;&nbsp; Provozovatel si vyhrazuje pr\u00e1vo monitorovat po\u010det E-mail\u016f odes\u00edlan\u00fdch U\u017eivatelem, syst\u00e9mov\u011b monitorovat obsah E-mail\u016f antispamov\u00fdmi a antivirov\u00fdmi programy zabra\u0148uj\u00edc\u00edmi p\u0159ij\u00edm\u00e1n\u00ed spamov\u00fdch a zavirovan\u00fdch E-mail\u016f. Monitorov\u00e1n\u00ed obsahu E-mail\u016f antispamov\u00fdmi a antivirov\u00fdmi programy je nezbytn\u00e9 pro poskytov\u00e1n\u00ed Slu\u017eby U\u017eivatel\u016fm, jako\u017e i pro zaji\u0161t\u011bn\u00ed bezpe\u010dnosti Slu\u017eby, ani\u017e by byla dot\u010dena d\u016fv\u011brnost E-mail\u016f.<br>3.7.&nbsp;&nbsp;&nbsp; Provozovatel si vyhrazuje pr\u00e1vo vymazat emailov\u00e9 schr\u00e1nky:<br>3.7.1.&nbsp;&nbsp;&nbsp; vytvo\u0159en\u00e9 U\u017eivatelem za \u00fa\u010delem \u00faplatn\u00e9ho \u010di bez\u00faplatn\u00e9ho postoupen\u00ed jin\u00e9mu U\u017eivateli,<br>3.7.2.&nbsp;&nbsp;&nbsp;&nbsp; vyu\u017e\u00edvan\u00e9 k rozes\u00edl\u00e1n\u00ed hromadn\u00fdch nevy\u017e\u00e1dan\u00fdch E-mail\u016f (spam\u016f),<br>3.7.3.&nbsp;&nbsp;&nbsp; zcela nevyu\u017eit\u00e9 po dobu 14 dn\u00ed od sv\u00e9ho vytvo\u0159en\u00ed,<br>3.7.4.&nbsp;&nbsp;&nbsp; do nich\u017e U\u017eivatel po dobu del\u0161\u00ed ne\u017e 6 m\u011bs\u00edc\u016f nep\u0159ihl\u00e1sil,<br>3.7.5.&nbsp;&nbsp;&nbsp; vyu\u017e\u00edvan\u00e9 k nez\u00e1konn\u00e9 \u010dinnosti nebo k \u010dinnosti, kter\u00e1 je v rozporu s dobr\u00fdmi mravy \u010di ve\u0159ejn\u00fdm po\u0159\u00e1dkem,<br>3.7.6.&nbsp;&nbsp;&nbsp; jejich\u017e emailov\u00e1 adresa je zp\u016fsobil\u00e1 vyvolat dojem, \u017ee U\u017eivatelem Slu\u017eby je U\u017eivatel obecn\u011b zn\u00e1m\u00fd v r\u00e1mci celosv\u011btov\u00e9 s\u00edt\u011b internet a tato emailov\u00e1 adresa nem\u00e1 souvislost se jm\u00e9nem U\u017eivatele slu\u017eby,<br>3.7.7.&nbsp;&nbsp;&nbsp; jejich\u017e emailov\u00e1 adresa je zp\u016fsobil\u00e1 vyvolat dojem, \u017ee U\u017eivatelem Slu\u017eby je obecn\u011b zn\u00e1m\u00e1 fyzick\u00e1 nebo pr\u00e1vnick\u00e1 osoba a tato emailov\u00e1 adresa nem\u00e1 souvislost se jm\u00e9nem fyzick\u00e9 nebo n\u00e1zvem pr\u00e1vnick\u00e9 osoby,<br>3.7.8.&nbsp;&nbsp;&nbsp; jej\u00ed\u017e U\u017eivatel se pokusil p\u0159ihl\u00e1sit na \u00fa\u010det jin\u00e9ho U\u017eivatele bez v\u011bdom\u00ed tohoto U\u017eivatele,<br>3.7.9.&nbsp;&nbsp;&nbsp; jej\u00ed\u017e U\u017eivatel se pokusil naru\u0161it stabilitu a chod Slu\u017eby,<br>a to i bez p\u0159edchoz\u00ed v\u00fdzvy k n\u00e1prav\u011b a bez n\u00e1hrady.<br>3.8.&nbsp;&nbsp;&nbsp; U\u017eivatel m\u00e1 pr\u00e1vo svoji emailovou schr\u00e1nku kdykoliv smazat.<br>3.9.&nbsp;&nbsp;&nbsp; Provozovatel m\u00e1 v&nbsp;souladu s&nbsp;ustanoven\u00edm \u00a7 90 odst. 3 z\u00e1kona \u010d. 127\/2005 Sb., o elektronick\u00fdch komunikac\u00edch, ve zn\u011bn\u00ed pozd\u011bj\u0161\u00edch p\u0159edpis\u016f, povinnost uchov\u00e1vat provozn\u00ed \u00fadaje Slu\u017eby, a to do doby rozhodnut\u00ed \u00fa\u010dastnick\u00e9ho sporu nebo do konce doby, b\u011bhem n\u00ed\u017e m\u016f\u017ee b\u00fdt vy\u00fa\u010dtov\u00e1n\u00ed ceny nebo poskytnut\u00ed Slu\u017eby pr\u00e1vn\u011b napadeno nebo vym\u00e1h\u00e1na \u00fahrada. Provozn\u00ed \u00fadaje Slu\u017eby nejsou osobn\u00edmi \u00fadaji U\u017eivatel\u016f a jejich ukl\u00e1d\u00e1n\u00ed je nezbytn\u00e9 pro poskytov\u00e1n\u00ed Slu\u017eby U\u017eivatel\u016fm, jako\u017e i pro poskytov\u00e1n\u00ed podpory U\u017eivatel\u016fm souvisej\u00edc\u00ed s&nbsp;fungov\u00e1n\u00edm Slu\u017eby.<br><br><strong>4.&nbsp;&nbsp;&nbsp; Zpracov\u00e1n\u00ed osobn\u00edch \u00fadaj\u016f<\/strong><br><br>4.1.&nbsp;&nbsp; Provozovatel postupuje p\u0159i zpracov\u00e1n\u00ed osobn\u00edch \u00fadaj\u016f v souladu s na\u0159\u00edzen\u00edm Evropsk\u00e9ho parlamentu a Rady (EU) \u010d. 2016\/679 o ochran\u011b fyzick\u00fdch osob v souvislosti se zpracov\u00e1n\u00edm osobn\u00edch \u00fadaj\u016f a o voln\u00e9m pohybu t\u011bchto \u00fadaj\u016f (obecn\u00e9 na\u0159\u00edzen\u00ed o ochran\u011b osobn\u00edch \u00fadaj\u016f, d\u00e1le jen \u201ena\u0159\u00edzen\u00ed\u201c), z\u00e1konem \u010d. 110\/2019 Sb., o zpracov\u00e1n\u00ed osobn\u00edch \u00fadaj\u016f, z\u00e1konem \u010d. 111\/2019 Sb., kter\u00fdm se m\u011bn\u00ed n\u011bkter\u00e9 z\u00e1kony s p\u0159ijet\u00edm z\u00e1kona o zpracov\u00e1n\u00ed osobn\u00edch \u00fadaj\u016f, z\u00e1konem \u010d. 480\/2004 Sb., o n\u011bkter\u00fdch slu\u017eb\u00e1ch informa\u010dn\u00ed spole\u010dnosti, z\u00e1konem \u010d. 127\/2005 Sb., o elektronick\u00fdch komunikac\u00edch a dal\u0161\u00edmi pr\u00e1vn\u00edmi p\u0159edpisy upravuj\u00edc\u00ed ochranu osobn\u00edch \u00fadaj\u016f.<br>4.2.&nbsp;&nbsp; Pro \u00fa\u010dely u\u017e\u00edv\u00e1n\u00ed Slu\u017eby U\u017eivatelem je Provozovatel opr\u00e1vn\u011bn zpracov\u00e1vat osobn\u00ed \u00fadaje U\u017eivatele nebo osobn\u00ed \u00fadaje poskytnut\u00e9 \u010di zadan\u00e9 U\u017eivatelem p\u0159i u\u017e\u00edv\u00e1n\u00ed Slu\u017eby (zejm\u00e9na adresn\u00e9 a popisn\u00e9 \u00fadaje).<br>4.3.&nbsp;&nbsp; Takov\u00e9 zpracov\u00e1n\u00ed osobn\u00edch \u00fadaj\u016f je z\u00e1konn\u00e9, jeliko\u017e je nezbytn\u00e9 pro spln\u011bn\u00ed smlouvy, na jej\u00edm\u017e z\u00e1klad\u011b U\u017eivatel u\u017e\u00edv\u00e1 Slu\u017ebu, a jej\u00edch\u017e smluvn\u00ed stranou je U\u017eivatel, jako subjekt osobn\u00edch \u00fadaj\u016f.<br>4.4.&nbsp;&nbsp; V konkr\u00e9tn\u00edch p\u0159\u00edpadech m\u016f\u017ee Provozovatel zpracov\u00e1vat osobn\u00ed \u00fadaje nad r\u00e1mec \u010dl. 4.2. a 4.3 Podm\u00ednek, pokud je takov\u00e9to zpracov\u00e1n\u00ed nezbytn\u00e9 pro \u00fa\u010dely opr\u00e1vn\u011bn\u00fdch z\u00e1jm\u016f Provozovatele nebo t\u0159et\u00edch osob, a to v\u017edy v souladu se z\u00e1konn\u00fdmi po\u017eadavky na zpracov\u00e1v\u00e1n\u00ed osobn\u00edch \u00fadaj\u016f.<br>4.5.&nbsp;&nbsp; U\u017eivatel t\u00edmto ve smyslu z\u00e1kona \u010d. 480\/2004 Sb., o n\u011bkter\u00fdch slu\u017eb\u00e1ch informa\u010dn\u00ed spole\u010dnosti ud\u011bluje Provozovateli souhlas se zas\u00edl\u00e1n\u00edm obchodn\u00edch sd\u011blen\u00ed s informacemi o slu\u017eb\u00e1ch a produktech Provozovatele, a to na U\u017eivatelem poskytnut\u00e9 e-mailov\u00e9 adresy. Tento souhlas je poskytov\u00e1n U\u017eivatelem i v p\u0159\u00edpad\u011b zas\u00edl\u00e1n\u00ed obchodn\u00edch sd\u011blen\u00ed t\u0159et\u00edch stran, pokud si U\u017eivatel nastavil v nastaven\u00ed Slu\u017eby zas\u00edl\u00e1n\u00ed informa\u010dn\u00edch sd\u011blen\u00ed t\u0159et\u00edch stran. V takov\u00e9m p\u0159\u00edpad\u011b Provozovatel neposkytuje osobn\u00ed \u00fadaje U\u017eivatel\u016f t\u0159et\u00edm stran\u00e1m.<br>4.6.&nbsp;&nbsp; V r\u00e1mci samotn\u00e9ho poskytov\u00e1n\u00ed slu\u017eeb on-line reklamy v\u0161ak nedoch\u00e1z\u00ed k \u017e\u00e1dn\u00e9mu zpracov\u00e1n\u00ed osobn\u00edch \u00fadaj\u016f ve smyslu v\u00fd\u0161e uveden\u00fdch pr\u00e1vn\u00edch p\u0159edpis\u016f.<br>4.7.&nbsp;&nbsp;&nbsp; Pokud U\u017eivatel p\u0159edal \u010di p\u0159ed\u00e1 Provozovateli osobn\u00ed \u00fadaje jin\u00fdch fyzick\u00fdch osob, je U\u017eivatel povinen tyto fyzick\u00e9 osoby informovat o zpracov\u00e1n\u00ed osobn\u00edch \u00fadaj\u016f a zas\u00edl\u00e1n\u00ed obchodn\u00edch sd\u011blen\u00ed Provozovatele v rozsahu zde uveden\u00e9m a zajistit tak z\u00e1konnost zpracov\u00e1n\u00ed osobn\u00edch \u00fadaj\u016f. V opa\u010dn\u00e9m p\u0159\u00edpad\u011b U\u017eivatel odpov\u00edd\u00e1 Provozovateli za zp\u016fsobenou \u0161kodu.<br>4.8.&nbsp;&nbsp; Podrobn\u011bj\u0161\u00ed informace o nakl\u00e1d\u00e1n\u00ed s osobn\u00edmi \u00fadaji jsou uvedeny na internetov\u00fdch str\u00e1nk\u00e1ch Provozovatele, a to v p\u0159\u00edslu\u0161n\u00e9 sekci.<br><br><strong>5.&nbsp;&nbsp;&nbsp; Z\u00e1v\u011bre\u010dn\u00e1 ustanoven\u00ed<\/strong><br><br>5.1.&nbsp;&nbsp;&nbsp; Na poskytov\u00e1n\u00ed Slu\u017eby se podp\u016frn\u011b pou\u017eij\u00ed Smluvn\u00ed podm\u00ednky pro registraci u\u017eivatel\u016f slu\u017eeb poskytovan\u00fdch spole\u010dnost\u00ed Seznam.cz. Ustanoven\u00ed t\u011bchto Podm\u00ednek maj\u00ed p\u0159ed ustanoven\u00edmi Smluvn\u00edch podm\u00ednek pro registraci u\u017eivatel\u016f slu\u017eeb poskytovan\u00fdch spole\u010dnost\u00ed Seznam.cz p\u0159ednost.<br>5.2.&nbsp;&nbsp;&nbsp; V\u011bci t\u011bmito Podm\u00ednkami neupraven\u00e9 se podp\u016frn\u011b \u0159\u00edd\u00ed Obchodn\u00edmi podm\u00ednkami pro um\u00eds\u0165ov\u00e1n\u00ed reklamn\u00edch sd\u011blen\u00ed a jin\u00fdch reklamn\u00edch prvk\u016f do internetov\u00fdch server\u016f provozovan\u00fdch spole\u010dnost\u00ed Seznam.cz, a.s., a p\u0159\u00edslu\u0161nou pr\u00e1vn\u00ed \u00fapravou.<br>5.3.&nbsp;&nbsp;&nbsp; Provozovatel si vyhrazuje pr\u00e1vo v p\u0159im\u011b\u0159en\u00e9m rozsahu jednostrann\u011b tyto Podm\u00ednky zm\u011bnit, zejm\u00e9na p\u0159i zm\u011bn\u011b legislativy, technick\u00e9 zm\u011bn\u011b Slu\u017eby \u010di slu\u017eeb souvisej\u00edc\u00edch se Slu\u017ebou \u010di v p\u0159\u00edpad\u011b zm\u011bny provozn\u00edch, organiza\u010dn\u00edch \u010di obchodn\u00edch proces\u016f u Provozovatele. Provozovatel ozn\u00e1m\u00ed zm\u011bnu U\u017eivateli prost\u0159ednictv\u00edm rozhran\u00ed slu\u017eby minim\u00e1ln\u011b 7 dn\u00ed p\u0159ed \u00fa\u010dinnost\u00ed t\u00e9to zm\u011bny. U\u017eivatel m\u00e1 pr\u00e1vo odm\u00edtnout zm\u011bnu Podm\u00ednek a vymazat svoj\u00ed emailovou schr\u00e1nku. Pokud U\u017eivatel u\u017e\u00edv\u00e1 po \u00fa\u010dinnosti zm\u011bny Podm\u00ednek i nad\u00e1le Slu\u017ebu, m\u00e1 se zato, \u017ee p\u0159ij\u00edm\u00e1 t\u00edm zm\u011bnu Podm\u00ednek.<br><br><br>Tyto Podm\u00ednky nab\u00fdvaj\u00ed platnosti a \u00fa\u010dinnosti dne 2. 12. 2021.<\/p>\n","protected":false},"excerpt":{"rendered":"<p>Smluvn\u00ed podm\u00ednky slu\u017eby Email.cz platn\u00e9 od 2. 12. 2021 do 2. 6. 2025 1.&nbsp;&nbsp;&nbsp; \u00davod 1.1&nbsp;&nbsp;&nbsp; Spole\u010dnost Seznam.cz, a. s., se s\u00eddlem na adrese Praha 5, Radlick\u00e1 3294\/10, PS\u010c: 150 00, I\u010cO: 26168685, zapsan\u00e1 v obchodn\u00edm rejst\u0159\u00edku veden\u00e9m M\u011bstsk\u00fdm soudem v Praze, odd\u00edl B, vlo\u017eka 6493 (d\u00e1le jen \u201eProvozovatel\u201c), je provozovatelem internetov\u00e9ho serveru email.seznam.cz, dostupn\u00e9ho [&hellip;]<\/p>\n","protected":false},"author":12,"featured_media":0,"parent":1459,"menu_order":100,"comment_status":"closed","ping_status":"closed","template":"page-sidemenu","meta":{"_acf_changed":false,"_relevanssi_hide_post":"","_relevanssi_hide_content":"","_relevanssi_pin_for_all":"","_relevanssi_pin_keywords":"","_relevanssi_unpin_keywords":"","_relevanssi_related_keywords":"","_relevanssi_related_include_ids":"","_relevanssi_related_exclude_ids":"","_relevanssi_related_no_append":"","_relevanssi_related_not_related":"","_relevanssi_related_posts":"","_relevanssi_noindex_reason":"","footnotes":""},"page_category":[4],"page_tag":[],"service_status_category":[],"class_list":["post-586","page","type-page","status-publish","hentry"],"acf":[],"_links":{"self":[{"href":"https:\/\/o-seznam.cz\/napoveda\/email\/wp-json\/wp\/v2\/pages\/586","targetHints":{"allow":["GET"]}}],"collection":[{"href":"https:\/\/o-seznam.cz\/napoveda\/email\/wp-json\/wp\/v2\/pages"}],"about":[{"href":"https:\/\/o-seznam.cz\/napoveda\/email\/wp-json\/wp\/v2\/types\/page"}],"author":[{"embeddable":true,"href":"https:\/\/o-seznam.cz\/napoveda\/email\/wp-json\/wp\/v2\/users\/12"}],"replies":[{"embeddable":true,"href":"https:\/\/o-seznam.cz\/napoveda\/email\/wp-json\/wp\/v2\/comments?post=586"}],"version-history":[{"count":4,"href":"https:\/\/o-seznam.cz\/napoveda\/email\/wp-json\/wp\/v2\/pages\/586\/revisions"}],"predecessor-version":[{"id":1518,"href":"https:\/\/o-seznam.cz\/napoveda\/email\/wp-json\/wp\/v2\/pages\/586\/revisions\/1518"}],"up":[{"embeddable":true,"href":"https:\/\/o-seznam.cz\/napoveda\/email\/wp-json\/wp\/v2\/pages\/1459"}],"wp:attachment":[{"href":"https:\/\/o-seznam.cz\/napoveda\/email\/wp-json\/wp\/v2\/media?parent=586"}],"wp:term":[{"taxonomy":"page_category","embeddable":true,"href":"https:\/\/o-seznam.cz\/napoveda\/email\/wp-json\/wp\/v2\/page_category?post=586"},{"taxonomy":"page_tag","embeddable":true,"href":"https:\/\/o-seznam.cz\/napoveda\/email\/wp-json\/wp\/v2\/page_tag?post=586"},{"taxonomy":"service_status_category","embeddable":true,"href":"https:\/\/o-seznam.cz\/napoveda\/email\/wp-json\/wp\/v2\/service_status_category?post=586"}],"curies":[{"name":"wp","href":"https:\/\/api.w.org\/{rel}","templated":true}]}}