{"id":578,"date":"2024-11-18T12:51:35","date_gmt":"2024-11-18T11:51:35","guid":{"rendered":"https:\/\/o-seznam.cz\/napoveda\/email\/?page_id=578"},"modified":"2025-01-15T22:06:09","modified_gmt":"2025-01-15T21:06:09","slug":"dalsi-tipy-a-doporuceni","status":"publish","type":"page","link":"https:\/\/o-seznam.cz\/napoveda\/email\/pro-odesilatele-hromadnych-zprav\/dalsi-tipy-a-doporuceni\/","title":{"rendered":"Dal\u0161\u00ed tipy a doporu\u010den\u00ed"},"content":{"rendered":"\n<div class=\"wp-block-group is-layout-constrained wp-block-group-is-layout-constrained\">\n<ul class=\"wp-block-list\">\n<li>Obecn\u00e9 informace o \u0159azen\u00ed zpr\u00e1v do slo\u017eek najdete v \u010dl\u00e1nku <a href=\"https:\/\/o-seznam.cz\/napoveda\/email\/pro-odesilatele-hromadnych-zprav\/klasifikace-zprav\/\">Klasifikace zpr\u00e1v<\/a><\/li>\n\n\n\n<li>Aby byly va\u0161e zpr\u00e1vy \u00fasp\u011b\u0161n\u011b doru\u010dov\u00e1ny, IP adresa va\u0161eho odes\u00edlac\u00edho serveru nesm\u00ed b\u00fdt na \u017e\u00e1dn\u00e9m ve\u0159ejn\u00e9m blacklistu. Pro kontrolu m\u016f\u017eete vyu\u017e\u00edt nap\u0159\u00edklad <a class=\"is-style-link-external\" href=\"https:\/\/mxtoolbox.com\/blacklists.aspx\" target=\"_blank\" rel=\"noreferrer noopener\">https:\/\/mxtoolbox.com\/blacklists.aspx<\/a><\/li>\n\n\n\n<li>Seznam Email nem\u00e1 \u00farovn\u011b zabezpe\u010den\u00ed. Na v\u0161echny schr\u00e1nky se vztahuj\u00ed stejn\u00e1 pravidla co se t\u00fd\u010de bezpe\u010dnostn\u00edch limit\u016f.<\/li>\n\n\n\n<li>Doporu\u010den\u00ed pro e-mailov\u00e9 \u0161ablony:\n<ul class=\"wp-block-list\">\n<li>\u0160ablona by m\u011bla b\u00fdt maxim\u00e1ln\u011b 720 px \u0161irok\u00e1, optim\u00e1ln\u00ed \u0161\u00ed\u0159ka je 600 &#8211; 650 px<\/li>\n\n\n\n<li>Datov\u00e1 velikost \u0161ablony nesm\u00ed p\u0159ekro\u010dit 1 MB, jinak se e-mail nezobraz\u00ed cel\u00fd<\/li>\n\n\n\n<li>Velikost p\u0159\u00edlohy nesm\u00ed b\u00fdt p\u0159es 50MB<\/li>\n\n\n\n<li>Mo\u017enosti form\u00e1tov\u00e1n\u00ed najdete v <a href=\"https:\/\/o-seznam.cz\/napoveda\/email\/pro-odesilatele-hromadnych-zprav\/podporovane-formatovani-zprav\/\">samostatn\u00e9m \u010dl\u00e1nku<\/a><br><\/li>\n<\/ul>\n<\/li>\n<\/ul>\n<\/div>\n","protected":false},"excerpt":{"rendered":"","protected":false},"author":12,"featured_media":0,"parent":115,"menu_order":70,"comment_status":"closed","ping_status":"closed","template":"page-sidemenu","meta":{"_acf_changed":false,"_relevanssi_hide_post":"","_relevanssi_hide_content":"","_relevanssi_pin_for_all":"","_relevanssi_pin_keywords":"","_relevanssi_unpin_keywords":"","_relevanssi_related_keywords":"","_relevanssi_related_include_ids":"","_relevanssi_related_exclude_ids":"","_relevanssi_related_no_append":"","_relevanssi_related_not_related":"","_relevanssi_related_posts":"","_relevanssi_noindex_reason":"","footnotes":""},"page_category":[4],"page_tag":[],"service_status_category":[],"class_list":["post-578","page","type-page","status-publish","hentry"],"acf":[],"_links":{"self":[{"href":"https:\/\/o-seznam.cz\/napoveda\/email\/wp-json\/wp\/v2\/pages\/578","targetHints":{"allow":["GET"]}}],"collection":[{"href":"https:\/\/o-seznam.cz\/napoveda\/email\/wp-json\/wp\/v2\/pages"}],"about":[{"href":"https:\/\/o-seznam.cz\/napoveda\/email\/wp-json\/wp\/v2\/types\/page"}],"author":[{"embeddable":true,"href":"https:\/\/o-seznam.cz\/napoveda\/email\/wp-json\/wp\/v2\/users\/12"}],"replies":[{"embeddable":true,"href":"https:\/\/o-seznam.cz\/napoveda\/email\/wp-json\/wp\/v2\/comments?post=578"}],"version-history":[{"count":10,"href":"https:\/\/o-seznam.cz\/napoveda\/email\/wp-json\/wp\/v2\/pages\/578\/revisions"}],"predecessor-version":[{"id":1306,"href":"https:\/\/o-seznam.cz\/napoveda\/email\/wp-json\/wp\/v2\/pages\/578\/revisions\/1306"}],"up":[{"embeddable":true,"href":"https:\/\/o-seznam.cz\/napoveda\/email\/wp-json\/wp\/v2\/pages\/115"}],"wp:attachment":[{"href":"https:\/\/o-seznam.cz\/napoveda\/email\/wp-json\/wp\/v2\/media?parent=578"}],"wp:term":[{"taxonomy":"page_category","embeddable":true,"href":"https:\/\/o-seznam.cz\/napoveda\/email\/wp-json\/wp\/v2\/page_category?post=578"},{"taxonomy":"page_tag","embeddable":true,"href":"https:\/\/o-seznam.cz\/napoveda\/email\/wp-json\/wp\/v2\/page_tag?post=578"},{"taxonomy":"service_status_category","embeddable":true,"href":"https:\/\/o-seznam.cz\/napoveda\/email\/wp-json\/wp\/v2\/service_status_category?post=578"}],"curies":[{"name":"wp","href":"https:\/\/api.w.org\/{rel}","templated":true}]}}