{"id":574,"date":"2024-11-18T12:49:23","date_gmt":"2024-11-18T11:49:23","guid":{"rendered":"https:\/\/o-seznam.cz\/napoveda\/email\/?page_id=574"},"modified":"2024-12-16T09:28:44","modified_gmt":"2024-12-16T08:28:44","slug":"doporucene-nastaveni-odesilacich-domen","status":"publish","type":"page","link":"https:\/\/o-seznam.cz\/napoveda\/email\/pro-odesilatele-hromadnych-zprav\/doporucene-nastaveni-odesilacich-domen\/","title":{"rendered":"Doporu\u010den\u00e9 nastaven\u00ed odes\u00edlac\u00edch dom\u00e9n"},"content":{"rendered":"\n<div class=\"wp-block-group is-layout-constrained wp-block-group-is-layout-constrained\">\n<p>Pro bezprobl\u00e9mov\u00e9 rozli\u0161en\u00ed transak\u010dn\u00edch a hromadn\u00fdch zpr\u00e1v a jejich spr\u00e1vn\u00e9 za\u0159azen\u00ed do p\u0159\u00edslu\u0161n\u00fdch slo\u017eek v c\u00edlov\u00e9 schr\u00e1nce doporu\u010dujeme n\u00ed\u017ee popsan\u00e9 nastaven\u00ed pro odes\u00edlac\u00ed prost\u0159ed\u00ed. <\/p>\n\n\n\n<ul class=\"wp-block-list\">\n<li>Nepos\u00edlat hromadn\u00e9 ani transak\u010dn\u00ed zpr\u00e1vy z prim\u00e1rn\u00ed dom\u00e9ny (doporu\u010dujeme prim\u00e1rn\u00ed dom\u00e9nu vyu\u017e\u00edvat nanejv\u00fd\u0161 pro firemn\u00ed komunikaci), pro ka\u017ed\u00fd z typ\u016f zpr\u00e1v pou\u017e\u00edvat jinou subdom\u00e9nu s vlastn\u00edm DKIM podpisem<\/li>\n\n\n\n<li>Hromadn\u00e9 a transak\u010dn\u00ed zpr\u00e1vy pos\u00edlat z r\u016fzn\u00fdch IP adres<\/li>\n\n\n\n<li>V hromadn\u00fdch zpr\u00e1v\u00e1ch pou\u017e\u00edvat hlavi\u010dku pro hromadn\u00e9 zpr\u00e1vy &#8222;Precedence: bulk&#8220; a metodu one-click-unsubscribe pro odhl\u00e1\u0161en\u00ed<\/li>\n<\/ul>\n\n\n\n<p>Toto nastaven\u00ed z\u00e1rove\u0148 sni\u017euje riziko probl\u00e9m\u016f s doru\u010dov\u00e1n\u00edm transak\u010dn\u00edch zpr\u00e1v v p\u0159\u00edpad\u011b, \u017ee dojde k po\u0161kozen\u00ed reputace kv\u016fli hromadn\u00fdm rozes\u00edlk\u00e1m.<\/p>\n<\/div>\n","protected":false},"excerpt":{"rendered":"<p>Pro bezprobl\u00e9mov\u00e9 rozli\u0161en\u00ed transak\u010dn\u00edch a hromadn\u00fdch zpr\u00e1v a jejich spr\u00e1vn\u00e9 za\u0159azen\u00ed do p\u0159\u00edslu\u0161n\u00fdch slo\u017eek v c\u00edlov\u00e9 schr\u00e1nce doporu\u010dujeme n\u00ed\u017ee popsan\u00e9 nastaven\u00ed pro odes\u00edlac\u00ed prost\u0159ed\u00ed. Toto nastaven\u00ed z\u00e1rove\u0148 sni\u017euje riziko probl\u00e9m\u016f s doru\u010dov\u00e1n\u00edm transak\u010dn\u00edch zpr\u00e1v v p\u0159\u00edpad\u011b, \u017ee dojde k po\u0161kozen\u00ed reputace kv\u016fli hromadn\u00fdm rozes\u00edlk\u00e1m.<\/p>\n","protected":false},"author":12,"featured_media":0,"parent":115,"menu_order":40,"comment_status":"closed","ping_status":"closed","template":"page-sidemenu","meta":{"_acf_changed":false,"_relevanssi_hide_post":"","_relevanssi_hide_content":"","_relevanssi_pin_for_all":"","_relevanssi_pin_keywords":"","_relevanssi_unpin_keywords":"","_relevanssi_related_keywords":"","_relevanssi_related_include_ids":"","_relevanssi_related_exclude_ids":"","_relevanssi_related_no_append":"","_relevanssi_related_not_related":"","_relevanssi_related_posts":"","_relevanssi_noindex_reason":"","footnotes":""},"page_category":[4],"page_tag":[],"service_status_category":[],"class_list":["post-574","page","type-page","status-publish","hentry"],"acf":[],"_links":{"self":[{"href":"https:\/\/o-seznam.cz\/napoveda\/email\/wp-json\/wp\/v2\/pages\/574","targetHints":{"allow":["GET"]}}],"collection":[{"href":"https:\/\/o-seznam.cz\/napoveda\/email\/wp-json\/wp\/v2\/pages"}],"about":[{"href":"https:\/\/o-seznam.cz\/napoveda\/email\/wp-json\/wp\/v2\/types\/page"}],"author":[{"embeddable":true,"href":"https:\/\/o-seznam.cz\/napoveda\/email\/wp-json\/wp\/v2\/users\/12"}],"replies":[{"embeddable":true,"href":"https:\/\/o-seznam.cz\/napoveda\/email\/wp-json\/wp\/v2\/comments?post=574"}],"version-history":[{"count":2,"href":"https:\/\/o-seznam.cz\/napoveda\/email\/wp-json\/wp\/v2\/pages\/574\/revisions"}],"predecessor-version":[{"id":1217,"href":"https:\/\/o-seznam.cz\/napoveda\/email\/wp-json\/wp\/v2\/pages\/574\/revisions\/1217"}],"up":[{"embeddable":true,"href":"https:\/\/o-seznam.cz\/napoveda\/email\/wp-json\/wp\/v2\/pages\/115"}],"wp:attachment":[{"href":"https:\/\/o-seznam.cz\/napoveda\/email\/wp-json\/wp\/v2\/media?parent=574"}],"wp:term":[{"taxonomy":"page_category","embeddable":true,"href":"https:\/\/o-seznam.cz\/napoveda\/email\/wp-json\/wp\/v2\/page_category?post=574"},{"taxonomy":"page_tag","embeddable":true,"href":"https:\/\/o-seznam.cz\/napoveda\/email\/wp-json\/wp\/v2\/page_tag?post=574"},{"taxonomy":"service_status_category","embeddable":true,"href":"https:\/\/o-seznam.cz\/napoveda\/email\/wp-json\/wp\/v2\/service_status_category?post=574"}],"curies":[{"name":"wp","href":"https:\/\/api.w.org\/{rel}","templated":true}]}}