{"id":570,"date":"2024-11-18T12:42:20","date_gmt":"2024-11-18T11:42:20","guid":{"rendered":"https:\/\/o-seznam.cz\/napoveda\/email\/?page_id=570"},"modified":"2024-12-06T10:42:26","modified_gmt":"2024-12-06T09:42:26","slug":"limity-pro-velikost-rozesilky","status":"publish","type":"page","link":"https:\/\/o-seznam.cz\/napoveda\/email\/pro-odesilatele-hromadnych-zprav\/limity-pro-velikost-rozesilky\/","title":{"rendered":"Limity pro velikost rozes\u00edlky"},"content":{"rendered":"\n<div class=\"wp-block-group is-content-justification-left is-layout-constrained wp-container-core-group-is-layout-12dd3699 wp-block-group-is-layout-constrained\">\n<p>Limity pro velikost rozes\u00edlky, neboli rate limity, maj\u00ed za c\u00edl chr\u00e1nit infrastrukturu Seznamu p\u0159ed p\u0159et\u00ed\u017een\u00edm. Pro \u00fasp\u011b\u0161n\u00e9 doru\u010den\u00ed cel\u00e9 rozes\u00edlky je proto nutn\u00e9 dodr\u017eovat n\u00e1sleduj\u00edc\u00ed postup:<\/p>\n\n\n\n<ul class=\"wp-block-list\">\n<li>Pos\u00edlat maximum zpr\u00e1v v jednom SMTP spojen\u00ed (nap\u0159. 100).<\/li>\n\n\n\n<li>Neotev\u00edrat v\u00edce ne\u017e 1500 spojen\u00ed z jedn\u00e9 IP adresy v jednom p\u011btiminutov\u00e9m intervalu.<\/li>\n\n\n\n<li>V tomto p\u011btiminutov\u00e9m okn\u011b pos\u00edlat z jedn\u00e9 IP adresy maxim\u00e1ln\u011b 100 000 zpr\u00e1v o celkov\u00fdch datech 1 GB.<\/li>\n\n\n\n<li>Rozlo\u017eit rozes\u00edl\u00e1n\u00ed hromadn\u00fdch zpr\u00e1v do v\u011bt\u0161\u00edho \u010dasov\u00e9ho \u00faseku (dle velikosti rozes\u00edlky do des\u00edtek minut a\u017e n\u011bkolika hodin)<\/li>\n<\/ul>\n<\/div>\n","protected":false},"excerpt":{"rendered":"<p>Limity pro velikost rozes\u00edlky, neboli rate limity, maj\u00ed za c\u00edl chr\u00e1nit infrastrukturu Seznamu p\u0159ed p\u0159et\u00ed\u017een\u00edm. Pro \u00fasp\u011b\u0161n\u00e9 doru\u010den\u00ed cel\u00e9 rozes\u00edlky je proto nutn\u00e9 dodr\u017eovat n\u00e1sleduj\u00edc\u00ed postup:<\/p>\n","protected":false},"author":12,"featured_media":0,"parent":115,"menu_order":20,"comment_status":"closed","ping_status":"closed","template":"page-sidemenu","meta":{"_acf_changed":false,"_relevanssi_hide_post":"","_relevanssi_hide_content":"","_relevanssi_pin_for_all":"","_relevanssi_pin_keywords":"","_relevanssi_unpin_keywords":"","_relevanssi_related_keywords":"","_relevanssi_related_include_ids":"","_relevanssi_related_exclude_ids":"","_relevanssi_related_no_append":"","_relevanssi_related_not_related":"","_relevanssi_related_posts":"","_relevanssi_noindex_reason":"","footnotes":""},"page_category":[4],"page_tag":[],"service_status_category":[],"class_list":["post-570","page","type-page","status-publish","hentry"],"acf":[],"_links":{"self":[{"href":"https:\/\/o-seznam.cz\/napoveda\/email\/wp-json\/wp\/v2\/pages\/570","targetHints":{"allow":["GET"]}}],"collection":[{"href":"https:\/\/o-seznam.cz\/napoveda\/email\/wp-json\/wp\/v2\/pages"}],"about":[{"href":"https:\/\/o-seznam.cz\/napoveda\/email\/wp-json\/wp\/v2\/types\/page"}],"author":[{"embeddable":true,"href":"https:\/\/o-seznam.cz\/napoveda\/email\/wp-json\/wp\/v2\/users\/12"}],"replies":[{"embeddable":true,"href":"https:\/\/o-seznam.cz\/napoveda\/email\/wp-json\/wp\/v2\/comments?post=570"}],"version-history":[{"count":4,"href":"https:\/\/o-seznam.cz\/napoveda\/email\/wp-json\/wp\/v2\/pages\/570\/revisions"}],"predecessor-version":[{"id":925,"href":"https:\/\/o-seznam.cz\/napoveda\/email\/wp-json\/wp\/v2\/pages\/570\/revisions\/925"}],"up":[{"embeddable":true,"href":"https:\/\/o-seznam.cz\/napoveda\/email\/wp-json\/wp\/v2\/pages\/115"}],"wp:attachment":[{"href":"https:\/\/o-seznam.cz\/napoveda\/email\/wp-json\/wp\/v2\/media?parent=570"}],"wp:term":[{"taxonomy":"page_category","embeddable":true,"href":"https:\/\/o-seznam.cz\/napoveda\/email\/wp-json\/wp\/v2\/page_category?post=570"},{"taxonomy":"page_tag","embeddable":true,"href":"https:\/\/o-seznam.cz\/napoveda\/email\/wp-json\/wp\/v2\/page_tag?post=570"},{"taxonomy":"service_status_category","embeddable":true,"href":"https:\/\/o-seznam.cz\/napoveda\/email\/wp-json\/wp\/v2\/service_status_category?post=570"}],"curies":[{"name":"wp","href":"https:\/\/api.w.org\/{rel}","templated":true}]}}