{"id":560,"date":"2024-11-14T14:28:39","date_gmt":"2024-11-14T13:28:39","guid":{"rendered":"https:\/\/o-seznam.cz\/napoveda\/email\/?page_id=560"},"modified":"2025-05-07T12:48:39","modified_gmt":"2025-05-07T10:48:39","slug":"stitky","status":"publish","type":"page","link":"https:\/\/o-seznam.cz\/napoveda\/email\/moznosti-nastaveni\/stitky\/","title":{"rendered":"\u0160t\u00edtky"},"content":{"rendered":"\n<div class=\"wp-block-group is-layout-constrained wp-block-group-is-layout-constrained\">\n<p>\u0160t\u00edtky slou\u017e\u00ed ve schr\u00e1nce k ozna\u010dov\u00e1n\u00ed zpr\u00e1v, kter\u00e9 mohou b\u00fdt v r\u016fzn\u00fdch slo\u017ek\u00e1ch. Umo\u017e\u0148uj\u00ed tak zp\u0159ehlednit a zjednodu\u0161it t\u0159\u00edd\u011bn\u00ed zpr\u00e1v ve schr\u00e1nce. Vytv\u00e1\u0159en\u00ed a spr\u00e1va \u0161t\u00edtk\u016f jsou dostupn\u00e9 v \u010d\u00e1sti <strong>\u0160t\u00edtky<\/strong> v <strong>Nastaven\u00ed<\/strong> schr\u00e1nky. Pro vstup do <strong>Nastaven\u00ed<\/strong> vyu\u017eijte ikonu ozuben\u00e9ho kola v lev\u00e9m doln\u00edm rohu rozhran\u00ed schr\u00e1nky. V\u0161echny vytvo\u0159en\u00e9 \u0161t\u00edtky se zobrazuj\u00ed v lev\u00e9 hlavn\u00ed nab\u00eddce schr\u00e1nky pod v\u00fdpisem vlastn\u00edch slo\u017eek. V nov\u00e9 schr\u00e1nce se nach\u00e1z\u00ed t\u0159i p\u0159edvytvo\u0159en\u00e9 \u0161t\u00edtky, kter\u00e9 m\u016f\u017eete libovoln\u011b upravit nebo smazat.<\/p>\n\n\n\n<div class=\"wp-block-group is-layout-constrained wp-block-group-is-layout-constrained\">\n<h2 class=\"wp-block-heading\">Vytvo\u0159en\u00ed \u0161t\u00edtku<\/h2>\n\n\n\n<ul class=\"wp-block-list\">\n<li>Pro vytvo\u0159en\u00ed nov\u00e9ho \u0161t\u00edtku p\u0159ejd\u011bte do&nbsp;<strong>Nastaven\u00ed&nbsp;<\/strong>a do sekce&nbsp;<strong>\u0160t\u00edtky<\/strong>.<\/li>\n\n\n\n<li>Klikn\u011bte na tla\u010d\u00edtko <strong>P\u0159idat \u0161t\u00edtek<\/strong>.<\/li>\n\n\n\n<li>Zadejte n\u00e1zev a vyberte barvu \u0161t\u00edtku.<\/li>\n\n\n\n<li>Klikn\u011bte na <strong>Ulo\u017eit<\/strong>.<\/li>\n<\/ul>\n\n\n\n<p>V\u00edce \u0161t\u00edtk\u016f m\u016f\u017ee m\u00edt stejnou barvu, ale nelze vytvo\u0159it v\u00edce \u0161t\u00edtk\u016f se stejn\u00fdm n\u00e1zvem. Po\u0159ad\u00ed \u0161t\u00edtk\u016f lze m\u011bnit v nastaven\u00ed uchopen\u00edm ikony vedle n\u00e1zvu \u0161t\u00edtku lev\u00fdm tla\u010d\u00edtkem my\u0161i a jej\u00edm ta\u017een\u00edm nahoru nebo dol\u016f.<\/p>\n<\/div>\n\n\n\n<div class=\"wp-block-group is-layout-constrained wp-block-group-is-layout-constrained\">\n<h2 class=\"wp-block-heading\">Editace \u0161t\u00edtku<\/h2>\n\n\n\n<p>\u00dapravy nebo maz\u00e1n\u00ed \u0161t\u00edtk\u016f m\u016f\u017eete prov\u00e1d\u011bt v <strong>Nastaven\u00ed <\/strong>pomoc\u00ed tla\u010d\u00edtek <strong>Upravit <\/strong>nebo <strong>Smazat<\/strong>, kter\u00e1 se nach\u00e1z\u00ed vedle ka\u017ed\u00e9ho vytvo\u0159en\u00e9ho \u0161t\u00edtku. <\/p>\n\n\n\n<p>Smaz\u00e1n\u00edm \u0161t\u00edtku odstran\u00edte \u0161t\u00edtek od v\u0161ech zpr\u00e1v, kter\u00e9 j\u00edm byly ozna\u010deny. Zpr\u00e1vy, kter\u00e9 byly t\u00edmto \u0161t\u00edtkem ozna\u010deny, z\u016fstanou zachov\u00e1ny.<\/p>\n<\/div>\n\n\n\n<div class=\"wp-block-group is-layout-constrained wp-block-group-is-layout-constrained\">\n<h2 class=\"wp-block-heading\">P\u0159i\u0159azen\u00ed a odebr\u00e1n\u00ed \u0161t\u00edtku<\/h2>\n\n\n\n<p>\u0160t\u00edtky m\u016f\u017eete zpr\u00e1v\u00e1m p\u0159i\u0159azovat pomoc\u00ed tla\u010d\u00edtka <strong>Ozna\u010dit<\/strong>, a to bu\u010f jednotliv\u011b v detailu zpr\u00e1vy nebo hromadn\u011b po ozna\u010den\u00ed zpr\u00e1v, kter\u00e9 si p\u0159ejete \u0161t\u00edtkem ozna\u010dit. P\u0159i\u0159azen\u00ed \u0161t\u00edtku m\u016f\u017ee tak\u00e9 prob\u00edhat automaticky pomoc\u00ed pravidla.<\/p>\n\n\n\n<p>Odebrat \u0161t\u00edtek m\u016f\u017eete v detailu ozna\u010den\u00e9 zpr\u00e1vy kliknut\u00edm na mal\u00fd k\u0159\u00ed\u017eek, kter\u00fd se nach\u00e1z\u00ed vedle n\u00e1zvu \u0161t\u00edtku v horn\u00ed \u010d\u00e1sti zpr\u00e1vy. Odebr\u00e1n\u00ed \u0161t\u00edtku ze zpr\u00e1vy neznamen\u00e1 smaz\u00e1n\u00ed \u0161t\u00edtku ze seznamu \u0161t\u00edtk\u016f v <strong>Nastaven\u00ed<\/strong>.<\/p>\n<\/div>\n\n\n\n<div class=\"wp-block-group is-layout-constrained wp-block-group-is-layout-constrained\">\n<h2 class=\"wp-block-heading\">Filtrov\u00e1n\u00ed podle \u0161t\u00edtk\u016f<\/h2>\n\n\n\n<p>Kliknut\u00edm na \u0161t\u00edtek v lev\u00e9m naviga\u010dn\u00edm menu se zobraz\u00ed seznam v\u0161ech e-mailov\u00fdch zpr\u00e1v s dan\u00fdm \u0161t\u00edtkem bez ohledu na to, v jak\u00e9 slo\u017ece se tyto zpr\u00e1vy nach\u00e1z\u00ed. <\/p>\n\n\n\n<p>Pomoc\u00ed tla\u010d\u00edtka <strong>Se\u0159azeno od<\/strong> si tak\u00e9 m\u016f\u017eete se\u0159adit zpr\u00e1vy se \u0161t\u00edtky na za\u010d\u00e1tek nebo konec v\u00fdpisu.<\/p>\n<\/div>\n<\/div>\n","protected":false},"excerpt":{"rendered":"<p>\u0160t\u00edtky slou\u017e\u00ed ve schr\u00e1nce k ozna\u010dov\u00e1n\u00ed zpr\u00e1v, kter\u00e9 mohou b\u00fdt v r\u016fzn\u00fdch slo\u017ek\u00e1ch. Umo\u017e\u0148uj\u00ed tak zp\u0159ehlednit a zjednodu\u0161it t\u0159\u00edd\u011bn\u00ed zpr\u00e1v ve schr\u00e1nce. Vytv\u00e1\u0159en\u00ed a spr\u00e1va \u0161t\u00edtk\u016f jsou dostupn\u00e9 v \u010d\u00e1sti \u0160t\u00edtky v Nastaven\u00ed schr\u00e1nky. Pro vstup do Nastaven\u00ed vyu\u017eijte ikonu ozuben\u00e9ho kola v lev\u00e9m doln\u00edm rohu rozhran\u00ed schr\u00e1nky. V\u0161echny vytvo\u0159en\u00e9 \u0161t\u00edtky se zobrazuj\u00ed v lev\u00e9 [&hellip;]<\/p>\n","protected":false},"author":12,"featured_media":0,"parent":107,"menu_order":50,"comment_status":"closed","ping_status":"closed","template":"page-sidemenu","meta":{"_acf_changed":false,"_relevanssi_hide_post":"","_relevanssi_hide_content":"","_relevanssi_pin_for_all":"","_relevanssi_pin_keywords":"","_relevanssi_unpin_keywords":"","_relevanssi_related_keywords":"","_relevanssi_related_include_ids":"","_relevanssi_related_exclude_ids":"","_relevanssi_related_no_append":"","_relevanssi_related_not_related":"","_relevanssi_related_posts":"","_relevanssi_noindex_reason":"","footnotes":""},"page_category":[4],"page_tag":[],"service_status_category":[],"class_list":["post-560","page","type-page","status-publish","hentry"],"acf":[],"_links":{"self":[{"href":"https:\/\/o-seznam.cz\/napoveda\/email\/wp-json\/wp\/v2\/pages\/560","targetHints":{"allow":["GET"]}}],"collection":[{"href":"https:\/\/o-seznam.cz\/napoveda\/email\/wp-json\/wp\/v2\/pages"}],"about":[{"href":"https:\/\/o-seznam.cz\/napoveda\/email\/wp-json\/wp\/v2\/types\/page"}],"author":[{"embeddable":true,"href":"https:\/\/o-seznam.cz\/napoveda\/email\/wp-json\/wp\/v2\/users\/12"}],"replies":[{"embeddable":true,"href":"https:\/\/o-seznam.cz\/napoveda\/email\/wp-json\/wp\/v2\/comments?post=560"}],"version-history":[{"count":4,"href":"https:\/\/o-seznam.cz\/napoveda\/email\/wp-json\/wp\/v2\/pages\/560\/revisions"}],"predecessor-version":[{"id":1477,"href":"https:\/\/o-seznam.cz\/napoveda\/email\/wp-json\/wp\/v2\/pages\/560\/revisions\/1477"}],"up":[{"embeddable":true,"href":"https:\/\/o-seznam.cz\/napoveda\/email\/wp-json\/wp\/v2\/pages\/107"}],"wp:attachment":[{"href":"https:\/\/o-seznam.cz\/napoveda\/email\/wp-json\/wp\/v2\/media?parent=560"}],"wp:term":[{"taxonomy":"page_category","embeddable":true,"href":"https:\/\/o-seznam.cz\/napoveda\/email\/wp-json\/wp\/v2\/page_category?post=560"},{"taxonomy":"page_tag","embeddable":true,"href":"https:\/\/o-seznam.cz\/napoveda\/email\/wp-json\/wp\/v2\/page_tag?post=560"},{"taxonomy":"service_status_category","embeddable":true,"href":"https:\/\/o-seznam.cz\/napoveda\/email\/wp-json\/wp\/v2\/service_status_category?post=560"}],"curies":[{"name":"wp","href":"https:\/\/api.w.org\/{rel}","templated":true}]}}