{"id":558,"date":"2024-11-14T14:27:25","date_gmt":"2024-11-14T13:27:25","guid":{"rendered":"https:\/\/o-seznam.cz\/napoveda\/email\/?page_id=558"},"modified":"2025-09-15T12:19:02","modified_gmt":"2025-09-15T10:19:02","slug":"vlastni-slozky","status":"publish","type":"page","link":"https:\/\/o-seznam.cz\/napoveda\/email\/moznosti-nastaveni\/vlastni-slozky\/","title":{"rendered":"Vlastn\u00ed slo\u017eky"},"content":{"rendered":"\n<div class=\"wp-block-group is-layout-constrained wp-block-group-is-layout-constrained\">\n<p>Vedle syst\u00e9mov\u00fdch slo\u017eek je mo\u017en\u00e9 si ve schr\u00e1nce vytv\u00e1\u0159et vlastn\u00ed slo\u017eky pro p\u0159ehledn\u011bj\u0161\u00ed organizaci po\u0161ty. Vytv\u00e1\u0159en\u00ed a spr\u00e1va vlastn\u00edch slo\u017eek jsou dostupn\u00e9 v \u010d\u00e1sti <strong>Vlastn\u00ed slo\u017eky<\/strong> v <strong>Nastaven\u00ed<\/strong> schr\u00e1nky. Slo\u017eky lze vytv\u00e1\u0159et v r\u016fzn\u00fdch \u00farovn\u00edch zano\u0159en\u00ed. U ka\u017ed\u00e9 slo\u017eky, kter\u00e1 obsahuje vno\u0159en\u00e9 podslo\u017eky, je pak v lev\u00e9m menu schr\u00e1nky dostupn\u00fd ovl\u00e1dac\u00ed prvek, kter\u00fdm lze jednotliv\u00e9 \u010d\u00e1sti slo\u017ekov\u00e9 struktury skr\u00fdt nebo rozbalit.<\/p>\n\n\n\n<div class=\"wp-block-group is-layout-constrained wp-block-group-is-layout-constrained\">\n<h2 class=\"wp-block-heading\">Vytvo\u0159en\u00ed slo\u017eky<\/h2>\n\n\n\n<p>Pro vytvo\u0159en\u00ed nov\u00e9 slo\u017eky p\u0159ejd\u011bte do <strong>Nastaven\u00ed <\/strong>a do sekce <strong>Vlastn\u00ed slo\u017eky<\/strong>. Zadejte po\u017eadovan\u00fd n\u00e1zev a v nab\u00eddce <strong>Za\u0159azen\u00ed do<\/strong> vyberte, do kter\u00e9 z existuj\u00edc\u00edch slo\u017eek m\u00e1 b\u00fdt nov\u00e1 slo\u017eka um\u00edst\u011bna.<\/p>\n\n\n\n<p>P\u0159i vytv\u00e1\u0159en\u00ed slo\u017eky je v poli <strong>Za\u0159azen\u00ed do<\/strong> p\u0159edvypln\u011bna polo\u017eka <strong>Vlastn\u00ed slo\u017eky<\/strong> a v\u0161echny nov\u00e9 slo\u017eky se tak prim\u00e1rn\u011b vytv\u00e1\u0159\u00ed na stejn\u00e9 \u00farovni. Pokud si p\u0159ejete vno\u0159it novou slo\u017eku do ji\u017e existuj\u00edc\u00ed slo\u017eky, vyberte c\u00edlovou slo\u017eku z nab\u00eddky. Na stejn\u00e9 \u00farovni nelze vytv\u00e1\u0159et v\u00edce slo\u017eek se stejn\u00fdm n\u00e1zvem.<\/p>\n<\/div>\n\n\n\n<div class=\"wp-block-group is-layout-constrained wp-block-group-is-layout-constrained\">\n<h2 class=\"wp-block-heading\">\u0158azen\u00ed slo\u017eek<\/h2>\n\n\n\n<p>Ve v\u00fdchoz\u00edm nastaven\u00ed se nejnov\u011bj\u0161\u00ed slo\u017eky \u0159ad\u00ed na konec slo\u017ekov\u00e9 struktury. Po\u0159ad\u00ed slo\u017eek je mo\u017en\u00e9 m\u011bnit v <strong>Nastaven\u00ed <\/strong>uchopen\u00edm ikony vedle n\u00e1zvu slo\u017eky lev\u00fdm tla\u010d\u00edtkem my\u0161i a jej\u00edm ta\u017een\u00edm nahoru nebo dol\u016f. Jakmile tla\u010d\u00edtko my\u0161i uvoln\u00edte, slo\u017eka se na po\u017eadovanou pozici p\u0159em\u00edst\u00ed a po\u0159ad\u00ed slo\u017eek se zm\u011bn\u00ed. T\u00edmto zp\u016fsobem lze tak\u00e9 vno\u0159it existuj\u00edc\u00ed slo\u017eku do jin\u00e9 nebo ji naopak vyt\u00e1hnout na vy\u0161\u0161\u00ed \u00farove\u0148. Zm\u011bna se projev\u00ed z\u00e1rove\u0148 v <strong>Nastaven\u00ed <\/strong>i seznamu slo\u017eek v lev\u00e9m menu ve schr\u00e1nce. P\u0159i p\u0159esouv\u00e1n\u00ed slo\u017eky se zano\u0159en\u00fdmi podslo\u017ekami se p\u0159esouv\u00e1 cel\u00e1 jej\u00ed vno\u0159en\u00e1 struktura. P\u0159esunut\u00ed se nezda\u0159\u00ed, pokud by byly ve stejn\u00e9 slo\u017ece dv\u011b slo\u017eky se stejn\u00fdm n\u00e1zvem. Se\u0159azen\u00ed slo\u017eek podle abecedy nen\u00ed mo\u017en\u00e9.<\/p>\n<\/div>\n\n\n\n<div class=\"wp-block-group is-layout-constrained wp-block-group-is-layout-constrained\">\n<h2 class=\"wp-block-heading\">Editace a zru\u0161en\u00ed slo\u017eek<\/h2>\n\n\n\n<p>V <strong>Nastaven\u00ed<\/strong> je rovn\u011b\u017e mo\u017en\u00e9 slo\u017eky p\u0159ejmenovat nebo smazat. Pokud se ve slo\u017ece nach\u00e1z\u00ed zpr\u00e1vy, budou po smaz\u00e1n\u00ed p\u0159esunuty do slo\u017eky <strong>Ko\u0161<\/strong>, odkud budou po ur\u010dit\u00e9 dob\u011b automaticky odstran\u011bny. Nelze smazat slo\u017eky, kter\u00e9 obsahuj\u00ed podslo\u017eky, nebo do kter\u00fdch jsou p\u0159esm\u011brov\u00e1v\u00e1ny zpr\u00e1vy na z\u00e1klad\u011b <a href=\"https:\/\/o-seznam.cz\/napoveda\/email\/moznosti-nastaveni\/pravidla-pro-zpracovani-zprav\/nastaveni-pravidel\/\">pravidel<\/a>.<\/p>\n<\/div>\n<\/div>\n","protected":false},"excerpt":{"rendered":"<p>Vedle syst\u00e9mov\u00fdch slo\u017eek je mo\u017en\u00e9 si ve schr\u00e1nce vytv\u00e1\u0159et vlastn\u00ed slo\u017eky pro p\u0159ehledn\u011bj\u0161\u00ed organizaci po\u0161ty. Vytv\u00e1\u0159en\u00ed a spr\u00e1va vlastn\u00edch slo\u017eek jsou dostupn\u00e9 v \u010d\u00e1sti Vlastn\u00ed slo\u017eky v Nastaven\u00ed schr\u00e1nky. Slo\u017eky lze vytv\u00e1\u0159et v r\u016fzn\u00fdch \u00farovn\u00edch zano\u0159en\u00ed. U ka\u017ed\u00e9 slo\u017eky, kter\u00e1 obsahuje vno\u0159en\u00e9 podslo\u017eky, je pak v lev\u00e9m menu schr\u00e1nky dostupn\u00fd ovl\u00e1dac\u00ed prvek, kter\u00fdm lze jednotliv\u00e9 [&hellip;]<\/p>\n","protected":false},"author":12,"featured_media":0,"parent":107,"menu_order":40,"comment_status":"closed","ping_status":"closed","template":"page-sidemenu","meta":{"_acf_changed":false,"_relevanssi_hide_post":"","_relevanssi_hide_content":"","_relevanssi_pin_for_all":"","_relevanssi_pin_keywords":"","_relevanssi_unpin_keywords":"","_relevanssi_related_keywords":"","_relevanssi_related_include_ids":"","_relevanssi_related_exclude_ids":"","_relevanssi_related_no_append":"","_relevanssi_related_not_related":"","_relevanssi_related_posts":"","_relevanssi_noindex_reason":"","footnotes":""},"page_category":[4],"page_tag":[],"service_status_category":[],"class_list":["post-558","page","type-page","status-publish","hentry"],"acf":[],"_links":{"self":[{"href":"https:\/\/o-seznam.cz\/napoveda\/email\/wp-json\/wp\/v2\/pages\/558","targetHints":{"allow":["GET"]}}],"collection":[{"href":"https:\/\/o-seznam.cz\/napoveda\/email\/wp-json\/wp\/v2\/pages"}],"about":[{"href":"https:\/\/o-seznam.cz\/napoveda\/email\/wp-json\/wp\/v2\/types\/page"}],"author":[{"embeddable":true,"href":"https:\/\/o-seznam.cz\/napoveda\/email\/wp-json\/wp\/v2\/users\/12"}],"replies":[{"embeddable":true,"href":"https:\/\/o-seznam.cz\/napoveda\/email\/wp-json\/wp\/v2\/comments?post=558"}],"version-history":[{"count":5,"href":"https:\/\/o-seznam.cz\/napoveda\/email\/wp-json\/wp\/v2\/pages\/558\/revisions"}],"predecessor-version":[{"id":1606,"href":"https:\/\/o-seznam.cz\/napoveda\/email\/wp-json\/wp\/v2\/pages\/558\/revisions\/1606"}],"up":[{"embeddable":true,"href":"https:\/\/o-seznam.cz\/napoveda\/email\/wp-json\/wp\/v2\/pages\/107"}],"wp:attachment":[{"href":"https:\/\/o-seznam.cz\/napoveda\/email\/wp-json\/wp\/v2\/media?parent=558"}],"wp:term":[{"taxonomy":"page_category","embeddable":true,"href":"https:\/\/o-seznam.cz\/napoveda\/email\/wp-json\/wp\/v2\/page_category?post=558"},{"taxonomy":"page_tag","embeddable":true,"href":"https:\/\/o-seznam.cz\/napoveda\/email\/wp-json\/wp\/v2\/page_tag?post=558"},{"taxonomy":"service_status_category","embeddable":true,"href":"https:\/\/o-seznam.cz\/napoveda\/email\/wp-json\/wp\/v2\/service_status_category?post=558"}],"curies":[{"name":"wp","href":"https:\/\/api.w.org\/{rel}","templated":true}]}}