{"id":555,"date":"2024-11-14T14:24:59","date_gmt":"2024-11-14T13:24:59","guid":{"rendered":"https:\/\/o-seznam.cz\/napoveda\/email\/?page_id=555"},"modified":"2024-12-16T09:24:23","modified_gmt":"2024-12-16T08:24:23","slug":"nastaveni-systemovych-slozek","status":"publish","type":"page","link":"https:\/\/o-seznam.cz\/napoveda\/email\/moznosti-nastaveni\/nastaveni-systemovych-slozek\/","title":{"rendered":"Nastaven\u00ed syst\u00e9mov\u00fdch slo\u017eek"},"content":{"rendered":"\n<div class=\"wp-block-group is-layout-constrained wp-block-group-is-layout-constrained\">\n<p>Ka\u017ed\u00e1 schr\u00e1nka m\u00e1 v\u00fdchoz\u00ed sadu syst\u00e9mov\u00fdch slo\u017eek:<\/p>\n\n\n\n<ul class=\"wp-block-list\">\n<li><strong>Doru\u010den\u00e9 <\/strong>&#8211; do t\u00e9to slo\u017eky je p\u0159ij\u00edm\u00e1na prim\u00e1rn\u00ed po\u0161ta a transak\u010dn\u00ed zpr\u00e1vy jako objedn\u00e1vky a faktury.<\/li>\n\n\n\n<li><strong>Odeslan\u00e9 <\/strong>&#8211; v t\u00e9to slo\u017ece se ukl\u00e1daj\u00ed zpr\u00e1vy, kter\u00e9 byly z va\u0161\u00ed schr\u00e1nky odesl\u00e1ny.<\/li>\n\n\n\n<li><strong>Rozepsan\u00e9 <\/strong>&#8211; zde se ukl\u00e1daj\u00ed rozepsan\u00e9 zpr\u00e1vy. Ukl\u00e1d\u00e1n\u00ed prob\u00edh\u00e1 b\u011bhem psan\u00ed automaticky po ur\u010dit\u00fdch intervalech, p\u0159\u00edpadn\u011b pomoc\u00ed tla\u010d\u00edtka <strong>Ulo\u017eit a zav\u0159\u00edt<\/strong>. Slo\u017eku Rozepsan\u00e9 doporu\u010dujeme jednou za \u010das zkontrolovat a nepot\u0159ebn\u00e9 koncepty promazat.<\/li>\n\n\n\n<li><strong>Hromadn\u00e9 <\/strong>&#8211; do t\u00e9to slo\u017eky jsou doru\u010dov\u00e1ny zpr\u00e1vy hromadn\u00e9ho charakteru (obchod\u00ed sd\u011blen\u00ed, nab\u00eddky,&#8230;). Pokud si nep\u0159ejete obchodn\u00ed sd\u011blen\u00ed t\u0159\u00eddit do samostatn\u00e9 slo\u017eky, m\u016f\u017eete si ji v <strong>Nastaven\u00ed<\/strong> vypnout. Hromadn\u00e9 zpr\u00e1vy se po 90 dnech automaticky ma\u017eou. I tato vlastnost lze v Nastaven\u00ed zm\u011bnit. V\u00edce se do\u010dtete v \u010dl\u00e1nku <a href=\"https:\/\/o-seznam.cz\/napoveda\/email\/moznosti-nastaveni\/nastaveni-systemovych-slozek\/hromadne-e-maily\/\">Hromadn\u00e9 e-maily<\/a>.<\/li>\n\n\n\n<li><strong>Archiv <\/strong>&#8211; slo\u017eka umo\u017e\u0148uje uchovat star\u0161\u00ed zpr\u00e1vy, kter\u00e9 nechcete odstranit, ale z\u00e1rove\u0148 je nechcete m\u00edt v p\u016fvodn\u00ed slo\u017ece. V t\u00e9to slo\u017ece neprob\u00edh\u00e1 z d\u016fvodu optimalizace rychlosti z\u00e1kladn\u00ed hled\u00e1n\u00ed.<\/li>\n\n\n\n<li><strong>Spam <\/strong>&#8211; do t\u00e9to slo\u017eky je za\u0159azena nevy\u017e\u00e1dan\u00e1 po\u0161ta a podez\u0159el\u00e9 \u010di podvodn\u00e9 zpr\u00e1vy. <\/li>\n\n\n\n<li><strong>Ko\u0161 <\/strong>&#8211; do Ko\u0161e se p\u0159esouvaj\u00ed smazan\u00e9 zpr\u00e1vy a po ur\u010ditou dobu je mo\u017en\u00e9 je z n\u011bj obnovit. Po uplynut\u00ed <a href=\"https:\/\/o-seznam.cz\/napoveda\/email\/moznosti-nastaveni\/nastaveni-systemovych-slozek\/nastaveni-kose\/\">nastaven\u00e9 doby<\/a> nebo ru\u010dn\u00edm z\u00e1sahem u\u017eivatele jsou zpr\u00e1vy z Ko\u0161e nen\u00e1vratn\u011b smaz\u00e1ny. V nastaven\u00ed schr\u00e1nky je mo\u017en\u00e9 si zvolit, zda se zpr\u00e1vy z Ko\u0161e proma\u017eou jednou za t\u0159icet dn\u00ed, jednou t\u00fddn\u011b nebo v\u017edy po odhl\u00e1\u0161en\u00ed ze schr\u00e1nky.<\/li>\n<\/ul>\n\n\n\n<div class=\"wp-block-seznam-box is-layout-flow wp-block-seznam-box-is-layout-flow\">\n<p>T\u0159\u00edd\u011bn\u00ed zpr\u00e1v do slo\u017eky Doru\u010den\u00e9, Hromadn\u00e9 a Spam m\u016f\u017eete ve sv\u00e9 schr\u00e1nce ovlivnit ozna\u010den\u00edm adresy odes\u00edlatele jako d\u016fv\u011bryhodn\u00e9, hromadn\u00e9 nebo blokovan\u00e9.<\/p>\n<\/div>\n\n\n<div class=\"wp-block-seznam-list-pages\"><div>\n<div style=\"--seznam-tiles--columns:3\" class=\"wp-block-seznam-tiles has-columns-3\"><div class=\"inner-blocks\">\n<div class=\"block-boxlink\"><a class=\"boxlink boxlink--icon-arrow boxlink--align-y-center px-f8 py-f4\" href=\"https:\/\/o-seznam.cz\/napoveda\/email\/moznosti-nastaveni\/nastaveni-systemovych-slozek\/hromadne-e-maily\/\"><div class=\"inner-blocks\">Hromadn\u00e9 e-maily<\/div><\/a><\/div><div class=\"block-boxlink\"><a class=\"boxlink boxlink--icon-arrow boxlink--align-y-center px-f8 py-f4\" href=\"https:\/\/o-seznam.cz\/napoveda\/email\/moznosti-nastaveni\/nastaveni-systemovych-slozek\/nastaveni-kose\/\"><div class=\"inner-blocks\">Nastaven\u00ed Ko\u0161e<\/div><\/a><\/div><\/div><\/div>\n\n<\/div><\/div>\n<\/div>\n","protected":false},"excerpt":{"rendered":"<p>Ka\u017ed\u00e1 schr\u00e1nka m\u00e1 v\u00fdchoz\u00ed sadu syst\u00e9mov\u00fdch slo\u017eek:<\/p>\n","protected":false},"author":12,"featured_media":0,"parent":107,"menu_order":30,"comment_status":"closed","ping_status":"closed","template":"page-sidemenu","meta":{"_acf_changed":false,"_relevanssi_hide_post":"","_relevanssi_hide_content":"","_relevanssi_pin_for_all":"","_relevanssi_pin_keywords":"","_relevanssi_unpin_keywords":"","_relevanssi_related_keywords":"","_relevanssi_related_include_ids":"","_relevanssi_related_exclude_ids":"","_relevanssi_related_no_append":"","_relevanssi_related_not_related":"","_relevanssi_related_posts":"","_relevanssi_noindex_reason":"","footnotes":""},"page_category":[4],"page_tag":[],"service_status_category":[],"class_list":["post-555","page","type-page","status-publish","hentry"],"acf":[],"_links":{"self":[{"href":"https:\/\/o-seznam.cz\/napoveda\/email\/wp-json\/wp\/v2\/pages\/555","targetHints":{"allow":["GET"]}}],"collection":[{"href":"https:\/\/o-seznam.cz\/napoveda\/email\/wp-json\/wp\/v2\/pages"}],"about":[{"href":"https:\/\/o-seznam.cz\/napoveda\/email\/wp-json\/wp\/v2\/types\/page"}],"author":[{"embeddable":true,"href":"https:\/\/o-seznam.cz\/napoveda\/email\/wp-json\/wp\/v2\/users\/12"}],"replies":[{"embeddable":true,"href":"https:\/\/o-seznam.cz\/napoveda\/email\/wp-json\/wp\/v2\/comments?post=555"}],"version-history":[{"count":8,"href":"https:\/\/o-seznam.cz\/napoveda\/email\/wp-json\/wp\/v2\/pages\/555\/revisions"}],"predecessor-version":[{"id":1216,"href":"https:\/\/o-seznam.cz\/napoveda\/email\/wp-json\/wp\/v2\/pages\/555\/revisions\/1216"}],"up":[{"embeddable":true,"href":"https:\/\/o-seznam.cz\/napoveda\/email\/wp-json\/wp\/v2\/pages\/107"}],"wp:attachment":[{"href":"https:\/\/o-seznam.cz\/napoveda\/email\/wp-json\/wp\/v2\/media?parent=555"}],"wp:term":[{"taxonomy":"page_category","embeddable":true,"href":"https:\/\/o-seznam.cz\/napoveda\/email\/wp-json\/wp\/v2\/page_category?post=555"},{"taxonomy":"page_tag","embeddable":true,"href":"https:\/\/o-seznam.cz\/napoveda\/email\/wp-json\/wp\/v2\/page_tag?post=555"},{"taxonomy":"service_status_category","embeddable":true,"href":"https:\/\/o-seznam.cz\/napoveda\/email\/wp-json\/wp\/v2\/service_status_category?post=555"}],"curies":[{"name":"wp","href":"https:\/\/api.w.org\/{rel}","templated":true}]}}