{"id":552,"date":"2024-11-14T14:18:59","date_gmt":"2024-11-14T13:18:59","guid":{"rendered":"https:\/\/o-seznam.cz\/napoveda\/email\/?page_id=552"},"modified":"2024-12-16T09:23:50","modified_gmt":"2024-12-16T08:23:50","slug":"prace-s-vice-schrankami","status":"publish","type":"page","link":"https:\/\/o-seznam.cz\/napoveda\/email\/moznosti-nastaveni\/prace-s-vice-schrankami\/","title":{"rendered":"Pr\u00e1ce s v\u00edce schr\u00e1nkami"},"content":{"rendered":"\n<div class=\"wp-block-group is-content-justification-left is-layout-constrained wp-container-core-group-is-layout-12dd3699 wp-block-group-is-layout-constrained\">\n<div class=\"wp-block-group is-layout-constrained wp-block-group-is-layout-constrained\">\n<h3 class=\"wp-block-heading\">Mo\u017enosti pr\u00e1ce s v\u00edce schr\u00e1nkami<\/h3>\n\n\n\n<p>Jestli\u017ee pot\u0159ebujete pravideln\u011b kontrolovat po\u0161tu ve v\u00edce schr\u00e1nk\u00e1ch, existuje n\u011bkolik zp\u016fsob\u016f, jak si pr\u00e1ci s nimi zjednodu\u0161it.<\/p>\n<\/div>\n<\/div>\n\n\n<div class=\"wp-block-seznam-list-pages\"><div>\n<div style=\"--seznam-tiles--columns:3\" class=\"wp-block-seznam-tiles has-columns-3\"><div class=\"inner-blocks\">\n<div class=\"block-boxlink\"><a class=\"boxlink boxlink--icon-arrow boxlink--align-y-center px-f8 py-f4\" href=\"https:\/\/o-seznam.cz\/napoveda\/email\/moznosti-nastaveni\/prace-s-vice-schrankami\/nastaveni-pristupu-pro-aplikace\/\"><div class=\"inner-blocks\">Nastaven\u00ed p\u0159\u00edstup\u016f pro aplikace<\/div><\/a><\/div><div class=\"block-boxlink\"><a class=\"boxlink boxlink--icon-arrow boxlink--align-y-center px-f8 py-f4\" href=\"https:\/\/o-seznam.cz\/napoveda\/email\/moznosti-nastaveni\/prace-s-vice-schrankami\/import-e-mailu\/\"><div class=\"inner-blocks\">Import e-mail\u016f<\/div><\/a><\/div><div class=\"block-boxlink\"><a class=\"boxlink boxlink--icon-arrow boxlink--align-y-center px-f8 py-f4\" href=\"https:\/\/o-seznam.cz\/napoveda\/email\/moznosti-nastaveni\/prace-s-vice-schrankami\/propojeni-schranek\/\"><div class=\"inner-blocks\">Propojen\u00ed schr\u00e1nek<\/div><\/a><\/div><div class=\"block-boxlink\"><a class=\"boxlink boxlink--icon-arrow boxlink--align-y-center px-f8 py-f4\" href=\"https:\/\/o-seznam.cz\/napoveda\/email\/moznosti-nastaveni\/prace-s-vice-schrankami\/sdileni-schranky\/\"><div class=\"inner-blocks\">Sd\u00edlen\u00ed schr\u00e1nky<\/div><\/a><\/div><\/div><\/div>\n\n<\/div><\/div>\n","protected":false},"excerpt":{"rendered":"<p>Mo\u017enosti pr\u00e1ce s v\u00edce schr\u00e1nkami Jestli\u017ee pot\u0159ebujete pravideln\u011b kontrolovat po\u0161tu ve v\u00edce schr\u00e1nk\u00e1ch, existuje n\u011bkolik zp\u016fsob\u016f, jak si pr\u00e1ci s nimi zjednodu\u0161it.<\/p>\n","protected":false},"author":12,"featured_media":0,"parent":107,"menu_order":20,"comment_status":"closed","ping_status":"closed","template":"page-sidemenu","meta":{"_acf_changed":false,"_relevanssi_hide_post":"","_relevanssi_hide_content":"","_relevanssi_pin_for_all":"","_relevanssi_pin_keywords":"","_relevanssi_unpin_keywords":"","_relevanssi_related_keywords":"","_relevanssi_related_include_ids":"","_relevanssi_related_exclude_ids":"","_relevanssi_related_no_append":"","_relevanssi_related_not_related":"","_relevanssi_related_posts":"","_relevanssi_noindex_reason":"","footnotes":""},"page_category":[4],"page_tag":[],"service_status_category":[],"class_list":["post-552","page","type-page","status-publish","hentry"],"acf":[],"_links":{"self":[{"href":"https:\/\/o-seznam.cz\/napoveda\/email\/wp-json\/wp\/v2\/pages\/552","targetHints":{"allow":["GET"]}}],"collection":[{"href":"https:\/\/o-seznam.cz\/napoveda\/email\/wp-json\/wp\/v2\/pages"}],"about":[{"href":"https:\/\/o-seznam.cz\/napoveda\/email\/wp-json\/wp\/v2\/types\/page"}],"author":[{"embeddable":true,"href":"https:\/\/o-seznam.cz\/napoveda\/email\/wp-json\/wp\/v2\/users\/12"}],"replies":[{"embeddable":true,"href":"https:\/\/o-seznam.cz\/napoveda\/email\/wp-json\/wp\/v2\/comments?post=552"}],"version-history":[{"count":5,"href":"https:\/\/o-seznam.cz\/napoveda\/email\/wp-json\/wp\/v2\/pages\/552\/revisions"}],"predecessor-version":[{"id":1215,"href":"https:\/\/o-seznam.cz\/napoveda\/email\/wp-json\/wp\/v2\/pages\/552\/revisions\/1215"}],"up":[{"embeddable":true,"href":"https:\/\/o-seznam.cz\/napoveda\/email\/wp-json\/wp\/v2\/pages\/107"}],"wp:attachment":[{"href":"https:\/\/o-seznam.cz\/napoveda\/email\/wp-json\/wp\/v2\/media?parent=552"}],"wp:term":[{"taxonomy":"page_category","embeddable":true,"href":"https:\/\/o-seznam.cz\/napoveda\/email\/wp-json\/wp\/v2\/page_category?post=552"},{"taxonomy":"page_tag","embeddable":true,"href":"https:\/\/o-seznam.cz\/napoveda\/email\/wp-json\/wp\/v2\/page_tag?post=552"},{"taxonomy":"service_status_category","embeddable":true,"href":"https:\/\/o-seznam.cz\/napoveda\/email\/wp-json\/wp\/v2\/service_status_category?post=552"}],"curies":[{"name":"wp","href":"https:\/\/api.w.org\/{rel}","templated":true}]}}