{"id":535,"date":"2024-11-10T21:23:59","date_gmt":"2024-11-10T20:23:59","guid":{"rendered":"https:\/\/o-seznam.cz\/napoveda\/email\/?page_id=535"},"modified":"2025-01-24T10:18:26","modified_gmt":"2025-01-24T09:18:26","slug":"prihlaseni-do-schranky-na-emailu-profi","status":"publish","type":"page","link":"https:\/\/o-seznam.cz\/napoveda\/email\/profi\/zakladni-informace\/prihlaseni-do-schranky-na-emailu-profi\/","title":{"rendered":"P\u0159ihl\u00e1\u0161en\u00ed do schr\u00e1nky na Emailu Profi"},"content":{"rendered":"\n<div class=\"wp-block-group is-layout-constrained wp-block-group-is-layout-constrained\">\n<p class=\"is-style-link-external\">Do schr\u00e1nek na Emailu Profi je mo\u017en\u00e9 se p\u0159ihl\u00e1sit stejn\u00fdmi cestami jako do b\u011b\u017en\u00e9 e-mailov\u00e9 schr\u00e1nky na Seznamu. Lze tedy pou\u017e\u00edt p\u0159ihl\u00e1\u0161en\u00ed p\u0159es e-mailov\u00fd box\u00edk na hlavn\u00ed str\u00e1nce, p\u0159ej\u00edt v prohl\u00ed\u017ee\u010di na adresu <a href=\"https:\/\/email.seznam.cz\" target=\"_blank\" rel=\"noreferrer noopener\">email.seznam.cz<\/a> nebo p\u0159epnout \u010di p\u0159idat \u00fa\u010det v p\u0159ihla\u0161ovac\u00edm medailonku.<\/p>\n\n\n\n<p>Do p\u0159ihla\u0161ovac\u00edho formul\u00e1\u0159e vepi\u0161te celou e-mailovou adresu schr\u00e1nky, do kter\u00e9 se chcete p\u0159ihl\u00e1sit, a to v\u010detn\u011b dom\u00e9ny (\u010d\u00e1sti za zavin\u00e1\u010dem). Do pole pro heslo vypl\u0148te heslo, kter\u00e9 jste schr\u00e1nce nastavili, p\u0159\u00edpadn\u011b kter\u00e9 v\u00e1m sd\u011blil spr\u00e1vce dom\u00e9ny.<\/p>\n\n\n\n<p>P\u0159i prvn\u00edm p\u0159ihl\u00e1\u0161en\u00ed do schr\u00e1nky je nutn\u00e9 odsouhlasit <a href=\"https:\/\/o-seznam.cz\/napoveda\/email\/smluvni-podminky\/\">Smluvn\u00ed podm\u00ednky<\/a> slu\u017eby Email.cz.<\/p>\n<\/div>\n\n\n\n<p>Schr\u00e1nku m\u016f\u017eete spravovat p\u0159es <a href=\"https:\/\/email.seznam.cz\/\">webov\u00e9 rozhran\u00ed<\/a> v prohl\u00ed\u017ee\u010di nebo si ji <a href=\"https:\/\/o-seznam.cz\/napoveda\/email\/mohlo-by-se-hodit\/postovni-programy-a-aplikace\/\">napojit do po\u0161tovn\u00edho programu<\/a>.<\/p>\n\n\n\n<p><\/p>\n","protected":false},"excerpt":{"rendered":"<p>Do schr\u00e1nek na Emailu Profi je mo\u017en\u00e9 se p\u0159ihl\u00e1sit stejn\u00fdmi cestami jako do b\u011b\u017en\u00e9 e-mailov\u00e9 schr\u00e1nky na Seznamu. Lze tedy pou\u017e\u00edt p\u0159ihl\u00e1\u0161en\u00ed p\u0159es e-mailov\u00fd box\u00edk na hlavn\u00ed str\u00e1nce, p\u0159ej\u00edt v prohl\u00ed\u017ee\u010di na adresu email.seznam.cz nebo p\u0159epnout \u010di p\u0159idat \u00fa\u010det v p\u0159ihla\u0161ovac\u00edm medailonku. Do p\u0159ihla\u0161ovac\u00edho formul\u00e1\u0159e vepi\u0161te celou e-mailovou adresu schr\u00e1nky, do kter\u00e9 se chcete p\u0159ihl\u00e1sit, [&hellip;]<\/p>\n","protected":false},"author":13,"featured_media":0,"parent":407,"menu_order":13,"comment_status":"closed","ping_status":"closed","template":"page-sidemenu","meta":{"_acf_changed":false,"_relevanssi_hide_post":"","_relevanssi_hide_content":"","_relevanssi_pin_for_all":"","_relevanssi_pin_keywords":"","_relevanssi_unpin_keywords":"","_relevanssi_related_keywords":"","_relevanssi_related_include_ids":"","_relevanssi_related_exclude_ids":"","_relevanssi_related_no_append":"","_relevanssi_related_not_related":"","_relevanssi_related_posts":"","_relevanssi_noindex_reason":"","footnotes":""},"page_category":[12],"page_tag":[],"service_status_category":[],"class_list":["post-535","page","type-page","status-publish","hentry"],"acf":[],"_links":{"self":[{"href":"https:\/\/o-seznam.cz\/napoveda\/email\/wp-json\/wp\/v2\/pages\/535","targetHints":{"allow":["GET"]}}],"collection":[{"href":"https:\/\/o-seznam.cz\/napoveda\/email\/wp-json\/wp\/v2\/pages"}],"about":[{"href":"https:\/\/o-seznam.cz\/napoveda\/email\/wp-json\/wp\/v2\/types\/page"}],"author":[{"embeddable":true,"href":"https:\/\/o-seznam.cz\/napoveda\/email\/wp-json\/wp\/v2\/users\/13"}],"replies":[{"embeddable":true,"href":"https:\/\/o-seznam.cz\/napoveda\/email\/wp-json\/wp\/v2\/comments?post=535"}],"version-history":[{"count":7,"href":"https:\/\/o-seznam.cz\/napoveda\/email\/wp-json\/wp\/v2\/pages\/535\/revisions"}],"predecessor-version":[{"id":1324,"href":"https:\/\/o-seznam.cz\/napoveda\/email\/wp-json\/wp\/v2\/pages\/535\/revisions\/1324"}],"up":[{"embeddable":true,"href":"https:\/\/o-seznam.cz\/napoveda\/email\/wp-json\/wp\/v2\/pages\/407"}],"wp:attachment":[{"href":"https:\/\/o-seznam.cz\/napoveda\/email\/wp-json\/wp\/v2\/media?parent=535"}],"wp:term":[{"taxonomy":"page_category","embeddable":true,"href":"https:\/\/o-seznam.cz\/napoveda\/email\/wp-json\/wp\/v2\/page_category?post=535"},{"taxonomy":"page_tag","embeddable":true,"href":"https:\/\/o-seznam.cz\/napoveda\/email\/wp-json\/wp\/v2\/page_tag?post=535"},{"taxonomy":"service_status_category","embeddable":true,"href":"https:\/\/o-seznam.cz\/napoveda\/email\/wp-json\/wp\/v2\/service_status_category?post=535"}],"curies":[{"name":"wp","href":"https:\/\/api.w.org\/{rel}","templated":true}]}}