{"id":533,"date":"2024-11-10T21:22:52","date_gmt":"2024-11-10T20:22:52","guid":{"rendered":"https:\/\/o-seznam.cz\/napoveda\/email\/?page_id=533"},"modified":"2024-12-16T09:15:17","modified_gmt":"2024-12-16T08:15:17","slug":"prihlaseni-do-administrace-domeny","status":"publish","type":"page","link":"https:\/\/o-seznam.cz\/napoveda\/email\/profi\/zakladni-informace\/prihlaseni-do-administrace-domeny\/","title":{"rendered":"P\u0159ihl\u00e1\u0161en\u00ed do administrace dom\u00e9ny"},"content":{"rendered":"\n<div class=\"wp-block-group is-layout-constrained wp-block-group-is-layout-constrained\">\n<p>Pro jak\u00e9koli zm\u011bny ve spr\u00e1v\u011b dom\u00e9n nebo schr\u00e1nek ve va\u0161\u00ed organizaci v Emailu Profi je pot\u0159eba se p\u0159ihl\u00e1sit stejn\u00fdm spr\u00e1vcovsk\u00fdm \u00fa\u010dtem, pod kter\u00fdm byla organizace zalo\u017eena. <\/p>\n\n\n\n<p class=\"is-style-link-external\">Do administrace se p\u0159ihl\u00e1s\u00edte na str\u00e1nce <a href=\"https:\/\/emailprofi.seznam.cz\/\" target=\"_blank\" rel=\"noreferrer noopener\">emailprofi.seznam.cz<\/a> Po \u00fasp\u011b\u0161n\u00e9m p\u0159ihl\u00e1\u0161en\u00ed uvid\u00edte p\u0159ehled v\u0161ech organizac\u00ed a dom\u00e9n, kter\u00e9 ve slu\u017eb\u011b Email Profi pod t\u00edmto spr\u00e1vcovsk\u00fdm \u00fa\u010dtem m\u00e1te.<\/p>\n\n\n\n<p>Pokud se v\u00e1m p\u0159i pokusu o p\u0159ihl\u00e1\u0161en\u00ed zobrazuje hl\u00e1\u0161en\u00ed&nbsp;<strong>Slu\u017eba nen\u00ed podporov\u00e1na<\/strong> je pot\u0159eba v p\u0159ihla\u0161ovac\u00edm medailonku zm\u011bnit \u00fa\u010det, ke kter\u00e9mu jste p\u0159ihl\u00e1\u0161eni.<\/p>\n<\/div>\n","protected":false},"excerpt":{"rendered":"<p>Pro jak\u00e9koli zm\u011bny ve spr\u00e1v\u011b dom\u00e9n nebo schr\u00e1nek ve va\u0161\u00ed organizaci v Emailu Profi je pot\u0159eba se p\u0159ihl\u00e1sit stejn\u00fdm spr\u00e1vcovsk\u00fdm \u00fa\u010dtem, pod kter\u00fdm byla organizace zalo\u017eena. Do administrace se p\u0159ihl\u00e1s\u00edte na str\u00e1nce emailprofi.seznam.cz Po \u00fasp\u011b\u0161n\u00e9m p\u0159ihl\u00e1\u0161en\u00ed uvid\u00edte p\u0159ehled v\u0161ech organizac\u00ed a dom\u00e9n, kter\u00e9 ve slu\u017eb\u011b Email Profi pod t\u00edmto spr\u00e1vcovsk\u00fdm \u00fa\u010dtem m\u00e1te. Pokud se v\u00e1m [&hellip;]<\/p>\n","protected":false},"author":13,"featured_media":0,"parent":407,"menu_order":12,"comment_status":"closed","ping_status":"closed","template":"page-sidemenu","meta":{"_acf_changed":false,"_relevanssi_hide_post":"","_relevanssi_hide_content":"","_relevanssi_pin_for_all":"","_relevanssi_pin_keywords":"","_relevanssi_unpin_keywords":"","_relevanssi_related_keywords":"","_relevanssi_related_include_ids":"","_relevanssi_related_exclude_ids":"","_relevanssi_related_no_append":"","_relevanssi_related_not_related":"","_relevanssi_related_posts":"","_relevanssi_noindex_reason":"","footnotes":""},"page_category":[12],"page_tag":[],"service_status_category":[],"class_list":["post-533","page","type-page","status-publish","hentry"],"acf":[],"_links":{"self":[{"href":"https:\/\/o-seznam.cz\/napoveda\/email\/wp-json\/wp\/v2\/pages\/533","targetHints":{"allow":["GET"]}}],"collection":[{"href":"https:\/\/o-seznam.cz\/napoveda\/email\/wp-json\/wp\/v2\/pages"}],"about":[{"href":"https:\/\/o-seznam.cz\/napoveda\/email\/wp-json\/wp\/v2\/types\/page"}],"author":[{"embeddable":true,"href":"https:\/\/o-seznam.cz\/napoveda\/email\/wp-json\/wp\/v2\/users\/13"}],"replies":[{"embeddable":true,"href":"https:\/\/o-seznam.cz\/napoveda\/email\/wp-json\/wp\/v2\/comments?post=533"}],"version-history":[{"count":7,"href":"https:\/\/o-seznam.cz\/napoveda\/email\/wp-json\/wp\/v2\/pages\/533\/revisions"}],"predecessor-version":[{"id":1208,"href":"https:\/\/o-seznam.cz\/napoveda\/email\/wp-json\/wp\/v2\/pages\/533\/revisions\/1208"}],"up":[{"embeddable":true,"href":"https:\/\/o-seznam.cz\/napoveda\/email\/wp-json\/wp\/v2\/pages\/407"}],"wp:attachment":[{"href":"https:\/\/o-seznam.cz\/napoveda\/email\/wp-json\/wp\/v2\/media?parent=533"}],"wp:term":[{"taxonomy":"page_category","embeddable":true,"href":"https:\/\/o-seznam.cz\/napoveda\/email\/wp-json\/wp\/v2\/page_category?post=533"},{"taxonomy":"page_tag","embeddable":true,"href":"https:\/\/o-seznam.cz\/napoveda\/email\/wp-json\/wp\/v2\/page_tag?post=533"},{"taxonomy":"service_status_category","embeddable":true,"href":"https:\/\/o-seznam.cz\/napoveda\/email\/wp-json\/wp\/v2\/service_status_category?post=533"}],"curies":[{"name":"wp","href":"https:\/\/api.w.org\/{rel}","templated":true}]}}