{"id":493,"date":"2024-10-31T00:44:13","date_gmt":"2024-10-30T23:44:13","guid":{"rendered":"https:\/\/o-seznam.cz\/napoveda\/email\/?page_id=493"},"modified":"2025-07-21T13:25:14","modified_gmt":"2025-07-21T11:25:14","slug":"napojeni-existujici-domeny","status":"publish","type":"page","link":"https:\/\/o-seznam.cz\/napoveda\/email\/profi\/pridani-domeny\/napojeni-existujici-domeny\/","title":{"rendered":"Napojen\u00ed existuj\u00edc\u00ed dom\u00e9ny"},"content":{"rendered":"\n<p>Napojen\u00ed dom\u00e9ny do slu\u017eby Email Profi&nbsp;v\u00e1m umo\u017en\u00ed vyu\u017e\u00edvat e-mailov\u00e9 \u0159e\u0161en\u00ed od Seznamu pro elektronickou po\u0161tu na va\u0161\u00ed dom\u00e9n\u011b. Z\u00edsk\u00e1te tak vlastn\u00ed reprezentativn\u00ed e-mailov\u00e9 adresy a mo\u017enost pou\u017e\u00edvat webov\u00e9 rozhran\u00ed, kter\u00e9 ji\u017e dob\u0159e zn\u00e1te. Napojen\u00ed je jednoduch\u00e9, sta\u010d\u00ed dom\u00e9nu zaregistrovat do Email Profi a nastavit u jej\u00edho registr\u00e1tora MX z\u00e1znamy z\u00edskan\u00e9 od n\u00e1s, kter\u00fdmi na n\u00e1s po\u0161tu nasm\u011brujete.<\/p>\n\n\n\n<h2 class=\"wp-block-heading\">Postup pro napojen\u00ed existuj\u00edc\u00ed dom\u00e9ny<\/h2>\n\n\n\n<ol class=\"wp-block-list\">\n<li>P\u0159ihlaste se na&nbsp;<a class=\"is-style-link-external\" href=\"https:\/\/emailprofi.seznam.cz\/\" target=\"_blank\" rel=\"noreferrer noopener\">Email Profi<\/a>&nbsp;\u00fa\u010dtem, kter\u00fdm chcete dom\u00e9nu spravovat. Pro spr\u00e1vu dom\u00e9ny jsou povolen\u00e9&nbsp;\u00fa\u010dty na dom\u00e9n\u00e1ch od Seznamu&nbsp;(@email.cz, @seznam.cz \u010di @post.cz).<\/li>\n\n\n\n<li>Pokud pod t\u00edmto \u00fa\u010dtem dosud \u017e\u00e1dnou dom\u00e9nu nevlastn\u00edte, zobraz\u00ed se formul\u00e1\u0159 pro p\u0159id\u00e1n\u00ed nov\u00e9 dom\u00e9ny. Jestli\u017ee ji\u017e dom\u00e9ny v Emailu Profi m\u00e1te, pokra\u010dujte odkazem&nbsp;<strong>P\u0159idat novou dom\u00e9nu<\/strong>&nbsp;vpravo nad v\u00fdpisem.<\/li>\n\n\n\n<li>Vypl\u0148te n\u00e1zev dom\u00e9ny, kterou si p\u0159ejete napojit\n<ul class=\"wp-block-list\">\n<li>P\u0159es Email Profi lze napojit dom\u00e9ny s jakoukoliv koncovkou. <\/li>\n\n\n\n<li>Dom\u00e9nu pi\u0161te bez www \u010d\u00e1sti, tj. nap\u0159\u00edklad ve tvaru&nbsp;<em>vesela-domena.cz<\/em>. \u010c\u00e1st www v adres\u00e1ch nen\u00ed sou\u010d\u00e1st dom\u00e9nov\u00e9ho jm\u00e9na.<\/li>\n<\/ul>\n<\/li>\n\n\n\n<li>Zvolte, do kter\u00e9 organizace bude dom\u00e9na pat\u0159it. M\u016f\u017eete nechat automaticky vytvo\u0159it novou nebo vybrat ji\u017e existuj\u00edc\u00ed. <\/li>\n\n\n\n<li>Seznamte se se smluvn\u00edmi podm\u00ednkami a za\u0161krtn\u011bte&nbsp;<strong>Souhlas\u00edm s licen\u010dn\u00edmi&nbsp;podm\u00ednkami<\/strong>.<\/li>\n\n\n\n<li>Za\u0161krtn\u011bte mo\u017enost<strong>&nbsp;Vlastn\u00edm dom\u00e9nu<\/strong>&nbsp;a potvr\u010fte tla\u010d\u00edtkem&nbsp;<strong>Pokra\u010dovat<\/strong>.<\/li>\n\n\n\n<li>Na n\u00e1sleduj\u00edc\u00ed obrazovce najdete instrukce pro zm\u011bnu MX z\u00e1znam\u016f v DNS u va\u0161eho st\u00e1vaj\u00edc\u00edho registr\u00e1tora. Tyto instrukce v\u00e1m z\u00e1rove\u0148 za\u0161leme e-mailem na adresu spr\u00e1vcovsk\u00e9ho \u00fa\u010dtu. \n<ul class=\"wp-block-list\">\n<li>P\u0159ihlaste se do administrace dom\u00e9ny u sv\u00e9ho registr\u00e1tora, u napojovan\u00e9 dom\u00e9ny sma\u017ete st\u00e1vaj\u00edc\u00ed MX z\u00e1znamy (ostatn\u00ed z\u00e1znamy ponechte) a vytvo\u0159te nov\u00e9 MX z\u00e1znamy podle pokyn\u016f v e-mailu. <\/li>\n\n\n\n<li>Pokud p\u0159\u00edstup k editaci nem\u00e1te, po\u017e\u00e1dejte o zm\u011bnu MX z\u00e1znam\u016f p\u0159\u00edmo sv\u00e9ho registr\u00e1tora.<\/li>\n\n\n\n<li><strong>Vygenerovan\u00e9 MX z\u00e1znamy jsou unik\u00e1tn\u00ed pro ka\u017edou dom\u00e9nu, \u017e\u00e1dn\u00fdm zp\u016fsobem je nepozm\u011b\u0148ujte<\/strong><\/li>\n\n\n\n<li><strong>Pozor!<\/strong>\u00a0Z\u00e1znam MX mus\u00ed b\u00fdt ukon\u010den te\u010dkou!\u00a0<\/li>\n<\/ul>\n<\/li>\n\n\n\n<li>Jakmile provedete a ulo\u017e\u00edte zm\u011bny u registr\u00e1tora, vra\u0165te se do administrace Emailu Profi a klikn\u011bte na <strong>Pokra\u010dovat<\/strong>.<\/li>\n\n\n\n<li>Zm\u011bny DNS u dom\u00e9ny se neprojev\u00ed hned. V z\u00e1vislosti na p\u0159edchoz\u00edm registr\u00e1torovi m\u016f\u017ee props\u00e1n\u00ed zm\u011bn trvat od cca 30 minut a\u017e po 48 hodin. B\u011bhem t\u00e9to doby v Email Profi uvid\u00edte informaci o tom, \u017ee \u010dek\u00e1me, a\u017e se zm\u011bny projev\u00ed. Str\u00e1nku m\u016f\u017eete zav\u0159\u00edt a vr\u00e1tit se pozd\u011bji. O dokon\u010den\u00ed zm\u011bn v\u00e1s informujeme tak\u00e9 e-mailem na adrese spr\u00e1vcovsk\u00e9ho \u00fa\u010dtu.\n<ul class=\"wp-block-list\">\n<li>Pokud props\u00e1n\u00ed zm\u011bn trv\u00e1 p\u0159\u00edli\u0161 dlouho, zkontrolujte spr\u00e1vnost nastaven\u00fdch MX z\u00e1znam\u016f. Jsou-li spr\u00e1vn\u011b, vy\u010dkejte a zkuste se vr\u00e1tit pozd\u011bji. Pro kontrolu spr\u00e1vnosti z\u00e1znam\u016f m\u016f\u017eete pou\u017e\u00edt nap\u0159\u00edklad n\u00e1stroj MX Lookup na <a class=\"is-style-link-external\" href=\"https:\/\/www.MxToolbox.com\" target=\"_blank\" rel=\"noreferrer noopener\">MxToolbox.com<\/a><\/li>\n<\/ul>\n<\/li>\n\n\n\n<li>Po \u00fasp\u011b\u0161n\u00e9m nastaven\u00ed MX z\u00e1znam\u016f m\u016f\u017eete v administraci Emailu Profi&nbsp;vytvo\u0159it prvn\u00ed schr\u00e1nku na sv\u00e9 dom\u00e9n\u011b. T\u00edm dojde k dokon\u010den\u00ed cel\u00e9ho procesu napojen\u00ed. <\/li>\n\n\n\n<li>Prove\u010fte fin\u00e1ln\u00ed kontrolu MX z\u00e1znam\u016f \n<ul class=\"wp-block-list\">\n<li>V administraci dom\u00e9ny p\u0159ejd\u011bte do Nastaven\u00ed a \u010d\u00e1sti DNS z\u00e1znamy. Zde si m\u016f\u017eete zobrazit MX z\u00e1znamy dom\u00e9ny \u2013 ty, kter\u00e9 m\u00e1 m\u00edt dom\u00e9na nastaven\u00e9 pro sm\u011b\u0159ov\u00e1n\u00ed po\u0161ty do Email Profi, i ty aktu\u00e1ln\u011b skute\u010dn\u011b nastaven\u00e9. M\u016f\u017eete si zkontrolovat, zda m\u00e1te u sv\u00e9 dom\u00e9ny MX z\u00e1znamy nastaven\u00e9 spr\u00e1vn\u011b, a tedy zda funguje sm\u011brov\u00e1n\u00ed po\u0161ty.<\/li>\n<\/ul>\n<\/li>\n<\/ol>\n\n\n\n<p><\/p>\n","protected":false},"excerpt":{"rendered":"<p>Napojen\u00ed dom\u00e9ny do slu\u017eby Email Profi&nbsp;v\u00e1m umo\u017en\u00ed vyu\u017e\u00edvat e-mailov\u00e9 \u0159e\u0161en\u00ed od Seznamu pro elektronickou po\u0161tu na va\u0161\u00ed dom\u00e9n\u011b. Z\u00edsk\u00e1te tak vlastn\u00ed reprezentativn\u00ed e-mailov\u00e9 adresy a mo\u017enost pou\u017e\u00edvat webov\u00e9 rozhran\u00ed, kter\u00e9 ji\u017e dob\u0159e zn\u00e1te. Napojen\u00ed je jednoduch\u00e9, sta\u010d\u00ed dom\u00e9nu zaregistrovat do Email Profi a nastavit u jej\u00edho registr\u00e1tora MX z\u00e1znamy z\u00edskan\u00e9 od n\u00e1s, kter\u00fdmi na n\u00e1s [&hellip;]<\/p>\n","protected":false},"author":13,"featured_media":0,"parent":411,"menu_order":23,"comment_status":"closed","ping_status":"closed","template":"page-sidemenu","meta":{"_acf_changed":false,"_relevanssi_hide_post":"","_relevanssi_hide_content":"","_relevanssi_pin_for_all":"","_relevanssi_pin_keywords":"","_relevanssi_unpin_keywords":"","_relevanssi_related_keywords":"","_relevanssi_related_include_ids":"","_relevanssi_related_exclude_ids":"","_relevanssi_related_no_append":"","_relevanssi_related_not_related":"","_relevanssi_related_posts":"","_relevanssi_noindex_reason":"","footnotes":""},"page_category":[12],"page_tag":[],"service_status_category":[],"class_list":["post-493","page","type-page","status-publish","hentry"],"acf":[],"_links":{"self":[{"href":"https:\/\/o-seznam.cz\/napoveda\/email\/wp-json\/wp\/v2\/pages\/493","targetHints":{"allow":["GET"]}}],"collection":[{"href":"https:\/\/o-seznam.cz\/napoveda\/email\/wp-json\/wp\/v2\/pages"}],"about":[{"href":"https:\/\/o-seznam.cz\/napoveda\/email\/wp-json\/wp\/v2\/types\/page"}],"author":[{"embeddable":true,"href":"https:\/\/o-seznam.cz\/napoveda\/email\/wp-json\/wp\/v2\/users\/13"}],"replies":[{"embeddable":true,"href":"https:\/\/o-seznam.cz\/napoveda\/email\/wp-json\/wp\/v2\/comments?post=493"}],"version-history":[{"count":8,"href":"https:\/\/o-seznam.cz\/napoveda\/email\/wp-json\/wp\/v2\/pages\/493\/revisions"}],"predecessor-version":[{"id":1586,"href":"https:\/\/o-seznam.cz\/napoveda\/email\/wp-json\/wp\/v2\/pages\/493\/revisions\/1586"}],"up":[{"embeddable":true,"href":"https:\/\/o-seznam.cz\/napoveda\/email\/wp-json\/wp\/v2\/pages\/411"}],"wp:attachment":[{"href":"https:\/\/o-seznam.cz\/napoveda\/email\/wp-json\/wp\/v2\/media?parent=493"}],"wp:term":[{"taxonomy":"page_category","embeddable":true,"href":"https:\/\/o-seznam.cz\/napoveda\/email\/wp-json\/wp\/v2\/page_category?post=493"},{"taxonomy":"page_tag","embeddable":true,"href":"https:\/\/o-seznam.cz\/napoveda\/email\/wp-json\/wp\/v2\/page_tag?post=493"},{"taxonomy":"service_status_category","embeddable":true,"href":"https:\/\/o-seznam.cz\/napoveda\/email\/wp-json\/wp\/v2\/service_status_category?post=493"}],"curies":[{"name":"wp","href":"https:\/\/api.w.org\/{rel}","templated":true}]}}