{"id":486,"date":"2024-10-31T00:03:26","date_gmt":"2024-10-30T23:03:26","guid":{"rendered":"https:\/\/o-seznam.cz\/napoveda\/email\/?page_id=486"},"modified":"2025-03-03T08:43:48","modified_gmt":"2025-03-03T07:43:48","slug":"prevedeni-domeny-k-seznamu","status":"publish","type":"page","link":"https:\/\/o-seznam.cz\/napoveda\/email\/profi\/pridani-domeny\/prevedeni-domeny-k-seznamu\/","title":{"rendered":"P\u0159eveden\u00ed dom\u00e9ny k Seznamu"},"content":{"rendered":"\n<div class=\"wp-block-group is-layout-constrained wp-block-group-is-layout-constrained\">\n<div class=\"wp-block-group is-layout-constrained wp-block-group-is-layout-constrained\">\n<p class=\"is-style-link-external\">Pokud ji\u017e m\u00e1te svou dom\u00e9nu a provozujete na n\u00ed sv\u00e9 slu\u017eby, m\u00e1te mo\u017enost ji&nbsp;celou p\u0159ev\u00e9st pod Seznam. T\u00edm u n\u00e1s budete&nbsp;spravovat nejen sv\u00e9 e-maily, ale Seznam se stane tzv.&nbsp;registr\u00e1torem&nbsp;dom\u00e9ny v datab\u00e1zi&nbsp;<a href=\"https:\/\/www.nic.cz\/\" target=\"_blank\" rel=\"noreferrer noopener\">spr\u00e1vce n\u00e1rodn\u00ed dom\u00e9ny CZ.NIC<\/a>.<\/p>\n\n\n\n<p>Ve\u0161ker\u00e1 nastaven\u00ed na dom\u00e9n\u011b (prodlou\u017een\u00ed registrace, editaci DNS nebo \u00fapravu informac\u00ed o vlastn\u00edkovi) pak budete prov\u00e1d\u011bt v\u00fdhradn\u011b v administraci Emailu Profi. Sm\u011brov\u00e1n\u00ed va\u0161\u00ed e-mailov\u00e9 po\u0161ty v\u00e1m automaticky nastav\u00edme. M\u016f\u017eete tak na jednom m\u00edst\u011b spravovat celou dom\u00e9nu i e-mailov\u00e9 schr\u00e1nky na dom\u00e9n\u011b.<\/p>\n\n\n\n<div class=\"wp-block-group is-layout-constrained wp-block-group-is-layout-constrained\">\n<div class=\"wp-block-seznam-box is-layout-flow wp-block-seznam-box-is-layout-flow\">\n<p><strong>Vlastnictv\u00ed dom\u00e9ny je zpoplatn\u011bno ro\u010dn\u00edm poplatkem ve v\u00fd\u0161i 199 K\u010d<\/strong><br><sub>V\u00fd\u0161e poplatku je stejn\u00e1 p\u0159i n\u00e1kupu nov\u00e9 dom\u00e9ny i prodlou\u017een\u00ed dom\u00e9ny veden\u00e9 u Seznamu.<\/sub><\/p>\n<\/div>\n<\/div>\n<\/div>\n\n\n\n<p>Nechcete u n\u00e1s spravovat celou dom\u00e9nu, ale m\u00e1te z\u00e1jem jen o e-mailov\u00e9 \u0159e\u0161en\u00ed?&nbsp;Mo\u017en\u00e1 up\u0159ednostn\u00edte mo\u017enost&nbsp;<a href=\"https:\/\/o-seznam.cz\/napoveda\/email\/profi\/pridani-domeny\/napojeni-existujici-domeny\">Napojen\u00ed existuj\u00edc\u00ed dom\u00e9ny k Seznamu<\/a>.<\/p>\n\n\n\n<div class=\"wp-block-seznam-box is-layout-flow wp-block-seznam-box-is-layout-flow\">\n<p><strong>Pozor!<\/strong>&nbsp;Pokud na dom\u00e9n\u011b&nbsp;provozujete webov\u00e9 str\u00e1nky&nbsp;a pod Seznam&nbsp;p\u0159ev\u00e1d\u00edte celou dom\u00e9nu, po skon\u010den\u00ed p\u0159evodu doporu\u010dujeme dodate\u010dnou kontrolu DNS z\u00e1znam\u016f. Pro spr\u00e1vnou funkci internetov\u00e9 prezentace m\u016f\u017ee b\u00fdt nutn\u00e1 jejich oprava.<br>Ov\u011b\u0159te si&nbsp;spr\u00e1vnost z\u00e1znam\u016f v DNS&nbsp;u sv\u00e9ho hostingu a pokud si nejste jisti postupem, p\u0159enechte p\u0159evod dom\u00e9ny zku\u0161en\u011bj\u0161\u00edmu u\u017eivateli nebo odborn\u00edkovi.<\/p>\n<\/div>\n<\/div>\n\n\n\n<div class=\"wp-block-group is-layout-constrained wp-block-group-is-layout-constrained\">\n<div class=\"wp-block-group is-layout-constrained wp-block-group-is-layout-constrained\">\n<h2 class=\"wp-block-heading\">Postup pro p\u0159eveden\u00ed dom\u00e9ny k Seznamu<\/h2>\n\n\n\n<ol class=\"wp-block-list\">\n<li>P\u0159ihlaste se na&nbsp;<a class=\"is-style-link-external\" href=\"https:\/\/emailprofi.seznam.cz\/\" target=\"_blank\" rel=\"noreferrer noopener\">Email Profi<\/a>&nbsp;\u00fa\u010dtem, pod kter\u00fdm chcete dom\u00e9nu spravovat. Pro spr\u00e1vu dom\u00e9ny jsou povolen\u00e9&nbsp;\u00fa\u010dty na dom\u00e9n\u00e1ch od Seznamu&nbsp;(@email.cz, @seznam.cz \u010di @post.cz).<\/li>\n\n\n\n<li>Pokud pod t\u00edmto \u00fa\u010dtem dosud \u017e\u00e1dnou dom\u00e9nu nevlastn\u00edte, zobraz\u00ed se formul\u00e1\u0159 pro p\u0159id\u00e1n\u00ed nov\u00e9 dom\u00e9ny. Jestli\u017ee ji\u017e dom\u00e9ny v Emailu Profi m\u00e1te, pokra\u010dujte odkazem <strong>P\u0159idat novou dom\u00e9nu<\/strong> vpravo nad v\u00fdpisem.<\/li>\n\n\n\n<li>Vypl\u0148te n\u00e1zev dom\u00e9ny, kterou si p\u0159ejete p\u0159ev\u00e9st\n<ul class=\"wp-block-list\">\n<li>P\u0159es Email Profi lze p\u0159ev\u00e1d\u011bt pouze dom\u00e9ny s koncovkou .CZ<\/li>\n\n\n\n<li> Dom\u00e9nu pi\u0161te bez www \u010d\u00e1sti, tj. nap\u0159\u00edklad ve tvaru <em>vesela-domena.cz<\/em>. \u010c\u00e1st www v adres\u00e1ch nen\u00ed sou\u010d\u00e1st dom\u00e9nov\u00e9ho jm\u00e9na.<\/li>\n<\/ul>\n<\/li>\n\n\n\n<li>Zvolte, do kter\u00e9 organizace bude dom\u00e9na pat\u0159it. M\u016f\u017eete nechat automaticky vytvo\u0159it novou nebo vybrat ji\u017e existuj\u00edc\u00ed. <\/li>\n\n\n\n<li>Seznamte se se smluvn\u00edmi podm\u00ednkami a za\u0161krtn\u011bte&nbsp;<strong>Souhlas\u00edm s licen\u010dn\u00edmi&nbsp;podm\u00ednkami<\/strong>.<\/li>\n\n\n\n<li>Za\u0161krtn\u011bte mo\u017enost<strong> Vlastn\u00edm dom\u00e9nu<\/strong> a potvr\u010fte tla\u010d\u00edtkem <strong>Pokra\u010dovat<\/strong>. <\/li>\n\n\n\n<li>Na dal\u0161\u00ed obrazovce se posu\u0148te a\u017e k jej\u00edmu spodn\u00edmu okraji a klikn\u011bte na odkaz <strong>Chci p\u0159ev\u00e9st svou dom\u00e9nu do Emailu Profi<\/strong>. Pokud budete nam\u00edsto toho pokra\u010dovat ze st\u00e1vaj\u00edc\u00edho formul\u00e1\u0159e, bude provedeno napojen\u00ed dom\u00e9ny do Emailu Profi, ale nebude p\u0159evedena pod Seznam coby registr\u00e1tora. <\/li>\n\n\n\n<li>Potvr\u010fte podm\u00ednky registrace a pokra\u010dujte kliknut\u00edm na tla\u010d\u00edtko <strong>Pokra\u010dovat d\u00e1le<\/strong>.<\/li>\n\n\n\n<li>V dal\u0161\u00edm kroku se pracuje na&nbsp;vygenerov\u00e1n\u00ed autoriza\u010dn\u00edho hesla&nbsp;k p\u0159evodu dom\u00e9ny.&nbsp;Toto heslo je&nbsp;zasl\u00e1no na e-mailovou adresu vlastn\u00edka dom\u00e9ny.\n<ul class=\"wp-block-list\">\n<li>Upozor\u0148ujeme, \u017ee&nbsp;e-mailov\u00e1 adresa vlastn\u00edka dom\u00e9ny&nbsp;se&nbsp;nemus\u00ed shodovat&nbsp;s&nbsp;adresou pro p\u0159ihl\u00e1\u0161en\u00ed do administrace Emailu Profi.\n<ul class=\"wp-block-list\">\n<li>E-mailovou adresu vlastn\u00edka zjist\u00edte u registr\u00e1tora tohoto kontaktu. Vyhledejte svou dom\u00e9nu v&nbsp;<a class=\"is-style-link-external\" href=\"https:\/\/www.nic.cz\/whois\/\" target=\"_blank\" rel=\"noreferrer noopener\">datab\u00e1zi CZ.NIC<\/a>, najd\u011bte polo\u017eku&nbsp;<strong>Dr\u017eitel<\/strong>&nbsp;a klikn\u011bte na&nbsp;<strong>ID kontaktu<\/strong>&nbsp;(nap\u0159.&nbsp;<em>SZN-AB864A3C<\/em>), registr\u00e1tor kontaktu je uveden v \u010d\u00e1sti&nbsp;<strong>Ur\u010den\u00fd registr\u00e1tor<\/strong>.<\/li>\n\n\n\n<li>Neda\u0159\u00ed-li se e-mailovou adresu st\u00e1le zjistit, po\u017e\u00e1dejte si o&nbsp;<a class=\"is-style-link-external\" href=\"https:\/\/www.nic.cz\/whois\/personal-info\/\" target=\"_blank\" rel=\"noreferrer noopener\">v\u00fdpis osobn\u00edch \u00fadaj\u016f kontaktu<\/a>&nbsp;p\u0159es CZ.NIC. O heslo pro p\u0159evod je t\u00e9\u017e mo\u017en\u00e9 po\u017e\u00e1dat p\u0159es&nbsp;<a class=\"is-style-link-external\" href=\"https:\/\/www.nic.cz\/whois\/send-password\/\" target=\"_blank\" rel=\"noreferrer noopener\">formul\u00e1\u0159 \u017d\u00e1dost o poskytnut\u00ed hesla<\/a>&nbsp;a po \u00fasp\u011b\u0161n\u00e9m ov\u011b\u0159en\u00ed jej nechat poslat na jin\u00fd e-mail.<\/li>\n<\/ul>\n<\/li>\n\n\n\n<li>&#8222;Platnost hesla pro transfer (AuthInfo) je \u010dasov\u011b omezen\u00e1. Doba platnosti je 14 dn\u00ed. <\/li>\n<\/ul>\n<\/li>\n\n\n\n<li>Zvolte, zda a jak\u00e9 DNS z\u00e1znamy si nech\u00e1te spolu s dom\u00e9nou p\u0159ev\u00e9st. \n<ul class=\"wp-block-list\">\n<li>Aby v\u00e1m fungovaly webov\u00e9 str\u00e1nky, p\u0159eve\u010fte zejm\u00e9na z\u00e1znamy&nbsp;<strong>A&nbsp;<\/strong>a&nbsp;<strong>AAAA, CNAME, CAA<\/strong>. Vhodn\u00e9 je p\u0159ev\u00e9st i z\u00e1znamy&nbsp;<strong>TXT<\/strong>. Pro dal\u0161\u00ed informace o tom, co jsou DNS z\u00e1znamy a jak\u00e9 typy existuj\u00ed, si p\u0159e\u010dt\u011bte \u010dl\u00e1nek&nbsp;<a href=\"https:\/\/o-seznam.cz\/napoveda\/email\/email-profi\/dns-zaznamy\/\">DNS z\u00e1znamy<\/a>.<\/li>\n\n\n\n<li>N\u011bkter\u00e9 z\u00e1znamy&nbsp;<strong>bude nutn\u00e9 pozd\u011bji upravit<\/strong>, nap\u0159. v TXT z\u00e1znamu pro SPF je pot\u0159eba nov\u011b povolit odes\u00edl\u00e1n\u00ed zpr\u00e1v ze Seznamu (n\u00e1vod, jak to prov\u00e9st, najdete v \u010dl\u00e1nku&nbsp;<a href=\"https:\/\/o-seznam.cz\/napoveda\/email\/profi\/zaznamy-pro-autentifikaci-posty\/spf\/\">SPF<\/a>).<\/li>\n<\/ul>\n<\/li>\n\n\n\n<li>Jakmile doraz\u00ed zpr\u00e1va s heslem od CZ.NIC, zkop\u00edrujte jej nebo opi\u0161te do pole&nbsp;<strong>Autoriza\u010dn\u00ed heslo dom\u00e9ny<\/strong>&nbsp;a potvr\u010fte tla\u010d\u00edtkem <strong>Pokra\u010dovat d\u00e1le<\/strong>.<\/li>\n<\/ol>\n<\/div>\n\n\n\n<p>T\u00edm je p\u0159evod dom\u00e9ny pod Email Profi dokon\u010den. Nyn\u00ed m\u016f\u017eete p\u0159ej\u00edt do spr\u00e1vy dom\u00e9ny a prov\u00e9st pokro\u010dilej\u0161\u00ed nastaven\u00ed nebo za\u010d\u00edt s vytv\u00e1\u0159en\u00edm nov\u00e9 schr\u00e1nky.<\/p>\n<\/div>\n\n\n\n<p><\/p>\n","protected":false},"excerpt":{"rendered":"<p>Pokud ji\u017e m\u00e1te svou dom\u00e9nu a provozujete na n\u00ed sv\u00e9 slu\u017eby, m\u00e1te mo\u017enost ji&nbsp;celou p\u0159ev\u00e9st pod Seznam. T\u00edm u n\u00e1s budete&nbsp;spravovat nejen sv\u00e9 e-maily, ale Seznam se stane tzv.&nbsp;registr\u00e1torem&nbsp;dom\u00e9ny v datab\u00e1zi&nbsp;spr\u00e1vce n\u00e1rodn\u00ed dom\u00e9ny CZ.NIC. Ve\u0161ker\u00e1 nastaven\u00ed na dom\u00e9n\u011b (prodlou\u017een\u00ed registrace, editaci DNS nebo \u00fapravu informac\u00ed o vlastn\u00edkovi) pak budete prov\u00e1d\u011bt v\u00fdhradn\u011b v administraci Emailu Profi. [&hellip;]<\/p>\n","protected":false},"author":13,"featured_media":0,"parent":411,"menu_order":22,"comment_status":"closed","ping_status":"closed","template":"page-sidemenu","meta":{"_acf_changed":false,"_relevanssi_hide_post":"","_relevanssi_hide_content":"","_relevanssi_pin_for_all":"","_relevanssi_pin_keywords":"","_relevanssi_unpin_keywords":"","_relevanssi_related_keywords":"","_relevanssi_related_include_ids":"","_relevanssi_related_exclude_ids":"","_relevanssi_related_no_append":"","_relevanssi_related_not_related":"","_relevanssi_related_posts":"","_relevanssi_noindex_reason":"","footnotes":""},"page_category":[12],"page_tag":[],"service_status_category":[],"class_list":["post-486","page","type-page","status-publish","hentry"],"acf":[],"_links":{"self":[{"href":"https:\/\/o-seznam.cz\/napoveda\/email\/wp-json\/wp\/v2\/pages\/486","targetHints":{"allow":["GET"]}}],"collection":[{"href":"https:\/\/o-seznam.cz\/napoveda\/email\/wp-json\/wp\/v2\/pages"}],"about":[{"href":"https:\/\/o-seznam.cz\/napoveda\/email\/wp-json\/wp\/v2\/types\/page"}],"author":[{"embeddable":true,"href":"https:\/\/o-seznam.cz\/napoveda\/email\/wp-json\/wp\/v2\/users\/13"}],"replies":[{"embeddable":true,"href":"https:\/\/o-seznam.cz\/napoveda\/email\/wp-json\/wp\/v2\/comments?post=486"}],"version-history":[{"count":11,"href":"https:\/\/o-seznam.cz\/napoveda\/email\/wp-json\/wp\/v2\/pages\/486\/revisions"}],"predecessor-version":[{"id":1389,"href":"https:\/\/o-seznam.cz\/napoveda\/email\/wp-json\/wp\/v2\/pages\/486\/revisions\/1389"}],"up":[{"embeddable":true,"href":"https:\/\/o-seznam.cz\/napoveda\/email\/wp-json\/wp\/v2\/pages\/411"}],"wp:attachment":[{"href":"https:\/\/o-seznam.cz\/napoveda\/email\/wp-json\/wp\/v2\/media?parent=486"}],"wp:term":[{"taxonomy":"page_category","embeddable":true,"href":"https:\/\/o-seznam.cz\/napoveda\/email\/wp-json\/wp\/v2\/page_category?post=486"},{"taxonomy":"page_tag","embeddable":true,"href":"https:\/\/o-seznam.cz\/napoveda\/email\/wp-json\/wp\/v2\/page_tag?post=486"},{"taxonomy":"service_status_category","embeddable":true,"href":"https:\/\/o-seznam.cz\/napoveda\/email\/wp-json\/wp\/v2\/service_status_category?post=486"}],"curies":[{"name":"wp","href":"https:\/\/api.w.org\/{rel}","templated":true}]}}