{"id":484,"date":"2024-10-30T23:18:13","date_gmt":"2024-10-30T22:18:13","guid":{"rendered":"https:\/\/o-seznam.cz\/napoveda\/email\/?page_id=484"},"modified":"2025-03-27T11:55:37","modified_gmt":"2025-03-27T10:55:37","slug":"nakup-nove-domeny","status":"publish","type":"page","link":"https:\/\/o-seznam.cz\/napoveda\/email\/profi\/pridani-domeny\/nakup-nove-domeny\/","title":{"rendered":"N\u00e1kup nov\u00e9 dom\u00e9ny"},"content":{"rendered":"\n<div class=\"wp-block-group is-layout-constrained wp-block-group-is-layout-constrained\">\n<div class=\"wp-block-group is-layout-constrained wp-block-group-is-layout-constrained\">\n<p>Abyste si u n\u00e1s mohli vytvo\u0159it e-mailov\u00e9 schr\u00e1nky na va\u0161\u00ed vlastn\u00ed dom\u00e9n\u011b, je&nbsp;nutn\u00e9 tuto dom\u00e9nu vlastnit. V p\u0159\u00edpad\u011b, \u017ee dosud \u017e\u00e1dnou nem\u00e1te,&nbsp;pom\u016f\u017eeme v\u00e1m s jej\u00edm po\u0159\u00edzen\u00edm.<\/p>\n\n\n\n<div class=\"wp-block-seznam-box is-layout-flow wp-block-seznam-box-is-layout-flow\">\n<div class=\"wp-block-group is-layout-constrained wp-block-group-is-layout-constrained\">\n<p><strong>Vlastnictv\u00ed dom\u00e9ny je zpoplatn\u011bno ro\u010dn\u00edm poplatkem ve v\u00fd\u0161i 199 K\u010d<\/strong><br><sub>V\u00fd\u0161e poplatku je stejn\u00e1 p\u0159i n\u00e1kupu nov\u00e9 dom\u00e9ny i prodlou\u017een\u00ed dom\u00e9ny veden\u00e9 u Seznamu.<\/sub><\/p>\n<\/div>\n<\/div>\n\n\n\n<p>Poplatek je mo\u017en\u00e9 hradit ro\u010dn\u011b nebo prov\u00e9st jednor\u00e1zovou platbu za vlastnictv\u00ed dom\u00e9ny na dobu a\u017e deseti let.<\/p>\n<\/div>\n<\/div>\n\n\n\n<div class=\"wp-block-group is-layout-constrained wp-block-group-is-layout-constrained\">\n<h2 class=\"wp-block-heading\">Postup pro n\u00e1kup dom\u00e9ny<\/h2>\n\n\n\n<ol class=\"wp-block-list\">\n<li>P\u0159ihlaste se na&nbsp;<a class=\"is-style-link-external\" href=\"https:\/\/emailprofi.seznam.cz\/\" target=\"_blank\" rel=\"noreferrer noopener\">Email Profi<\/a>&nbsp;\u00fa\u010dtem, kter\u00fdm chcete dom\u00e9nu spravovat. Pro spr\u00e1vu dom\u00e9ny jsou povolen\u00e9&nbsp;<strong>\u00fa\u010dty na dom\u00e9n\u00e1ch od Seznamu<\/strong>&nbsp;(@email.cz, @seznam.cz \u010di @post.cz).<\/li>\n\n\n\n<li>Pokud pod t\u00edmto \u00fa\u010dtem dosud \u017e\u00e1dnou dom\u00e9nu nevlastn\u00edte, zobraz\u00ed se formul\u00e1\u0159 pro p\u0159id\u00e1n\u00ed nov\u00e9 dom\u00e9ny. Jestli\u017ee ji\u017e dom\u00e9ny v Emailu Profi m\u00e1te, pokra\u010dujte odkazem <strong>P\u0159idat novou dom\u00e9nu<\/strong> vpravo nad v\u00fdpisem.<\/li>\n\n\n\n<li>Zvolte n\u00e1zev nov\u00e9 dom\u00e9ny\n<ul class=\"wp-block-list\">\n<li>P\u0159es Email Profi lze zakoupit pouze dom\u00e9ny s koncovkou .CZ<\/li>\n\n\n\n<li> Dom\u00e9nu pi\u0161te bez www \u010d\u00e1sti, tj. nap\u0159\u00edklad ve tvaru <em>vesela-domena.cz<\/em>. \u010c\u00e1st www v adres\u00e1ch nen\u00ed sou\u010d\u00e1st dom\u00e9nov\u00e9ho jm\u00e9na.<\/li>\n<\/ul>\n<\/li>\n\n\n\n<li>Zvolte, do kter\u00e9 organizace bude dom\u00e9na pat\u0159it. M\u016f\u017eete nechat automaticky vytvo\u0159it novou nebo vybrat ji\u017e existuj\u00edc\u00ed. <\/li>\n\n\n\n<li>Seznamte se se smluvn\u00edmi podm\u00ednkami a za\u0161krtn\u011bte&nbsp;<strong>Souhlas\u00edm s licen\u010dn\u00edmi&nbsp;podm\u00ednkami<\/strong>.<\/li>\n\n\n\n<li>Za\u0161krtn\u011bte mo\u017enost<strong> Koupit dom\u00e9nu<\/strong> a potvr\u010fte tla\u010d\u00edtkem <strong>Pokra\u010dovat<\/strong>. Syst\u00e9m n\u00e1sledn\u011b provede kontrolu, zda je zvolen\u00fd n\u00e1zev dom\u00e9ny k dispozici.\n<ul class=\"wp-block-list\">\n<li>Pokud dom\u00e9na nen\u00ed k dispozici, je t\u0159eba zvolit jin\u00fd n\u00e1zev. Jestli\u017ee je dom\u00e9na se zvolen\u00fdm n\u00e1zvem va\u0161e a syst\u00e9m v\u00e1m nedovol\u00ed pokra\u010dovat, znamen\u00e1 to, \u017ee je vedena pod jin\u00fdm administr\u00e1torsk\u00fdm \u00fa\u010dtem nebo je u jin\u00e9ho registr\u00e1tora. V takov\u00e9m p\u0159\u00edpad\u011b lze dom\u00e9nu napojit nebo p\u0159ev\u00e9st pod po\u017eadovan\u00fd \u00fa\u010det na Emailu Profi.<\/li>\n\n\n\n<li>Jestli\u017ee chcete nam\u00edsto zakoupen\u00ed nov\u00e9 dom\u00e9ny napojit svou existuj\u00edc\u00ed dom\u00e9nu, pokra\u010dujte do \u010dl\u00e1nku <a href=\"https:\/\/o-seznam.cz\/napoveda\/email\/profi\/pridani-domeny\/prevedeni-domeny-k-seznamu\">P\u0159eveden\u00ed dom\u00e9ny k Seznamu<\/a>.<\/li>\n<\/ul>\n<\/li>\n\n\n\n<li>Potvr\u010fte podm\u00ednky registrace a pokra\u010dujte kliknut\u00edm na tla\u010d\u00edtko <strong>Koupit<\/strong>.<\/li>\n\n\n\n<li>Zadejte kontaktn\u00ed \u00fadaje vlastn\u00edka dom\u00e9ny. Tyto informace se p\u0159ed\u00e1vaj\u00ed <a class=\"is-style-link-external\" href=\"https:\/\/www.nic.cz\/\" target=\"_blank\" rel=\"noreferrer noopener\">spr\u00e1vci n\u00e1rodn\u00ed dom\u00e9ny CZ.NIC<\/a>. Na v\u00fdb\u011br m\u00e1te z t\u011bchto mo\u017enost\u00ed: <ul class=\"wp-block-list\"><li>Seznam sou\u010dasn\u00fdch dr\u017eitel\u016f: M\u00e1te-li ve slu\u017eb\u011b Email Profi ji\u017e p\u0159eveden\u00e9 \u010desk\u00e9 dom\u00e9ny, jejich dr\u017eitele zde uvid\u00edte a m\u016f\u017eete nov\u011b vznikaj\u00edc\u00ed dom\u00e9nu zalo\u017eit pod n\u011bkter\u00fdm z t\u011bchto kontakt\u016f.<\/li><li>Pou\u017e\u00edt existuj\u00edc\u00ed kontakt dr\u017eitele na CZ.NIC: Pokud ji\u017e vlastn\u00edte \u010deskou dom\u00e9nu u jin\u00e9ho registr\u00e1tora nebo vyu\u017e\u00edv\u00e1te slu\u017ebu MojeID, zvolte tuto variantu a vlo\u017ete ID kontaktu, pot\u0159ebn\u00e9 \u00fadaje se pak dopln\u00ed samy. ID kontaktu zjist\u00edte p\u0159es vyhled\u00e1v\u00e1n\u00ed v registru CZ.NIC u jin\u00e9 va\u0161\u00ed dom\u00e9ny.<\/li><li>Jin\u00fd (nov\u00fd) vlastn\u00edk dom\u00e9ny: Nem\u00e1te-li \u017e\u00e1dnou dom\u00e9nu nebo nezn\u00e1te-li ID sv\u00e9ho kontaktu, vypl\u0148te po\u017eadovan\u00e9 kontaktn\u00ed \u00fadaje. <\/li><\/ul><\/li>\n\n\n\n<li>Zkontrolujte souhrn objedn\u00e1vky a zvolte, na kolik let chcete dom\u00e9nu zakoupit. D\u016frazn\u011b doporu\u010dujeme zkontrolovat prim\u00e1rn\u011b n\u00e1zev kupovan\u00e9 dom\u00e9ny. Po dokon\u010den\u00ed platby ji\u017e <strong>nen\u00ed<\/strong> mo\u017en\u00e9 n\u00e1zev dom\u00e9ny zm\u011bnit.<\/li>\n\n\n\n<li>Prove\u010fte platbu. Zaplatit m\u016f\u017eete pomoc\u00ed platebn\u00ed karty online, nebo z kreditu dobit\u00e9ho do Seznam Pen\u011b\u017eenky.<\/li>\n<\/ol>\n<\/div>\n\n\n\n<p><\/p>\n","protected":false},"excerpt":{"rendered":"<p>Abyste si u n\u00e1s mohli vytvo\u0159it e-mailov\u00e9 schr\u00e1nky na va\u0161\u00ed vlastn\u00ed dom\u00e9n\u011b, je&nbsp;nutn\u00e9 tuto dom\u00e9nu vlastnit. V p\u0159\u00edpad\u011b, \u017ee dosud \u017e\u00e1dnou nem\u00e1te,&nbsp;pom\u016f\u017eeme v\u00e1m s jej\u00edm po\u0159\u00edzen\u00edm. Poplatek je mo\u017en\u00e9 hradit ro\u010dn\u011b nebo prov\u00e9st jednor\u00e1zovou platbu za vlastnictv\u00ed dom\u00e9ny na dobu a\u017e deseti let. Postup pro n\u00e1kup dom\u00e9ny<\/p>\n","protected":false},"author":13,"featured_media":0,"parent":411,"menu_order":21,"comment_status":"closed","ping_status":"closed","template":"page-sidemenu","meta":{"_acf_changed":false,"_relevanssi_hide_post":"","_relevanssi_hide_content":"","_relevanssi_pin_for_all":"","_relevanssi_pin_keywords":"","_relevanssi_unpin_keywords":"","_relevanssi_related_keywords":"","_relevanssi_related_include_ids":"","_relevanssi_related_exclude_ids":"","_relevanssi_related_no_append":"","_relevanssi_related_not_related":"","_relevanssi_related_posts":"","_relevanssi_noindex_reason":"","footnotes":""},"page_category":[12],"page_tag":[],"service_status_category":[],"class_list":["post-484","page","type-page","status-publish","hentry"],"acf":[],"_links":{"self":[{"href":"https:\/\/o-seznam.cz\/napoveda\/email\/wp-json\/wp\/v2\/pages\/484","targetHints":{"allow":["GET"]}}],"collection":[{"href":"https:\/\/o-seznam.cz\/napoveda\/email\/wp-json\/wp\/v2\/pages"}],"about":[{"href":"https:\/\/o-seznam.cz\/napoveda\/email\/wp-json\/wp\/v2\/types\/page"}],"author":[{"embeddable":true,"href":"https:\/\/o-seznam.cz\/napoveda\/email\/wp-json\/wp\/v2\/users\/13"}],"replies":[{"embeddable":true,"href":"https:\/\/o-seznam.cz\/napoveda\/email\/wp-json\/wp\/v2\/comments?post=484"}],"version-history":[{"count":19,"href":"https:\/\/o-seznam.cz\/napoveda\/email\/wp-json\/wp\/v2\/pages\/484\/revisions"}],"predecessor-version":[{"id":1406,"href":"https:\/\/o-seznam.cz\/napoveda\/email\/wp-json\/wp\/v2\/pages\/484\/revisions\/1406"}],"up":[{"embeddable":true,"href":"https:\/\/o-seznam.cz\/napoveda\/email\/wp-json\/wp\/v2\/pages\/411"}],"wp:attachment":[{"href":"https:\/\/o-seznam.cz\/napoveda\/email\/wp-json\/wp\/v2\/media?parent=484"}],"wp:term":[{"taxonomy":"page_category","embeddable":true,"href":"https:\/\/o-seznam.cz\/napoveda\/email\/wp-json\/wp\/v2\/page_category?post=484"},{"taxonomy":"page_tag","embeddable":true,"href":"https:\/\/o-seznam.cz\/napoveda\/email\/wp-json\/wp\/v2\/page_tag?post=484"},{"taxonomy":"service_status_category","embeddable":true,"href":"https:\/\/o-seznam.cz\/napoveda\/email\/wp-json\/wp\/v2\/service_status_category?post=484"}],"curies":[{"name":"wp","href":"https:\/\/api.w.org\/{rel}","templated":true}]}}