{"id":460,"date":"2024-10-30T21:21:02","date_gmt":"2024-10-30T20:21:02","guid":{"rendered":"https:\/\/o-seznam.cz\/napoveda\/email\/?page_id=460"},"modified":"2024-12-04T19:10:22","modified_gmt":"2024-12-04T18:10:22","slug":"spf","status":"publish","type":"page","link":"https:\/\/o-seznam.cz\/napoveda\/email\/profi\/zaznamy-pro-autentifikaci-posty\/spf\/","title":{"rendered":"SPF"},"content":{"rendered":"\n<div class=\"wp-block-group is-layout-constrained wp-block-group-is-layout-constrained\">\n<div class=\"wp-block-group is-layout-constrained wp-block-group-is-layout-constrained\">\n<h2 class=\"wp-block-heading\">SPF<\/h2>\n\n\n\n<p>SPF&nbsp;neboli&nbsp;<strong>Sender Policy Framework<\/strong><em>&nbsp;<\/em>je valida\u010dn\u00ed metoda pro elektronickou po\u0161tu slou\u017e\u00edc\u00ed k&nbsp;ochran\u011b proti spamu. P\u0159\u00edjmov\u00fd server&nbsp;ov\u011b\u0159uje odchoz\u00ed IP adresu&nbsp;zpr\u00e1vy v\u016f\u010di seznamu server\u016f&nbsp;autorizovan\u00fdch k odes\u00edl\u00e1n\u00ed po\u0161ty&nbsp;z dom\u00e9ny odes\u00edlatele. V\u00fd\u010det t\u011bchto server\u016f m\u00e1 dom\u00e9na zve\u0159ejn\u011bn pomoc\u00ed speci\u00e1ln\u00edho DNS z\u00e1znamu.<br><br>SPF je nejefektivn\u011bj\u0161\u00ed proti zpr\u00e1v\u00e1m zneu\u017e\u00edvaj\u00edc\u00edm ciz\u00ed dom\u00e9nu v poli Odes\u00edlatel, tzv. e-mail spoofingu. Rozhodnete-li se vyu\u017e\u00edt SPF a vytvo\u0159it na dom\u00e9n\u011b tento z\u00e1znam, m\u011bli byste do SPF&nbsp;zahrnout v\u0161echny servery, kter\u00e9 z va\u0161\u00ed dom\u00e9ny odes\u00edlaj\u00ed elektronickou po\u0161tu.<\/p>\n<\/div>\n<\/div>\n\n\n\n<div class=\"wp-block-group is-layout-constrained wp-block-group-is-layout-constrained\">\n<div class=\"wp-block-group is-layout-constrained wp-block-group-is-layout-constrained\">\n<h2 class=\"wp-block-heading\">SPF na Seznamu<\/h2>\n\n\n\n<p>SPF&nbsp;m\u016f\u017eete nastavit i tehdy, kdy\u017e pro svou e-mailovou komunikaci&nbsp;vyu\u017e\u00edv\u00e1te Email Profi od Seznamu. To lze uskute\u010dnit p\u0159evzet\u00edm nastaven\u00ed SPF Seznamu. N\u00ed\u017ee uveden\u00fd zp\u016fsob \u0159e\u0161en\u00ed zaji\u0161\u0165uje, \u017ee v\u00e1\u0161 SPF z\u00e1znam z\u016fstane aktu\u00e1ln\u00ed i pokud v budoucnu provedeme n\u011bjak\u00e9 zm\u011bny na na\u0161ich serverech&nbsp;(nap\u0159. zm\u011bnu jejich IP adres). Do DNS se SPF z\u00e1znam vkl\u00e1d\u00e1 jako z\u00e1znam&nbsp;typu TXT.<\/p>\n\n\n\n<p>Pou\u017e\u00edv\u00e1te-li pro svou po\u0161tu&nbsp;Email Profi&nbsp;(a zpr\u00e1vy nepos\u00edl\u00e1te odjinud), SPF z\u00e1znam bude vypadat n\u00e1sledovn\u011b:<\/p>\n\n\n\n<div class=\"wp-block-seznam-box is-layout-flow wp-block-seznam-box-is-layout-flow\">\n<p><strong><code>v=spf1 include:spf.seznam.cz ~all<\/code><\/strong><\/p>\n<\/div>\n\n\n\n<p>Cel\u00fd DNS z\u00e1znam vypad\u00e1 takto:<\/p>\n\n\n\n<figure class=\"wp-block-table\"><table class=\"has-fixed-layout\"><tbody><tr><td><strong>Dom\u00e9na<\/strong><\/td><td><strong>Typ<\/strong><\/td><td><strong>TTL<\/strong><\/td><td><strong>Data<\/strong><\/td><\/tr><tr><td>@<\/td><td>TXT<\/td><td>1800<\/td><td><strong>v=spf1 include:spf.seznam.cz ~all<\/strong><\/td><\/tr><\/tbody><\/table><\/figure>\n\n\n\n<p>T\u00edmto nastaven\u00edm d\u00e1v\u00e1te p\u0159\u00edjemc\u016fm na v\u011bdom\u00ed, \u017ee k&nbsp;odes\u00edl\u00e1n\u00ed zpr\u00e1v vyu\u017e\u00edv\u00e1te servery Seznam.cz. Pokud p\u0159\u00edjemci doraz\u00ed zpr\u00e1va s odes\u00edlatelem na va\u0161\u00ed dom\u00e9n\u011b, ale z jin\u00e9ho serveru ne\u017e Seznam.cz, m\u016f\u017ee ji vyhodnotit jako podez\u0159elou (ozna\u010dit za spam \u010di odm\u00edtnout). D\u016fle\u017eit\u00e9 je v\u0161ak zvolit spr\u00e1vnou&nbsp;<strong>kvalifikaci z\u00e1znamu<\/strong>&nbsp;a tu uv\u00e9st na jeho konec.<\/p>\n\n\n\n<p>Je-li va\u0161\u00edm registr\u00e1torem Seznam.cz (dom\u00e9nu jste celou p\u0159evedli do Email Profi), pro zm\u011bnu DNS z\u00e1znam\u016f se p\u0159ihlaste spr\u00e1vcovsk\u00fdm \u00fa\u010dtem do Emailu Profi a v detailu p\u0159\u00edslu\u0161n\u00e9 dom\u00e9ny otev\u0159ete z\u00e1lo\u017eku <strong>Zm\u011bna DNS<\/strong>.<\/p>\n\n\n\n<p>V administraci Email Profi v\u00e1\u0161 SPF z\u00e1znam m\u016f\u017ee vypadat takto:<br><img decoding=\"async\" src=\"https:\/\/napoveda.seznam.cz\/soubory\/Email\/emailprofi\/vlastni-domena-spf-01.png\"><\/p>\n<\/div>\n<\/div>\n\n\n\n<div class=\"wp-block-group is-layout-constrained wp-block-group-is-layout-constrained\">\n<div class=\"wp-block-group is-layout-constrained wp-block-group-is-layout-constrained\">\n<h2 class=\"wp-block-heading\">Kvalifikace SPF<\/h2>\n\n\n\n<p>N\u00ed\u017ee uv\u00e1d\u00edme popis jednotliv\u00fdch kvalifikac\u00ed, kter\u00e9 se p\u00ed\u0161\u00ed na konec z\u00e1znamu a ud\u00e1vaj\u00ed restrikci kontroly pravidel. Je d\u016fle\u017eit\u00e9 zvolit nastaven\u00ed adekv\u00e1tn\u00ed pro danou situaci.<\/p>\n\n\n\n<ul class=\"wp-block-list\">\n<li><strong>?all<\/strong>&nbsp;\u2013 \u017e\u00e1dn\u00e1 politika; SPF je pouze informativn\u00ed a neur\u010duje p\u0159\u00edjemci, jak by se m\u011bl ke zpr\u00e1v\u00e1m, kter\u00e9 p\u0159ijdou z neautorizovan\u00e9ho serveru, zachovat (<em>NEUTRAL<\/em>)<\/li>\n\n\n\n<li><strong>~all<\/strong>&nbsp;\u2013 m\u00edrn\u00e1 politika; vyhodnocen\u00ed zpr\u00e1v, kter\u00e9 p\u0159ijdou z neautorizovan\u00e9ho serveru, je ponech\u00e1no na p\u0159\u00edjemci, ten zpr\u00e1vu m\u016f\u017ee odm\u00edtnout nebo ozna\u010dit za spam (<em>NEUTRAL<\/em>\/<em>FAIL<\/em>)<\/li>\n\n\n\n<li><strong>-all<\/strong>&nbsp;\u2013 p\u0159\u00edsn\u00e1 politika; zpr\u00e1vy, kter\u00e9 p\u0159ijdou z neautorizovan\u00e9ho serveru, by m\u011bl p\u0159\u00edjemce odm\u00edtnout a nedoru\u010dit (<em>FAIL<\/em>)<\/li>\n<\/ul>\n<\/div>\n<\/div>\n\n\n\n<div class=\"wp-block-group is-layout-constrained wp-block-group-is-layout-constrained\">\n<h2 class=\"wp-block-heading\">V\u00edce server\u016f v SPF<\/h2>\n\n\n\n<p>Pot\u0159ebujete-li krom\u011b Email Profi odes\u00edlat i odjinud (nap\u0159. e-shop, kter\u00fd pos\u00edl\u00e1 z\u00e1kazn\u00edk\u016fm e-mail + slu\u017eba pro zas\u00edl\u00e1n\u00ed newsletter\u016f + intern\u00ed firemn\u00ed schr\u00e1nky apod.), je nutn\u00e9&nbsp;p\u0159idat v\u0161echny odes\u00edlac\u00ed servery&nbsp;do SPF z\u00e1znamu a t\u00edm jim povolit pos\u00edl\u00e1n\u00ed zpr\u00e1v z adres na va\u0161\u00ed dom\u00e9n\u011b. To provedete p\u0159id\u00e1n\u00edm server\u016f do SPF z\u00e1znamu u registr\u00e1tora dom\u00e9ny. Jak\u00fd konkr\u00e9tn\u011b z\u00e1znam p\u0159idat, v\u00e1m sd\u011bl\u00ed poskytovatel t\u00e9to slu\u017eby.<\/p>\n\n\n\n<p><strong>P\u0159\u00edklad<\/strong>:<\/p>\n\n\n\n<p>Chcete-li povolit vedle Email Profi odes\u00edl\u00e1n\u00ed po\u0161ty i ze serveru s n\u00e1zvem&nbsp;<em>dalsi.mailovy-server.cz&nbsp;<\/em>a dal\u0161\u00edmu serveru s IP adresou&nbsp;<em>11.22.33.44<\/em>,&nbsp;<strong>SPF z\u00e1znam<\/strong>&nbsp;v DNS bude vypadat n\u00e1sledovn\u011b:<\/p>\n\n\n\n<div class=\"wp-block-seznam-box is-layout-flow wp-block-seznam-box-is-layout-flow\">\n<p><code>v=spf1 include:spf.seznam.cz include:dalsi.mailovy-server.cz ip4:11.22.33.44 ~all<\/code><\/p>\n<\/div>\n<\/div>\n\n\n\n<div class=\"wp-block-group is-layout-constrained wp-block-group-is-layout-constrained\">\n<h3 class=\"wp-block-heading\"><br>Limity na d\u00e9lku SPF z\u00e1znamu<\/h3>\n\n\n\n<ul class=\"wp-block-list\">\n<li>Z\u00e1znam m\u016f\u017ee m\u00edt maxim\u00e1ln\u00ed d\u00e9lku 250 znak\u016f. Je-li z\u00e1znam del\u0161\u00ed, SPF kontrola bude kon\u010dit chybou.<\/li>\n\n\n\n<li>Validn\u00ed SPF z\u00e1znam nesm\u00ed generovat v\u00edce ne\u017e 10 DNS po\u017eadavk\u016f, tj. rozhoduj\u00edc\u00ed jsou z\u00e1znamy&nbsp;include,&nbsp;a,&nbsp;mx,&nbsp;ptr&nbsp;a&nbsp;exists. To nen\u00ed p\u0159\u00edpad&nbsp;z\u00e1pis\u016f&nbsp;all,&nbsp;ip4&nbsp;a&nbsp;ip6. Je-li v z\u00e1znamu v\u00edce z\u00e1pis\u016f vy\u017eaduj\u00edc\u00edch dotaz do DNS, SPF kontrola bude kon\u010dit chybou. Pro kontrolu doporu\u010dujeme vyu\u017e\u00edt valid\u00e1tor SPF z\u00e1znam\u016f (nap\u0159.&nbsp;<a class=\"is-style-link-external\" href=\"https:\/\/mxtoolbox.com\/spf.aspx\" target=\"_blank\" rel=\"noreferrer noopener\">SPF Record Check od MxToolBox<\/a>), kter\u00fd na tuto a jin\u00e9 chyby upozorn\u00ed.<\/li>\n<\/ul>\n<\/div>\n\n\n\n<div class=\"wp-block-group is-layout-constrained wp-block-group-is-layout-constrained\">\n<h2 class=\"wp-block-heading\"><a><\/a><br>\u010cast\u00e9 dotazy<\/h2>\n\n\n\n<div class=\"wp-block-group is-layout-constrained wp-block-group-is-layout-constrained\">\n<div class=\"wp-block-group is-layout-constrained wp-block-group-is-layout-constrained\">\n<div class=\"wp-block-group is-layout-constrained wp-block-group-is-layout-constrained\">\n<h3 class=\"wp-block-heading\">Nefunguje p\u0159epos\u00edl\u00e1n\u00ed zpr\u00e1v<\/h3>\n\n\n\n<p>Pokud n\u011bkomu ode\u0161lete zpr\u00e1vu z dom\u00e9ny, kter\u00e1 m\u00e1 aktivn\u00ed SPF, a p\u0159\u00edjemce&nbsp;se ji pokus\u00ed p\u0159eposlat d\u00e1l \u2013&nbsp;m\u016f\u017ee narazit na probl\u00e9m.&nbsp;Server adres\u00e1ta t\u00e9to&nbsp;p\u0159eposlan\u00e9 zpr\u00e1vy ji m\u016f\u017ee odm\u00edtnout \u010di ozna\u010dit za spam. D\u016fvodem je, \u017ee server p\u0159epos\u00edlaj\u00edc\u00edho u\u017eivatele&nbsp;s nejv\u011bt\u0161\u00ed pravd\u011bpodobnost\u00ed nebude&nbsp;autorizov\u00e1n v&nbsp;SPF z\u00e1znamu va\u0161\u00ed dom\u00e9ny.<\/p>\n<\/div>\n\n\n\n<div class=\"wp-block-group is-layout-constrained wp-block-group-is-layout-constrained\">\n<div class=\"wp-block-group is-layout-constrained wp-block-group-is-layout-constrained\">\n<div class=\"wp-block-group is-layout-constrained wp-block-group-is-layout-constrained\">\n<p><strong>\u0158e\u0161en\u00ed:<\/strong><\/p>\n\n\n\n<ul class=\"wp-block-list\">\n<li><strong>sn\u00ed\u017een\u00ed kvalifikace<\/strong>&nbsp;SPF z\u00e1znamu na dom\u00e9n\u011b (nepou\u017e\u00edvat kvalifikaci FAIL, kter\u00e1&nbsp;vylu\u010duje jak\u00e9koli p\u0159epos\u00edl\u00e1n\u00ed va\u0161ich zpr\u00e1v)<\/li>\n\n\n\n<li>aktivace&nbsp;tzv.&nbsp;<strong>SRS<\/strong>&nbsp;<em>(Sender Rewriting Scheme<\/em>) na serveru, kter\u00fd zpr\u00e1vy p\u0159epos\u00edl\u00e1&nbsp;(bude nutn\u00e9 konzultovat se spr\u00e1vcem dan\u00e9ho po\u0161tovn\u00edho serveru)<\/li>\n\n\n\n<li><strong>\u00faprava nastaven\u00ed&nbsp;<\/strong>tak, aby nebylo nutn\u00e9 zpr\u00e1vu p\u0159epos\u00edlat<\/li>\n\n\n\n<li><strong>za\u0159azen\u00ed server\u016f<\/strong>, kter\u00e9 va\u0161e zpr\u00e1vy p\u0159epos\u00edlaj\u00ed \u010dasto, do va\u0161eho SPF z\u00e1znamu (<strong>pozor<\/strong>, tento krok d\u016fkladn\u011b zva\u017ete, proto\u017ee t\u00edm autorizujete p\u0159\u00edslu\u0161n\u00e9 servery pro odes\u00edl\u00e1n\u00ed zpr\u00e1v z va\u0161\u00ed dom\u00e9ny)<\/li>\n<\/ul>\n<\/div>\n<\/div>\n<\/div>\n<\/div>\n<\/div>\n\n\n\n<div class=\"wp-block-group is-layout-constrained wp-block-group-is-layout-constrained\">\n<div class=\"wp-block-group is-layout-constrained wp-block-group-is-layout-constrained\">\n<h3 class=\"wp-block-heading\"><strong>Chyba &#8222;550 77.75.xx.xx is not allowed to send mail from&nbsp;<em>mojedomena.cz<\/em>&#8222;<\/strong><\/h3>\n\n\n\n<p>Tato chyba signalizuje probl\u00e9m s va\u0161\u00edm SPF z\u00e1znamem. SPF z\u00e1znam zjevn\u011b neoprav\u0148uje na\u0161im server\u016fm odes\u00edlat zpr\u00e1vy z va\u0161\u00ed dom\u00e9ny. Znamen\u00e1 to, \u017ee&nbsp;u dom\u00e9ny m\u00e1te SPF z\u00e1znam p\u016fvodn\u00edho provozovatele e-mailov\u00e9ho \u0159e\u0161en\u00ed&nbsp;nebo jste p\u0159idali SPF pro jin\u00e9ho poskytovatele, ale nezahrnuli do n\u011bj Seznam.<\/p>\n\n\n\n<div class=\"wp-block-group is-layout-constrained wp-block-group-is-layout-constrained\">\n<p><strong>\u0158e\u0161en\u00ed:<\/strong><\/p>\n\n\n\n<ul class=\"wp-block-list\">\n<li>p\u0159ej\u00edt do nastaven\u00ed DNS z\u00e1znam\u016f dom\u00e9ny&nbsp;u va\u0161eho registr\u00e1tora a do TXT z\u00e1znamu pro SPF p\u0159idat&nbsp;<strong>spf.seznam.cz<\/strong>&nbsp;(<em>include:spf.seznam.cz<\/em>)<\/li>\n<\/ul>\n<\/div>\n<\/div>\n<\/div>\n<\/div>\n","protected":false},"excerpt":{"rendered":"<p>SPF SPF&nbsp;neboli&nbsp;Sender Policy Framework&nbsp;je valida\u010dn\u00ed metoda pro elektronickou po\u0161tu slou\u017e\u00edc\u00ed k&nbsp;ochran\u011b proti spamu. P\u0159\u00edjmov\u00fd server&nbsp;ov\u011b\u0159uje odchoz\u00ed IP adresu&nbsp;zpr\u00e1vy v\u016f\u010di seznamu server\u016f&nbsp;autorizovan\u00fdch k odes\u00edl\u00e1n\u00ed po\u0161ty&nbsp;z dom\u00e9ny odes\u00edlatele. V\u00fd\u010det t\u011bchto server\u016f m\u00e1 dom\u00e9na zve\u0159ejn\u011bn pomoc\u00ed speci\u00e1ln\u00edho DNS z\u00e1znamu. SPF je nejefektivn\u011bj\u0161\u00ed proti zpr\u00e1v\u00e1m zneu\u017e\u00edvaj\u00edc\u00edm ciz\u00ed dom\u00e9nu v poli Odes\u00edlatel, tzv. e-mail spoofingu. Rozhodnete-li se vyu\u017e\u00edt SPF a [&hellip;]<\/p>\n","protected":false},"author":13,"featured_media":0,"parent":425,"menu_order":52,"comment_status":"closed","ping_status":"closed","template":"page-sidemenu","meta":{"_acf_changed":false,"_relevanssi_hide_post":"","_relevanssi_hide_content":"","_relevanssi_pin_for_all":"","_relevanssi_pin_keywords":"","_relevanssi_unpin_keywords":"","_relevanssi_related_keywords":"","_relevanssi_related_include_ids":"","_relevanssi_related_exclude_ids":"","_relevanssi_related_no_append":"","_relevanssi_related_not_related":"","_relevanssi_related_posts":"","_relevanssi_noindex_reason":"","footnotes":""},"page_category":[12],"page_tag":[],"service_status_category":[],"class_list":["post-460","page","type-page","status-publish","hentry"],"acf":[],"_links":{"self":[{"href":"https:\/\/o-seznam.cz\/napoveda\/email\/wp-json\/wp\/v2\/pages\/460","targetHints":{"allow":["GET"]}}],"collection":[{"href":"https:\/\/o-seznam.cz\/napoveda\/email\/wp-json\/wp\/v2\/pages"}],"about":[{"href":"https:\/\/o-seznam.cz\/napoveda\/email\/wp-json\/wp\/v2\/types\/page"}],"author":[{"embeddable":true,"href":"https:\/\/o-seznam.cz\/napoveda\/email\/wp-json\/wp\/v2\/users\/13"}],"replies":[{"embeddable":true,"href":"https:\/\/o-seznam.cz\/napoveda\/email\/wp-json\/wp\/v2\/comments?post=460"}],"version-history":[{"count":7,"href":"https:\/\/o-seznam.cz\/napoveda\/email\/wp-json\/wp\/v2\/pages\/460\/revisions"}],"predecessor-version":[{"id":908,"href":"https:\/\/o-seznam.cz\/napoveda\/email\/wp-json\/wp\/v2\/pages\/460\/revisions\/908"}],"up":[{"embeddable":true,"href":"https:\/\/o-seznam.cz\/napoveda\/email\/wp-json\/wp\/v2\/pages\/425"}],"wp:attachment":[{"href":"https:\/\/o-seznam.cz\/napoveda\/email\/wp-json\/wp\/v2\/media?parent=460"}],"wp:term":[{"taxonomy":"page_category","embeddable":true,"href":"https:\/\/o-seznam.cz\/napoveda\/email\/wp-json\/wp\/v2\/page_category?post=460"},{"taxonomy":"page_tag","embeddable":true,"href":"https:\/\/o-seznam.cz\/napoveda\/email\/wp-json\/wp\/v2\/page_tag?post=460"},{"taxonomy":"service_status_category","embeddable":true,"href":"https:\/\/o-seznam.cz\/napoveda\/email\/wp-json\/wp\/v2\/service_status_category?post=460"}],"curies":[{"name":"wp","href":"https:\/\/api.w.org\/{rel}","templated":true}]}}