{"id":451,"date":"2024-10-30T20:04:42","date_gmt":"2024-10-30T19:04:42","guid":{"rendered":"https:\/\/o-seznam.cz\/napoveda\/email\/?page_id=451"},"modified":"2025-03-27T12:32:06","modified_gmt":"2025-03-27T11:32:06","slug":"reseni-nejcastejsich-potizi","status":"publish","type":"page","link":"https:\/\/o-seznam.cz\/napoveda\/email\/profi\/reseni-nejcastejsich-potizi\/","title":{"rendered":"\u0158e\u0161en\u00ed nej\u010dast\u011bj\u0161\u00edch pot\u00ed\u017e\u00ed"},"content":{"rendered":"\n<p>P\u0159ipravili jsme pro v\u00e1s p\u0159ehled nej\u010dast\u011bj\u0161\u00edch dotaz\u016f na slu\u017ebu Email Profi. Ne\u017e kontaktujete technickou podporu, zkuste se pod\u00edvat, zda jsme ji\u017e v\u00e1\u0161 dotaz nezodpov\u011bd\u011bli.<\/p>\n\n\n<nav class=\"menu-anchors\">\n<ul>\n\t<li><a href=\"#Administr\u00e1tor\">\u201eAdministr\u00e1tor va\u0161\u00ed dom\u00e9ny omezil funk\u010dnost t\u00e9to str\u00e1nky\u2026&quot;<\/a><\/li>\n<li><a href=\"#ucet-jiz-existuje\">\u201e\u00da\u010det ji\u017e existuje\u201c p\u0159i p\u0159id\u00e1n\u00ed schr\u00e1nky<\/a><\/li>\n<li><a href=\"#Spam-z-domeny\">Z dom\u00e9ny odch\u00e1z\u00ed spam<\/a><\/li>\n<li><a href=\"#zm\u011bna-NSSET\">Zm\u011bna NSSET \u010di nameserver\u016f na dom\u00e9n\u011b u Seznamu<\/a><\/li>\n<li><a href=\"#Jak-zapnout-web\">Jak zprovoznit webovou str\u00e1nku<\/a><\/li>\n<li><a href=\"#Nechod\u00ed-pin\">Nechod\u00ed mi PIN k p\u0159evodu dom\u00e9ny nebo jin\u00e1 ozn\u00e1men\u00ed e-mailem<\/a><\/li>\n<li><a href=\"#Domain-forwarding\">Domain forwarding \u2013 p\u0159esm\u011brov\u00e1n\u00ed dom\u00e9ny<\/a><\/li>\n<li><a href=\"#expirace-dom\u00e9ny\">Jak&nbsp;prob\u00edh\u00e1 expirace dom\u00e9ny<\/a><\/li>\n<li><a href=\"#Jak-ukon\u010dit\">Jak ukon\u010dit Email Profi<\/a><\/li>\n<\/ul>\n\n<\/nav>\n\n\n\n<div class=\"wp-block-group is-layout-constrained wp-block-group-is-layout-constrained\">\n<div class=\"wp-block-group is-layout-constrained wp-block-group-is-layout-constrained\">\n<h2 class=\"wp-block-heading\" id=\"Administr\u00e1tor\">\u201eAdministr\u00e1tor va\u0161\u00ed dom\u00e9ny omezil funk\u010dnost t\u00e9to str\u00e1nky\u2026&#8220;<\/h2>\n\n\n\n<p>V e-mailov\u00e9 schr\u00e1nce se objevuje chybov\u00e9 hl\u00e1\u0161en\u00ed, jeho\u017e cel\u00e9 zn\u011bn\u00ed je:<em>&nbsp;\u201eAdministr\u00e1tor va\u0161\u00ed dom\u00e9ny omezil funk\u010dnost t\u00e9to str\u00e1nky. V tento okam\u017eik nen\u00ed mo\u017en\u00e9 p\u0159ij\u00edmat ani pos\u00edlat zpr\u00e1vy, pouze \u010d\u00edst ji\u017e doru\u010den\u00e9.\u201c<\/em>&nbsp;Jste-li b\u011b\u017en\u00fdm u\u017eivatelem schr\u00e1nky, budete muset kontaktovat spr\u00e1vce dom\u00e9ny, kter\u00fd ji do Email Profi registroval, kter\u00fd m\u016f\u017ee funk\u010dnost dom\u00e9ny a schr\u00e1nek prov\u011b\u0159it. Mo\u017en\u00e9 p\u0159\u00ed\u010diny jsou:<\/p>\n\n\n\n<ul class=\"wp-block-list\">\n<li>MX z\u00e1znamy nem\u00ed\u0159\u00ed na Seznam<\/li>\n\n\n\n<li>DNS servery dom\u00e9ny neodpov\u00eddaj\u00ed nebo odpov\u00eddaj\u00ed pomalu<\/li>\n\n\n\n<li>Schr\u00e1nka nen\u00ed p\u0159i\u0159azena pod dom\u00e9nu (tzv.&nbsp;nevlastn\u00ed schr\u00e1nka)<\/li>\n\n\n\n<li>Dom\u00e9na expirovala<\/li>\n<\/ul>\n<\/div>\n<\/div>\n\n\n\n<div class=\"wp-block-group is-layout-constrained wp-block-group-is-layout-constrained\">\n<div class=\"wp-block-group is-layout-constrained wp-block-group-is-layout-constrained\">\n<h2 class=\"wp-block-heading\" id=\"ucet-jiz-existuje\">\u201e\u00da\u010det ji\u017e existuje\u201c p\u0159i p\u0159id\u00e1n\u00ed schr\u00e1nky<\/h2>\n\n\n\n<p>Hl\u00e1\u0161en\u00ed se m\u016f\u017ee objevit p\u0159i pokusu o zalo\u017een\u00ed e-mailov\u00e9 schr\u00e1nky na dom\u00e9n\u011b, a to v\u010detn\u011b \u00fapln\u011b prvn\u00ed schr\u00e1nky.<\/p>\n\n\n\n<p><strong>Mo\u017en\u00e9 p\u0159\u00ed\u010diny:<\/strong><\/p>\n\n\n\n<ul class=\"wp-block-list\">\n<li><strong>Existuj\u00edc\u00ed schr\u00e1nka, alias \u010di skupina<\/strong><\/li>\n<\/ul>\n\n\n\n<p>V prvn\u00ed \u0159ad\u011b doporu\u010dujeme zkontrolovat ostatn\u00ed schr\u00e1nky na dom\u00e9n\u011b \u2013 zda se skute\u010dn\u011b ji\u017e v Email Profi nenach\u00e1z\u00ed schr\u00e1nka stejn\u00e9ho n\u00e1zvu. Zkontrolujte rovn\u011b\u017e&nbsp;aliasy&nbsp;a&nbsp;skupiny, proto\u017ee existuje-li alias nebo skupina takov\u00e9ho n\u00e1zvu, schr\u00e1nku ji\u017e pojmenovat stejn\u011b nep\u016fjde.<\/p>\n\n\n\n<ul class=\"wp-block-list\">\n<li><strong>Nevlastn\u00ed schr\u00e1nka<\/strong><\/li>\n<\/ul>\n\n\n\n<p>Dal\u0161\u00ed p\u0159\u00ed\u010dinou m\u016f\u017ee b\u00fdt, \u017ee \u00fa\u010det na Seznamu ji\u017e opravdu existuje mimo rozhran\u00ed Email Profi. St\u00e1v\u00e1 se to zejm\u00e9na u e-mailov\u00fdch adres obecn\u00e9ho charakteru (nap\u0159. info@\u2026), kter\u00e9 byly v minulosti na Seznamu registrov\u00e1ny jako tzv. \u00fa\u010det s vlastn\u00ed adresou.<\/p>\n\n\n\n<p>Tyto \u00fa\u010dty m\u016f\u017eete bu\u010f\u00a0p\u0159i\u0159adit pod dom\u00e9nu\u00a0(je nutn\u00e9 zn\u00e1t heslo zvolen\u00e9 p\u0159i registraci \u00fa\u010dtu na Seznamu) nebo\u00a0odstranit ze Seznamu a vytvo\u0159it\u00a0jako nov\u00e9 v Email Profi.<\/p>\n\n\n\n<p>Pro za\u0159azen\u00ed \u00fa\u010dtu pod va\u0161\u00ed dom\u00e9nu p\u0159ejd\u011bte do <a href=\"https:\/\/emailprofi.seznam.cz\/\" data-type=\"link\" data-id=\"https:\/\/emailprofi.seznam.cz\/\">administrace Email Profi<\/a>, v sekci schr\u00e1nek ode\u0161lete \u017e\u00e1dost o za\u0159azen\u00ed \u00fa\u010dtu do organizace. Pot\u00e9 se p\u0159ihlaste do konkr\u00e9tn\u00edho \u00fa\u010dtu a potvr\u010fte \u017e\u00e1dost kliknut\u00edm na odkaz na \u00favodn\u00ed <a href=\"https:\/\/ucet.seznam.cz\/\" data-type=\"link\" data-id=\"https:\/\/ucet.seznam.cz\/\">str\u00e1nce Seznam \u00fa\u010dtu<\/a>.<\/p>\n<\/div>\n<\/div>\n\n\n\n<div class=\"wp-block-group is-layout-constrained wp-block-group-is-layout-constrained\">\n<div class=\"wp-block-group is-layout-constrained wp-block-group-is-layout-constrained\">\n<h2 class=\"wp-block-heading\" id=\"Spam-z-domeny\">Z dom\u00e9ny odch\u00e1z\u00ed spam<\/h2>\n\n\n\n<p>To, \u017ee se na internetu objevil&nbsp;spam s odes\u00edlatelem na va\u0161\u00ed dom\u00e9n\u011b, pozn\u00e1te nej\u010dast\u011bji podle&nbsp;p\u0159\u00edchoz\u00edch zpr\u00e1v o nedoru\u010den\u00ed. Ty \u0159\u00edkaj\u00ed, \u017ee z va\u0161\u00ed schr\u00e1nky ode\u0161la zpr\u00e1va, kterou se nepoda\u0159ilo doru\u010dit, a\u010d jste vy sami takov\u00e9 zpr\u00e1vy nikdy neodeslali a p\u0159\u00edjemce nezn\u00e1te.<\/p>\n\n\n\n<h3 class=\"wp-block-heading\">Jak postupovat:<\/h3>\n\n\n\n<ul class=\"wp-block-list\">\n<li>Pokus o zabezpe\u010den\u00ed schr\u00e1nek (jen pokud zpr\u00e1vy re\u00e1ln\u011b odch\u00e1zej\u00ed z dan\u00e9 schr\u00e1nky)<\/li>\n\n\n\n<li>Kontrola&nbsp;<a href=\"https:\/\/o-seznam.cz\/napoveda\/email\/profi\/zaznamy-pro-autentifikaci-posty\/spf\/\">SPF z\u00e1znamu<\/a><\/li>\n\n\n\n<li>Nastaven\u00ed&nbsp;<a href=\"https:\/\/o-seznam.cz\/napoveda\/email\/profi\/zaznamy-pro-autentifikaci-posty\/dmarc\/\">DMARC<\/a>&nbsp;a sledov\u00e1n\u00ed report\u016f o provozu na dom\u00e9n\u011b<\/li>\n<\/ul>\n<\/div>\n<\/div>\n\n\n\n<div class=\"wp-block-group is-layout-constrained wp-block-group-is-layout-constrained\">\n<h2 class=\"wp-block-heading\" id=\"zm\u011bna-NSSET\">Zm\u011bna NSSET \u010di nameserver\u016f na dom\u00e9n\u011b u Seznamu<\/h2>\n\n\n\n<p>N\u011bkte\u0159\u00ed provozovatel\u00e9 po v\u00e1s mohou cht\u00edt pro aktivaci sv\u00fdch slu\u017eeb na dom\u00e9n\u011b&nbsp;zm\u011bnu tzv. NSSET, p\u0159\u00edpadn\u011b&nbsp;nastaven\u00ed sv\u00fdch nameserver\u016f&nbsp;(DNS server\u016f). Upozor\u0148ujeme, \u017ee&nbsp;m\u00e1te-li dom\u00e9nu u Seznamu&nbsp;(tj. Seznam je registr\u00e1torem dom\u00e9ny),&nbsp;dom\u00e9na nem\u016f\u017ee vyu\u017e\u00edvat jin\u00e9 ne\u017e na\u0161e nameservery.<\/p>\n\n\n\n<p>Registrace dom\u00e9n je p\u0159edev\u0161\u00edm dopl\u0148kovou mo\u017enost\u00ed p\u0159i z\u0159izov\u00e1n\u00ed slu\u017eby Email Profi. P\u0159evod dom\u00e9n pod Seznam je ur\u010den pro u\u017eivatele, kte\u0159\u00ed cht\u011bj\u00ed spravovat svou dom\u00e9nu, v\u010detn\u011b DNS, u n\u00e1s. Po&nbsp;p\u0159evodu dom\u00e9ny k Seznamu&nbsp;tedy dom\u00e9na&nbsp;automaticky za\u010dne vyu\u017e\u00edvat i na\u0161e nameservery&nbsp;(DNS z\u00e1znamy u st\u00e1vaj\u00edc\u00edho registr\u00e1tora si m\u016f\u017eete p\u0159en\u00e9st b\u011bhem procesu p\u0159evodu dom\u00e9ny k n\u00e1m).<\/p>\n\n\n\n<p>Nem\u00e1te-li z\u00e1jem o to, aby dom\u00e9na vyu\u017e\u00edvala nameservery Seznamu, ponechte dom\u00e9nu u&nbsp;<a class=\"is-style-link-external\" href=\"https:\/\/www.nic.cz\/whois\/registrars2\/\" target=\"_blank\" rel=\"noreferrer noopener\">jin\u00e9ho registr\u00e1tora<\/a>. Slu\u017ebu Email Profi a&nbsp;spr\u00e1vu e-mailov\u00e9 po\u0161ty u Seznamu m\u016f\u017eete i tak vyu\u017e\u00edvat, a to nasm\u011brov\u00e1n\u00edm po\u0161ty na Seznam tzv.&nbsp;<a href=\"https:\/\/o-seznam.cz\/napoveda\/email\/profi\/pridani-domeny\/napojeni-existujici-domeny\/\">napojen\u00edm dom\u00e9ny<\/a>.<\/p>\n<\/div>\n\n\n\n<div class=\"wp-block-group is-layout-constrained wp-block-group-is-layout-constrained\">\n<div class=\"wp-block-group is-layout-constrained wp-block-group-is-layout-constrained\">\n<div class=\"wp-block-group is-layout-constrained wp-block-group-is-layout-constrained\">\n<h2 class=\"wp-block-heading\" id=\"Jak-zapnout-web\">Jak zprovoznit webovou str\u00e1nku<\/h2>\n\n\n\n<p class=\"is-style-link-external\">Zakoup\u00edte-li si u n\u00e1s dom\u00e9nu, p\u0159\u00edpadn\u011b p\u0159evedete-li k n\u00e1m dom\u00e9nu, od t\u00e9 chv\u00edle ji spravujete p\u0159es&nbsp;<a href=\"https:\/\/emailprofi.seznam.cz\/\" target=\"_blank\" rel=\"noreferrer noopener\">administraci Email Profi<\/a>. Pokud m\u00e1te i webov\u00e9 str\u00e1nky a chcete je s dom\u00e9nou propojit, bude pot\u0159eba z\u00edskat pot\u0159ebn\u00e9 DNS z\u00e1znamy od Va\u0161\u00ed hostingov\u00e9 spole\u010dnosti. Nej\u010dast\u011bji se bude jednat o kombinaci A \/ AAAA z\u00e1znam\u016f a z\u00e1znam\u016f CNAME, v\u00edce informac\u00ed o t\u011bchto z\u00e1znamech m\u016f\u017eete naj\u00edt n\u00ed\u017ee, nebo v samostatn\u00e9 n\u00e1pov\u011bd\u011b i s uk\u00e1zkami nastaven\u00ed <a href=\"https:\/\/o-seznam.cz\/napoveda\/email\/profi\/dns-zaznamy\/\">zde<\/a> . N\u011bkter\u00e9 hostingov\u00e9 spole\u010dnosti budou po\u017eadovat zm\u011bnu NS z\u00e1znam\u016f, co\u017e nen\u00ed u dom\u00e9n registrovan\u00fdch u Seznamu mo\u017en\u00e9, v\u00edce o takov\u00e9 situaci m\u016f\u017eete naj\u00edt <a href=\"https:\/\/o-seznam.cz\/napoveda\/email\/profi\/reseni-nejcastejsich-potizi\/#zm%C4%9Bna-NSSET\">zde<\/a><\/p>\n<\/div>\n\n\n\n<div class=\"wp-block-group is-layout-constrained wp-block-group-is-layout-constrained\">\n<h3 class=\"wp-block-heading\" id=\"A-a-AAAA\">A a AAAA z\u00e1znamy<\/h3>\n\n\n\n<p>Slou\u017e\u00ed pro nasm\u011brov\u00e1n\u00ed dom\u00e9ny na IP adresu. Pomoc\u00ed nich \u0159eknete, \u017ee ten, kdo chce zobrazit obsah va\u0161\u00ed dom\u00e9ny, se mus\u00ed spojit se serverem na dan\u00e9 IP, kde je obsah webu ulo\u017een (tzn. hostingov\u00e1 spole\u010dnost). Ta podle dom\u00e9nov\u00e9ho jm\u00e9na najde a vr\u00e1t\u00ed zp\u011bt obsah webu, kter\u00fd se u\u017eivateli zobraz\u00ed v prohl\u00ed\u017ee\u010di.<\/p>\n<\/div>\n\n\n\n<div class=\"wp-block-group is-layout-constrained wp-block-group-is-layout-constrained\">\n<h3 class=\"wp-block-heading\" id=\"CNAME\">CNAME<\/h3>\n\n\n\n<p>Slou\u017e\u00ed jako \u201ealias\u201c. Klientovi \u0159\u00edk\u00e1, \u017ee dom\u00e9na, na kterou chce p\u0159istoupit, nem\u00e1 sama DNS z\u00e1znamy, ale pro vy\u0159\u00edzen\u00ed po\u017eadavku se maj\u00ed vyu\u017e\u00edt z\u00e1znamy jin\u00e9 dom\u00e9ny (kterou do CNAME specifikujeme). V praxi se pou\u017e\u00edv\u00e1 pro nasm\u011brov\u00e1n\u00ed www varianty adresy webu (<em>www.vesela-domena.cz<\/em>) na variantu bez www (<em>vesela-domena.cz<\/em>). Technicky vzato jde jinak o dv\u011b r\u016fzn\u00e9 dom\u00e9ny, kter\u00e9 mohou m\u00edt zcela odli\u0161n\u00fd obsah, ale standardem na internetu je, \u017ee dom\u00e9na s i bez www vede na ten sam\u00fd web.<\/p>\n<\/div>\n\n\n\n<p>Dal\u0161\u00ed pou\u017eit\u00ed DNS jsme popsali v \u010dl\u00e1nku&nbsp;<a href=\"https:\/\/o-seznam.cz\/napoveda\/email\/email-profi\/dns-zaznamy\/\">DNS z\u00e1znamy<\/a>.<\/p>\n<\/div>\n<\/div>\n\n\n\n<div class=\"wp-block-group is-layout-constrained wp-block-group-is-layout-constrained\">\n<div class=\"wp-block-group is-layout-constrained wp-block-group-is-layout-constrained\">\n<h2 class=\"wp-block-heading\" id=\"Nechod\u00ed-pin\">Nechod\u00ed mi PIN k p\u0159evodu dom\u00e9ny nebo jin\u00e1 ozn\u00e1men\u00ed e-mailem<\/h2>\n\n\n\n<p>Osob\u00e1m, kter\u00e9 jsou v datab\u00e1zi CZ.NIC uveden\u00e9 jako Dr\u017eitel, Administrativn\u00ed kontakt a Technick\u00fd kontakt, mohou p\u0159ich\u00e1zet provozn\u00ed e-maily k t\u00e9to dom\u00e9n\u011b. Jedn\u00edm z nich, kter\u00e9 je d\u016fle\u017eit\u00e9 pro ka\u017ed\u00e9ho majitele dom\u00e9ny, je upozorn\u011bn\u00ed na bl\u00ed\u017e\u00edc\u00ed se expiraci a pot\u0159ebu zaplatit prodlou\u017een\u00ed dom\u00e9ny.<\/p>\n\n\n\n<p>M\u011bn\u00edte-li sv\u00e9ho registr\u00e1tora, v jednom z krok\u016f se na e-mailovou adresu dr\u017eitele dom\u00e9ny odes\u00edl\u00e1&nbsp;PIN pro p\u0159evod&nbsp;(AUTHINFO). Ten zad\u00e1v\u00e1te u nov\u00e9ho registr\u00e1tora pro dokon\u010den\u00ed p\u0159evodu. Pokud v\u00e1m tento PIN nep\u0159ich\u00e1z\u00ed, zkontrolujte si, jakou e-mailovou adresu m\u00e1te u dom\u00e9ny vypln\u011bnou.<\/p>\n\n\n\n<p>Upozor\u0148ujeme, \u017ee&nbsp;kontakty v datab\u00e1zi CZ.NIC nemaj\u00ed nic spole\u010dn\u00e9ho s \u00fa\u010dtem spr\u00e1vce dom\u00e9ny v Email Profi. M\u016f\u017ee j\u00edt o zcela odli\u0161n\u00e9 e-mailov\u00e9 adresy. Pokud je va\u0161e dom\u00e9na u Seznamu, e-mailovou adresu dr\u017eitele dom\u00e9ny zjist\u00edte po p\u0159ihl\u00e1\u0161en\u00ed \u00fa\u010dtem spr\u00e1vce v administraci, v sekci&nbsp;<strong>Osobn\u00ed \u00fadaje<\/strong>.<\/p>\n<\/div>\n<\/div>\n\n\n\n<div class=\"wp-block-group is-layout-constrained wp-block-group-is-layout-constrained\">\n<div class=\"wp-block-group is-layout-constrained wp-block-group-is-layout-constrained\">\n<h2 class=\"wp-block-heading\" id=\"Domain-forwarding\">Domain forwarding \u2013 p\u0159esm\u011brov\u00e1n\u00ed dom\u00e9ny<\/h2>\n\n\n\n<p>Slu\u017eba Email Profi&nbsp;<strong>nenab\u00edz\u00ed<\/strong>&nbsp;funkci domain forwarding, kter\u00e1 by automaticky p\u0159esm\u011brovala dom\u00e9nu na jin\u00e9 dom\u00e9nov\u00e9 jm\u00e9no.<\/p>\n\n\n\n<p>Pokusy o p\u0159esm\u011brov\u00e1n\u00ed pomoc\u00ed DNS, nap\u0159\u00edklad p\u0159es CNAME z\u00e1znam, mohou fungovat, ale zpravidla jen \u010d\u00e1ste\u010dn\u011b. Nasm\u011brov\u00e1n\u00ed p\u0159es CNAME zp\u016fsob\u00ed nekonzistenci&nbsp;SSL certifik\u00e1t\u016f. N\u00e1v\u0161t\u011bvn\u00edk tedy sice m\u016f\u017ee b\u00fdt p\u0159esm\u011brov\u00e1n, ale c\u00edlov\u00e1 str\u00e1nka nebude zabezpe\u010dena pomoc\u00ed HTTPS (leda by byl jej\u00ed certifik\u00e1t vyd\u00e1n i pro zdrojovou dom\u00e9nu).<\/p>\n\n\n\n<p>Pot\u0159ebujete-li p\u0159esm\u011brovat dom\u00e9nu, jej\u00edm\u017e registr\u00e1torem je Seznam.cz, bude k n\u00ed t\u0159eba zakoupit webov\u00fd prostor (hosting) a dom\u00e9nu na n\u011bj nasm\u011brovat. Na hostingu pak m\u016f\u017eete vyu\u017e\u00edt n\u011bkterou z&nbsp;konven\u010dn\u00edch metod p\u0159esm\u011brov\u00e1n\u00ed&nbsp;\u2013 redirect v .htaccess nebo v souboru index.html (tagem Meta Refresh nebo PHP skriptem). M\u011bjte na pam\u011bti, \u017ee p\u0159i t\u011bchto zp\u016fsobech p\u0159esm\u011brov\u00e1n\u00ed n\u00e1v\u0161t\u011bvn\u00edk zm\u011bnu z jedn\u00e9 dom\u00e9ny na druhou uvid\u00ed v adresn\u00edm \u0159\u00e1dku.<\/p>\n\n\n\n<p>Posledn\u00ed mo\u017enost\u00ed je vyu\u017e\u00edt n\u011bkter\u00e9 ze&nbsp;specializovan\u00fdch slu\u017eeb pro domain forwarding.&nbsp;Princip je ten, \u017ee na slu\u017ebu p\u0159es DNS nasm\u011brujete dom\u00e9nu a slu\u017eba zaji\u0161\u0165uje p\u0159esm\u011brov\u00e1n\u00ed HTTP po\u017eadavk\u016f z dom\u00e9ny tam, kam si nastav\u00edte. Zv\u00e1\u017eit rovn\u011b\u017e m\u016f\u017eete p\u0159echod k jin\u00e9mu registr\u00e1torovi, kter\u00fd s\u00e1m slu\u017ebu p\u0159\u00edmo nab\u00edz\u00ed.<\/p>\n<\/div>\n<\/div>\n\n\n\n<div class=\"wp-block-group is-layout-constrained wp-block-group-is-layout-constrained\">\n<div class=\"wp-block-group is-layout-constrained wp-block-group-is-layout-constrained\">\n<h2 class=\"wp-block-heading\" id=\"expirace-dom\u00e9ny\">Jak&nbsp;prob\u00edh\u00e1 expirace dom\u00e9ny<\/h2>\n\n\n\n<p>Vlastnictv\u00ed dom\u00e9ny je u registr\u00e1tora zpoplatn\u011bno ro\u010dn\u00edm poplatkem a je pot\u0159eba ho pravideln\u011b obnovovat. Platbu m\u016f\u017eete prov\u00e1d\u011bt ro\u010dn\u011b nebo jednor\u00e1zovou platbou zakoupit dom\u00e9nu a\u017e na deset let. Zapomenete-li dom\u00e9nu za poplatek prodlou\u017eit a nebo se rozhodnete, \u017ee ji nad\u00e1le nebudete vyu\u017e\u00edvat a nezaplat\u00edte, nebude zru\u0161ena okam\u017eit\u011b n\u00e1sleduj\u00edc\u00ed den.<\/p>\n\n\n\n<div class=\"wp-block-group is-layout-constrained wp-block-group-is-layout-constrained\">\n<p><strong>Pr\u016fb\u011bh expirace dom\u00e9ny:<\/strong><\/p>\n\n\n\n<ol class=\"wp-block-list\">\n<li>Dnem expirace (lze dohledat ve&nbsp;<a class=\"is-style-link-external\" href=\"https:\/\/www.nic.cz\/whois\/\" target=\"_blank\" rel=\"noreferrer noopener\">WHOIS u spr\u00e1vce CZ.NIC<\/a>) dom\u00e9nov\u00e9 jm\u00e9no vstupuje do tzv. ochrann\u00e9 lh\u016fty na dobu 60 dn\u00ed.<\/li>\n\n\n\n<li>Jestli\u017ee nedojde b\u011bhem prvn\u00edch 30 dn\u00ed ochrann\u00e9 lh\u016fty k prodlou\u017een\u00ed platnosti dom\u00e9ny, spr\u00e1vce CZ.NIC ukon\u010duje delegaci dom\u00e9ny (fakticky t\u00edm dom\u00e9na p\u0159est\u00e1v\u00e1 fungovat, a to i p\u0159i pokusu o zm\u011bnu jak\u00fdchkoli \u00fadaj\u016f dom\u00e9ny nebo nameserver\u016f).<\/li>\n\n\n\n<li>Nen\u00ed-li b\u011bhem dal\u0161\u00edch 30 dn\u016f prost\u0159ednictv\u00edm registr\u00e1tora zaplaceno prodlou\u017een\u00ed dom\u00e9ny, posledn\u00edho dne ochrann\u00e9 lh\u016fty je dom\u00e9nov\u00e9 jm\u00e9no ukon\u010deno a bude umo\u017en\u011bna jeho registrace dal\u0161\u00edm z\u00e1jemcem.<\/li>\n<\/ol>\n<\/div>\n\n\n\n<p class=\"is-style-link-external\">Dal\u0161\u00ed podm\u00ednky najdete sepsan\u00e9&nbsp;na webov\u00fdch str\u00e1nk\u00e1ch spr\u00e1vce n\u00e1rodn\u00ed dom\u00e9ny <a href=\"https:\/\/www.nic.cz\/page\/314\/pravidla-a-postupy\/\" target=\"_blank\" rel=\"noreferrer noopener\">CZ.NIC<\/a>.<\/p>\n<\/div>\n<\/div>\n\n\n\n<div class=\"wp-block-group is-layout-constrained wp-block-group-is-layout-constrained\">\n<div class=\"wp-block-group is-layout-constrained wp-block-group-is-layout-constrained\">\n<h2 class=\"wp-block-heading\" id=\"Jak-ukon\u010dit\">Jak ukon\u010dit Email Profi<\/h2>\n\n\n\n<p class=\"is-style-link-external\">P\u0159ihlaste se do&nbsp;<a href=\"http:\/\/emailprofi.seznam.cz\/\" target=\"_blank\" rel=\"noreferrer noopener\">administrace Email Profi<\/a>&nbsp;p\u0159\u00edslu\u0161n\u00fdm administr\u00e1torsk\u00fdm \u00fa\u010dtem a klikn\u011bte na dom\u00e9nov\u00e9 jm\u00e9no. V menu zvolte&nbsp;<strong>Nastaven\u00ed<\/strong>&nbsp;a pokra\u010dujte p\u0159es mo\u017enost&nbsp;<strong>Odstran\u011bn\u00ed dom\u00e9ny<\/strong>.<\/p>\n\n\n\n<p><strong>Pozor!<\/strong>&nbsp;Tento postup je platn\u00fd pouze pro dom\u00e9ny napojen\u00e9 do slu\u017eby Email Profi. Dom\u00e9ny, jej\u00ed\u017e registr\u00e1torem je Seznam.cz, sta\u010d\u00ed p\u0159ev\u00e9st k jin\u00e9mu registr\u00e1torovi.<\/p>\n\n\n\n<p>Pokud jste zaregistrovali dom\u00e9nu s chybou, p\u0159\u00edpadn\u011b jste se rozmysleli a r\u00e1di byste dom\u00e9nu zru\u0161ili, doporu\u010dujeme dom\u00e9n\u011b odstranit DNS z\u00e1znamy a t\u00edm zru\u0161it jej\u00ed nasm\u011brov\u00e1n\u00ed na slu\u017eby. Posl\u00e9ze sta\u010d\u00ed dom\u00e9nu nechat expirovat, tj. neprodlu\u017eovat.<\/p>\n<\/div>\n<\/div>\n\n\n\n<p><\/p>\n","protected":false},"excerpt":{"rendered":"<p>P\u0159ipravili jsme pro v\u00e1s p\u0159ehled nej\u010dast\u011bj\u0161\u00edch dotaz\u016f na slu\u017ebu Email Profi. Ne\u017e kontaktujete technickou podporu, zkuste se pod\u00edvat, zda jsme ji\u017e v\u00e1\u0161 dotaz nezodpov\u011bd\u011bli. \u201eAdministr\u00e1tor va\u0161\u00ed dom\u00e9ny omezil funk\u010dnost t\u00e9to str\u00e1nky\u2026&#8220; V e-mailov\u00e9 schr\u00e1nce se objevuje chybov\u00e9 hl\u00e1\u0161en\u00ed, jeho\u017e cel\u00e9 zn\u011bn\u00ed je:&nbsp;\u201eAdministr\u00e1tor va\u0161\u00ed dom\u00e9ny omezil funk\u010dnost t\u00e9to str\u00e1nky. V tento okam\u017eik nen\u00ed mo\u017en\u00e9 p\u0159ij\u00edmat ani [&hellip;]<\/p>\n","protected":false},"author":13,"featured_media":0,"parent":379,"menu_order":70,"comment_status":"closed","ping_status":"closed","template":"page-sidemenu","meta":{"_acf_changed":false,"_relevanssi_hide_post":"","_relevanssi_hide_content":"","_relevanssi_pin_for_all":"","_relevanssi_pin_keywords":"","_relevanssi_unpin_keywords":"","_relevanssi_related_keywords":"","_relevanssi_related_include_ids":"","_relevanssi_related_exclude_ids":"","_relevanssi_related_no_append":"","_relevanssi_related_not_related":"","_relevanssi_related_posts":"","_relevanssi_noindex_reason":"","footnotes":""},"page_category":[12],"page_tag":[],"service_status_category":[],"class_list":["post-451","page","type-page","status-publish","hentry"],"acf":[],"_links":{"self":[{"href":"https:\/\/o-seznam.cz\/napoveda\/email\/wp-json\/wp\/v2\/pages\/451","targetHints":{"allow":["GET"]}}],"collection":[{"href":"https:\/\/o-seznam.cz\/napoveda\/email\/wp-json\/wp\/v2\/pages"}],"about":[{"href":"https:\/\/o-seznam.cz\/napoveda\/email\/wp-json\/wp\/v2\/types\/page"}],"author":[{"embeddable":true,"href":"https:\/\/o-seznam.cz\/napoveda\/email\/wp-json\/wp\/v2\/users\/13"}],"replies":[{"embeddable":true,"href":"https:\/\/o-seznam.cz\/napoveda\/email\/wp-json\/wp\/v2\/comments?post=451"}],"version-history":[{"count":21,"href":"https:\/\/o-seznam.cz\/napoveda\/email\/wp-json\/wp\/v2\/pages\/451\/revisions"}],"predecessor-version":[{"id":1408,"href":"https:\/\/o-seznam.cz\/napoveda\/email\/wp-json\/wp\/v2\/pages\/451\/revisions\/1408"}],"up":[{"embeddable":true,"href":"https:\/\/o-seznam.cz\/napoveda\/email\/wp-json\/wp\/v2\/pages\/379"}],"wp:attachment":[{"href":"https:\/\/o-seznam.cz\/napoveda\/email\/wp-json\/wp\/v2\/media?parent=451"}],"wp:term":[{"taxonomy":"page_category","embeddable":true,"href":"https:\/\/o-seznam.cz\/napoveda\/email\/wp-json\/wp\/v2\/page_category?post=451"},{"taxonomy":"page_tag","embeddable":true,"href":"https:\/\/o-seznam.cz\/napoveda\/email\/wp-json\/wp\/v2\/page_tag?post=451"},{"taxonomy":"service_status_category","embeddable":true,"href":"https:\/\/o-seznam.cz\/napoveda\/email\/wp-json\/wp\/v2\/service_status_category?post=451"}],"curies":[{"name":"wp","href":"https:\/\/api.w.org\/{rel}","templated":true}]}}