{"id":442,"date":"2024-10-30T18:59:06","date_gmt":"2024-10-30T17:59:06","guid":{"rendered":"https:\/\/o-seznam.cz\/napoveda\/email\/?page_id=442"},"modified":"2025-01-27T16:00:05","modified_gmt":"2025-01-27T15:00:05","slug":"organizace-domeny-a-schranky","status":"publish","type":"page","link":"https:\/\/o-seznam.cz\/napoveda\/email\/profi\/organizace-domeny-a-schranky\/","title":{"rendered":"Organizace, dom\u00e9ny a schr\u00e1nky"},"content":{"rendered":"\n<div class=\"wp-block-group is-layout-constrained wp-block-group-is-layout-constrained\">\n<h2 class=\"wp-block-heading\">Struktura Emailu Profi<\/h2>\n\n\n\n<div class=\"wp-block-group is-layout-constrained wp-block-group-is-layout-constrained\">\n<p>V r\u00e1mci Emailu Profi se dom\u00e9ny sdru\u017euj\u00ed do organizac\u00ed. Struktura pak vypad\u00e1 n\u00e1sledovn\u011b: <\/p>\n\n\n\n<ul class=\"wp-block-list\">\n<li><strong>Administr\u00e1tor<\/strong>&nbsp;\u2013 spravuje organizace, dom\u00e9ny a schr\u00e1nky pod sebou. Je k n\u011bmu v\u00e1z\u00e1n p\u0159ihla\u0161ovac\u00ed \u00fa\u010det.\n<ul class=\"wp-block-list\">\n<li><strong>Organizace<\/strong>&nbsp;\u2013 zast\u0159e\u0161uje spole\u010dn\u00e9 dom\u00e9ny, nap\u0159.&nbsp;<em>Vesel\u00e1 firma<\/em>.\n<ul class=\"wp-block-list\">\n<li><strong>Dom\u00e9ny<\/strong>&nbsp;\u2013 zahrnuj\u00ed v\u0161echny napojen\u00e9 dom\u00e9ny pro po\u0161tu \u010di webov\u00e9 prezentace, nap\u0159.&nbsp;<em>vesely-obchod.cz<\/em>.\n<ul class=\"wp-block-list\">\n<li><strong>Schr\u00e1nky<\/strong>&nbsp;\u2013 e-mailov\u00e9 adresy vytvo\u0159en\u00e9 na dom\u00e9n\u00e1ch, nap\u0159.&nbsp;<em>info@vesely-obchod.cz<\/em>; pro ka\u017edou schr\u00e1nku lze v administraci vytvo\u0159it tak\u00e9 alias.<\/li>\n\n\n\n<li><strong>Skupiny <\/strong>&#8211; v r\u00e1mci dom\u00e9ny m\u016f\u017eete vytv\u00e1\u0159et skupiny schr\u00e1nek. Ka\u017ed\u00e1 skupina m\u00e1 vlastn\u00ed e-mailovou adresu, nap\u0159. <em>obchodnici@vesely-obchod.cz<\/em>. Zpr\u00e1vy poslan\u00e9 na tuto adresu se automaticky roze\u0161lou v\u0161em jej\u00edm \u010dlen\u016fm.<\/li>\n<\/ul>\n<\/li>\n<\/ul>\n<\/li>\n<\/ul>\n<\/li>\n<\/ul>\n<\/div>\n<\/div>\n\n\n\n<div class=\"wp-block-group is-layout-constrained wp-block-group-is-layout-constrained\">\n<div class=\"wp-block-group is-layout-constrained wp-block-group-is-layout-constrained\">\n<div class=\"wp-block-group is-layout-constrained wp-block-group-is-layout-constrained\">\n<h2 class=\"wp-block-heading\">Stav dom\u00e9ny<\/h2>\n\n\n\n<p>Po p\u0159ihl\u00e1\u0161en\u00ed do <a href=\"https:\/\/emailprofi.seznam.cz\/\">administrace<\/a> vid\u00edte u ka\u017ed\u00e9 z dom\u00e9n jej\u00ed aktu\u00e1ln\u00ed stav, kter\u00fd indikuje, zda je dom\u00e9na v provozu \u010di \u010dek\u00e1 na dokon\u010den\u00ed nastaven\u00ed. Mo\u017en\u00e9 stavy jsou tyto:<\/p>\n\n\n\n<ul class=\"wp-block-list\">\n<li><strong>Dom\u00e9na je v provozu<\/strong>&nbsp;\u2013 v po\u0159\u00e1dku zaregistrovan\u00e1 dom\u00e9na (zkontrolujte detail dom\u00e9ny pro p\u0159\u00edpadn\u00e9 chyby s doru\u010dov\u00e1n\u00edm po\u0161ty)<\/li>\n\n\n\n<li><strong>Expiruje za X dn\u00ed<\/strong>&nbsp;\u2013 v po\u0159\u00e1dku registrovan\u00e1 dom\u00e9na, jej\u00ed\u017e registr\u00e1torem je Seznam, s informac\u00ed o expiraci dom\u00e9ny<\/li>\n\n\n\n<li><strong>Dom\u00e9na \u010dek\u00e1 na vytvo\u0159en\u00ed schr\u00e1nky<\/strong>&nbsp;\u2013 v po\u0159\u00e1dku registrovan\u00e1 dom\u00e9na, u kter\u00e9 zat\u00edm nen\u00ed vytvo\u0159en\u00e1 \u017e\u00e1dn\u00e1 e-mailov\u00e1 schr\u00e1nka<\/li>\n\n\n\n<li><strong>Nedokon\u010den\u00e1 dom\u00e9na<\/strong>&nbsp;\u2013 dom\u00e9na p\u0159idan\u00e1 do Email Profi, u kter\u00e9 je\u0161t\u011b nedo\u0161lo k nastaven\u00ed \u010di props\u00e1n\u00ed MX z\u00e1znam\u016f<\/li>\n<\/ul>\n<\/div>\n<\/div>\n<\/div>\n\n\n\n<div class=\"wp-block-group is-layout-constrained wp-block-group-is-layout-constrained\">\n<h2 class=\"wp-block-heading\"><strong>Spr\u00e1va organizace<\/strong><\/h2>\n\n\n\n<ul class=\"wp-block-list\">\n<li>Sekce&nbsp;<strong>Schr\u00e1nky<\/strong>&nbsp;umo\u017e\u0148uje vytv\u00e1\u0159en\u00ed a kompletn\u00ed spr\u00e1vu schr\u00e1nek na v\u0161ech dom\u00e9n\u00e1ch v r\u00e1mci organizace<\/li>\n\n\n\n<li>V \u010d\u00e1sti\u00a0<strong>Skupiny<\/strong>\u00a0m\u016f\u017eete vytvo\u0159it e-mailov\u00e9 adresy, kter\u00e9 budou do\u0161lou po\u0161tu rozpos\u00edlat vybran\u00fdm p\u0159\u00edjemc\u016fm\u00a0<\/li>\n\n\n\n<li>\u010c\u00e1st&nbsp;<strong>Spr\u00e1vci<\/strong>&nbsp;dovoluje p\u0159idat k dom\u00e9n\u011b \u010di organizaci dal\u0161\u00ed spr\u00e1vce, kte\u0159\u00ed budou moci spravovat nastaven\u00ed<\/li>\n\n\n\n<li>V menu&nbsp;<strong>Dom\u00e9ny<\/strong>&nbsp;zobraz\u00edte p\u0159ehled napojen\u00fdch dom\u00e9n i dom\u00e9n u Seznamu pod danou organizac\u00ed<\/li>\n\n\n\n<li>V&nbsp;<strong>Nastaven\u00ed<\/strong>&nbsp;m\u016f\u017eete p\u0159ejmenovat organizaci<\/li>\n<\/ul>\n<\/div>\n\n\n\n<div class=\"wp-block-group is-layout-constrained wp-block-group-is-layout-constrained\">\n<h2 class=\"wp-block-heading\"><strong>Spr\u00e1va dom\u00e9n<\/strong><\/h2>\n\n\n\n<ul class=\"wp-block-list\">\n<li><strong>Napojen\u00e9 dom\u00e9ny<\/strong>&nbsp;(editac\u00ed MX z\u00e1znam\u016f)\n<ul class=\"wp-block-list\">\n<li>V \u010d\u00e1sti <strong>Nastaven\u00ed&nbsp;<\/strong>m\u016f\u017eete prov\u00e9st p\u0159esun dom\u00e9ny pod jinou organizaci, zobrazen\u00ed DNS z\u00e1znam\u016f, zobrazen\u00ed rezervovan\u00fdch adres, odstran\u011bn\u00ed dom\u00e9ny nebo nastaven\u00ed dom\u00e9nov\u00e9ho ko\u0161e<\/li>\n<\/ul>\n<\/li>\n\n\n\n<li><strong>Dom\u00e9ny u Seznamu<\/strong>&nbsp;(dom\u00e9ny, jejich\u017e registr\u00e1torem je Seznam.cz)\n<ul class=\"wp-block-list\">\n<li>V \u010d\u00e1sti&nbsp;<strong>Nastaven\u00ed<\/strong>&nbsp;m\u016f\u017eete p\u0159esunout dom\u00e9nu pod jinou organizaci, p\u0159ev\u00e9st k jin\u00e9mu poskytovateli, nastavit dom\u00e9nov\u00fd ko\u0161 a zobrazit rezervovan\u00e9 adresy&nbsp;<\/li>\n\n\n\n<li>V&nbsp;<strong>Prodlou\u017een\u00ed<\/strong>&nbsp;m\u016f\u017eete zakoupit dom\u00e9nu na dal\u0161\u00ed obdob\u00ed<\/li>\n\n\n\n<li>V sekci&nbsp;<strong>DNS z\u00e1znamy<\/strong>&nbsp;lze m\u011bnit DNS z\u00e1znamy dom\u00e9ny, kter\u00fdmi nastavujete slu\u017eby, kter\u00e9 na dom\u00e9n\u011b b\u011b\u017e\u00ed (webov\u00e1 str\u00e1nka atd.)<\/li>\n\n\n\n<li><strong>Osobn\u00ed \u00fadaje<\/strong>&nbsp;\u2013 zde lze upravovat kontaktn\u00ed \u00fadaje vlastn\u00edka dom\u00e9ny<\/li>\n<\/ul>\n<\/li>\n<\/ul>\n<\/div>\n","protected":false},"excerpt":{"rendered":"<p>Struktura Emailu Profi V r\u00e1mci Emailu Profi se dom\u00e9ny sdru\u017euj\u00ed do organizac\u00ed. Struktura pak vypad\u00e1 n\u00e1sledovn\u011b: Stav dom\u00e9ny Po p\u0159ihl\u00e1\u0161en\u00ed do administrace vid\u00edte u ka\u017ed\u00e9 z dom\u00e9n jej\u00ed aktu\u00e1ln\u00ed stav, kter\u00fd indikuje, zda je dom\u00e9na v provozu \u010di \u010dek\u00e1 na dokon\u010den\u00ed nastaven\u00ed. Mo\u017en\u00e9 stavy jsou tyto: Spr\u00e1va organizace Spr\u00e1va dom\u00e9n<\/p>\n","protected":false},"author":13,"featured_media":0,"parent":379,"menu_order":30,"comment_status":"closed","ping_status":"closed","template":"page-sidemenu","meta":{"_acf_changed":false,"_relevanssi_hide_post":"","_relevanssi_hide_content":"","_relevanssi_pin_for_all":"","_relevanssi_pin_keywords":"","_relevanssi_unpin_keywords":"","_relevanssi_related_keywords":"","_relevanssi_related_include_ids":"","_relevanssi_related_exclude_ids":"","_relevanssi_related_no_append":"","_relevanssi_related_not_related":"","_relevanssi_related_posts":"","_relevanssi_noindex_reason":"","footnotes":""},"page_category":[12],"page_tag":[],"service_status_category":[],"class_list":["post-442","page","type-page","status-publish","hentry"],"acf":[],"_links":{"self":[{"href":"https:\/\/o-seznam.cz\/napoveda\/email\/wp-json\/wp\/v2\/pages\/442","targetHints":{"allow":["GET"]}}],"collection":[{"href":"https:\/\/o-seznam.cz\/napoveda\/email\/wp-json\/wp\/v2\/pages"}],"about":[{"href":"https:\/\/o-seznam.cz\/napoveda\/email\/wp-json\/wp\/v2\/types\/page"}],"author":[{"embeddable":true,"href":"https:\/\/o-seznam.cz\/napoveda\/email\/wp-json\/wp\/v2\/users\/13"}],"replies":[{"embeddable":true,"href":"https:\/\/o-seznam.cz\/napoveda\/email\/wp-json\/wp\/v2\/comments?post=442"}],"version-history":[{"count":9,"href":"https:\/\/o-seznam.cz\/napoveda\/email\/wp-json\/wp\/v2\/pages\/442\/revisions"}],"predecessor-version":[{"id":1330,"href":"https:\/\/o-seznam.cz\/napoveda\/email\/wp-json\/wp\/v2\/pages\/442\/revisions\/1330"}],"up":[{"embeddable":true,"href":"https:\/\/o-seznam.cz\/napoveda\/email\/wp-json\/wp\/v2\/pages\/379"}],"wp:attachment":[{"href":"https:\/\/o-seznam.cz\/napoveda\/email\/wp-json\/wp\/v2\/media?parent=442"}],"wp:term":[{"taxonomy":"page_category","embeddable":true,"href":"https:\/\/o-seznam.cz\/napoveda\/email\/wp-json\/wp\/v2\/page_category?post=442"},{"taxonomy":"page_tag","embeddable":true,"href":"https:\/\/o-seznam.cz\/napoveda\/email\/wp-json\/wp\/v2\/page_tag?post=442"},{"taxonomy":"service_status_category","embeddable":true,"href":"https:\/\/o-seznam.cz\/napoveda\/email\/wp-json\/wp\/v2\/service_status_category?post=442"}],"curies":[{"name":"wp","href":"https:\/\/api.w.org\/{rel}","templated":true}]}}